{"id":10795,"date":"2020-09-04T11:10:38","date_gmt":"2020-09-04T10:10:38","guid":{"rendered":"https:\/\/permaban.com\/produkte\/"},"modified":"2020-10-01T12:29:09","modified_gmt":"2020-10-01T11:29:09","slug":"produkte","status":"publish","type":"page","link":"https:\/\/permaban.com\/de\/produkte\/","title":{"rendered":"Produkte"},"content":{"rendered":"<div id=\"pl-10795\"  class=\"panel-layout\" ><div id=\"pg-10795-0\"  class=\"panel-grid panel-no-style\" ><div id=\"pgc-10795-0-0\"  class=\"panel-grid-cell\" ><div id=\"panel-10795-0-0-0\" class=\"so-panel widget widget_sow-editor panel-first-child panel-last-child\" data-index=\"0\" ><div class=\"large-font-size panel-widget-style panel-widget-style-for-10795-0-0-0\" ><div\n\t\t\t\n\t\t\tclass=\"so-widget-sow-editor so-widget-sow-editor-base\"\n\t\t\t\n\t\t>\n<div class=\"siteorigin-widget-tinymce textwidget\">\n\t<p>Permaban-Marke Kantenschutzprofile, Schalung und D\u00fcbel<\/p>\n<\/div>\n<\/div><\/div><\/div><\/div><\/div><div id=\"pg-10795-1\"  class=\"panel-grid panel-has-style\" ><div class=\"anchor-primary-color panel-row-style panel-row-style-for-10795-1\" ><div id=\"pgc-10795-1-0\"  class=\"panel-grid-cell\" ><div class=\"box-shadow panel-cell-style panel-cell-style-for-10795-1-0\" ><div id=\"panel-10795-1-0-0\" class=\"so-panel widget widget_sow-image panel-first-child\" data-index=\"1\" ><div\n\t\t\t\n\t\t\tclass=\"so-widget-sow-image so-widget-sow-image-default-8b5b6f678277-10795\"\n\t\t\t\n\t\t>\n<div class=\"sow-image-container\">\n\t\t\t<a href=\"http:\/\/permaban.com\/product-category\/armoured-joints\/\"\n\t\t\t\t\t>\n\t\t\t<img \n\tsrc=\"https:\/\/permaban.com\/wp-content\/uploads\/2019\/06\/AlphaJoint-Classic-4010.png\" width=\"749\" height=\"540\" srcset=\"https:\/\/permaban.com\/wp-content\/uploads\/2019\/06\/AlphaJoint-Classic-4010.png 749w, https:\/\/permaban.com\/wp-content\/uploads\/2019\/06\/AlphaJoint-Classic-4010-592x427.png 592w\" sizes=\"(max-width: 749px) 100vw, 749px\" title=\"Permaban AlphaJoint Classic 4010 armoured joint for concrete flooring\" alt=\"Permaban AlphaJoint Classic 4010 armoured joint for concrete flooring\" \t\tclass=\"so-widget-image\"\/>\n\t\t\t<\/a><\/div>\n\n<\/div><\/div><div id=\"panel-10795-1-0-1\" class=\"so-panel widget widget_sow-editor panel-last-child\" data-index=\"2\" ><div class=\"panel-widget-style panel-widget-style-for-10795-1-0-1\" ><div\n\t\t\t\n\t\t\tclass=\"so-widget-sow-editor so-widget-sow-editor-base\"\n\t\t\t\n\t\t>\n<div class=\"siteorigin-widget-tinymce textwidget\">\n\t<p><strong><a href=\"https:\/\/permaban.com\/de\/Produkt-Kategorie\/armoured-joints-de\/\">Kantenschutzprofile<\/a><\/strong><\/p>\n<p>Permaban Kantenschutzprofile (verlorene Fugensysteme) sch\u00fctzen Arbeitsfugen in Betonb\u00f6den vor Sto\u00df- und Schlagsch\u00e4den \u2013 das spart aufw\u00e4ndige Reparaturkosten und Geb\u00e4udestillstandszeiten. <a href=\"https:\/\/permaban.com\/de\/Produkt-Kategorie\/armoured-joints-de\/\">Produkte ansehen. <\/a><\/p>\n<\/div>\n<\/div><\/div><\/div><\/div><\/div><div id=\"pgc-10795-1-1\"  class=\"panel-grid-cell\" ><div class=\"box-shadow panel-cell-style panel-cell-style-for-10795-1-1\" ><div id=\"panel-10795-1-1-0\" class=\"so-panel widget widget_sow-image panel-first-child\" data-index=\"3\" ><div\n\t\t\t\n\t\t\tclass=\"so-widget-sow-image so-widget-sow-image-default-8b5b6f678277-10795\"\n\t\t\t\n\t\t>\n<div class=\"sow-image-container\">\n\t\t\t<a href=\"http:\/\/permaban.com\/product-category\/leave-in-place-formwork\/\"\n\t\t\t\t\t>\n\t\t\t<img \n\tsrc=\"https:\/\/permaban.com\/wp-content\/uploads\/2019\/06\/permasteel_t1_t2.jpg\" width=\"750\" height=\"540\" srcset=\"https:\/\/permaban.com\/wp-content\/uploads\/2019\/06\/permasteel_t1_t2.jpg 750w, https:\/\/permaban.com\/wp-content\/uploads\/2019\/06\/permasteel_t1_t2-593x427.jpg 593w\" sizes=\"(max-width: 750px) 100vw, 750px\" title=\"Permasteel permanent formwork | Leave-in-place formwork\" alt=\"Permasteel permanent formwork | Leave-in-place formwork\" \t\tclass=\"so-widget-image\"\/>\n\t\t\t<\/a><\/div>\n\n<\/div><\/div><div id=\"panel-10795-1-1-1\" class=\"so-panel widget widget_sow-editor panel-last-child\" data-index=\"4\" ><div class=\"panel-widget-style panel-widget-style-for-10795-1-1-1\" ><div\n\t\t\t\n\t\t\tclass=\"so-widget-sow-editor so-widget-sow-editor-base\"\n\t\t\t\n\t\t>\n<div class=\"siteorigin-widget-tinymce textwidget\">\n\t<p><a href=\"https:\/\/permaban.com\/de\/Produkt-Kategorie\/verlorene-schalung\/\"><strong>Verlorene Schalung<\/strong> <\/a><\/p>\n<p>Unsere einfach zu installierende Schalung zur Aufnahme des Betongusses ist in einer Reihe von Gr\u00f6\u00dfen und Ausf\u00fchrungen erh\u00e4ltlich, um den meisten Plattentiefen gerecht zu werden. <a href=\"https:\/\/permaban.com\/de\/Produkt-Kategorie\/verlorene-schalung\/\">Produkte ansehen. <\/a><\/p>\n<\/div>\n<\/div><\/div><\/div><\/div><\/div><div id=\"pgc-10795-1-2\"  class=\"panel-grid-cell\" ><div class=\"box-shadow panel-cell-style panel-cell-style-for-10795-1-2\" ><div id=\"panel-10795-1-2-0\" class=\"so-panel widget widget_sow-image panel-first-child\" data-index=\"5\" ><div\n\t\t\t\n\t\t\tclass=\"so-widget-sow-image so-widget-sow-image-default-8b5b6f678277-10795\"\n\t\t\t\n\t\t>\n<div class=\"sow-image-container\">\n\t\t\t<a href=\"http:\/\/permaban.com\/product-category\/dowel-systems\/\"\n\t\t\t\t\t>\n\t\t\t<img \n\tsrc=\"https:\/\/permaban.com\/wp-content\/uploads\/2019\/06\/dowel_on_timber.jpg\" width=\"750\" height=\"540\" srcset=\"https:\/\/permaban.com\/wp-content\/uploads\/2019\/06\/dowel_on_timber.jpg 750w, https:\/\/permaban.com\/wp-content\/uploads\/2019\/06\/dowel_on_timber-593x427.jpg 593w\" sizes=\"(max-width: 750px) 100vw, 750px\" title=\"Dowels | Load Transfer for Concrete Floors\" alt=\"Dowels | Load Transfer for Concrete Floors\" \t\tclass=\"so-widget-image\"\/>\n\t\t\t<\/a><\/div>\n\n<\/div><\/div><div id=\"panel-10795-1-2-1\" class=\"so-panel widget widget_sow-editor panel-last-child\" data-index=\"6\" ><div class=\"panel-widget-style panel-widget-style-for-10795-1-2-1\" ><div\n\t\t\t\n\t\t\tclass=\"so-widget-sow-editor so-widget-sow-editor-base\"\n\t\t\t\n\t\t>\n<div class=\"siteorigin-widget-tinymce textwidget\">\n\t<p><a href=\"https:\/\/permaban.com\/de\/Produkt-Kategorie\/dowel-systems-de\/\"><strong>D\u00fcbelsysteme<\/strong><\/a><\/p>\n<p>D\u00fcbel erf\u00fcllen die wichtige Aufgabe der Last\u00fcbertragung zwischen benachbarten Betonplatten und steuern auch die Bewegung der Platten w\u00e4hrend des Aush\u00e4rtens. Informieren Sie sich in diesem Abschnitt \u00fcber unser Angebot an Plattend\u00fcbeln und Vierkantd\u00fcbeln. <a href=\"https:\/\/permaban.com\/de\/Produkt-Kategorie\/dowel-systems-de\/\">Produkte ansehen.<\/a><\/p>\n<\/div>\n<\/div><\/div><\/div><\/div><\/div><\/div><\/div><div id=\"pg-10795-2\"  class=\"panel-grid panel-has-style\" ><div class=\"panel-row-style panel-row-style-for-10795-2\" ><div id=\"pgc-10795-2-0\"  class=\"panel-grid-cell\" ><div id=\"panel-10795-2-0-0\" class=\"so-panel widget widget_sow-editor panel-first-child panel-last-child\" data-index=\"7\" ><div class=\"large-font-size panel-widget-style panel-widget-style-for-10795-2-0-0\" ><div\n\t\t\t\n\t\t\tclass=\"so-widget-sow-editor so-widget-sow-editor-base\"\n\t\t\t\n\t\t>\n<div class=\"siteorigin-widget-tinymce textwidget\">\n\t<p style=\"text-align: center;\"><em>Alle Permaban Produkte erm\u00f6glichen die Planung und Konstruktion von Bodenplatten laut BS EN 1991-1-1:2002 &amp; BS EN 1992-1-1:2004 sowie nach bew\u00e4hrten Verfahren gem\u00e4\u00df TR34 4. Auflage. Alle unsere Produkte entsprechen der Bauprodukte-Verordnung (EU) Nr. 305\/2011) und tragen die entsprechende CE-Kennzeichnung.<\/em><\/p>\n<\/div>\n<\/div><\/div><\/div><\/div><\/div><\/div><div id=\"pg-10795-3\"  class=\"panel-grid panel-no-style\" ><div id=\"pgc-10795-3-0\"  class=\"panel-grid-cell\" ><div id=\"panel-10795-3-0-0\" class=\"so-panel widget widget_sow-editor panel-first-child panel-last-child\" data-index=\"8\" ><div\n\t\t\t\n\t\t\tclass=\"so-widget-sow-editor so-widget-sow-editor-base\"\n\t\t\t\n\t\t>\n<div class=\"siteorigin-widget-tinymce textwidget\">\n\t<h5>Zu industrieb\u00f6den zugeh\u00f6rige produkte von rcr<\/h5>\n<p>&nbsp;<\/p>\n<\/div>\n<\/div><\/div><\/div><\/div><div id=\"pg-10795-4\"  class=\"panel-grid panel-has-style\" ><div class=\"latest-products panel-row-style panel-row-style-for-10795-4\" ><div id=\"pgc-10795-4-0\"  class=\"panel-grid-cell\" ><div id=\"panel-10795-4-0-0\" class=\"so-panel widget widget_sow-image panel-first-child\" data-index=\"9\" ><div\n\t\t\t\n\t\t\tclass=\"so-widget-sow-image so-widget-sow-image-default-dbf295114b96-10795\"\n\t\t\t\n\t\t>\n<div class=\"sow-image-container\">\n\t\t\t<a href=\"http:\/\/permaban.com\/products-home\/joint-sealants\/\"\n\t\t\t\t\t>\n\t\t\t<img \n\tsrc=\"https:\/\/permaban.com\/wp-content\/uploads\/2019\/06\/Checking-floor-level-after-completion-1-640x364.jpg\" width=\"640\" height=\"364\" srcset=\"https:\/\/permaban.com\/wp-content\/uploads\/2019\/06\/Checking-floor-level-after-completion-1-640x364.jpg 640w, https:\/\/permaban.com\/wp-content\/uploads\/2019\/06\/Checking-floor-level-after-completion-1.jpg 750w\" sizes=\"(max-width: 640px) 100vw, 640px\" title=\"Checking floor level after completion\" alt=\"\" \t\tclass=\"so-widget-image\"\/>\n\t\t\t<\/a><\/div>\n\n<\/div><\/div><div id=\"panel-10795-4-0-1\" class=\"so-panel widget widget_sow-editor panel-last-child\" data-index=\"10\" ><div class=\"first-p-blue panel-widget-style panel-widget-style-for-10795-4-0-1\" ><div\n\t\t\t\n\t\t\tclass=\"so-widget-sow-editor so-widget-sow-editor-base\"\n\t\t\t\n\t\t>\n<div class=\"siteorigin-widget-tinymce textwidget\">\n\t<p><a href=\"https:\/\/permaban.com\/de\/produkte\/fugendichtstoffe\/\"><strong>Fugendichtstoffe (Rocland)<\/strong><\/a><\/p>\n<p><em>Diese Fugendichtstoffe f\u00fcllen Arbeitsfugenspalten aus, um die Kanten vor Besch\u00e4digung zu sch\u00fctzen und das Eindringen von Fremdk\u00f6rpern in die Fuge zu verhindern. <a href=\"https:\/\/permaban.com\/products-home\/joint-sealants\/\">Mehr erfahren.<\/a><\/em><\/p>\n<\/div>\n<\/div><\/div><\/div><\/div><div id=\"pgc-10795-4-1\"  class=\"panel-grid-cell\" ><div id=\"panel-10795-4-1-0\" class=\"so-panel widget widget_sow-image panel-first-child\" data-index=\"11\" ><div\n\t\t\t\n\t\t\tclass=\"so-widget-sow-image so-widget-sow-image-default-dbf295114b96-10795\"\n\t\t\t\n\t\t>\n<div class=\"sow-image-container\">\n\t\t\t<a href=\"http:\/\/permaban.com\/products-home\/dry-shake-surface-hardeners\/\"\n\t\t\t\t\t>\n\t\t\t<img \n\tsrc=\"https:\/\/permaban.com\/wp-content\/uploads\/2019\/06\/Rocland-Surface-hardeners-1-640x364.jpg\" width=\"640\" height=\"364\" srcset=\"https:\/\/permaban.com\/wp-content\/uploads\/2019\/06\/Rocland-Surface-hardeners-1-640x364.jpg 640w, https:\/\/permaban.com\/wp-content\/uploads\/2019\/06\/Rocland-Surface-hardeners-1.jpg 750w\" sizes=\"(max-width: 640px) 100vw, 640px\" title=\"Rocland-Surface-hardeners\" alt=\"\" \t\tclass=\"so-widget-image\"\/>\n\t\t\t<\/a><\/div>\n\n<\/div><\/div><div id=\"panel-10795-4-1-1\" class=\"so-panel widget widget_sow-editor panel-last-child\" data-index=\"12\" ><div class=\"first-p-blue panel-widget-style panel-widget-style-for-10795-4-1-1\" ><div\n\t\t\t\n\t\t\tclass=\"so-widget-sow-editor so-widget-sow-editor-base\"\n\t\t\t\n\t\t>\n<div class=\"siteorigin-widget-tinymce textwidget\">\n\t<p><a href=\"https:\/\/permaban.com\/de\/produkte\/hartstoffeinstreuung-zur-oberflaechenhaertung\/\"><strong>Hartstoffe (Rocland)<\/strong><\/a><\/p>\n<p><em>Hartstoffe (auch Hartstoffeinstreuungen genannt) sch\u00fctzen die Oberfl\u00e4che von Betonb\u00f6den, erh\u00f6hen die Festigkeit und Haltbarkeit und k\u00f6nnen zus\u00e4tzlich f\u00fcr Rutschfestigkeit und Farbe sorgen. <a href=\"https:\/\/permaban.com\/products-home\/dry-shake-surface-hardeners\/\">Mehr erfahren.<\/a><\/em><\/p>\n<\/div>\n<\/div><\/div><\/div><\/div><\/div><\/div><div id=\"pg-10795-5\"  class=\"panel-grid panel-has-style\" ><div class=\"latest-products panel-row-style panel-row-style-for-10795-5\" ><div id=\"pgc-10795-5-0\"  class=\"panel-grid-cell\" ><div id=\"panel-10795-5-0-0\" class=\"so-panel widget widget_sow-image panel-first-child\" data-index=\"13\" ><div\n\t\t\t\n\t\t\tclass=\"so-widget-sow-image so-widget-sow-image-default-dbf295114b96-10795\"\n\t\t\t\n\t\t>\n<div class=\"sow-image-container\">\n\t\t\t<a href=\"http:\/\/permaban.com\/products-home\/sealing-curing-products\/\"\n\t\t\t\t\t>\n\t\t\t<img \n\tsrc=\"https:\/\/permaban.com\/wp-content\/uploads\/2019\/06\/Rocland-curing-and-sealing-agents-1-640x364.jpg\" width=\"640\" height=\"364\" srcset=\"https:\/\/permaban.com\/wp-content\/uploads\/2019\/06\/Rocland-curing-and-sealing-agents-1-640x364.jpg 640w, https:\/\/permaban.com\/wp-content\/uploads\/2019\/06\/Rocland-curing-and-sealing-agents-1.jpg 750w\" sizes=\"(max-width: 640px) 100vw, 640px\" title=\"Rocland curing and sealing agents\" alt=\"\" \t\tclass=\"so-widget-image\"\/>\n\t\t\t<\/a><\/div>\n\n<\/div><\/div><div id=\"panel-10795-5-0-1\" class=\"so-panel widget widget_sow-editor panel-last-child\" data-index=\"14\" ><div class=\"first-p-blue panel-widget-style panel-widget-style-for-10795-5-0-1\" ><div\n\t\t\t\n\t\t\tclass=\"so-widget-sow-editor so-widget-sow-editor-base\"\n\t\t\t\n\t\t>\n<div class=\"siteorigin-widget-tinymce textwidget\">\n\t<p><a href=\"https:\/\/permaban.com\/de\/produkte\/nachbehandlungs-und-versiegelungsprodukte\/\"><strong>Beton-H\u00e4rtungs- Und Dichtungsstoffe (Rocland)<\/strong><\/a><\/p>\n<p><em>Diese aufspr\u00fchbaren Zusatzmittel verbessern die Aush\u00e4rtung, erh\u00f6hen die Festigkeit und Haltbarkeit des Bodens und versiegeln die Oberfl\u00e4che teilweise, um den Boden zu sch\u00fctzen. <a href=\"https:\/\/permaban.com\/products-home\/sealing-curing-products\/\">Mehr erfahren.<\/a><\/em><\/p>\n<\/div>\n<\/div><\/div><\/div><\/div><div id=\"pgc-10795-5-1\"  class=\"panel-grid-cell\" ><div id=\"panel-10795-5-1-0\" class=\"so-panel widget widget_sow-image panel-first-child\" data-index=\"15\" ><div\n\t\t\t\n\t\t\tclass=\"so-widget-sow-image so-widget-sow-image-default-dbf295114b96-10795\"\n\t\t\t\n\t\t>\n<div class=\"sow-image-container\">\n\t\t\t<a href=\"http:\/\/permaban.com\/products-home\/resin-systems\/\"\n\t\t\t\t\t>\n\t\t\t<img \n\tsrc=\"https:\/\/permaban.com\/wp-content\/uploads\/2019\/06\/Rinol-Resin-Flooring-Systems-1-640x364.jpg\" width=\"640\" height=\"364\" srcset=\"https:\/\/permaban.com\/wp-content\/uploads\/2019\/06\/Rinol-Resin-Flooring-Systems-1-640x364.jpg 640w, https:\/\/permaban.com\/wp-content\/uploads\/2019\/06\/Rinol-Resin-Flooring-Systems-1.jpg 750w\" sizes=\"(max-width: 640px) 100vw, 640px\" title=\"Rinol Resin Flooring Systems\" alt=\"\" \t\tclass=\"so-widget-image\"\/>\n\t\t\t<\/a><\/div>\n\n<\/div><\/div><div id=\"panel-10795-5-1-1\" class=\"so-panel widget widget_sow-editor panel-last-child\" data-index=\"16\" ><div class=\"first-p-blue panel-widget-style panel-widget-style-for-10795-5-1-1\" ><div\n\t\t\t\n\t\t\tclass=\"so-widget-sow-editor so-widget-sow-editor-base\"\n\t\t\t\n\t\t>\n<div class=\"siteorigin-widget-tinymce textwidget\">\n\t<p><a href=\"https:\/\/permaban.com\/de\/produkte\/harz-systeme\/\"><strong>Harzbodensysteme (Rinol)<\/strong><\/a><\/p>\n<p><em>Harzb\u00f6den sind robust und vielseitig und verleihen gewerblichen oder industriellen B\u00f6den eine attraktive, praktische und langlebige Oberfl\u00e4che. RINOL bietet eine Reihe von Hochleistungs-Harzbodensystemen f\u00fcr zahlreiche Branchen, die sich seit \u00fcber 50 Jahren weltweit bew\u00e4hrt haben. <a href=\"https:\/\/permaban.com\/de\/produkte\/harz-systeme\/\">Mehr erfahren.<\/a><\/em><\/p>\n<\/div>\n<\/div><\/div><\/div><\/div><\/div><\/div><\/div>","protected":false},"excerpt":{"rendered":"<p>Permaban-Marke Kantenschutzprofile, Schalung und D\u00fcbel Kantenschutzprofile Permaban Kantenschutzprofile (verlorene Fugensysteme) sch\u00fctzen Arbeitsfugen in Betonb\u00f6den vor Sto\u00df- und Schlagsch\u00e4den \u2013 das spart aufw\u00e4ndige Reparaturkosten und Geb\u00e4udestillstandszeiten. Produkte ansehen. Verlorene Schalung Unsere einfach zu installierende Schalung zur Aufnahme des Betongusses ist in&#8230;<\/p>\n","protected":false},"author":3,"featured_media":6447,"parent":0,"menu_order":0,"comment_status":"closed","ping_status":"closed","template":"","meta":{"_acf_changed":false,"_monsterinsights_skip_tracking":false,"_monsterinsights_sitenote_active":false,"_monsterinsights_sitenote_note":"","_monsterinsights_sitenote_category":0,"footnotes":""},"class_list":["post-10795","page","type-page","status-publish","has-post-thumbnail","hentry"],"acf":[],"yoast_head":"<!-- This site is optimized with the Yoast SEO plugin v27.3 - https:\/\/yoast.com\/product\/yoast-seo-wordpress\/ -->\n<title>Industrial Flooring Products | Armoured Joints - Permaban<\/title>\n<meta name=\"description\" content=\"Browse RCR&#039;s range of industrial flooring products, including Permaban armoured joints, Rocland dry-shakes and sealants, and RINOL resin systems.\" \/>\n<meta name=\"robots\" content=\"index, follow, max-snippet:-1, max-image-preview:large, max-video-preview:-1\" \/>\n<link rel=\"canonical\" href=\"https:\/\/permaban.com\/de\/produkte\/\" \/>\n<meta property=\"og:locale\" content=\"de_DE\" \/>\n<meta property=\"og:type\" content=\"article\" \/>\n<meta property=\"og:title\" content=\"Industrial Flooring Products | Armoured Joints - Permaban\" \/>\n<meta property=\"og:description\" content=\"Browse RCR&#039;s range of industrial flooring products, including Permaban armoured joints, Rocland dry-shakes and sealants, and RINOL resin systems.\" \/>\n<meta property=\"og:url\" content=\"https:\/\/permaban.com\/de\/produkte\/\" \/>\n<meta property=\"og:site_name\" content=\"Permaban\" \/>\n<meta property=\"article:modified_time\" content=\"2020-10-01T11:29:09+00:00\" \/>\n<meta property=\"og:image\" content=\"https:\/\/permaban.com\/wp-content\/uploads\/2019\/06\/Permaban-Eclipse-installation-2.jpg\" \/>\n\t<meta property=\"og:image:width\" content=\"1024\" \/>\n\t<meta property=\"og:image:height\" content=\"683\" \/>\n\t<meta property=\"og:image:type\" content=\"image\/jpeg\" \/>\n<meta name=\"twitter:card\" content=\"summary_large_image\" \/>\n<meta name=\"twitter:label1\" content=\"Gesch\u00e4tzte Lesezeit\" \/>\n\t<meta name=\"twitter:data1\" content=\"2\u00a0Minuten\" \/>\n<script type=\"application\/ld+json\" class=\"yoast-schema-graph\">{\"@context\":\"https:\\\/\\\/schema.org\",\"@graph\":[{\"@type\":\"WebPage\",\"@id\":\"https:\\\/\\\/permaban.com\\\/de\\\/produkte\\\/\",\"url\":\"https:\\\/\\\/permaban.com\\\/de\\\/produkte\\\/\",\"name\":\"Industrial Flooring Products | Armoured Joints - Permaban\",\"isPartOf\":{\"@id\":\"https:\\\/\\\/permaban.com\\\/de\\\/#website\"},\"primaryImageOfPage\":{\"@id\":\"https:\\\/\\\/permaban.com\\\/de\\\/produkte\\\/#primaryimage\"},\"image\":{\"@id\":\"https:\\\/\\\/permaban.com\\\/de\\\/produkte\\\/#primaryimage\"},\"thumbnailUrl\":\"https:\\\/\\\/permaban.com\\\/wp-content\\\/uploads\\\/2019\\\/06\\\/Permaban-Eclipse-installation-2.jpg\",\"datePublished\":\"2020-09-04T10:10:38+00:00\",\"dateModified\":\"2020-10-01T11:29:09+00:00\",\"description\":\"Browse RCR's range of industrial flooring products, including Permaban armoured joints, Rocland dry-shakes and sealants, and RINOL resin systems.\",\"breadcrumb\":{\"@id\":\"https:\\\/\\\/permaban.com\\\/de\\\/produkte\\\/#breadcrumb\"},\"inLanguage\":\"de\",\"potentialAction\":[{\"@type\":\"ReadAction\",\"target\":[\"https:\\\/\\\/permaban.com\\\/de\\\/produkte\\\/\"]}]},{\"@type\":\"ImageObject\",\"inLanguage\":\"de\",\"@id\":\"https:\\\/\\\/permaban.com\\\/de\\\/produkte\\\/#primaryimage\",\"url\":\"https:\\\/\\\/permaban.com\\\/wp-content\\\/uploads\\\/2019\\\/06\\\/Permaban-Eclipse-installation-2.jpg\",\"contentUrl\":\"https:\\\/\\\/permaban.com\\\/wp-content\\\/uploads\\\/2019\\\/06\\\/Permaban-Eclipse-installation-2.jpg\",\"width\":1024,\"height\":683},{\"@type\":\"BreadcrumbList\",\"@id\":\"https:\\\/\\\/permaban.com\\\/de\\\/produkte\\\/#breadcrumb\",\"itemListElement\":[{\"@type\":\"ListItem\",\"position\":1,\"name\":\"Home\",\"item\":\"https:\\\/\\\/permaban.com\\\/de\\\/\"},{\"@type\":\"ListItem\",\"position\":2,\"name\":\"Produkte\"}]},{\"@type\":\"WebSite\",\"@id\":\"https:\\\/\\\/permaban.com\\\/de\\\/#website\",\"url\":\"https:\\\/\\\/permaban.com\\\/de\\\/\",\"name\":\"Permaban\",\"description\":\"Industrial Flooring Products\",\"potentialAction\":[{\"@type\":\"SearchAction\",\"target\":{\"@type\":\"EntryPoint\",\"urlTemplate\":\"https:\\\/\\\/permaban.com\\\/de\\\/?s={search_term_string}\"},\"query-input\":{\"@type\":\"PropertyValueSpecification\",\"valueRequired\":true,\"valueName\":\"search_term_string\"}}],\"inLanguage\":\"de\"}]}<\/script>\n<!-- \/ Yoast SEO plugin. -->","yoast_head_json":{"title":"Industrial Flooring Products | Armoured Joints - Permaban","description":"Browse RCR's range of industrial flooring products, including Permaban armoured joints, Rocland dry-shakes and sealants, and RINOL resin systems.","robots":{"index":"index","follow":"follow","max-snippet":"max-snippet:-1","max-image-preview":"max-image-preview:large","max-video-preview":"max-video-preview:-1"},"canonical":"https:\/\/permaban.com\/de\/produkte\/","og_locale":"de_DE","og_type":"article","og_title":"Industrial Flooring Products | Armoured Joints - Permaban","og_description":"Browse RCR's range of industrial flooring products, including Permaban armoured joints, Rocland dry-shakes and sealants, and RINOL resin systems.","og_url":"https:\/\/permaban.com\/de\/produkte\/","og_site_name":"Permaban","article_modified_time":"2020-10-01T11:29:09+00:00","og_image":[{"width":1024,"height":683,"url":"https:\/\/permaban.com\/wp-content\/uploads\/2019\/06\/Permaban-Eclipse-installation-2.jpg","type":"image\/jpeg"}],"twitter_card":"summary_large_image","twitter_misc":{"Gesch\u00e4tzte Lesezeit":"2\u00a0Minuten"},"schema":{"@context":"https:\/\/schema.org","@graph":[{"@type":"WebPage","@id":"https:\/\/permaban.com\/de\/produkte\/","url":"https:\/\/permaban.com\/de\/produkte\/","name":"Industrial Flooring Products | Armoured Joints - Permaban","isPartOf":{"@id":"https:\/\/permaban.com\/de\/#website"},"primaryImageOfPage":{"@id":"https:\/\/permaban.com\/de\/produkte\/#primaryimage"},"image":{"@id":"https:\/\/permaban.com\/de\/produkte\/#primaryimage"},"thumbnailUrl":"https:\/\/permaban.com\/wp-content\/uploads\/2019\/06\/Permaban-Eclipse-installation-2.jpg","datePublished":"2020-09-04T10:10:38+00:00","dateModified":"2020-10-01T11:29:09+00:00","description":"Browse RCR's range of industrial flooring products, including Permaban armoured joints, Rocland dry-shakes and sealants, and RINOL resin systems.","breadcrumb":{"@id":"https:\/\/permaban.com\/de\/produkte\/#breadcrumb"},"inLanguage":"de","potentialAction":[{"@type":"ReadAction","target":["https:\/\/permaban.com\/de\/produkte\/"]}]},{"@type":"ImageObject","inLanguage":"de","@id":"https:\/\/permaban.com\/de\/produkte\/#primaryimage","url":"https:\/\/permaban.com\/wp-content\/uploads\/2019\/06\/Permaban-Eclipse-installation-2.jpg","contentUrl":"https:\/\/permaban.com\/wp-content\/uploads\/2019\/06\/Permaban-Eclipse-installation-2.jpg","width":1024,"height":683},{"@type":"BreadcrumbList","@id":"https:\/\/permaban.com\/de\/produkte\/#breadcrumb","itemListElement":[{"@type":"ListItem","position":1,"name":"Home","item":"https:\/\/permaban.com\/de\/"},{"@type":"ListItem","position":2,"name":"Produkte"}]},{"@type":"WebSite","@id":"https:\/\/permaban.com\/de\/#website","url":"https:\/\/permaban.com\/de\/","name":"Permaban","description":"Industrial Flooring Products","potentialAction":[{"@type":"SearchAction","target":{"@type":"EntryPoint","urlTemplate":"https:\/\/permaban.com\/de\/?s={search_term_string}"},"query-input":{"@type":"PropertyValueSpecification","valueRequired":true,"valueName":"search_term_string"}}],"inLanguage":"de"}]}},"_links":{"self":[{"href":"https:\/\/permaban.com\/de\/wp-json\/wp\/v2\/pages\/10795","targetHints":{"allow":["GET"]}}],"collection":[{"href":"https:\/\/permaban.com\/de\/wp-json\/wp\/v2\/pages"}],"about":[{"href":"https:\/\/permaban.com\/de\/wp-json\/wp\/v2\/types\/page"}],"author":[{"embeddable":true,"href":"https:\/\/permaban.com\/de\/wp-json\/wp\/v2\/users\/3"}],"replies":[{"embeddable":true,"href":"https:\/\/permaban.com\/de\/wp-json\/wp\/v2\/comments?post=10795"}],"version-history":[{"count":8,"href":"https:\/\/permaban.com\/de\/wp-json\/wp\/v2\/pages\/10795\/revisions"}],"predecessor-version":[{"id":11021,"href":"https:\/\/permaban.com\/de\/wp-json\/wp\/v2\/pages\/10795\/revisions\/11021"}],"wp:featuredmedia":[{"embeddable":true,"href":"https:\/\/permaban.com\/de\/wp-json\/wp\/v2\/media\/6447"}],"wp:attachment":[{"href":"https:\/\/permaban.com\/de\/wp-json\/wp\/v2\/media?parent=10795"}],"curies":[{"name":"wp","href":"https:\/\/api.w.org\/{rel}","templated":true}]}}