{"id":10799,"date":"2020-09-22T10:51:09","date_gmt":"2020-09-22T09:51:09","guid":{"rendered":"https:\/\/permaban.com\/spezifikationen-erstellen\/"},"modified":"2023-01-27T11:04:08","modified_gmt":"2023-01-27T11:04:08","slug":"spezifikationen-erstellen","status":"publish","type":"page","link":"https:\/\/permaban.com\/de\/spezifikationen-erstellen\/","title":{"rendered":"Spezifikationen erstellen"},"content":{"rendered":"<div id=\"pl-10799\"  class=\"panel-layout\" ><div id=\"pg-10799-0\"  class=\"panel-grid panel-no-style\" ><div id=\"pgc-10799-0-0\"  class=\"panel-grid-cell\" ><div id=\"panel-10799-0-0-0\" class=\"so-panel widget widget_sow-editor panel-first-child panel-last-child\" data-index=\"0\" ><div\n\t\t\t\n\t\t\tclass=\"so-widget-sow-editor so-widget-sow-editor-base\"\n\t\t\t\n\t\t>\n<div class=\"siteorigin-widget-tinymce textwidget\">\n\t<h3>Spezifikationen<\/h3>\n<p>Folgende Spezifikation bezieht sich direkt auf Kantenschutzprofile:<\/p>\n<ul>\n<li>E40 \u2013 Konstruierte Fugen in Ortbeton<\/li>\n<\/ul>\n<p>Der folgende Spezifikationstext kann verwendet werden \u2013 f\u00fcgen Sie das Permaban-Produkt Ihrer Wahl unter <strong><em>xxxxx<\/em><\/strong>\u202fein.<\/p>\n<h3>E40 \u2013 Konstruierte Fugen in Ortbeton<\/h3>\n<p><strong>ALLGEMEINE ANFORDERUNGEN<br \/>\n110 GENAUIGKEIT:\u202f<\/strong>\u202fAlle Fugen m\u00fcssen genau positioniert werden, gerade und gut ausgerichtet sein und exakt vertikal oder horizontal oder parallel zu den Grundlinien des Geb\u00e4udes verlaufen.<\/p>\n<p><strong>120 KONSTRUKTIONS-\/BEWEGUNGSFUGEN: (EINBAUORTE WERDEN VOM SPEZIALISIERTEN BODEN-SUBUNTERNEHMER FESTGELEGT)<\/strong><br \/>\nAlle Fugenprofile in Platten sind als polierte Oberfl\u00e4che zu belassen. \u202fFugen sind unter Verwendung der Permaban Kantenschutzprofile <strong><em>xxxxx <\/em><\/strong>von RCR Flooring Products Ltd. zu erstellen.<br \/>\nFugen detailgetreu und an den auf den Zeichnungen gezeigten Stellen ausbilden.\u202f Wenn vor Ort \u00c4nderungen an einer Fugenkonstruktion oder an einem Einbauort erforderlich sind, vereinbaren Sie die Revisionen mit dem Ingenieur, bevor Sie fortfahren.<br \/>\nLassen Sie nicht zu, dass Beton in Spalte oder Hohlr\u00e4ume in der Schalung eindringt oder die Bewegungsfugen unwirksam macht.<br \/>\nLassen Sie den Beton nicht in Materialien eindringen, die als komprimierbare Fugenf\u00fcllungen verwendet werden.<\/p>\n<p><strong>210 GEFORMTE FUGEN:<\/strong>\u202f Fugen sind unter Verwendung der Permaban Kantenschutzprofile <strong><em>xxxxx<\/em><\/strong> von RCR Flooring Products Ltd. zu erstellen.<br \/>\nFugen detailgetreu und an den auf den Zeichnungen gezeigten Stellen ausbilden. \u202fWenn vor Ort \u00c4nderungen an einer Fugenkonstruktion oder an einem Einbauort erforderlich sind, vereinbaren Sie die Revisionen mit dem Ingenieur, bevor Sie fortfahren.<\/p>\n<p>Wenn sich Fugen \u00f6ffnen, kann<strong><em> Rocland Roc Joint PU 920\/925<\/em><\/strong> Fugendichtstoff in den Fugenspalt eingetragen werden.<\/p>\n<p>Bitte folgen Sie diesem Link f\u00fcr den Spezifikationstext f\u00fcr <a href=\"https:\/\/permaban.com\/products-home\/dry-shake-surface-hardeners\/\">Rocland Hartstoffe<\/a>.<\/p>\n<h3>Uniclass 2015 System<\/h3>\n<p>Uniclass 2015 ist ein einheitliches Klassifizierungssystem, das alle Elemente eines Bauprojekts umfasst und f\u00fcr Bauwerksdatenmodellierung verwendet wird.<\/p>\n<p>&nbsp;<\/p>\n<h4><strong>Kantenschutzprofile (wie z. B. AlphaJoint Classic 4010, Permaban Wave, Permaban Signature usw.) k\u00f6nnen wie folgt spezifiziert werden:<\/strong><\/h4>\n<p>Pr_35_90_15_04.\u00a0\u00a0Der NBS-Code lautet 45-75-42\/450 Kantenschutzprofile.<\/p>\n<p>&nbsp;<\/p>\n<h4><strong>Streifenf\u00f6rmige Bewegungsfugen (wie z. B. Permasteel) k\u00f6nnen wie folgt spezifiziert werden:<\/strong><\/h4>\n<p>Pr_35_90_53_86.\u00a0\u00a0Der NBS-Code lautet 45-75-50\/410 Streifenf\u00f6rmige Bewegungsfugen.<\/p>\n<p>Pr_35_90_90_31_66.\u00a0\u00a0Der NBS-Code lautet 45-75-25\/340 Vorgeformte streifenf\u00f6rmige Fugen an Estrichen.<\/p>\n<p>Ss_20_80_60.\u00a0\u00a0Verlorene Schalungssysteme.<\/p>\n<p>&nbsp;<\/p>\n<h4><strong>D\u00fcbel k\u00f6nnen wie folgt spezifiziert werden:<\/strong><\/h4>\n<p>Pr_20_29_23_52.\u00a0\u00a0Der NBS-Code lautet 45-50-20\/325 D\u00fcbel, Stifte und St\u00e4be aus Metall.<\/p>\n<p>&nbsp;<\/p>\n<h4><strong>D\u00fcbelh\u00fclsen k\u00f6nnen wie folgt spezifiziert werden:<\/strong><\/h4>\n<p>Pr_20_29_29_23.\u00a0\u00a0Der NBS-Code lautet 45-75-42\/410 Kunststoff-D\u00fcbelh\u00fclse.<\/p>\n<p>&nbsp;<\/p>\n<h4><strong>Fugendichtstoffe k\u00f6nnen wie folgt spezifiziert werden:<\/strong><\/h4>\n<p>Pr_30_31_76_65.\u00a0 Der NBS-Code lautet 45-55-75\/340 Polyurethan-Konstruktionsfugendichtstoffe.<\/p>\n<p>&nbsp;<\/p>\n<p>&nbsp;<\/p>\n<p><a href=\"https:\/\/permaban.com\/wp-content\/uploads\/2019\/07\/NBS-specification.doc\">Bitte klicken Sie hier f\u00fcr den Spezifikationstext f\u00fcr Rocland Hartstoffe<\/a><\/p>\n<\/div>\n<\/div><\/div><\/div><div id=\"pgc-10799-0-1\"  class=\"panel-grid-cell\" ><div id=\"panel-10799-0-1-0\" class=\"widget_text so-panel widget widget_custom_html panel-first-child\" data-index=\"1\" ><div class=\"textwidget custom-html-widget\"><!-- Widget Shortcode --><div id=\"nav_menu-3\" class=\"widget widget_nav_menu widget-shortcode area-technical-help-sidebar \"><h2 class=\"widgettitle\">Technical Help<\/h2><div class=\"menu-technical-help-menu-container\"><ul id=\"menu-technical-help-menu\" class=\"menu\"><li id=\"menu-item-6354\" class=\"menu-item menu-item-type-post_type menu-item-object-page menu-item-6354\"><a href=\"https:\/\/permaban.com\/frequently-asked-questions\/\">FAQs<\/a><\/li>\n<li id=\"menu-item-6999\" class=\"menu-item menu-item-type-post_type menu-item-object-page menu-item-6999\"><a href=\"https:\/\/permaban.com\/regulations-and-standards\/\">Vorschriften und Normen<\/a><\/li>\n<li id=\"menu-item-6355\" class=\"menu-item menu-item-type-post_type menu-item-object-page menu-item-6355\"><a href=\"https:\/\/permaban.com\/how-to-choose-the-right-armoured-joint\/\">Wie w\u00e4hle ich das richtige Kantenschutzprofil aus?<\/a><\/li>\n<li id=\"menu-item-6772\" class=\"menu-item menu-item-type-custom menu-item-object-custom menu-item-6772\"><a target=\"_blank\" href=\"https:\/\/www.rcrflooringproducts.com\/technical-help\/cpd\/\">CPD<\/a><\/li>\n<\/ul><\/div><\/div><!-- \/Widget Shortcode --><\/div><\/div><div id=\"panel-10799-0-1-1\" class=\"so-panel widget widget_siteorigin-panels-builder\" data-index=\"2\" ><div id=\"pl-w5d5136b7a51eb\"  class=\"panel-layout\" ><div id=\"pg-w5d5136b7a51eb-0\"  class=\"panel-grid panel-has-style\" ><div class=\"primary-color-backround panel-row-style panel-row-style-for-w5d5136b7a51eb-0\" ><div id=\"pgc-w5d5136b7a51eb-0-0\"  class=\"panel-grid-cell\" ><div id=\"panel-w5d5136b7a51eb-0-0-0\" class=\"so-panel widget widget_sow-editor panel-first-child panel-last-child\" data-index=\"0\" ><div class=\"white-text panel-widget-style panel-widget-style-for-w5d5136b7a51eb-0-0-0\" ><div\n\t\t\t\n\t\t\tclass=\"so-widget-sow-editor so-widget-sow-editor-base\"\n\t\t\t\n\t\t>\n<div class=\"siteorigin-widget-tinymce textwidget\">\n\t<h5><strong>Looking for CAD drawings?<\/strong><\/h5>\n<\/div>\n<\/div><\/div><\/div><\/div><\/div><\/div><div id=\"pg-w5d5136b7a51eb-1\"  class=\"panel-grid panel-has-style\" ><div class=\"light-grey-background panel-row-style panel-row-style-for-w5d5136b7a51eb-1\" ><div id=\"pgc-w5d5136b7a51eb-1-0\"  class=\"panel-grid-cell\" ><div id=\"panel-w5d5136b7a51eb-1-0-0\" class=\"so-panel widget widget_sow-editor panel-first-child panel-last-child\" data-index=\"1\" ><div\n\t\t\t\n\t\t\tclass=\"so-widget-sow-editor so-widget-sow-editor-base\"\n\t\t\t\n\t\t>\n<div class=\"siteorigin-widget-tinymce textwidget\">\n\t<p>They are in the Downloads section on the product pages.<\/p>\n<\/div>\n<\/div><\/div><\/div><\/div><\/div><\/div><\/div><div id=\"panel-10799-0-1-2\" class=\"widget_text so-panel widget widget_custom_html panel-last-child\" data-index=\"3\" ><div class=\"textwidget custom-html-widget\"><!-- Widget Shortcode --><div id=\"siteorigin-panels-builder-6\" class=\"widget widget_siteorigin-panels-builder widget-shortcode area-technical-help-sidebar \"><div id=\"pl-w6214c679d1878\"  class=\"panel-layout\" ><div id=\"pg-w6214c679d1878-0\"  class=\"panel-grid panel-has-style\" ><div class=\"primary-color-backround panel-row-style panel-row-style-for-w6214c679d1878-0\" ><div id=\"pgc-w6214c679d1878-0-0\"  class=\"panel-grid-cell\" ><div id=\"panel-w6214c679d1878-0-0-0\" class=\"so-panel widget widget_sow-editor panel-first-child panel-last-child\" data-index=\"0\" ><div class=\"white-text panel-widget-style panel-widget-style-for-w6214c679d1878-0-0-0\" ><div\n\t\t\t\n\t\t\tclass=\"so-widget-sow-editor so-widget-sow-editor-base\"\n\t\t\t\n\t\t>\n<div class=\"siteorigin-widget-tinymce textwidget\">\n\t<h5><strong>Need some help?<\/strong><br \/>\n<strong>Get in touch.<\/strong><\/h5>\n<\/div>\n<\/div><\/div><\/div><\/div><\/div><\/div><div id=\"pg-w6214c679d1878-1\"  class=\"panel-grid panel-has-style\" ><div class=\"light-grey-background panel-row-style panel-row-style-for-w6214c679d1878-1\" ><div id=\"pgc-w6214c679d1878-1-0\"  class=\"panel-grid-cell\" ><div id=\"panel-w6214c679d1878-1-0-0\" class=\"so-panel widget widget_sow-editor panel-first-child panel-last-child\" data-index=\"1\" ><div\n\t\t\t\n\t\t\tclass=\"so-widget-sow-editor so-widget-sow-editor-base\"\n\t\t\t\n\t\t>\n<div class=\"siteorigin-widget-tinymce textwidget\">\n\t<p>Call our sales team for product and specification guidance.<\/p>\n<p>Call now on<\/p>\n<h5>+44 1752 895288<\/h5>\n<p>Or <a href=\"http:\/\/permaban.com\/find-a-distributor\/\">find a distributor<\/a><\/p>\n<\/div>\n<\/div><\/div><\/div><\/div><\/div><\/div><\/div><!-- \/Widget Shortcode --><\/div><\/div><\/div><\/div><\/div>","protected":false},"excerpt":{"rendered":"<p>Spezifikationen Folgende Spezifikation bezieht sich direkt auf Kantenschutzprofile: E40 \u2013 Konstruierte Fugen in Ortbeton Der folgende Spezifikationstext kann verwendet werden \u2013 f\u00fcgen Sie das Permaban-Produkt Ihrer Wahl unter xxxxx\u202fein. E40 \u2013 Konstruierte Fugen in Ortbeton ALLGEMEINE ANFORDERUNGEN 110 GENAUIGKEIT:\u202f\u202fAlle Fugen&#8230;<\/p>\n","protected":false},"author":3,"featured_media":2150,"parent":0,"menu_order":0,"comment_status":"closed","ping_status":"closed","template":"","meta":{"_acf_changed":false,"_monsterinsights_skip_tracking":false,"_monsterinsights_sitenote_active":false,"_monsterinsights_sitenote_note":"","_monsterinsights_sitenote_category":0,"footnotes":""},"class_list":["post-10799","page","type-page","status-publish","has-post-thumbnail","hentry"],"acf":[],"yoast_head":"<!-- This site is optimized with the Yoast SEO plugin v27.1.1 - https:\/\/yoast.com\/product\/yoast-seo-wordpress\/ -->\n<title>Wie werden Konstruktionsfugen f\u00fcr Betonplatten festgelegt - Permaban<\/title>\n<meta name=\"description\" content=\"Das NBS-Spezifikationssystem f\u00fcr Geb\u00e4ude \/ NBS-Landschaft umfasst gepanzerte Fugen und eine allgemeine Anforderung f\u00fcr Konstruktions-\/Bewegungsfugen, n\u00e4mlich E40, sowie die Anforderung 120.\" \/>\n<meta name=\"robots\" content=\"index, follow, max-snippet:-1, max-image-preview:large, max-video-preview:-1\" \/>\n<link rel=\"canonical\" href=\"https:\/\/permaban.com\/de\/spezifikationen-erstellen\/\" \/>\n<meta property=\"og:locale\" content=\"de_DE\" \/>\n<meta property=\"og:type\" content=\"article\" \/>\n<meta property=\"og:title\" content=\"Wie werden Konstruktionsfugen f\u00fcr Betonplatten festgelegt - Permaban\" \/>\n<meta property=\"og:description\" content=\"Das NBS-Spezifikationssystem f\u00fcr Geb\u00e4ude \/ NBS-Landschaft umfasst gepanzerte Fugen und eine allgemeine Anforderung f\u00fcr Konstruktions-\/Bewegungsfugen, n\u00e4mlich E40, sowie die Anforderung 120.\" \/>\n<meta property=\"og:url\" content=\"https:\/\/permaban.com\/de\/spezifikationen-erstellen\/\" \/>\n<meta property=\"og:site_name\" content=\"Permaban\" \/>\n<meta property=\"article:modified_time\" content=\"2023-01-27T11:04:08+00:00\" \/>\n<meta property=\"og:image\" content=\"https:\/\/permaban.com\/wp-content\/uploads\/2017\/09\/picture5-0-1.jpg\" \/>\n\t<meta property=\"og:image:width\" content=\"1024\" \/>\n\t<meta property=\"og:image:height\" content=\"680\" \/>\n\t<meta property=\"og:image:type\" content=\"image\/jpeg\" \/>\n<meta name=\"twitter:card\" content=\"summary_large_image\" \/>\n<meta name=\"twitter:label1\" content=\"Gesch\u00e4tzte Lesezeit\" \/>\n\t<meta name=\"twitter:data1\" content=\"2\u00a0Minuten\" \/>\n<script type=\"application\/ld+json\" class=\"yoast-schema-graph\">{\"@context\":\"https:\/\/schema.org\",\"@graph\":[{\"@type\":\"WebPage\",\"@id\":\"https:\/\/permaban.com\/de\/spezifikationen-erstellen\/\",\"url\":\"https:\/\/permaban.com\/de\/spezifikationen-erstellen\/\",\"name\":\"Wie werden Konstruktionsfugen f\u00fcr Betonplatten festgelegt - Permaban\",\"isPartOf\":{\"@id\":\"https:\/\/permaban.com\/de\/#website\"},\"primaryImageOfPage\":{\"@id\":\"https:\/\/permaban.com\/de\/spezifikationen-erstellen\/#primaryimage\"},\"image\":{\"@id\":\"https:\/\/permaban.com\/de\/spezifikationen-erstellen\/#primaryimage\"},\"thumbnailUrl\":\"https:\/\/permaban.com\/wp-content\/uploads\/2017\/09\/picture5-0-1.jpg\",\"datePublished\":\"2020-09-22T09:51:09+00:00\",\"dateModified\":\"2023-01-27T11:04:08+00:00\",\"description\":\"Das NBS-Spezifikationssystem f\u00fcr Geb\u00e4ude \/ NBS-Landschaft umfasst gepanzerte Fugen und eine allgemeine Anforderung f\u00fcr Konstruktions-\/Bewegungsfugen, n\u00e4mlich E40, sowie die Anforderung 120.\",\"breadcrumb\":{\"@id\":\"https:\/\/permaban.com\/de\/spezifikationen-erstellen\/#breadcrumb\"},\"inLanguage\":\"de\",\"potentialAction\":[{\"@type\":\"ReadAction\",\"target\":[\"https:\/\/permaban.com\/de\/spezifikationen-erstellen\/\"]}]},{\"@type\":\"ImageObject\",\"inLanguage\":\"de\",\"@id\":\"https:\/\/permaban.com\/de\/spezifikationen-erstellen\/#primaryimage\",\"url\":\"https:\/\/permaban.com\/wp-content\/uploads\/2017\/09\/picture5-0-1.jpg\",\"contentUrl\":\"https:\/\/permaban.com\/wp-content\/uploads\/2017\/09\/picture5-0-1.jpg\",\"width\":1024,\"height\":680},{\"@type\":\"BreadcrumbList\",\"@id\":\"https:\/\/permaban.com\/de\/spezifikationen-erstellen\/#breadcrumb\",\"itemListElement\":[{\"@type\":\"ListItem\",\"position\":1,\"name\":\"Home\",\"item\":\"https:\/\/permaban.com\/de\/\"},{\"@type\":\"ListItem\",\"position\":2,\"name\":\"Spezifikationen erstellen\"}]},{\"@type\":\"WebSite\",\"@id\":\"https:\/\/permaban.com\/de\/#website\",\"url\":\"https:\/\/permaban.com\/de\/\",\"name\":\"Permaban\",\"description\":\"Industrial Flooring Products\",\"potentialAction\":[{\"@type\":\"SearchAction\",\"target\":{\"@type\":\"EntryPoint\",\"urlTemplate\":\"https:\/\/permaban.com\/de\/?s={search_term_string}\"},\"query-input\":{\"@type\":\"PropertyValueSpecification\",\"valueRequired\":true,\"valueName\":\"search_term_string\"}}],\"inLanguage\":\"de\"}]}<\/script>\n<!-- \/ Yoast SEO plugin. -->","yoast_head_json":{"title":"Wie werden Konstruktionsfugen f\u00fcr Betonplatten festgelegt - Permaban","description":"Das NBS-Spezifikationssystem f\u00fcr Geb\u00e4ude \/ NBS-Landschaft umfasst gepanzerte Fugen und eine allgemeine Anforderung f\u00fcr Konstruktions-\/Bewegungsfugen, n\u00e4mlich E40, sowie die Anforderung 120.","robots":{"index":"index","follow":"follow","max-snippet":"max-snippet:-1","max-image-preview":"max-image-preview:large","max-video-preview":"max-video-preview:-1"},"canonical":"https:\/\/permaban.com\/de\/spezifikationen-erstellen\/","og_locale":"de_DE","og_type":"article","og_title":"Wie werden Konstruktionsfugen f\u00fcr Betonplatten festgelegt - Permaban","og_description":"Das NBS-Spezifikationssystem f\u00fcr Geb\u00e4ude \/ NBS-Landschaft umfasst gepanzerte Fugen und eine allgemeine Anforderung f\u00fcr Konstruktions-\/Bewegungsfugen, n\u00e4mlich E40, sowie die Anforderung 120.","og_url":"https:\/\/permaban.com\/de\/spezifikationen-erstellen\/","og_site_name":"Permaban","article_modified_time":"2023-01-27T11:04:08+00:00","og_image":[{"width":1024,"height":680,"url":"https:\/\/permaban.com\/wp-content\/uploads\/2017\/09\/picture5-0-1.jpg","type":"image\/jpeg"}],"twitter_card":"summary_large_image","twitter_misc":{"Gesch\u00e4tzte Lesezeit":"2\u00a0Minuten"},"schema":{"@context":"https:\/\/schema.org","@graph":[{"@type":"WebPage","@id":"https:\/\/permaban.com\/de\/spezifikationen-erstellen\/","url":"https:\/\/permaban.com\/de\/spezifikationen-erstellen\/","name":"Wie werden Konstruktionsfugen f\u00fcr Betonplatten festgelegt - Permaban","isPartOf":{"@id":"https:\/\/permaban.com\/de\/#website"},"primaryImageOfPage":{"@id":"https:\/\/permaban.com\/de\/spezifikationen-erstellen\/#primaryimage"},"image":{"@id":"https:\/\/permaban.com\/de\/spezifikationen-erstellen\/#primaryimage"},"thumbnailUrl":"https:\/\/permaban.com\/wp-content\/uploads\/2017\/09\/picture5-0-1.jpg","datePublished":"2020-09-22T09:51:09+00:00","dateModified":"2023-01-27T11:04:08+00:00","description":"Das NBS-Spezifikationssystem f\u00fcr Geb\u00e4ude \/ NBS-Landschaft umfasst gepanzerte Fugen und eine allgemeine Anforderung f\u00fcr Konstruktions-\/Bewegungsfugen, n\u00e4mlich E40, sowie die Anforderung 120.","breadcrumb":{"@id":"https:\/\/permaban.com\/de\/spezifikationen-erstellen\/#breadcrumb"},"inLanguage":"de","potentialAction":[{"@type":"ReadAction","target":["https:\/\/permaban.com\/de\/spezifikationen-erstellen\/"]}]},{"@type":"ImageObject","inLanguage":"de","@id":"https:\/\/permaban.com\/de\/spezifikationen-erstellen\/#primaryimage","url":"https:\/\/permaban.com\/wp-content\/uploads\/2017\/09\/picture5-0-1.jpg","contentUrl":"https:\/\/permaban.com\/wp-content\/uploads\/2017\/09\/picture5-0-1.jpg","width":1024,"height":680},{"@type":"BreadcrumbList","@id":"https:\/\/permaban.com\/de\/spezifikationen-erstellen\/#breadcrumb","itemListElement":[{"@type":"ListItem","position":1,"name":"Home","item":"https:\/\/permaban.com\/de\/"},{"@type":"ListItem","position":2,"name":"Spezifikationen erstellen"}]},{"@type":"WebSite","@id":"https:\/\/permaban.com\/de\/#website","url":"https:\/\/permaban.com\/de\/","name":"Permaban","description":"Industrial Flooring Products","potentialAction":[{"@type":"SearchAction","target":{"@type":"EntryPoint","urlTemplate":"https:\/\/permaban.com\/de\/?s={search_term_string}"},"query-input":{"@type":"PropertyValueSpecification","valueRequired":true,"valueName":"search_term_string"}}],"inLanguage":"de"}]}},"_links":{"self":[{"href":"https:\/\/permaban.com\/de\/wp-json\/wp\/v2\/pages\/10799","targetHints":{"allow":["GET"]}}],"collection":[{"href":"https:\/\/permaban.com\/de\/wp-json\/wp\/v2\/pages"}],"about":[{"href":"https:\/\/permaban.com\/de\/wp-json\/wp\/v2\/types\/page"}],"author":[{"embeddable":true,"href":"https:\/\/permaban.com\/de\/wp-json\/wp\/v2\/users\/3"}],"replies":[{"embeddable":true,"href":"https:\/\/permaban.com\/de\/wp-json\/wp\/v2\/comments?post=10799"}],"version-history":[{"count":8,"href":"https:\/\/permaban.com\/de\/wp-json\/wp\/v2\/pages\/10799\/revisions"}],"predecessor-version":[{"id":12314,"href":"https:\/\/permaban.com\/de\/wp-json\/wp\/v2\/pages\/10799\/revisions\/12314"}],"wp:featuredmedia":[{"embeddable":true,"href":"https:\/\/permaban.com\/de\/wp-json\/wp\/v2\/media\/2150"}],"wp:attachment":[{"href":"https:\/\/permaban.com\/de\/wp-json\/wp\/v2\/media?parent=10799"}],"curies":[{"name":"wp","href":"https:\/\/api.w.org\/{rel}","templated":true}]}}