{"id":10801,"date":"2020-09-22T10:58:35","date_gmt":"2020-09-22T09:58:35","guid":{"rendered":"https:\/\/permaban.com\/vorschriften-und-normen\/"},"modified":"2023-08-09T11:34:00","modified_gmt":"2023-08-09T10:34:00","slug":"vorschriften-und-normen","status":"publish","type":"page","link":"https:\/\/permaban.com\/de\/vorschriften-und-normen\/","title":{"rendered":"Vorschriften und Normen"},"content":{"rendered":"<div id=\"pl-10801\"  class=\"panel-layout\" ><div id=\"pg-10801-0\"  class=\"panel-grid panel-no-style\" ><div id=\"pgc-10801-0-0\"  class=\"panel-grid-cell\" ><div id=\"panel-10801-0-0-0\" class=\"so-panel widget widget_sow-editor panel-first-child panel-last-child\" data-index=\"0\" ><div\n\t\t\t\n\t\t\tclass=\"so-widget-sow-editor so-widget-sow-editor-base\"\n\t\t\t\n\t\t>\n<div class=\"siteorigin-widget-tinymce textwidget\">\n\t<p>Es gibt nur sehr wenige Normen, die f\u00fcr unsere Produkte gelten \u2013 die beiden hier aufgef\u00fchrten sind am relevantesten. <strong>Wenden Sie sich an unsere technischen Ingenieure, wenn Sie spezielle Fragen zur Eignung unserer Produkte f\u00fcr den jeweiligen Einsatz und zur Einhaltung von Vorschriften haben.<\/strong><\/p>\n<p>&nbsp;<\/p>\n<h3>tr34<\/h3>\n<p>Dies ist der Leitfaden f\u00fcr die Gestaltung von Betonb\u00f6den.\u00a0 Der von der Concrete Society produzierte Inhalt wurde von einem branchenweiten Fachausschuss entwickelt.<\/p>\n<p>Obwohl es sich dabei eher um einen Leitfaden als um einen definierten Standard handelt, wird er nicht nur in Gro\u00dfbritannien sondern weltweit weithin anerkannt und befolgt.<\/p>\n<p>Er st\u00fctzt sich auf die Grunds\u00e4tze von BS 8110, die Verfahrensregeln f\u00fcr die Verwendung von Beton im Hochbau, und Eurocode 2 (Entwurf von Betontragwerken).<\/p>\n<p>TR34 enth\u00e4lt einen Leitfaden zur besten Praxis f\u00fcr die Planung von Betonb\u00f6den. \u00a0Behandelt wird auch die Last\u00fcbertragung und deren Berechnung.<\/p>\n<p><a href=\"https:\/\/www.concretebookshop.com\/tr34-4th-edition---concrete-industrial-ground-floorsbra-guide-to-design-and-construction---jan2018-4188-p.asp\">Folgen Sie diesem Link zur Website der Concrete Society, um mehr zu erfahren.<\/a><\/p>\n<p>&nbsp;<\/p>\n<h3>bs8204-2: 2003<\/h3>\n<p>Diese britische Norm bezieht sich auf die Abriebfestigkeit der Oberfl\u00e4che des Betonbodens \u2013 sie hat also einen Einfluss auf die Verwendung und Leistung unserer Hartstoffeinstreuungen.<\/p>\n<p>Es bietet eine Pr\u00fcfmethode zur Berechnung des Abriebs und gibt Empfehlungen f\u00fcr die verwendeten Materialien, den Entwurf, die Arbeit auf der Baustelle, die Inspektion und die Pr\u00fcfung von direkt vor Ort fertiggestellten Betonplatten.<\/p>\n<p>Sie gilt sowohl f\u00fcr Bodenplatten als auch f\u00fcr freitragende B\u00f6den.<\/p>\n<p>Follow this link to the BSI publications shop to find out more.<\/p>\n<p><a href=\"https:\/\/shop.bsigroup.com\/ProductDetail\/?pid=000000000030241221\">Folgen Sie diesem Link zur Website des BSI, um mehr zu erfahren.<\/a><\/p>\n<h3>the construction products regulation and ce marking<\/h3>\n<p>Die Bauprodukte-Verordnung (EU-Verordnung Nr. 305 \/2011) \u2013 abgek\u00fcrzt CPR \u2013 wurde am 9 . M\u00e4rz 2011 erlassen und trat am 1. Juli 2013 in Kraft.\u00a0 Alle ab diesem Datum hergestellten Bauprodukte, die im Europ\u00e4ischen Wirtschaftsraum verkauft werden sollen, m\u00fcssen der CPR entsprechen.\u00a0 Sie m\u00fcssen CE-gekennzeichnet sein, wenn eine entsprechende harmonisierte europ\u00e4ische Norm oder europ\u00e4ische technische Zulassung existiert.<\/p>\n<p>Alle unsere Produkte entsprechen der Bauprodukte-Verordnung und tragen die entsprechende CE-Kennzeichnung.<\/p>\n<p><a href=\"http:\/\/ec.europa.eu\/growth\/sectors\/construction\/product-regulation\/index_en.htm\">Folgen Sie diesem Link zur Website der Europ\u00e4ischen Kommission, um mehr zu erfahren.<\/a><\/p>\n<p><img loading=\"lazy\" decoding=\"async\" class=\"alignnone size-full wp-image-6684\" src=\"http:\/\/permaban.com\/wp-content\/uploads\/2019\/06\/CSC_0379.jpg\" alt=\"\" width=\"750\" height=\"540\" srcset=\"https:\/\/permaban.com\/wp-content\/uploads\/2019\/06\/CSC_0379.jpg 750w, https:\/\/permaban.com\/wp-content\/uploads\/2019\/06\/CSC_0379-593x427.jpg 593w\" sizes=\"auto, (max-width: 750px) 100vw, 750px\" \/><\/p>\n<\/div>\n<\/div><\/div><\/div><div id=\"pgc-10801-0-1\"  class=\"panel-grid-cell\" ><div id=\"panel-10801-0-1-0\" class=\"widget_text so-panel widget widget_custom_html panel-first-child\" data-index=\"1\" ><div class=\"textwidget custom-html-widget\"><!-- Widget Shortcode --><div id=\"nav_menu-3\" class=\"widget widget_nav_menu widget-shortcode area-technical-help-sidebar \"><h2 class=\"widgettitle\">Technical Help<\/h2><div class=\"menu-technical-help-menu-container\"><ul id=\"menu-technical-help-menu\" class=\"menu\"><li id=\"menu-item-6354\" class=\"menu-item menu-item-type-post_type menu-item-object-page menu-item-6354\"><a href=\"https:\/\/permaban.com\/frequently-asked-questions\/\">FAQs<\/a><\/li>\n<li id=\"menu-item-6999\" class=\"menu-item menu-item-type-post_type menu-item-object-page menu-item-6999\"><a href=\"https:\/\/permaban.com\/regulations-and-standards\/\">Vorschriften und Normen<\/a><\/li>\n<li id=\"menu-item-6355\" class=\"menu-item menu-item-type-post_type menu-item-object-page menu-item-6355\"><a href=\"https:\/\/permaban.com\/how-to-choose-the-right-armoured-joint\/\">Wie w\u00e4hle ich das richtige Kantenschutzprofil aus?<\/a><\/li>\n<li id=\"menu-item-6772\" class=\"menu-item menu-item-type-custom menu-item-object-custom menu-item-6772\"><a target=\"_blank\" href=\"https:\/\/www.rcrflooringproducts.com\/technical-help\/cpd\/\">CPD<\/a><\/li>\n<\/ul><\/div><\/div><!-- \/Widget Shortcode --><\/div><\/div><div id=\"panel-10801-0-1-1\" class=\"so-panel widget widget_sow-editor\" data-index=\"2\" ><div\n\t\t\t\n\t\t\tclass=\"so-widget-sow-editor so-widget-sow-editor-base\"\n\t\t\t\n\t\t>\n<div class=\"siteorigin-widget-tinymce textwidget\">\n\t<h2 class=\"widgettitle\">Downloads<\/h2>\n<ul class=\"downloads\">\n<li><a href=\"https:\/\/permaban.com\/wp-content\/uploads\/2023\/08\/ISO-9001-2015-Certificate.pdf\">ISO 9001:2015 Zerifikat<\/a><\/li>\n<\/ul>\n<ul class=\"downloads\">\n<li><a href=\"https:\/\/permaban.com\/wp-content\/uploads\/2023\/08\/ISO-14001-2015-Certificate.pdf\">ISO 14001:2015 Zertifikat <\/a><\/li>\n<\/ul>\n<ul class=\"downloads\">\n<li><a href=\"https:\/\/permaban.com\/wp-content\/uploads\/2023\/08\/ISO-45001-2018-Certificate.pdf\">ISO 45001:2018 Zertifikat<\/a><\/li>\n<\/ul>\n<\/div>\n<\/div><\/div><div id=\"panel-10801-0-1-2\" class=\"widget_text so-panel widget widget_custom_html panel-last-child\" data-index=\"3\" ><div class=\"textwidget custom-html-widget\"><!-- Widget Shortcode --><div id=\"siteorigin-panels-builder-6\" class=\"widget widget_siteorigin-panels-builder widget-shortcode area-technical-help-sidebar \"><div id=\"pl-w6214c679d1878\"  class=\"panel-layout\" ><div id=\"pg-w6214c679d1878-0\"  class=\"panel-grid panel-has-style\" ><div class=\"primary-color-backround panel-row-style panel-row-style-for-w6214c679d1878-0\" ><div id=\"pgc-w6214c679d1878-0-0\"  class=\"panel-grid-cell\" ><div id=\"panel-w6214c679d1878-0-0-0\" class=\"so-panel widget widget_sow-editor panel-first-child panel-last-child\" data-index=\"0\" ><div class=\"white-text panel-widget-style panel-widget-style-for-w6214c679d1878-0-0-0\" ><div\n\t\t\t\n\t\t\tclass=\"so-widget-sow-editor so-widget-sow-editor-base\"\n\t\t\t\n\t\t>\n<div class=\"siteorigin-widget-tinymce textwidget\">\n\t<h5><strong>Need some help?<\/strong><br \/>\n<strong>Get in touch.<\/strong><\/h5>\n<\/div>\n<\/div><\/div><\/div><\/div><\/div><\/div><div id=\"pg-w6214c679d1878-1\"  class=\"panel-grid panel-has-style\" ><div class=\"light-grey-background panel-row-style panel-row-style-for-w6214c679d1878-1\" ><div id=\"pgc-w6214c679d1878-1-0\"  class=\"panel-grid-cell\" ><div id=\"panel-w6214c679d1878-1-0-0\" class=\"so-panel widget widget_sow-editor panel-first-child panel-last-child\" data-index=\"1\" ><div\n\t\t\t\n\t\t\tclass=\"so-widget-sow-editor so-widget-sow-editor-base\"\n\t\t\t\n\t\t>\n<div class=\"siteorigin-widget-tinymce textwidget\">\n\t<p>Call our sales team for product and specification guidance.<\/p>\n<p>Call now on<\/p>\n<h5>+44 1752 895288<\/h5>\n<p>Or <a href=\"http:\/\/permaban.com\/find-a-distributor\/\">find a distributor<\/a><\/p>\n<\/div>\n<\/div><\/div><\/div><\/div><\/div><\/div><\/div><!-- \/Widget Shortcode --><\/div><\/div><\/div><\/div><\/div>","protected":false},"excerpt":{"rendered":"<p>Es gibt nur sehr wenige Normen, die f\u00fcr unsere Produkte gelten \u2013 die beiden hier aufgef\u00fchrten sind am relevantesten. Wenden Sie sich an unsere technischen Ingenieure, wenn Sie spezielle Fragen zur Eignung unserer Produkte f\u00fcr den jeweiligen Einsatz und zur&#8230;<\/p>\n","protected":false},"author":3,"featured_media":6863,"parent":0,"menu_order":0,"comment_status":"closed","ping_status":"closed","template":"","meta":{"_acf_changed":false,"_monsterinsights_skip_tracking":false,"_monsterinsights_sitenote_active":false,"_monsterinsights_sitenote_note":"","_monsterinsights_sitenote_category":0,"footnotes":""},"class_list":["post-10801","page","type-page","status-publish","has-post-thumbnail","hentry"],"acf":[],"yoast_head":"<!-- This site is optimized with the Yoast SEO plugin v27.3 - https:\/\/yoast.com\/product\/yoast-seo-wordpress\/ -->\n<title>Vorschriften &amp; Normen Betonfu\u00dfboden-Konstruktionsfugen - Permaban<\/title>\n<meta name=\"description\" content=\"Leitfaden zu Normen f\u00fcr Betonplatten-Kontrollfugen f\u00fcr Betonb\u00f6den. Vorschriften und Normen in Bezug auf gepanzerte Fugen in Betonb\u00f6den.\" \/>\n<meta name=\"robots\" content=\"index, follow, max-snippet:-1, max-image-preview:large, max-video-preview:-1\" \/>\n<link rel=\"canonical\" href=\"https:\/\/permaban.com\/de\/vorschriften-und-normen\/\" \/>\n<meta property=\"og:locale\" content=\"de_DE\" \/>\n<meta property=\"og:type\" content=\"article\" \/>\n<meta property=\"og:title\" content=\"Vorschriften &amp; Normen Betonfu\u00dfboden-Konstruktionsfugen - Permaban\" \/>\n<meta property=\"og:description\" content=\"Leitfaden zu Normen f\u00fcr Betonplatten-Kontrollfugen f\u00fcr Betonb\u00f6den. Vorschriften und Normen in Bezug auf gepanzerte Fugen in Betonb\u00f6den.\" \/>\n<meta property=\"og:url\" content=\"https:\/\/permaban.com\/de\/vorschriften-und-normen\/\" \/>\n<meta property=\"og:site_name\" content=\"Permaban\" \/>\n<meta property=\"article:modified_time\" content=\"2023-08-09T10:34:00+00:00\" \/>\n<meta property=\"og:image\" content=\"https:\/\/permaban.com\/wp-content\/uploads\/2019\/06\/IMG_5253-1024x683.jpg\" \/>\n\t<meta property=\"og:image:width\" content=\"1024\" \/>\n\t<meta property=\"og:image:height\" content=\"683\" \/>\n\t<meta property=\"og:image:type\" content=\"image\/jpeg\" \/>\n<meta name=\"twitter:card\" content=\"summary_large_image\" \/>\n<meta name=\"twitter:label1\" content=\"Gesch\u00e4tzte Lesezeit\" \/>\n\t<meta name=\"twitter:data1\" content=\"2\u00a0Minuten\" \/>\n<script type=\"application\/ld+json\" class=\"yoast-schema-graph\">{\"@context\":\"https:\\\/\\\/schema.org\",\"@graph\":[{\"@type\":\"WebPage\",\"@id\":\"https:\\\/\\\/permaban.com\\\/de\\\/vorschriften-und-normen\\\/\",\"url\":\"https:\\\/\\\/permaban.com\\\/de\\\/vorschriften-und-normen\\\/\",\"name\":\"Vorschriften & Normen Betonfu\u00dfboden-Konstruktionsfugen - Permaban\",\"isPartOf\":{\"@id\":\"https:\\\/\\\/permaban.com\\\/de\\\/#website\"},\"primaryImageOfPage\":{\"@id\":\"https:\\\/\\\/permaban.com\\\/de\\\/vorschriften-und-normen\\\/#primaryimage\"},\"image\":{\"@id\":\"https:\\\/\\\/permaban.com\\\/de\\\/vorschriften-und-normen\\\/#primaryimage\"},\"thumbnailUrl\":\"https:\\\/\\\/permaban.com\\\/wp-content\\\/uploads\\\/2019\\\/06\\\/IMG_5253.jpg\",\"datePublished\":\"2020-09-22T09:58:35+00:00\",\"dateModified\":\"2023-08-09T10:34:00+00:00\",\"description\":\"Leitfaden zu Normen f\u00fcr Betonplatten-Kontrollfugen f\u00fcr Betonb\u00f6den. Vorschriften und Normen in Bezug auf gepanzerte Fugen in Betonb\u00f6den.\",\"breadcrumb\":{\"@id\":\"https:\\\/\\\/permaban.com\\\/de\\\/vorschriften-und-normen\\\/#breadcrumb\"},\"inLanguage\":\"de\",\"potentialAction\":[{\"@type\":\"ReadAction\",\"target\":[\"https:\\\/\\\/permaban.com\\\/de\\\/vorschriften-und-normen\\\/\"]}]},{\"@type\":\"ImageObject\",\"inLanguage\":\"de\",\"@id\":\"https:\\\/\\\/permaban.com\\\/de\\\/vorschriften-und-normen\\\/#primaryimage\",\"url\":\"https:\\\/\\\/permaban.com\\\/wp-content\\\/uploads\\\/2019\\\/06\\\/IMG_5253.jpg\",\"contentUrl\":\"https:\\\/\\\/permaban.com\\\/wp-content\\\/uploads\\\/2019\\\/06\\\/IMG_5253.jpg\",\"width\":3456,\"height\":2304,\"caption\":\"Coloured concrete floor | Floor surface hardener\"},{\"@type\":\"BreadcrumbList\",\"@id\":\"https:\\\/\\\/permaban.com\\\/de\\\/vorschriften-und-normen\\\/#breadcrumb\",\"itemListElement\":[{\"@type\":\"ListItem\",\"position\":1,\"name\":\"Home\",\"item\":\"https:\\\/\\\/permaban.com\\\/de\\\/\"},{\"@type\":\"ListItem\",\"position\":2,\"name\":\"Vorschriften und Normen\"}]},{\"@type\":\"WebSite\",\"@id\":\"https:\\\/\\\/permaban.com\\\/de\\\/#website\",\"url\":\"https:\\\/\\\/permaban.com\\\/de\\\/\",\"name\":\"Permaban\",\"description\":\"Industrial Flooring Products\",\"potentialAction\":[{\"@type\":\"SearchAction\",\"target\":{\"@type\":\"EntryPoint\",\"urlTemplate\":\"https:\\\/\\\/permaban.com\\\/de\\\/?s={search_term_string}\"},\"query-input\":{\"@type\":\"PropertyValueSpecification\",\"valueRequired\":true,\"valueName\":\"search_term_string\"}}],\"inLanguage\":\"de\"}]}<\/script>\n<!-- \/ Yoast SEO plugin. -->","yoast_head_json":{"title":"Vorschriften & Normen Betonfu\u00dfboden-Konstruktionsfugen - Permaban","description":"Leitfaden zu Normen f\u00fcr Betonplatten-Kontrollfugen f\u00fcr Betonb\u00f6den. Vorschriften und Normen in Bezug auf gepanzerte Fugen in Betonb\u00f6den.","robots":{"index":"index","follow":"follow","max-snippet":"max-snippet:-1","max-image-preview":"max-image-preview:large","max-video-preview":"max-video-preview:-1"},"canonical":"https:\/\/permaban.com\/de\/vorschriften-und-normen\/","og_locale":"de_DE","og_type":"article","og_title":"Vorschriften & Normen Betonfu\u00dfboden-Konstruktionsfugen - Permaban","og_description":"Leitfaden zu Normen f\u00fcr Betonplatten-Kontrollfugen f\u00fcr Betonb\u00f6den. Vorschriften und Normen in Bezug auf gepanzerte Fugen in Betonb\u00f6den.","og_url":"https:\/\/permaban.com\/de\/vorschriften-und-normen\/","og_site_name":"Permaban","article_modified_time":"2023-08-09T10:34:00+00:00","og_image":[{"width":1024,"height":683,"url":"https:\/\/permaban.com\/wp-content\/uploads\/2019\/06\/IMG_5253-1024x683.jpg","type":"image\/jpeg"}],"twitter_card":"summary_large_image","twitter_misc":{"Gesch\u00e4tzte Lesezeit":"2\u00a0Minuten"},"schema":{"@context":"https:\/\/schema.org","@graph":[{"@type":"WebPage","@id":"https:\/\/permaban.com\/de\/vorschriften-und-normen\/","url":"https:\/\/permaban.com\/de\/vorschriften-und-normen\/","name":"Vorschriften & Normen Betonfu\u00dfboden-Konstruktionsfugen - Permaban","isPartOf":{"@id":"https:\/\/permaban.com\/de\/#website"},"primaryImageOfPage":{"@id":"https:\/\/permaban.com\/de\/vorschriften-und-normen\/#primaryimage"},"image":{"@id":"https:\/\/permaban.com\/de\/vorschriften-und-normen\/#primaryimage"},"thumbnailUrl":"https:\/\/permaban.com\/wp-content\/uploads\/2019\/06\/IMG_5253.jpg","datePublished":"2020-09-22T09:58:35+00:00","dateModified":"2023-08-09T10:34:00+00:00","description":"Leitfaden zu Normen f\u00fcr Betonplatten-Kontrollfugen f\u00fcr Betonb\u00f6den. Vorschriften und Normen in Bezug auf gepanzerte Fugen in Betonb\u00f6den.","breadcrumb":{"@id":"https:\/\/permaban.com\/de\/vorschriften-und-normen\/#breadcrumb"},"inLanguage":"de","potentialAction":[{"@type":"ReadAction","target":["https:\/\/permaban.com\/de\/vorschriften-und-normen\/"]}]},{"@type":"ImageObject","inLanguage":"de","@id":"https:\/\/permaban.com\/de\/vorschriften-und-normen\/#primaryimage","url":"https:\/\/permaban.com\/wp-content\/uploads\/2019\/06\/IMG_5253.jpg","contentUrl":"https:\/\/permaban.com\/wp-content\/uploads\/2019\/06\/IMG_5253.jpg","width":3456,"height":2304,"caption":"Coloured concrete floor | Floor surface hardener"},{"@type":"BreadcrumbList","@id":"https:\/\/permaban.com\/de\/vorschriften-und-normen\/#breadcrumb","itemListElement":[{"@type":"ListItem","position":1,"name":"Home","item":"https:\/\/permaban.com\/de\/"},{"@type":"ListItem","position":2,"name":"Vorschriften und Normen"}]},{"@type":"WebSite","@id":"https:\/\/permaban.com\/de\/#website","url":"https:\/\/permaban.com\/de\/","name":"Permaban","description":"Industrial Flooring Products","potentialAction":[{"@type":"SearchAction","target":{"@type":"EntryPoint","urlTemplate":"https:\/\/permaban.com\/de\/?s={search_term_string}"},"query-input":{"@type":"PropertyValueSpecification","valueRequired":true,"valueName":"search_term_string"}}],"inLanguage":"de"}]}},"_links":{"self":[{"href":"https:\/\/permaban.com\/de\/wp-json\/wp\/v2\/pages\/10801","targetHints":{"allow":["GET"]}}],"collection":[{"href":"https:\/\/permaban.com\/de\/wp-json\/wp\/v2\/pages"}],"about":[{"href":"https:\/\/permaban.com\/de\/wp-json\/wp\/v2\/types\/page"}],"author":[{"embeddable":true,"href":"https:\/\/permaban.com\/de\/wp-json\/wp\/v2\/users\/3"}],"replies":[{"embeddable":true,"href":"https:\/\/permaban.com\/de\/wp-json\/wp\/v2\/comments?post=10801"}],"version-history":[{"count":10,"href":"https:\/\/permaban.com\/de\/wp-json\/wp\/v2\/pages\/10801\/revisions"}],"predecessor-version":[{"id":12489,"href":"https:\/\/permaban.com\/de\/wp-json\/wp\/v2\/pages\/10801\/revisions\/12489"}],"wp:featuredmedia":[{"embeddable":true,"href":"https:\/\/permaban.com\/de\/wp-json\/wp\/v2\/media\/6863"}],"wp:attachment":[{"href":"https:\/\/permaban.com\/de\/wp-json\/wp\/v2\/media?parent=10801"}],"curies":[{"name":"wp","href":"https:\/\/api.w.org\/{rel}","templated":true}]}}