{"id":10802,"date":"2020-09-22T10:59:43","date_gmt":"2020-09-22T09:59:43","guid":{"rendered":"https:\/\/permaban.com\/kontakt\/"},"modified":"2020-09-29T12:03:41","modified_gmt":"2020-09-29T11:03:41","slug":"kontakt","status":"publish","type":"page","link":"https:\/\/permaban.com\/de\/kontakt\/","title":{"rendered":"Kontakt"},"content":{"rendered":"<div id=\"pl-10802\"  class=\"panel-layout\" ><div id=\"pg-10802-0\"  class=\"panel-grid panel-no-style\" ><div id=\"pgc-10802-0-0\"  class=\"panel-grid-cell\" ><div id=\"panel-10802-0-0-0\" class=\"so-panel widget widget_sow-editor panel-first-child panel-last-child\" data-index=\"0\" ><div class=\"large-font-size panel-widget-style panel-widget-style-for-10802-0-0-0\" ><div\n\t\t\t\n\t\t\tclass=\"so-widget-sow-editor so-widget-sow-editor-base\"\n\t\t\t\n\t\t>\n<div class=\"siteorigin-widget-tinymce textwidget\">\n\t<p>Unser Team ber\u00e4t Sie gerne zu Ihren technischen oder kaufm\u00e4nnischen Fragen<\/p>\n<\/div>\n<\/div><\/div><\/div><\/div><\/div><div id=\"pg-10802-1\"  class=\"panel-grid panel-no-style\" ><div id=\"pgc-10802-1-0\"  class=\"panel-grid-cell\" ><div id=\"panel-10802-1-0-0\" class=\"so-panel widget widget_sow-editor panel-first-child panel-last-child\" data-index=\"1\" ><div\n\t\t\t\n\t\t\tclass=\"so-widget-sow-editor so-widget-sow-editor-base\"\n\t\t\t\n\t\t>\n<div class=\"siteorigin-widget-tinymce textwidget\">\n\t<h2>Kontaktformular<\/h2>\n<p>Bitte f\u00fcllen Sie das nachstehende Formular aus. Wir werden Ihnen so schnell wie m\u00f6glich antworten.<\/p>\n\n<div class=\"wpcf7 no-js\" id=\"wpcf7-f10838-o1\" lang=\"de-DE\" dir=\"ltr\" data-wpcf7-id=\"10838\">\n<div class=\"screen-reader-response\"><p role=\"status\" aria-live=\"polite\" aria-atomic=\"true\"><\/p> <ul><\/ul><\/div>\n<form action=\"\/de\/wp-json\/wp\/v2\/pages\/10802#wpcf7-f10838-o1\" method=\"post\" class=\"wpcf7-form init\" aria-label=\"Kontaktformular\" novalidate=\"novalidate\" data-status=\"init\">\n<fieldset class=\"hidden-fields-container\"><input type=\"hidden\" name=\"_wpcf7\" value=\"10838\" \/><input type=\"hidden\" name=\"_wpcf7_version\" value=\"6.1.5\" \/><input type=\"hidden\" name=\"_wpcf7_locale\" value=\"de_DE\" \/><input type=\"hidden\" name=\"_wpcf7_unit_tag\" value=\"wpcf7-f10838-o1\" \/><input type=\"hidden\" name=\"_wpcf7_container_post\" value=\"0\" \/><input type=\"hidden\" name=\"_wpcf7_posted_data_hash\" value=\"\" \/><input type=\"hidden\" name=\"_wpcf7_recaptcha_response\" value=\"\" \/>\n<\/fieldset>\n<p><label> Name *<br \/>\n<span class=\"wpcf7-form-control-wrap\" data-name=\"your-name\"><input size=\"40\" maxlength=\"400\" class=\"wpcf7-form-control wpcf7-text wpcf7-validates-as-required\" aria-required=\"true\" aria-invalid=\"false\" value=\"\" type=\"text\" name=\"your-name\" \/><\/span> <\/label>\n<\/p>\n<p><label> Unternehmen *<br \/>\n<span class=\"wpcf7-form-control-wrap\" data-name=\"your-company\"><input size=\"40\" maxlength=\"400\" class=\"wpcf7-form-control wpcf7-text wpcf7-validates-as-required\" aria-required=\"true\" aria-invalid=\"false\" value=\"\" type=\"text\" name=\"your-company\" \/><\/span> <\/label>\n<\/p>\n<p><label> Land *<br \/>\n<span class=\"wpcf7-form-control-wrap\" data-name=\"your-country\"><input size=\"40\" maxlength=\"400\" class=\"wpcf7-form-control wpcf7-text wpcf7-validates-as-required\" aria-required=\"true\" aria-invalid=\"false\" value=\"\" type=\"text\" name=\"your-country\" \/><\/span> <\/label>\n<\/p>\n<p><label> Telefon-Nr.<br \/>\n<span class=\"wpcf7-form-control-wrap\" data-name=\"tel-126\"><input size=\"40\" maxlength=\"400\" class=\"wpcf7-form-control wpcf7-tel wpcf7-text wpcf7-validates-as-tel\" aria-invalid=\"false\" value=\"\" type=\"tel\" name=\"tel-126\" \/><\/span> <\/label>\n<\/p>\n<p><label> Email *<br \/>\n<span class=\"wpcf7-form-control-wrap\" data-name=\"your-email\"><input size=\"40\" maxlength=\"400\" class=\"wpcf7-form-control wpcf7-email wpcf7-validates-as-required wpcf7-text wpcf7-validates-as-email\" aria-required=\"true\" aria-invalid=\"false\" value=\"\" type=\"email\" name=\"your-email\" \/><\/span> <\/label>\n<\/p>\n<p><label> Ihre Anfrage<br \/>\n<span class=\"wpcf7-form-control-wrap\" data-name=\"your-message\"><textarea cols=\"40\" rows=\"10\" maxlength=\"2000\" class=\"wpcf7-form-control wpcf7-textarea\" aria-invalid=\"false\" name=\"your-message\"><\/textarea><\/span> <\/label>\n<\/p>\n<p><span class=\"wpcf7-form-control-wrap\" data-name=\"acceptance-111\"><span class=\"wpcf7-form-control wpcf7-acceptance\"><span class=\"wpcf7-list-item\"><label><input type=\"checkbox\" name=\"acceptance-111\" value=\"1\" aria-invalid=\"false\" \/><span class=\"wpcf7-list-item-label\">Bitte kreuzen Sie dieses K\u00e4stchen an, um zu best\u00e4tigen, dass Sie mit unserem <a href=\"https:\/\/permaban.com\/privacy-policy\/\" target=\"_blank\">Privacy Notice<\/a> und dass wir Ihnen gelegentlich Neuigkeiten per E-Mail zusenden.<\/span><\/label><\/span><\/span><\/span>\n<\/p>\n<p><input class=\"wpcf7-form-control wpcf7-submit has-spinner\" type=\"submit\" value=\"senden Sie\" \/>\n<\/p><div class=\"wpcf7-response-output\" aria-hidden=\"true\"><\/div>\n<\/form>\n<\/div>\n\n<\/div>\n<\/div><\/div><\/div><div id=\"pgc-10802-1-1\"  class=\"panel-grid-cell\" ><div id=\"panel-10802-1-1-0\" class=\"so-panel widget widget_sow-editor panel-first-child\" data-index=\"2\" ><div class=\"first-p-blue panel-widget-style panel-widget-style-for-10802-1-1-0\" ><div\n\t\t\t\n\t\t\tclass=\"so-widget-sow-editor so-widget-sow-editor-base\"\n\t\t\t\n\t\t>\n<div class=\"siteorigin-widget-tinymce textwidget\">\n\t<p><strong>RCR Flooring Products Ltd<\/strong><\/p>\n<p>Mill Close<br \/>\nLee Mill Industrial Estate<br \/>\nDevon<\/p>\n<p>+44 1752 895288<br \/>\nsales@rcrflooringproducts.com<\/p>\n<p>Permaban ist ein Handelsname von RCR Flooring Products Ltd, einem in England unter Nr. 02815314 registrierten Unternehmen \u2013 Gesch\u00e4ftssitz wie oben angegeben. RCR Flooring Products Ltd ist eine hundertprozentige Tochtergesellschaft von RCR Industrial Flooring S. a. r. .l.<\/p>\n<\/div>\n<\/div><\/div><\/div><div id=\"panel-10802-1-1-1\" class=\"widget_text so-panel widget widget_custom_html panel-last-child\" data-index=\"3\" ><div class=\"textwidget custom-html-widget\"><div style=\"display:block;width:100%;float:left;overflow:hidden\">\r\n\t<a class=\"twitter-timeline\" data-dnt=\"true\"\r\n\t\thref=\"https:\/\/twitter.com\/permabanrcr\"\r\n\t\tmin-width=\"\"\r\n\t\theight=\"450\"\r\n\t\tdata-theme=\"light\"\r\n\t\tdata-lang=\"\"\r\n\t\tdata-cards=\"hidden\"><\/a>\r\n\r\n<\/div> \r\n<div style=\"clear: both;\"><\/div>\r\n\t<\/div><\/div><\/div><\/div><\/div>","protected":false},"excerpt":{"rendered":"<p>Unser Team ber\u00e4t Sie gerne zu Ihren technischen oder kaufm\u00e4nnischen Fragen Kontaktformular Bitte f\u00fcllen Sie das nachstehende Formular aus. Wir werden Ihnen so schnell wie m\u00f6glich antworten. RCR Flooring Products Ltd Mill Close Lee Mill Industrial Estate Devon +44 1752&#8230;<\/p>\n","protected":false},"author":3,"featured_media":6836,"parent":0,"menu_order":0,"comment_status":"closed","ping_status":"closed","template":"","meta":{"_acf_changed":false,"_monsterinsights_skip_tracking":false,"_monsterinsights_sitenote_active":false,"_monsterinsights_sitenote_note":"","_monsterinsights_sitenote_category":0,"footnotes":""},"class_list":["post-10802","page","type-page","status-publish","has-post-thumbnail","hentry"],"acf":[],"yoast_head":"<!-- This site is optimized with the Yoast SEO plugin v27.3 - https:\/\/yoast.com\/product\/yoast-seo-wordpress\/ -->\n<title>Kontakt - Permaban<\/title>\n<meta name=\"robots\" content=\"index, follow, max-snippet:-1, max-image-preview:large, max-video-preview:-1\" \/>\n<link rel=\"canonical\" href=\"https:\/\/permaban.com\/de\/kontakt\/\" \/>\n<meta property=\"og:locale\" content=\"de_DE\" \/>\n<meta property=\"og:type\" content=\"article\" \/>\n<meta property=\"og:title\" content=\"Kontakt - Permaban\" \/>\n<meta property=\"og:description\" content=\"Unser Team ber\u00e4t Sie gerne zu Ihren technischen oder kaufm\u00e4nnischen Fragen Kontaktformular Bitte f\u00fcllen Sie das nachstehende Formular aus. Wir werden Ihnen so schnell wie m\u00f6glich antworten. RCR Flooring Products Ltd Mill Close Lee Mill Industrial Estate Devon +44 1752...\" \/>\n<meta property=\"og:url\" content=\"https:\/\/permaban.com\/de\/kontakt\/\" \/>\n<meta property=\"og:site_name\" content=\"Permaban\" \/>\n<meta property=\"article:modified_time\" content=\"2020-09-29T11:03:41+00:00\" \/>\n<meta property=\"og:image\" content=\"https:\/\/permaban.com\/wp-content\/uploads\/2019\/06\/Completed-warehouse-floor-6-1024x678.jpg\" \/>\n\t<meta property=\"og:image:width\" content=\"1024\" \/>\n\t<meta property=\"og:image:height\" content=\"678\" \/>\n\t<meta property=\"og:image:type\" content=\"image\/jpeg\" \/>\n<meta name=\"twitter:card\" content=\"summary_large_image\" \/>\n<script type=\"application\/ld+json\" class=\"yoast-schema-graph\">{\"@context\":\"https:\\\/\\\/schema.org\",\"@graph\":[{\"@type\":\"WebPage\",\"@id\":\"https:\\\/\\\/permaban.com\\\/de\\\/kontakt\\\/\",\"url\":\"https:\\\/\\\/permaban.com\\\/de\\\/kontakt\\\/\",\"name\":\"Kontakt - Permaban\",\"isPartOf\":{\"@id\":\"https:\\\/\\\/permaban.com\\\/de\\\/#website\"},\"primaryImageOfPage\":{\"@id\":\"https:\\\/\\\/permaban.com\\\/de\\\/kontakt\\\/#primaryimage\"},\"image\":{\"@id\":\"https:\\\/\\\/permaban.com\\\/de\\\/kontakt\\\/#primaryimage\"},\"thumbnailUrl\":\"https:\\\/\\\/permaban.com\\\/wp-content\\\/uploads\\\/2019\\\/06\\\/Completed-warehouse-floor-6.jpg\",\"datePublished\":\"2020-09-22T09:59:43+00:00\",\"dateModified\":\"2020-09-29T11:03:41+00:00\",\"breadcrumb\":{\"@id\":\"https:\\\/\\\/permaban.com\\\/de\\\/kontakt\\\/#breadcrumb\"},\"inLanguage\":\"de\",\"potentialAction\":[{\"@type\":\"ReadAction\",\"target\":[\"https:\\\/\\\/permaban.com\\\/de\\\/kontakt\\\/\"]}]},{\"@type\":\"ImageObject\",\"inLanguage\":\"de\",\"@id\":\"https:\\\/\\\/permaban.com\\\/de\\\/kontakt\\\/#primaryimage\",\"url\":\"https:\\\/\\\/permaban.com\\\/wp-content\\\/uploads\\\/2019\\\/06\\\/Completed-warehouse-floor-6.jpg\",\"contentUrl\":\"https:\\\/\\\/permaban.com\\\/wp-content\\\/uploads\\\/2019\\\/06\\\/Completed-warehouse-floor-6.jpg\",\"width\":4644,\"height\":3076,\"caption\":\"Warehouse floor joints | Concrete flooring\"},{\"@type\":\"BreadcrumbList\",\"@id\":\"https:\\\/\\\/permaban.com\\\/de\\\/kontakt\\\/#breadcrumb\",\"itemListElement\":[{\"@type\":\"ListItem\",\"position\":1,\"name\":\"Home\",\"item\":\"https:\\\/\\\/permaban.com\\\/de\\\/\"},{\"@type\":\"ListItem\",\"position\":2,\"name\":\"Kontakt\"}]},{\"@type\":\"WebSite\",\"@id\":\"https:\\\/\\\/permaban.com\\\/de\\\/#website\",\"url\":\"https:\\\/\\\/permaban.com\\\/de\\\/\",\"name\":\"Permaban\",\"description\":\"Industrial Flooring Products\",\"potentialAction\":[{\"@type\":\"SearchAction\",\"target\":{\"@type\":\"EntryPoint\",\"urlTemplate\":\"https:\\\/\\\/permaban.com\\\/de\\\/?s={search_term_string}\"},\"query-input\":{\"@type\":\"PropertyValueSpecification\",\"valueRequired\":true,\"valueName\":\"search_term_string\"}}],\"inLanguage\":\"de\"}]}<\/script>\n<!-- \/ Yoast SEO plugin. -->","yoast_head_json":{"title":"Kontakt - Permaban","robots":{"index":"index","follow":"follow","max-snippet":"max-snippet:-1","max-image-preview":"max-image-preview:large","max-video-preview":"max-video-preview:-1"},"canonical":"https:\/\/permaban.com\/de\/kontakt\/","og_locale":"de_DE","og_type":"article","og_title":"Kontakt - Permaban","og_description":"Unser Team ber\u00e4t Sie gerne zu Ihren technischen oder kaufm\u00e4nnischen Fragen Kontaktformular Bitte f\u00fcllen Sie das nachstehende Formular aus. Wir werden Ihnen so schnell wie m\u00f6glich antworten. RCR Flooring Products Ltd Mill Close Lee Mill Industrial Estate Devon +44 1752...","og_url":"https:\/\/permaban.com\/de\/kontakt\/","og_site_name":"Permaban","article_modified_time":"2020-09-29T11:03:41+00:00","og_image":[{"width":1024,"height":678,"url":"https:\/\/permaban.com\/wp-content\/uploads\/2019\/06\/Completed-warehouse-floor-6-1024x678.jpg","type":"image\/jpeg"}],"twitter_card":"summary_large_image","schema":{"@context":"https:\/\/schema.org","@graph":[{"@type":"WebPage","@id":"https:\/\/permaban.com\/de\/kontakt\/","url":"https:\/\/permaban.com\/de\/kontakt\/","name":"Kontakt - Permaban","isPartOf":{"@id":"https:\/\/permaban.com\/de\/#website"},"primaryImageOfPage":{"@id":"https:\/\/permaban.com\/de\/kontakt\/#primaryimage"},"image":{"@id":"https:\/\/permaban.com\/de\/kontakt\/#primaryimage"},"thumbnailUrl":"https:\/\/permaban.com\/wp-content\/uploads\/2019\/06\/Completed-warehouse-floor-6.jpg","datePublished":"2020-09-22T09:59:43+00:00","dateModified":"2020-09-29T11:03:41+00:00","breadcrumb":{"@id":"https:\/\/permaban.com\/de\/kontakt\/#breadcrumb"},"inLanguage":"de","potentialAction":[{"@type":"ReadAction","target":["https:\/\/permaban.com\/de\/kontakt\/"]}]},{"@type":"ImageObject","inLanguage":"de","@id":"https:\/\/permaban.com\/de\/kontakt\/#primaryimage","url":"https:\/\/permaban.com\/wp-content\/uploads\/2019\/06\/Completed-warehouse-floor-6.jpg","contentUrl":"https:\/\/permaban.com\/wp-content\/uploads\/2019\/06\/Completed-warehouse-floor-6.jpg","width":4644,"height":3076,"caption":"Warehouse floor joints | Concrete flooring"},{"@type":"BreadcrumbList","@id":"https:\/\/permaban.com\/de\/kontakt\/#breadcrumb","itemListElement":[{"@type":"ListItem","position":1,"name":"Home","item":"https:\/\/permaban.com\/de\/"},{"@type":"ListItem","position":2,"name":"Kontakt"}]},{"@type":"WebSite","@id":"https:\/\/permaban.com\/de\/#website","url":"https:\/\/permaban.com\/de\/","name":"Permaban","description":"Industrial Flooring Products","potentialAction":[{"@type":"SearchAction","target":{"@type":"EntryPoint","urlTemplate":"https:\/\/permaban.com\/de\/?s={search_term_string}"},"query-input":{"@type":"PropertyValueSpecification","valueRequired":true,"valueName":"search_term_string"}}],"inLanguage":"de"}]}},"_links":{"self":[{"href":"https:\/\/permaban.com\/de\/wp-json\/wp\/v2\/pages\/10802","targetHints":{"allow":["GET"]}}],"collection":[{"href":"https:\/\/permaban.com\/de\/wp-json\/wp\/v2\/pages"}],"about":[{"href":"https:\/\/permaban.com\/de\/wp-json\/wp\/v2\/types\/page"}],"author":[{"embeddable":true,"href":"https:\/\/permaban.com\/de\/wp-json\/wp\/v2\/users\/3"}],"replies":[{"embeddable":true,"href":"https:\/\/permaban.com\/de\/wp-json\/wp\/v2\/comments?post=10802"}],"version-history":[{"count":2,"href":"https:\/\/permaban.com\/de\/wp-json\/wp\/v2\/pages\/10802\/revisions"}],"predecessor-version":[{"id":10971,"href":"https:\/\/permaban.com\/de\/wp-json\/wp\/v2\/pages\/10802\/revisions\/10971"}],"wp:featuredmedia":[{"embeddable":true,"href":"https:\/\/permaban.com\/de\/wp-json\/wp\/v2\/media\/6836"}],"wp:attachment":[{"href":"https:\/\/permaban.com\/de\/wp-json\/wp\/v2\/media?parent=10802"}],"curies":[{"name":"wp","href":"https:\/\/api.w.org\/{rel}","templated":true}]}}