{"id":10806,"date":"2020-09-22T12:44:19","date_gmt":"2020-09-22T11:44:19","guid":{"rendered":"https:\/\/permaban.com\/datenschutzerklaerung\/"},"modified":"2020-09-22T12:44:19","modified_gmt":"2020-09-22T11:44:19","slug":"datenschutzerklaerung","status":"publish","type":"page","link":"https:\/\/permaban.com\/de\/datenschutzerklaerung\/","title":{"rendered":"Datenschutzerkl\u00e4rung"},"content":{"rendered":"<p>Diese Datenschutzerkl\u00e4rung erkl\u00e4rt, welche pers\u00f6nlichen Daten wir von Ihnen erfassen und was wir damit tun.<\/p>\n<p><strong>Wer sammelt die Daten?<\/strong><br \/>\nDie von Ihnen angegebenen pers\u00f6nlichen Daten werden von RCR Industrial Flooring S.L.U., Calle Mirasierra, 5 2\u00baA, 28220, Majadahonda, Madrid, Spanien, erfasst.<\/p>\n<p><strong>Welche Daten werden gesammelt?<\/strong><br \/>\nWenn Sie mit uns Kontakt aufnehmen, bitten wir Sie, Ihren Namen, den Namen Ihres Unternehmens, Ihre Adresse, Ihre E-Mail-Adresse und Ihre gesch\u00e4ftliche Telefonnummer anzugeben. Sie k\u00f6nnen auch weitere Informationen angeben (z. B. Stellenbezeichnung, soziales Medienprofil) &#8211; in diesem Fall werden wir diese Informationen ebenfalls erfassen und speichern.<\/p>\n<p><strong>Wann und wie werden die Daten gesammelt?<\/strong><br \/>\nWir erfassen Informationen, wenn Sie ein Formular auf dieser Website ausf\u00fcllen, uns eine E-Mail-Anfrage senden, uns anrufen oder uns schreiben. Wir sammeln auch Daten von Visitenkarten, die uns gegeben werden.<\/p>\n<p><strong>Wie werden die Informationen verwendet?<\/strong><\/p>\n<p>Wir werden Ihre Informationen in erster Linie zum Zweck der Beantwortung Ihrer Anfrage verarbeiten. Wir k\u00f6nnen Daten verwenden, um Ihren Besuch auf der Website zu personalisieren. Au\u00dferdem werden wir Ihnen in Zukunft gelegentlich Marketingmitteilungen per E-Mail zusenden. Wenn Sie Ihre Telefonnummer und Ihre Postanschrift angeben, k\u00f6nnen wir diese ebenfalls verwenden, um mit Ihnen in Kontakt zu bleiben.<\/p>\n<p>Wenn wir planen, Ihre pers\u00f6nlichen Daten f\u00fcr einen neuen Zweck zu verwenden, werden wir Ihnen die \u00c4nderungen mitteilen, bevor wir mit einer neuen Verarbeitung beginnen.<\/p>\n<p><strong>Die rechtliche Grundlage f\u00fcr die Verarbeitung Ihrer Daten<\/strong><br \/>\nIndem Sie Ihre Daten \u00fcber unsere Website oder per E-Mail, Telefon oder Post \u00fcbermitteln, best\u00e4tigen Sie durch Ihre Handlung, dass Sie damit einverstanden sind, dass wir die von Ihnen angegebenen Daten verarbeiten, damit wir Ihre Anfrage beantworten k\u00f6nnen.<\/p>\n<p>Wir werden Ihre Daten auch dazu verwenden, Ihnen in Zukunft gelegentlich unsere Nachrichten per E-Mail zuzusenden. Die rechtliche Grundlage daf\u00fcr ist das &#8222;berechtigte Interesse&#8220;. Das bedeutet, dass wir davon ausgehen, dass Sie, da Sie sich \u00fcber unsere Dienstleistungen erkundigt und uns Ihre E-Mail-Adresse mitgeteilt haben, vern\u00fcnftigerweise erwarten k\u00f6nnen, in Zukunft von uns \u00fcber verwandte Produkte und Dienstleistungen informiert zu werden. Wir senden nur wenige Male im Jahr E-Mails; und wir senden nur an E-Mail-Adressen mit einer Gesch\u00e4ftsdomain. Sie k\u00f6nnen diese E-Mails jederzeit problemlos abbestellen. Wenn Sie es vorziehen, dass wir Ihnen unseren Newsletter nicht per E-Mail zusenden, geben Sie dies bitte in Ihrer Nachricht an, wenn Sie sich erkundigen.<\/p>\n<p>Wenn Sie sich ohne Angabe pers\u00f6nlicher Daten erkundigen m\u00f6chten, rufen Sie uns bitte stattdessen an &#8211; es kann jedoch sein, dass wir nicht in der Lage sind, Ihre Anfrage vollst\u00e4ndig zu beantworten.<\/p>\n<p>Wenn Sie uns bei einer Veranstaltung eine Visitenkarte geben, bitten wir Sie um Ihre Zustimmung, Sie in unseren Newsletter-Verteiler aufzunehmen.<\/p>\n<p><b>Datensicherheit\u00a0 \u00a0 \u00a0 \u00a0 \u00a0 \u00a0 \u00a0 \u00a0 \u00a0 \u00a0 \u00a0 \u00a0 \u00a0 \u00a0 \u00a0 \u00a0 \u00a0 \u00a0 \u00a0 \u00a0 \u00a0 \u00a0 \u00a0 \u00a0 \u00a0 \u00a0 \u00a0 \u00a0 \u00a0 \u00a0 \u00a0 \u00a0 \u00a0 \u00a0 \u00a0 \u00a0 \u00a0 \u00a0 \u00a0 \u00a0 \u00a0 \u00a0 \u00a0 \u00a0 \u00a0 \u00a0 \u00a0 \u00a0 \u00a0 \u00a0 \u00a0 \u00a0 \u00a0 \u00a0 \u00a0 \u00a0 \u00a0 \u00a0 \u00a0 \u00a0 \u00a0 \u00a0 \u00a0 \u00a0 \u00a0 \u00a0 \u00a0 \u00a0 \u00a0 \u00a0 \u00a0 \u00a0 \u00a0 \u00a0 \u00a0 \u00a0 \u00a0 \u00a0 \u00a0 \u00a0 \u00a0 \u00a0 \u00a0 \u00a0 \u00a0 \u00a0 \u00a0 \u00a0 \u00a0 \u00a0 \u00a0 \u00a0 \u00a0 \u00a0 \u00a0 \u00a0 \u00a0 \u00a0 \u00a0 \u00a0 \u00a0 \u00a0 \u00a0 \u00a0 \u00a0 \u00a0 \u00a0 \u00a0 \u00a0 \u00a0 \u00a0 \u00a0 \u00a0 \u00a0 \u00a0 \u00a0 \u00a0 \u00a0 \u00a0 \u00a0 \u00a0 \u00a0 \u00a0 \u00a0 \u00a0 \u00a0 \u00a0 \u00a0 \u00a0 \u00a0 \u00a0 \u00a0 \u00a0 \u00a0 \u00a0 \u00a0 \u00a0 \u00a0 \u00a0 \u00a0 \u00a0 \u00a0 \u00a0 \u00a0 \u00a0 \u00a0 \u00a0 \u00a0 \u00a0 \u00a0 \u00a0 \u00a0 \u00a0 \u00a0 \u00a0 \u00a0 \u00a0 \u00a0 \u00a0 \u00a0 \u00a0 \u00a0 \u00a0 \u00a0 \u00a0 \u00a0 \u00a0 \u00a0 \u00a0 \u00a0 \u00a0 \u00a0 \u00a0 \u00a0 \u00a0 \u00a0 \u00a0 \u00a0 \u00a0 \u00a0 \u00a0 \u00a0 \u00a0 \u00a0 \u00a0 \u00a0 \u00a0 \u00a0 \u00a0 \u00a0 \u00a0 \u00a0 \u00a0 \u00a0 \u00a0 \u00a0 \u00a0 \u00a0 \u00a0 \u00a0 \u00a0 \u00a0 \u00a0 \u00a0 \u00a0 \u00a0 \u00a0 \u00a0 \u00a0 \u00a0 \u00a0 \u00a0 <\/b>Diese Website verf\u00fcgt \u00fcber ein SSL-Zertifikat (https:\/\/), was bedeutet, dass die Daten, die Sie \u00fcber diese Website \u00fcbermitteln, zum Schutz der Sicherheit verschl\u00fcsselt werden. Bitte kontaktieren Sie uns, wenn Sie Fragen zu unserer IT-Sicherheit haben.<b><br \/>\n<\/b>Da wir eine internationale Gruppe sind, beachten Sie bitte, dass Ihre Daten au\u00dferhalb der EU weitergegeben und in Datenzentren au\u00dferhalb der EU verarbeitet werden k\u00f6nnen.<\/p>\n<p><strong>Gemeinsame Nutzung von Daten\u00a0 \u00a0 \u00a0 \u00a0 \u00a0 \u00a0 \u00a0 \u00a0 \u00a0 \u00a0 \u00a0 \u00a0 \u00a0 \u00a0 \u00a0 \u00a0 \u00a0 \u00a0 \u00a0 \u00a0 \u00a0 \u00a0 \u00a0 \u00a0 \u00a0 \u00a0 \u00a0 \u00a0 \u00a0 \u00a0 \u00a0 \u00a0 \u00a0 \u00a0 \u00a0 \u00a0 \u00a0 \u00a0 \u00a0 \u00a0 \u00a0 \u00a0 \u00a0 \u00a0 \u00a0 \u00a0 \u00a0 \u00a0 \u00a0 \u00a0 \u00a0 \u00a0 \u00a0 \u00a0 \u00a0 \u00a0 \u00a0 \u00a0 \u00a0 \u00a0 \u00a0 \u00a0 \u00a0 \u00a0 \u00a0 \u00a0 \u00a0 \u00a0 \u00a0 \u00a0 \u00a0 \u00a0 \u00a0 \u00a0 \u00a0 \u00a0 \u00a0 \u00a0 \u00a0 \u00a0 \u00a0 \u00a0 \u00a0 \u00a0 \u00a0 \u00a0 \u00a0 \u00a0 \u00a0 \u00a0 \u00a0 \u00a0 \u00a0 \u00a0 \u00a0 \u00a0 \u00a0 \u00a0 \u00a0 \u00a0 \u00a0 \u00a0 \u00a0 \u00a0 \u00a0 \u00a0 \u00a0 \u00a0 \u00a0 \u00a0 \u00a0 \u00a0 \u00a0 \u00a0 \u00a0 \u00a0 \u00a0 \u00a0 \u00a0 \u00a0 \u00a0 \u00a0 \u00a0 \u00a0 \u00a0 \u00a0 \u00a0 \u00a0 \u00a0 \u00a0 \u00a0 \u00a0 \u00a0 \u00a0 \u00a0 \u00a0 \u00a0 \u00a0 \u00a0 \u00a0 \u00a0 \u00a0 \u00a0 \u00a0 \u00a0 \u00a0 \u00a0 \u00a0 \u00a0 \u00a0 \u00a0 \u00a0 \u00a0 \u00a0 \u00a0 \u00a0 \u00a0 \u00a0 \u00a0 \u00a0 \u00a0 \u00a0 \u00a0 \u00a0 \u00a0 \u00a0 \u00a0 \u00a0 \u00a0 \u00a0 \u00a0 \u00a0 \u00a0 \u00a0 \u00a0 \u00a0 \u00a0 \u00a0 \u00a0 \u00a0 \u00a0 \u00a0 \u00a0 \u00a0 \u00a0 \u00a0 \u00a0 \u00a0 \u00a0 \u00a0 \u00a0 \u00a0 \u00a0 \u00a0 \u00a0 <\/strong>RCR Industrial Flooring S.L.U. besitzt eine Reihe von spezialisierten Unternehmen f\u00fcr Industrieb\u00f6den auf der ganzen Welt. Diese firmieren als eigenst\u00e4ndige juristische Personen, stehen aber unter der Kontrolle der Gesch\u00e4ftsleitung von RCR Industrial Flooring S.L.U. Eine vollst\u00e4ndige Liste der Unternehmen der RCR-Gruppe finden Sie auf unserer Website: https:\/\/www.rcrindustrialflooring.com\/companies. Um einen guten Service bieten zu k\u00f6nnen, k\u00f6nnen wir Ihre Daten an jedes unserer Gruppenunternehmen weitergeben &#8211; zum Beispiel, damit die Person mit dem richtigen technischen Wissen Ihnen antworten kann; oder damit Ihnen jemand in Ihrer eigenen Sprache antworten kann.<\/p>\n<p>Wir werden Ihre Daten niemals an eine Organisation au\u00dferhalb der RCR Industrial Flooring-Firmengruppe weitergeben, es sei denn<br \/>\na) Wir haben sie als Unterauftragnehmer, Vertreter, H\u00e4ndler oder Lieferant ernannt, und sie ben\u00f6tigen Ihre Daten zur Bearbeitung Ihrer Anfrage oder Bestellung;<br \/>\nb) wir haben sie als Datenverarbeiter ernannt, um Arbeiten in unserem Namen auszuf\u00fchren (z.B. ein IT-Unternehmen, eine Marketingfirma oder eine Kreditpr\u00fcfungsagentur); oder<br \/>\nc) wir jemals gesetzlich verpflichtet sind, dies zu tun; im Zusammenhang mit Gerichtsverfahren; oder um unsere gesetzlichen Rechte zu begr\u00fcnden, zu verteidigen oder auszu\u00fcben.<\/p>\n<p><strong>Wie lange werden Ihre Daten gespeichert?<\/strong><br \/>\nWir speichern alle Daten f\u00fcr zwei Jahre ab dem Datum der letzten Zusammenarbeit mit uns. Das bedeutet zum Beispiel, dass, wenn die Firma, f\u00fcr die Sie arbeiten, im Laufe von zwei Jahren nicht bei uns kauft und Sie als Einzelperson nicht mit uns Kontakt aufnehmen oder einen unserer E-Mail-Newsletter \u00f6ffnen, wir Ihre pers\u00f6nlichen Daten aus unseren Systemen entfernen und Sie von unserem E-Mail-Newsletter abmelden. Wir werden uns bem\u00fchen, Sie vor Ablauf der Zweijahresfrist zu kontaktieren, um Ihre Zustimmung zu erhalten, mit Ihnen in Kontakt zu bleiben.<\/p>\n<p><strong>Datengenauigkeit<\/strong><br \/>\nWir m\u00f6chten sicherstellen, dass die Daten, die wir \u00fcber Sie besitzen, aktuell sind. Wenn sich Ihre Angaben \u00e4ndern, teilen Sie uns dies bitte mit.<\/p>\n<p><strong>Ihre Rechte<\/strong><br \/>\nAls Einzelperson k\u00f6nnen Sie jederzeit auf Ihren Wunsch hin vollst\u00e4ndig aus unseren Unterlagen entfernt werden. Sie haben auch das Recht zu erfahren, welche pers\u00f6nlichen Informationen wir \u00fcber Sie speichern. Sie haben das Recht, sich von jeder unserer Marketingmitteilungen abzumelden, auch wenn Sie zuvor Ihre Zustimmung zum Erhalt dieser Mitteilungen gegeben haben.<\/p>\n<p>Wenn Sie Fragen oder Beschwerden dar\u00fcber haben, wie wir Ihre Daten verwenden, wenden Sie sich bitte an unsere Group Communications Managerin, Valentina Gonz\u00e1les &#8211; E-Mail marketing@rcrindustrialflooring.com.<\/p>\n<p>Bitte beachten Sie auch unsere Informationen \u00fcber Cookies <a href=\"https:\/\/permaban.com\/cookie-legal-statements\/\">hier<\/a>.<\/p>\n<p>Wir behalten uns das Recht vor, diese Erkl\u00e4rung jederzeit und ohne Vorank\u00fcndigung zu aktualisieren.<\/p>\n<p>&nbsp;<\/p>\n","protected":false},"excerpt":{"rendered":"<p>Diese Datenschutzerkl\u00e4rung erkl\u00e4rt, welche pers\u00f6nlichen Daten wir von Ihnen erfassen und was wir damit tun. Wer sammelt die Daten? Die von Ihnen angegebenen pers\u00f6nlichen Daten werden von RCR Industrial Flooring S.L.U., Calle Mirasierra, 5 2\u00baA, 28220, Majadahonda, Madrid, Spanien, erfasst&#8230;.<\/p>\n","protected":false},"author":3,"featured_media":6858,"parent":0,"menu_order":0,"comment_status":"closed","ping_status":"closed","template":"","meta":{"_acf_changed":false,"_monsterinsights_skip_tracking":false,"_monsterinsights_sitenote_active":false,"_monsterinsights_sitenote_note":"","_monsterinsights_sitenote_category":0,"footnotes":""},"class_list":["post-10806","page","type-page","status-publish","has-post-thumbnail","hentry"],"acf":[],"yoast_head":"<!-- This site is optimized with the Yoast SEO plugin v27.3 - https:\/\/yoast.com\/product\/yoast-seo-wordpress\/ -->\n<title>Permaban - Datenschutzerkl\u00e4rung<\/title>\n<meta name=\"robots\" content=\"index, follow, max-snippet:-1, max-image-preview:large, max-video-preview:-1\" \/>\n<link rel=\"canonical\" href=\"https:\/\/permaban.com\/de\/datenschutzerklaerung\/\" \/>\n<meta property=\"og:locale\" content=\"de_DE\" \/>\n<meta property=\"og:type\" content=\"article\" \/>\n<meta property=\"og:title\" content=\"Permaban - Datenschutzerkl\u00e4rung\" \/>\n<meta property=\"og:description\" content=\"Diese Datenschutzerkl\u00e4rung erkl\u00e4rt, welche pers\u00f6nlichen Daten wir von Ihnen erfassen und was wir damit tun. Wer sammelt die Daten? Die von Ihnen angegebenen pers\u00f6nlichen Daten werden von RCR Industrial Flooring S.L.U., Calle Mirasierra, 5 2\u00baA, 28220, Majadahonda, Madrid, Spanien, erfasst....\" \/>\n<meta property=\"og:url\" content=\"https:\/\/permaban.com\/de\/datenschutzerklaerung\/\" \/>\n<meta property=\"og:site_name\" content=\"Permaban\" \/>\n<meta property=\"og:image\" content=\"https:\/\/permaban.com\/wp-content\/uploads\/2019\/06\/image.jpg.jpeg\" \/>\n\t<meta property=\"og:image:width\" content=\"1618\" \/>\n\t<meta property=\"og:image:height\" content=\"1206\" \/>\n\t<meta property=\"og:image:type\" content=\"image\/jpeg\" \/>\n<meta name=\"twitter:card\" content=\"summary_large_image\" \/>\n<meta name=\"twitter:label1\" content=\"Gesch\u00e4tzte Lesezeit\" \/>\n\t<meta name=\"twitter:data1\" content=\"5\u00a0Minuten\" \/>\n<script type=\"application\/ld+json\" class=\"yoast-schema-graph\">{\"@context\":\"https:\\\/\\\/schema.org\",\"@graph\":[{\"@type\":\"WebPage\",\"@id\":\"https:\\\/\\\/permaban.com\\\/de\\\/datenschutzerklaerung\\\/\",\"url\":\"https:\\\/\\\/permaban.com\\\/de\\\/datenschutzerklaerung\\\/\",\"name\":\"Permaban - Datenschutzerkl\u00e4rung\",\"isPartOf\":{\"@id\":\"https:\\\/\\\/permaban.com\\\/de\\\/#website\"},\"primaryImageOfPage\":{\"@id\":\"https:\\\/\\\/permaban.com\\\/de\\\/datenschutzerklaerung\\\/#primaryimage\"},\"image\":{\"@id\":\"https:\\\/\\\/permaban.com\\\/de\\\/datenschutzerklaerung\\\/#primaryimage\"},\"thumbnailUrl\":\"https:\\\/\\\/permaban.com\\\/wp-content\\\/uploads\\\/2019\\\/06\\\/image.jpg.jpeg\",\"datePublished\":\"2020-09-22T11:44:19+00:00\",\"breadcrumb\":{\"@id\":\"https:\\\/\\\/permaban.com\\\/de\\\/datenschutzerklaerung\\\/#breadcrumb\"},\"inLanguage\":\"de\",\"potentialAction\":[{\"@type\":\"ReadAction\",\"target\":[\"https:\\\/\\\/permaban.com\\\/de\\\/datenschutzerklaerung\\\/\"]}]},{\"@type\":\"ImageObject\",\"inLanguage\":\"de\",\"@id\":\"https:\\\/\\\/permaban.com\\\/de\\\/datenschutzerklaerung\\\/#primaryimage\",\"url\":\"https:\\\/\\\/permaban.com\\\/wp-content\\\/uploads\\\/2019\\\/06\\\/image.jpg.jpeg\",\"contentUrl\":\"https:\\\/\\\/permaban.com\\\/wp-content\\\/uploads\\\/2019\\\/06\\\/image.jpg.jpeg\",\"width\":1618,\"height\":1206,\"caption\":\"Warehouse flooring | Armoured joints | Construction Joints\"},{\"@type\":\"BreadcrumbList\",\"@id\":\"https:\\\/\\\/permaban.com\\\/de\\\/datenschutzerklaerung\\\/#breadcrumb\",\"itemListElement\":[{\"@type\":\"ListItem\",\"position\":1,\"name\":\"Home\",\"item\":\"https:\\\/\\\/permaban.com\\\/de\\\/\"},{\"@type\":\"ListItem\",\"position\":2,\"name\":\"Datenschutzerkl\u00e4rung\"}]},{\"@type\":\"WebSite\",\"@id\":\"https:\\\/\\\/permaban.com\\\/de\\\/#website\",\"url\":\"https:\\\/\\\/permaban.com\\\/de\\\/\",\"name\":\"Permaban\",\"description\":\"Industrial Flooring Products\",\"potentialAction\":[{\"@type\":\"SearchAction\",\"target\":{\"@type\":\"EntryPoint\",\"urlTemplate\":\"https:\\\/\\\/permaban.com\\\/de\\\/?s={search_term_string}\"},\"query-input\":{\"@type\":\"PropertyValueSpecification\",\"valueRequired\":true,\"valueName\":\"search_term_string\"}}],\"inLanguage\":\"de\"}]}<\/script>\n<!-- \/ Yoast SEO plugin. -->","yoast_head_json":{"title":"Permaban - Datenschutzerkl\u00e4rung","robots":{"index":"index","follow":"follow","max-snippet":"max-snippet:-1","max-image-preview":"max-image-preview:large","max-video-preview":"max-video-preview:-1"},"canonical":"https:\/\/permaban.com\/de\/datenschutzerklaerung\/","og_locale":"de_DE","og_type":"article","og_title":"Permaban - Datenschutzerkl\u00e4rung","og_description":"Diese Datenschutzerkl\u00e4rung erkl\u00e4rt, welche pers\u00f6nlichen Daten wir von Ihnen erfassen und was wir damit tun. Wer sammelt die Daten? Die von Ihnen angegebenen pers\u00f6nlichen Daten werden von RCR Industrial Flooring S.L.U., Calle Mirasierra, 5 2\u00baA, 28220, Majadahonda, Madrid, Spanien, erfasst....","og_url":"https:\/\/permaban.com\/de\/datenschutzerklaerung\/","og_site_name":"Permaban","og_image":[{"width":1618,"height":1206,"url":"https:\/\/permaban.com\/wp-content\/uploads\/2019\/06\/image.jpg.jpeg","type":"image\/jpeg"}],"twitter_card":"summary_large_image","twitter_misc":{"Gesch\u00e4tzte Lesezeit":"5\u00a0Minuten"},"schema":{"@context":"https:\/\/schema.org","@graph":[{"@type":"WebPage","@id":"https:\/\/permaban.com\/de\/datenschutzerklaerung\/","url":"https:\/\/permaban.com\/de\/datenschutzerklaerung\/","name":"Permaban - Datenschutzerkl\u00e4rung","isPartOf":{"@id":"https:\/\/permaban.com\/de\/#website"},"primaryImageOfPage":{"@id":"https:\/\/permaban.com\/de\/datenschutzerklaerung\/#primaryimage"},"image":{"@id":"https:\/\/permaban.com\/de\/datenschutzerklaerung\/#primaryimage"},"thumbnailUrl":"https:\/\/permaban.com\/wp-content\/uploads\/2019\/06\/image.jpg.jpeg","datePublished":"2020-09-22T11:44:19+00:00","breadcrumb":{"@id":"https:\/\/permaban.com\/de\/datenschutzerklaerung\/#breadcrumb"},"inLanguage":"de","potentialAction":[{"@type":"ReadAction","target":["https:\/\/permaban.com\/de\/datenschutzerklaerung\/"]}]},{"@type":"ImageObject","inLanguage":"de","@id":"https:\/\/permaban.com\/de\/datenschutzerklaerung\/#primaryimage","url":"https:\/\/permaban.com\/wp-content\/uploads\/2019\/06\/image.jpg.jpeg","contentUrl":"https:\/\/permaban.com\/wp-content\/uploads\/2019\/06\/image.jpg.jpeg","width":1618,"height":1206,"caption":"Warehouse flooring | Armoured joints | Construction Joints"},{"@type":"BreadcrumbList","@id":"https:\/\/permaban.com\/de\/datenschutzerklaerung\/#breadcrumb","itemListElement":[{"@type":"ListItem","position":1,"name":"Home","item":"https:\/\/permaban.com\/de\/"},{"@type":"ListItem","position":2,"name":"Datenschutzerkl\u00e4rung"}]},{"@type":"WebSite","@id":"https:\/\/permaban.com\/de\/#website","url":"https:\/\/permaban.com\/de\/","name":"Permaban","description":"Industrial Flooring Products","potentialAction":[{"@type":"SearchAction","target":{"@type":"EntryPoint","urlTemplate":"https:\/\/permaban.com\/de\/?s={search_term_string}"},"query-input":{"@type":"PropertyValueSpecification","valueRequired":true,"valueName":"search_term_string"}}],"inLanguage":"de"}]}},"_links":{"self":[{"href":"https:\/\/permaban.com\/de\/wp-json\/wp\/v2\/pages\/10806","targetHints":{"allow":["GET"]}}],"collection":[{"href":"https:\/\/permaban.com\/de\/wp-json\/wp\/v2\/pages"}],"about":[{"href":"https:\/\/permaban.com\/de\/wp-json\/wp\/v2\/types\/page"}],"author":[{"embeddable":true,"href":"https:\/\/permaban.com\/de\/wp-json\/wp\/v2\/users\/3"}],"replies":[{"embeddable":true,"href":"https:\/\/permaban.com\/de\/wp-json\/wp\/v2\/comments?post=10806"}],"version-history":[{"count":0,"href":"https:\/\/permaban.com\/de\/wp-json\/wp\/v2\/pages\/10806\/revisions"}],"wp:featuredmedia":[{"embeddable":true,"href":"https:\/\/permaban.com\/de\/wp-json\/wp\/v2\/media\/6858"}],"wp:attachment":[{"href":"https:\/\/permaban.com\/de\/wp-json\/wp\/v2\/media?parent=10806"}],"curies":[{"name":"wp","href":"https:\/\/api.w.org\/{rel}","templated":true}]}}