{"id":10807,"date":"2020-09-22T12:57:43","date_gmt":"2020-09-22T11:57:43","guid":{"rendered":"https:\/\/permaban.com\/cookies-rechtliche-hinweise\/"},"modified":"2020-10-01T12:20:53","modified_gmt":"2020-10-01T11:20:53","slug":"cookies-rechtliche-hinweise","status":"publish","type":"page","link":"https:\/\/permaban.com\/de\/cookies-rechtliche-hinweise\/","title":{"rendered":"Cookies &#038; Rechtliche Hinweise"},"content":{"rendered":"<div id=\"cols\">\n<div id=\"r-twocol-col1\" class=\"col l-col2\">\n<div id=\"w-htmlblock_2550\" class=\"widget-wide-pad w-htmlblock moveable\">\n<div class=\"w-htmlblock-content\">\n<p>Unsere Website verwendet, wie fast alle Websites, Cookies, um Ihnen den bestm\u00f6glichen Service zu bieten. Cookies sind kleine Textdateien, die auf Ihrem Computer oder Mobiltelefon abgelegt werden, wenn Sie auf Websites surfen.<\/p>\n<p><strong>Wie werden Cookies auf dieser Website verwendet?<\/strong><\/p>\n<p><strong>Unsere Cookies helfen uns<\/strong><\/p>\n<ul>\n<li>Sorgen Sie daf\u00fcr, dass unsere Website so funktioniert, wie Sie es erwarten<\/li>\n<li>Erinnern Sie sich w\u00e4hrend und zwischen den Besuchen an Ihre Einstellungen<\/li>\n<li>Verbesserung der Geschwindigkeit\/Sicherheit des Standorts<\/li>\n<li>Erm\u00f6glicht es Ihnen, Seiten mit sozialen Netzwerken wie Facebook zu teilen<\/li>\n<li>Kontinuierliche Verbesserung unserer Website f\u00fcr Sie<\/li>\n<li>unser Marketing effizienter zu gestalten (was uns letztlich hilft, den Service, den wir anbieten, zu dem Preis anzubieten, den wir zahlen)<\/li>\n<\/ul>\n<p><strong>Wir verwenden Cookies nicht, um<\/strong><\/p>\n<ul>\n<li>Sammeln Sie alle pers\u00f6nlich identifizierbaren Informationen (ohne Ihre ausdr\u00fcckliche Genehmigung)<\/li>\n<li>Sammeln Sie sensible Informationen (ohne Ihre ausdr\u00fcckliche Genehmigung)<\/li>\n<li>Daten an Werbenetzwerke weitergeben<\/li>\n<li>Weitergabe pers\u00f6nlich identifizierbarer Daten an Dritte<\/li>\n<li>Verkaufsprovisionen zahlen<\/li>\n<\/ul>\n<p>Im Folgenden erfahren Sie mehr \u00fcber alle von uns verwendeten Cookies.<\/p>\n<p><strong>Erlauben Sie uns die Verwendung von Cookies<\/strong><\/p>\n<p>Wenn die Einstellungen Ihrer Software, die Sie zum Betrachten dieser Website verwenden (Ihr Browser), so eingestellt sind, dass Cookies akzeptiert werden, nehmen wir dies und Ihre weitere Nutzung unserer Website so auf, dass Sie damit einverstanden sind. Sollten Sie Cookies von unserer Website entfernen oder nicht verwenden wollen, k\u00f6nnen Sie im Folgenden erfahren, wie Sie dies tun k\u00f6nnen, allerdings bedeutet dies wahrscheinlich, dass unsere Website nicht so funktioniert, wie Sie es erwarten.<\/p>\n<p>Website-Funktions-Cookies<\/p>\n<p><strong>Unsere eigenen Cookies<\/strong><\/p>\n<p>Es gibt keine andere M\u00f6glichkeit, das Setzen dieser Cookies zu verhindern, als unsere Website nicht zu nutzen.<\/p>\n<p><strong>Funktionen Dritter<\/strong><\/p>\n<p>Die Deaktivierung dieser Cookies wird wahrscheinlich die von diesen Dritten angebotenen Funktionen unterbrechen.<\/p>\n<p><strong>Anonyme Besucher-Statistik-Cookies<\/strong><\/p>\n<p>Wir verwenden Cookies, um Besucherstatistiken zu erstellen, z.B. wie viele Personen unsere Website besucht haben, welche Art von Technologie sie verwenden (z.B. Mac oder Windows, was uns hilft zu erkennen, wenn unsere Website nicht so funktioniert, wie es bei bestimmten Technologien der Fall sein sollte), wie lange sie auf der Website bleiben, welche Seite sie sich ansehen usw. Dies hilft uns, unsere Website kontinuierlich zu verbessern. Diese so genannten &#8222;Analyseprogramme&#8220; sagen uns auch, ob und auf anonymer Basis, wie die Leute auf diese Website gelangt sind (z.B. \u00fcber eine Suchmaschine) und ob sie schon einmal hier waren, was uns hilft, mehr Geld in die Entwicklung unserer Dienstleistungen f\u00fcr Sie zu investieren, anstatt Marketingausgaben zu t\u00e4tigen. Wir verwenden Google Analytics f\u00fcr unsere Besucherstatistiken. Welche Cookies Google Analytics verwendet, k\u00f6nnen Sie auf der <a href=\"https:\/\/developers.google.com\/analytics\/devguides\/collection\/analyticsjs\/cookie-usage\">Google Developer-Website nachlesen.<\/a><\/p>\n<p><strong>Google Analytics-Verfolgungs-Cookies<\/strong><\/p>\n<table>\n<tbody>\n<tr>\n<td><strong>Cookie Name<\/strong><\/td>\n<td><strong>Expiration Time<\/strong><\/td>\n<td><strong>Description<\/strong><\/td>\n<\/tr>\n<tr>\n<td>_ga<\/td>\n<td>2 years<\/td>\n<td>Used to distinguish users.<\/td>\n<\/tr>\n<tr>\n<td>_gat<\/td>\n<td>10 minutes<\/td>\n<td>Used to throttle request rate.<\/td>\n<\/tr>\n<tr>\n<td>_gid<\/td>\n<td>24 hours<\/td>\n<td>Used to distinguish users.<\/td>\n<\/tr>\n<tr>\n<td>JSESSIONID<\/td>\n<td>Session<\/td>\n<td>Preserves users states across page requests.<\/td>\n<\/tr>\n<tr>\n<td>lang<\/td>\n<td>Session<\/td>\n<td>Remembers the user&#8217;s selected language version of a website<\/td>\n<\/tr>\n<tr>\n<td>collect<\/td>\n<td>Session<\/td>\n<td>Used to send data to Google Analytics about the visitor&#8217;s device and behavior. Tracks the visitor across devices and marketing channels.<\/td>\n<\/tr>\n<tr>\n<td>__widgetsettings<\/td>\n<td>Persistent<\/td>\n<td>twitter.com<\/td>\n<\/tr>\n<tr>\n<td>GPS<\/td>\n<td>1 day<\/td>\n<td>Registers a unique ID on mobile devices to enable tracking based on geographical GPS location.<\/td>\n<\/tr>\n<tr>\n<td>i\/jot\/syndication<\/td>\n<td>Session<\/td>\n<td>twitter.com<\/td>\n<\/tr>\n<tr>\n<td>IDE<\/td>\n<td>1 year<\/td>\n<td>Used by Google DoubleClick to register and report the website user&#8217;s actions after viewing or clicking one of the advertiser&#8217;s ads with the purpose of measuring the efficacy of an ad and to present targeted ads to the user.<\/td>\n<\/tr>\n<tr>\n<td>local_storage_support_test<\/td>\n<td>Persistent<\/td>\n<td>The cookie is used in context with the local-storage function in the browser. This function allows the website to load faster by pre-loading certain procedures.<\/td>\n<\/tr>\n<tr>\n<td>PREF<\/td>\n<td>8 months<\/td>\n<td>Registers a unique ID that is used by Google to keep statistics of how the visitor uses YouTube videos across different websites.<\/td>\n<\/tr>\n<tr>\n<td>r\/collect<\/td>\n<td>Session<\/td>\n<td>This cookie is used to send data to Google Analytics about the visitor&#8217;s device and behavior. It tracks the visitor across devices and marketing channels.<\/td>\n<\/tr>\n<tr>\n<td>test_cookie<\/td>\n<td>1 day<\/td>\n<td>Used to check if the user&#8217;s browser supports cookies.<\/td>\n<\/tr>\n<tr>\n<td>VISITOR_INFO1_LIVE<\/td>\n<td>179 days<\/td>\n<td>Tries to estimate the users&#8216; bandwidth on pages with integrated YouTube videos.<\/td>\n<\/tr>\n<tr>\n<td>YSC<\/td>\n<td>Session<\/td>\n<td>Registers a unique ID to keep statistics of what videos from YouTube the user has seen.<\/td>\n<\/tr>\n<tr>\n<td>yt-remote-cast-installed<\/td>\n<td>Session<\/td>\n<td>Stores the user&#8217;s video player preferences using embedded YouTube video<\/td>\n<\/tr>\n<tr>\n<td>yt-remote-connected-devices<\/td>\n<td>Persistent<\/td>\n<td>Stores the user&#8217;s video player preferences using embedded YouTube video<\/td>\n<\/tr>\n<tr>\n<td>yt-remote-device-id<\/td>\n<td>Persistent<\/td>\n<td>Stores the user&#8217;s video player preferences using embedded YouTube video<\/td>\n<\/tr>\n<tr>\n<td>yt-remote-fast-check-period<\/td>\n<td>Session<\/td>\n<td>Stores the user&#8217;s video player preferences using embedded YouTube video<\/td>\n<\/tr>\n<tr>\n<td>yt-remote-session-app<\/td>\n<td>Session<\/td>\n<td>Stores the user&#8217;s video player preferences using embedded YouTube video<\/td>\n<\/tr>\n<tr>\n<td>yt-remote-session-name<\/td>\n<td>Session<\/td>\n<td>Stores the user&#8217;s video player preferences using embedded YouTube video<\/td>\n<\/tr>\n<\/tbody>\n<\/table>\n<p><strong>Ausschalten von Cookies<\/strong><\/p>\n<p>Sie k\u00f6nnen Cookies normalerweise ausschalten, indem Sie Ihren Browser so einstellen, dass er keine Cookies akzeptiert. Dies wird jedoch wahrscheinlich die Funktionalit\u00e4t unserer und eines gro\u00dfen Teils der Websites weltweit einschr\u00e4nken, da Cookies ein Standardbestandteil der meisten modernen Websites sind. Es kann sein, dass Ihre Bedenken in Bezug auf Cookies sich auf so genannte &#8222;Spyware&#8220; beziehen. Anstatt Cookies in Ihrem Browser auszuschalten, werden Sie vielleicht feststellen, dass Anti-Spyware-Software dasselbe Ziel erreicht, indem sie Cookies, die als invasiv gelten, automatisch l\u00f6scht.<\/p>\n<p>&nbsp;<\/p>\n<h2>Website-Bedingungen und Konditionen<\/h2>\n<p>Dies sind die Bedingungen f\u00fcr die Nutzung dieser Website. Wenn Sie die Website nutzen, wird davon ausgegangen, dass Sie sie akzeptieren.<\/p>\n<p>&nbsp;<\/p>\n<p><strong>Nutzung dieser Website<\/strong><\/p>\n<p>Die Informationen auf dieser Website dienen nur der allgemeinen Information und stellen keine Werbung dar.\u00a0 Wir \u00fcbernehmen keine Verantwortung f\u00fcr Verluste, die durch den Zugriff auf oder das Vertrauen in die Informationen auf dieser Website entstehen k\u00f6nnen.<\/p>\n<p><strong><br \/>\nLinks<\/strong><\/p>\n<p>Wir sind nicht verantwortlich f\u00fcr den Inhalt externer Internetseiten, die mit dieser Seite verlinkt sind. \u00a0Diese Website enth\u00e4lt Links zu einigen externen Websites, die au\u00dferhalb der Kontrolle von RCR Industrial Flooring oder seiner Gruppenunternehmen liegen, und RCR ist nicht f\u00fcr den Inhalt dieser Websites verantwortlich.<\/p>\n<p><strong><br \/>\nUrheberrecht<br \/>\n<\/strong><\/p>\n<p>Der Inhalt dieser Website ist durch internationale Konventionen urheberrechtlich gesch\u00fctzt. Sofern nicht anders angegeben, unterliegen alle Materialien auf dieser Website, einschlie\u00dflich Design, Text, Grafiken und Fotos, dem Urheberrecht von RCR Industrial Flooring S.L.U. oder den Unternehmen der Gruppe.<\/p>\n<p>Es ist Ihnen gestattet, den Inhalt zu lesen und Kopien f\u00fcr Ihren pers\u00f6nlichen Gebrauch anzufertigen. Sie d\u00fcrfen auch gelegentlich Kopien (in Papier- oder elektronischer Form) von angemessenen Ausz\u00fcgen kostenlos an Kollegen und Kunden f\u00fcr deren pers\u00f6nlichen Gebrauch weitergeben, unter Bedingungen, die<\/p>\n<ul>\n<li>werden wir als Quelle genannt;<\/li>\n<li>der Text in keiner Weise ver\u00e4ndert wird;<\/li>\n<li>die Aufmerksamkeit der Empf\u00e4nger darauf gelenkt wird<\/li>\n<\/ul>\n<p>Jede andere Verwendung und Vervielf\u00e4ltigung der Inhalte dieser Website, sei es direkt oder \u00fcber einen Hypertext-Link, ist ohne die vorherige schriftliche Zustimmung von RCR Industrial Flooring verboten.<\/p>\n<p><strong><br \/>\nEinschr\u00e4nkungen<br \/>\n<\/strong><\/p>\n<p>Wo der Zugang zu eingeschr\u00e4nkten Teilen dieser Website spezifischeren Bedingungen unterliegt, gelten stattdessen diese Bedingungen. Das Kopieren von Websites Dritter unterliegt den f\u00fcr diese Websites geltenden Anforderungen. Alle elektronischen Links zu irgendeinem Teil dieser Website bed\u00fcrfen unserer Zustimmung. Bitte senden Sie Anfragen per E-Mail an info@rcrindustrialflooring.com.<\/p>\n<p><strong><br \/>\nSchutz vor Viren<br \/>\n<\/strong><\/p>\n<p>Wir k\u00f6nnen nicht garantieren, dass diese Website und ihr Dokumentlieferungssystem gem\u00e4\u00df Ihren Erwartungen funktioniert oder fehler- und virusfrei ist. Obwohl Schritte unternommen wurden, um sicherzustellen, dass diese Website frei von Viren ist, sollten Sie Ihren eigenen Virenschutz beschaffen.<\/p>\n<p><strong><br \/>\nWebsite-Fehler<br \/>\n<\/strong><\/p>\n<p>Wenn Ihnen Fehler auf dieser Website bekannt sind, wenden Sie sich bitte per E-Mail an info@rcrindustrialflooring.com, und wir werden uns bem\u00fchen, diese zu korrigieren.<\/p>\n<p><strong><br \/>\nAktualisierungen der Website<br \/>\n<\/strong><\/p>\n<p>Wir behalten uns das Recht vor, diese Website jederzeit zu aktualisieren, zu modifizieren oder zu schlie\u00dfen und diese Bedingungen und Konditionen von Zeit zu Zeit zu \u00e4ndern oder zu erg\u00e4nzen. Alle \u00c4nderungen treten mit der Ver\u00f6ffentlichung auf dieser Website in Kraft.<\/p>\n<p><strong><br \/>\nWebsites Dritter<br \/>\n<\/strong><\/p>\n<p>Die Website enth\u00e4lt Links zu anderen Websites. Wir sind weder f\u00fcr den Inhalt dieser Websites noch f\u00fcr die Datenschutzrichtlinien oder -praktiken von Websites Dritter verantwortlich.<\/p>\n<p><strong><br \/>\nGeltendes Recht<br \/>\n<\/strong><\/p>\n<p>Alle auf dieser Website enthaltenen Informationen basieren auf englischem Recht, das f\u00fcr diese Website ma\u00dfgebend ist.<\/p>\n<p><strong><br \/>\nVertraulichkeit<br \/>\n<\/strong><\/p>\n<p>Alle E-Mails werden vertraulich und nur f\u00fcr den\/die Adressaten versandt. Die unbefugte Verwendung, Verbreitung, Verteilung, Ver\u00f6ffentlichung oder Vervielf\u00e4ltigung von E-Mail-Kommunikation ist strengstens untersagt.<\/p>\n<\/div>\n<\/div>\n<\/div>\n<\/div>\n<p>&nbsp;<\/p>\n<p>Bitte beachten Sie auch unsere separate Seite zum <a href=\"https:\/\/permaban.com\/de\/datenschutzerklaerung\/\">Datenschutz<\/a>.<\/p>\n<p>&nbsp;<\/p>\n<div id=\"cols\">\n<div id=\"r-twocol-col1\" class=\"col l-col2\">\n<div id=\"w-htmlblock_2550\" class=\"widget-wide-pad w-htmlblock moveable\">\n<div class=\"w-htmlblock-content\">\n<p>Eine Kopie unserer Allgemeinen Gesch\u00e4ftsbedingungen ist auf Anfrage erh\u00e4ltlich.<\/p>\n<p>Bei Fragen wenden Sie sich bitte an unsere Group Communications Managerin, Valentina Gonz\u00e1les &#8211; E-Mail marketing@rcrindustrialflooring.com.<\/p>\n<\/div>\n<\/div>\n<\/div>\n<\/div>\n","protected":false},"excerpt":{"rendered":"<p>Unsere Website verwendet, wie fast alle Websites, Cookies, um Ihnen den bestm\u00f6glichen Service zu bieten. Cookies sind kleine Textdateien, die auf Ihrem Computer oder Mobiltelefon abgelegt werden, wenn Sie auf Websites surfen. Wie werden Cookies auf dieser Website verwendet? Unsere&#8230;<\/p>\n","protected":false},"author":3,"featured_media":6853,"parent":0,"menu_order":0,"comment_status":"closed","ping_status":"closed","template":"","meta":{"_acf_changed":false,"_monsterinsights_skip_tracking":false,"_monsterinsights_sitenote_active":false,"_monsterinsights_sitenote_note":"","_monsterinsights_sitenote_category":0,"footnotes":""},"class_list":["post-10807","page","type-page","status-publish","has-post-thumbnail","hentry"],"acf":[],"yoast_head":"<!-- This site is optimized with the Yoast SEO plugin v27.3 - https:\/\/yoast.com\/product\/yoast-seo-wordpress\/ -->\n<title>Permaban - Website-Bedingungen | Informationen \u00fcber Cookies<\/title>\n<meta name=\"robots\" content=\"index, follow, max-snippet:-1, max-image-preview:large, max-video-preview:-1\" \/>\n<link rel=\"canonical\" href=\"https:\/\/permaban.com\/de\/cookies-rechtliche-hinweise\/\" \/>\n<meta property=\"og:locale\" content=\"de_DE\" \/>\n<meta property=\"og:type\" content=\"article\" \/>\n<meta property=\"og:title\" content=\"Permaban - Website-Bedingungen | Informationen \u00fcber Cookies\" \/>\n<meta property=\"og:description\" content=\"Unsere Website verwendet, wie fast alle Websites, Cookies, um Ihnen den bestm\u00f6glichen Service zu bieten. Cookies sind kleine Textdateien, die auf Ihrem Computer oder Mobiltelefon abgelegt werden, wenn Sie auf Websites surfen. Wie werden Cookies auf dieser Website verwendet? Unsere...\" \/>\n<meta property=\"og:url\" content=\"https:\/\/permaban.com\/de\/cookies-rechtliche-hinweise\/\" \/>\n<meta property=\"og:site_name\" content=\"Permaban\" \/>\n<meta property=\"article:modified_time\" content=\"2020-10-01T11:20:53+00:00\" \/>\n<meta property=\"og:image\" content=\"https:\/\/permaban.com\/wp-content\/uploads\/2019\/06\/SY9A8606-web.jpg\" \/>\n\t<meta property=\"og:image:width\" content=\"1024\" \/>\n\t<meta property=\"og:image:height\" content=\"683\" \/>\n\t<meta property=\"og:image:type\" content=\"image\/jpeg\" \/>\n<meta name=\"twitter:card\" content=\"summary_large_image\" \/>\n<meta name=\"twitter:label1\" content=\"Gesch\u00e4tzte Lesezeit\" \/>\n\t<meta name=\"twitter:data1\" content=\"7\u00a0Minuten\" \/>\n<script type=\"application\/ld+json\" class=\"yoast-schema-graph\">{\"@context\":\"https:\\\/\\\/schema.org\",\"@graph\":[{\"@type\":\"WebPage\",\"@id\":\"https:\\\/\\\/permaban.com\\\/de\\\/cookies-rechtliche-hinweise\\\/\",\"url\":\"https:\\\/\\\/permaban.com\\\/de\\\/cookies-rechtliche-hinweise\\\/\",\"name\":\"Permaban - Website-Bedingungen | Informationen \u00fcber Cookies\",\"isPartOf\":{\"@id\":\"https:\\\/\\\/permaban.com\\\/de\\\/#website\"},\"primaryImageOfPage\":{\"@id\":\"https:\\\/\\\/permaban.com\\\/de\\\/cookies-rechtliche-hinweise\\\/#primaryimage\"},\"image\":{\"@id\":\"https:\\\/\\\/permaban.com\\\/de\\\/cookies-rechtliche-hinweise\\\/#primaryimage\"},\"thumbnailUrl\":\"https:\\\/\\\/permaban.com\\\/wp-content\\\/uploads\\\/2019\\\/06\\\/SY9A8606-web.jpg\",\"datePublished\":\"2020-09-22T11:57:43+00:00\",\"dateModified\":\"2020-10-01T11:20:53+00:00\",\"breadcrumb\":{\"@id\":\"https:\\\/\\\/permaban.com\\\/de\\\/cookies-rechtliche-hinweise\\\/#breadcrumb\"},\"inLanguage\":\"de\",\"potentialAction\":[{\"@type\":\"ReadAction\",\"target\":[\"https:\\\/\\\/permaban.com\\\/de\\\/cookies-rechtliche-hinweise\\\/\"]}]},{\"@type\":\"ImageObject\",\"inLanguage\":\"de\",\"@id\":\"https:\\\/\\\/permaban.com\\\/de\\\/cookies-rechtliche-hinweise\\\/#primaryimage\",\"url\":\"https:\\\/\\\/permaban.com\\\/wp-content\\\/uploads\\\/2019\\\/06\\\/SY9A8606-web.jpg\",\"contentUrl\":\"https:\\\/\\\/permaban.com\\\/wp-content\\\/uploads\\\/2019\\\/06\\\/SY9A8606-web.jpg\",\"width\":1024,\"height\":683,\"caption\":\"Floor surface hardeners | Concrete floor protection | Decorative flooring\"},{\"@type\":\"BreadcrumbList\",\"@id\":\"https:\\\/\\\/permaban.com\\\/de\\\/cookies-rechtliche-hinweise\\\/#breadcrumb\",\"itemListElement\":[{\"@type\":\"ListItem\",\"position\":1,\"name\":\"Home\",\"item\":\"https:\\\/\\\/permaban.com\\\/de\\\/\"},{\"@type\":\"ListItem\",\"position\":2,\"name\":\"Cookies &#038; Rechtliche Hinweise\"}]},{\"@type\":\"WebSite\",\"@id\":\"https:\\\/\\\/permaban.com\\\/de\\\/#website\",\"url\":\"https:\\\/\\\/permaban.com\\\/de\\\/\",\"name\":\"Permaban\",\"description\":\"Industrial Flooring Products\",\"potentialAction\":[{\"@type\":\"SearchAction\",\"target\":{\"@type\":\"EntryPoint\",\"urlTemplate\":\"https:\\\/\\\/permaban.com\\\/de\\\/?s={search_term_string}\"},\"query-input\":{\"@type\":\"PropertyValueSpecification\",\"valueRequired\":true,\"valueName\":\"search_term_string\"}}],\"inLanguage\":\"de\"}]}<\/script>\n<!-- \/ Yoast SEO plugin. -->","yoast_head_json":{"title":"Permaban - Website-Bedingungen | Informationen \u00fcber Cookies","robots":{"index":"index","follow":"follow","max-snippet":"max-snippet:-1","max-image-preview":"max-image-preview:large","max-video-preview":"max-video-preview:-1"},"canonical":"https:\/\/permaban.com\/de\/cookies-rechtliche-hinweise\/","og_locale":"de_DE","og_type":"article","og_title":"Permaban - Website-Bedingungen | Informationen \u00fcber Cookies","og_description":"Unsere Website verwendet, wie fast alle Websites, Cookies, um Ihnen den bestm\u00f6glichen Service zu bieten. Cookies sind kleine Textdateien, die auf Ihrem Computer oder Mobiltelefon abgelegt werden, wenn Sie auf Websites surfen. Wie werden Cookies auf dieser Website verwendet? Unsere...","og_url":"https:\/\/permaban.com\/de\/cookies-rechtliche-hinweise\/","og_site_name":"Permaban","article_modified_time":"2020-10-01T11:20:53+00:00","og_image":[{"width":1024,"height":683,"url":"https:\/\/permaban.com\/wp-content\/uploads\/2019\/06\/SY9A8606-web.jpg","type":"image\/jpeg"}],"twitter_card":"summary_large_image","twitter_misc":{"Gesch\u00e4tzte Lesezeit":"7\u00a0Minuten"},"schema":{"@context":"https:\/\/schema.org","@graph":[{"@type":"WebPage","@id":"https:\/\/permaban.com\/de\/cookies-rechtliche-hinweise\/","url":"https:\/\/permaban.com\/de\/cookies-rechtliche-hinweise\/","name":"Permaban - Website-Bedingungen | Informationen \u00fcber Cookies","isPartOf":{"@id":"https:\/\/permaban.com\/de\/#website"},"primaryImageOfPage":{"@id":"https:\/\/permaban.com\/de\/cookies-rechtliche-hinweise\/#primaryimage"},"image":{"@id":"https:\/\/permaban.com\/de\/cookies-rechtliche-hinweise\/#primaryimage"},"thumbnailUrl":"https:\/\/permaban.com\/wp-content\/uploads\/2019\/06\/SY9A8606-web.jpg","datePublished":"2020-09-22T11:57:43+00:00","dateModified":"2020-10-01T11:20:53+00:00","breadcrumb":{"@id":"https:\/\/permaban.com\/de\/cookies-rechtliche-hinweise\/#breadcrumb"},"inLanguage":"de","potentialAction":[{"@type":"ReadAction","target":["https:\/\/permaban.com\/de\/cookies-rechtliche-hinweise\/"]}]},{"@type":"ImageObject","inLanguage":"de","@id":"https:\/\/permaban.com\/de\/cookies-rechtliche-hinweise\/#primaryimage","url":"https:\/\/permaban.com\/wp-content\/uploads\/2019\/06\/SY9A8606-web.jpg","contentUrl":"https:\/\/permaban.com\/wp-content\/uploads\/2019\/06\/SY9A8606-web.jpg","width":1024,"height":683,"caption":"Floor surface hardeners | Concrete floor protection | Decorative flooring"},{"@type":"BreadcrumbList","@id":"https:\/\/permaban.com\/de\/cookies-rechtliche-hinweise\/#breadcrumb","itemListElement":[{"@type":"ListItem","position":1,"name":"Home","item":"https:\/\/permaban.com\/de\/"},{"@type":"ListItem","position":2,"name":"Cookies &#038; Rechtliche Hinweise"}]},{"@type":"WebSite","@id":"https:\/\/permaban.com\/de\/#website","url":"https:\/\/permaban.com\/de\/","name":"Permaban","description":"Industrial Flooring Products","potentialAction":[{"@type":"SearchAction","target":{"@type":"EntryPoint","urlTemplate":"https:\/\/permaban.com\/de\/?s={search_term_string}"},"query-input":{"@type":"PropertyValueSpecification","valueRequired":true,"valueName":"search_term_string"}}],"inLanguage":"de"}]}},"_links":{"self":[{"href":"https:\/\/permaban.com\/de\/wp-json\/wp\/v2\/pages\/10807","targetHints":{"allow":["GET"]}}],"collection":[{"href":"https:\/\/permaban.com\/de\/wp-json\/wp\/v2\/pages"}],"about":[{"href":"https:\/\/permaban.com\/de\/wp-json\/wp\/v2\/types\/page"}],"author":[{"embeddable":true,"href":"https:\/\/permaban.com\/de\/wp-json\/wp\/v2\/users\/3"}],"replies":[{"embeddable":true,"href":"https:\/\/permaban.com\/de\/wp-json\/wp\/v2\/comments?post=10807"}],"version-history":[{"count":2,"href":"https:\/\/permaban.com\/de\/wp-json\/wp\/v2\/pages\/10807\/revisions"}],"predecessor-version":[{"id":11018,"href":"https:\/\/permaban.com\/de\/wp-json\/wp\/v2\/pages\/10807\/revisions\/11018"}],"wp:featuredmedia":[{"embeddable":true,"href":"https:\/\/permaban.com\/de\/wp-json\/wp\/v2\/media\/6853"}],"wp:attachment":[{"href":"https:\/\/permaban.com\/de\/wp-json\/wp\/v2\/media?parent=10807"}],"curies":[{"name":"wp","href":"https:\/\/api.w.org\/{rel}","templated":true}]}}