{"id":10808,"date":"2020-09-23T11:33:43","date_gmt":"2020-09-23T10:33:43","guid":{"rendered":"https:\/\/permaban.com\/produkte\/andere-industriebodenprodukte\/"},"modified":"2020-10-01T12:34:30","modified_gmt":"2020-10-01T11:34:30","slug":"andere-industriebodenprodukte","status":"publish","type":"page","link":"https:\/\/permaban.com\/de\/produkte\/andere-industriebodenprodukte\/","title":{"rendered":"Andere Industriebodenprodukte"},"content":{"rendered":"<div id=\"pl-10808\"  class=\"panel-layout\" ><div id=\"pg-10808-0\"  class=\"panel-grid panel-no-style\" ><div id=\"pgc-10808-0-0\"  class=\"panel-grid-cell\" ><div id=\"panel-10808-0-0-0\" class=\"so-panel widget widget_sow-editor panel-first-child panel-last-child\" data-index=\"0\" ><div\n\t\t\t\n\t\t\tclass=\"so-widget-sow-editor so-widget-sow-editor-base\"\n\t\t\t\n\t\t>\n<div class=\"siteorigin-widget-tinymce textwidget\">\n\t<h5>Zu industrieb\u00f6den zugeh\u00f6rige produkte von rcr<\/h5>\n<p>&nbsp;<\/p>\n<\/div>\n<\/div><\/div><\/div><\/div><div id=\"pg-10808-1\"  class=\"panel-grid panel-has-style\" ><div class=\"latest-products panel-row-style panel-row-style-for-10808-1\" ><div id=\"pgc-10808-1-0\"  class=\"panel-grid-cell\" ><div id=\"panel-10808-1-0-0\" class=\"so-panel widget widget_sow-image panel-first-child\" data-index=\"1\" ><div\n\t\t\t\n\t\t\tclass=\"so-widget-sow-image so-widget-sow-image-default-dbf295114b96-10808\"\n\t\t\t\n\t\t>\n<div class=\"sow-image-container\">\n\t\t\t<a href=\"http:\/\/permaban.com\/products-home\/joint-sealants\/\"\n\t\t\t\t\t>\n\t\t\t<img \n\tsrc=\"https:\/\/permaban.com\/wp-content\/uploads\/2019\/06\/Checking-floor-level-after-completion-1-640x364.jpg\" width=\"640\" height=\"364\" srcset=\"https:\/\/permaban.com\/wp-content\/uploads\/2019\/06\/Checking-floor-level-after-completion-1-640x364.jpg 640w, https:\/\/permaban.com\/wp-content\/uploads\/2019\/06\/Checking-floor-level-after-completion-1.jpg 750w\" sizes=\"(max-width: 640px) 100vw, 640px\" title=\"Checking floor level after completion\" alt=\"\" \t\tclass=\"so-widget-image\"\/>\n\t\t\t<\/a><\/div>\n\n<\/div><\/div><div id=\"panel-10808-1-0-1\" class=\"so-panel widget widget_sow-editor panel-last-child\" data-index=\"2\" ><div class=\"first-p-blue panel-widget-style panel-widget-style-for-10808-1-0-1\" ><div\n\t\t\t\n\t\t\tclass=\"so-widget-sow-editor so-widget-sow-editor-base\"\n\t\t\t\n\t\t>\n<div class=\"siteorigin-widget-tinymce textwidget\">\n\t<p><a href=\"https:\/\/permaban.com\/de\/produkte\/fugendichtstoffe\/\"><strong>Fugendichtstoffe (Rocland)<\/strong><\/a><\/p>\n<p><em>Diese Fugendichtstoffe f\u00fcllen Arbeitsfugenspalten aus, um die Kanten vor Besch\u00e4digung zu sch\u00fctzen und das Eindringen von Fremdk\u00f6rpern in die Fuge zu verhindern. <a href=\"https:\/\/permaban.com\/de\/produkte\/fugendichtstoffe\/\">Mehr erfahren.<\/a><\/em><\/p>\n<\/div>\n<\/div><\/div><\/div><\/div><div id=\"pgc-10808-1-1\"  class=\"panel-grid-cell\" ><div id=\"panel-10808-1-1-0\" class=\"so-panel widget widget_sow-image panel-first-child\" data-index=\"3\" ><div\n\t\t\t\n\t\t\tclass=\"so-widget-sow-image so-widget-sow-image-default-dbf295114b96-10808\"\n\t\t\t\n\t\t>\n<div class=\"sow-image-container\">\n\t\t\t<a href=\"http:\/\/permaban.com\/products-home\/dry-shake-surface-hardeners\/\"\n\t\t\t\t\t>\n\t\t\t<img \n\tsrc=\"https:\/\/permaban.com\/wp-content\/uploads\/2019\/06\/Rocland-Surface-hardeners-1-640x364.jpg\" width=\"640\" height=\"364\" srcset=\"https:\/\/permaban.com\/wp-content\/uploads\/2019\/06\/Rocland-Surface-hardeners-1-640x364.jpg 640w, https:\/\/permaban.com\/wp-content\/uploads\/2019\/06\/Rocland-Surface-hardeners-1.jpg 750w\" sizes=\"(max-width: 640px) 100vw, 640px\" title=\"Rocland-Surface-hardeners\" alt=\"\" \t\tclass=\"so-widget-image\"\/>\n\t\t\t<\/a><\/div>\n\n<\/div><\/div><div id=\"panel-10808-1-1-1\" class=\"so-panel widget widget_sow-editor panel-last-child\" data-index=\"4\" ><div class=\"first-p-blue panel-widget-style panel-widget-style-for-10808-1-1-1\" ><div\n\t\t\t\n\t\t\tclass=\"so-widget-sow-editor so-widget-sow-editor-base\"\n\t\t\t\n\t\t>\n<div class=\"siteorigin-widget-tinymce textwidget\">\n\t<p><a href=\"https:\/\/permaban.com\/de\/produkte\/hartstoffeinstreuung-zur-oberflaechenhaertung\/\"><strong>Hartstoffe (Rocland)<\/strong><\/a><\/p>\n<p><em>Hartstoffe (auch Hartstoffeinstreuungen genannt) sch\u00fctzen die Oberfl\u00e4che von Betonb\u00f6den, erh\u00f6hen die Festigkeit und Haltbarkeit und k\u00f6nnen zus\u00e4tzlich f\u00fcr Rutschfestigkeit und Farbe sorgen. <a href=\"https:\/\/permaban.com\/de\/produkte\/hartstoffeinstreuung-zur-oberflaechenhaertung\/\">Mehr erfahren.<\/a><\/em><\/p>\n<\/div>\n<\/div><\/div><\/div><\/div><\/div><\/div><div id=\"pg-10808-2\"  class=\"panel-grid panel-has-style\" ><div class=\"latest-products panel-row-style panel-row-style-for-10808-2\" ><div id=\"pgc-10808-2-0\"  class=\"panel-grid-cell\" ><div id=\"panel-10808-2-0-0\" class=\"so-panel widget widget_sow-image panel-first-child\" data-index=\"5\" ><div\n\t\t\t\n\t\t\tclass=\"so-widget-sow-image so-widget-sow-image-default-dbf295114b96-10808\"\n\t\t\t\n\t\t>\n<div class=\"sow-image-container\">\n\t\t\t<a href=\"http:\/\/permaban.com\/products-home\/sealing-curing-products\/\"\n\t\t\t\t\t>\n\t\t\t<img \n\tsrc=\"https:\/\/permaban.com\/wp-content\/uploads\/2019\/06\/Rocland-curing-and-sealing-agents-1-640x364.jpg\" width=\"640\" height=\"364\" srcset=\"https:\/\/permaban.com\/wp-content\/uploads\/2019\/06\/Rocland-curing-and-sealing-agents-1-640x364.jpg 640w, https:\/\/permaban.com\/wp-content\/uploads\/2019\/06\/Rocland-curing-and-sealing-agents-1.jpg 750w\" sizes=\"(max-width: 640px) 100vw, 640px\" title=\"Rocland curing and sealing agents\" alt=\"\" \t\tclass=\"so-widget-image\"\/>\n\t\t\t<\/a><\/div>\n\n<\/div><\/div><div id=\"panel-10808-2-0-1\" class=\"so-panel widget widget_sow-editor panel-last-child\" data-index=\"6\" ><div class=\"first-p-blue panel-widget-style panel-widget-style-for-10808-2-0-1\" ><div\n\t\t\t\n\t\t\tclass=\"so-widget-sow-editor so-widget-sow-editor-base\"\n\t\t\t\n\t\t>\n<div class=\"siteorigin-widget-tinymce textwidget\">\n\t<p><a href=\"https:\/\/permaban.com\/de\/produkte\/nachbehandlungs-und-versiegelungsprodukte\/\"><strong>Beton-H\u00e4rtungs- Und Dichtungsstoffe (Rocland)<\/strong><\/a><\/p>\n<p><em>Diese aufspr\u00fchbaren Zusatzmittel verbessern die Aush\u00e4rtung, erh\u00f6hen die Festigkeit und Haltbarkeit des Bodens und versiegeln die Oberfl\u00e4che teilweise, um den Boden zu sch\u00fctzen. <a href=\"https:\/\/permaban.com\/de\/produkte\/nachbehandlungs-und-versiegelungsprodukte\/\">Mehr erfahren.<\/a><\/em><\/p>\n<\/div>\n<\/div><\/div><\/div><\/div><div id=\"pgc-10808-2-1\"  class=\"panel-grid-cell\" ><div id=\"panel-10808-2-1-0\" class=\"so-panel widget widget_sow-image panel-first-child\" data-index=\"7\" ><div\n\t\t\t\n\t\t\tclass=\"so-widget-sow-image so-widget-sow-image-default-dbf295114b96-10808\"\n\t\t\t\n\t\t>\n<div class=\"sow-image-container\">\n\t\t\t<a href=\"http:\/\/permaban.com\/products-home\/resin-systems\/\"\n\t\t\t\t\t>\n\t\t\t<img \n\tsrc=\"https:\/\/permaban.com\/wp-content\/uploads\/2019\/06\/Rinol-Resin-Flooring-Systems-1-640x364.jpg\" width=\"640\" height=\"364\" srcset=\"https:\/\/permaban.com\/wp-content\/uploads\/2019\/06\/Rinol-Resin-Flooring-Systems-1-640x364.jpg 640w, https:\/\/permaban.com\/wp-content\/uploads\/2019\/06\/Rinol-Resin-Flooring-Systems-1.jpg 750w\" sizes=\"(max-width: 640px) 100vw, 640px\" title=\"Rinol Resin Flooring Systems\" alt=\"\" \t\tclass=\"so-widget-image\"\/>\n\t\t\t<\/a><\/div>\n\n<\/div><\/div><div id=\"panel-10808-2-1-1\" class=\"so-panel widget widget_sow-editor panel-last-child\" data-index=\"8\" ><div class=\"first-p-blue panel-widget-style panel-widget-style-for-10808-2-1-1\" ><div\n\t\t\t\n\t\t\tclass=\"so-widget-sow-editor so-widget-sow-editor-base\"\n\t\t\t\n\t\t>\n<div class=\"siteorigin-widget-tinymce textwidget\">\n\t<p><a href=\"https:\/\/permaban.com\/de\/produkte\/harz-systeme\/\"><strong>Harzbodensysteme (Rinol)<\/strong><\/a><\/p>\n<p><em>Harzb\u00f6den sind robust und vielseitig und verleihen gewerblichen oder industriellen B\u00f6den eine attraktive, praktische und langlebige Oberfl\u00e4che. RINOL bietet eine Reihe von Hochleistungs-Harzbodensystemen f\u00fcr zahlreiche Branchen, die sich seit \u00fcber 50 Jahren weltweit bew\u00e4hrt haben. <a href=\"https:\/\/permaban.com\/de\/produkte\/harz-systeme\/\">Mehr erfahren.<\/a><\/em><\/p>\n<\/div>\n<\/div><\/div><\/div><\/div><\/div><\/div><\/div>","protected":false},"excerpt":{"rendered":"<p>Zu industrieb\u00f6den zugeh\u00f6rige produkte von rcr &nbsp; Fugendichtstoffe (Rocland) Diese Fugendichtstoffe f\u00fcllen Arbeitsfugenspalten aus, um die Kanten vor Besch\u00e4digung zu sch\u00fctzen und das Eindringen von Fremdk\u00f6rpern in die Fuge zu verhindern. Mehr erfahren. Hartstoffe (Rocland) Hartstoffe (auch Hartstoffeinstreuungen genannt) sch\u00fctzen&#8230;<\/p>\n","protected":false},"author":1,"featured_media":6442,"parent":10795,"menu_order":0,"comment_status":"closed","ping_status":"closed","template":"","meta":{"_acf_changed":false,"_monsterinsights_skip_tracking":false,"_monsterinsights_sitenote_active":false,"_monsterinsights_sitenote_note":"","_monsterinsights_sitenote_category":0,"footnotes":""},"class_list":["post-10808","page","type-page","status-publish","has-post-thumbnail","hentry"],"acf":[],"yoast_head":"<!-- This site is optimized with the Yoast SEO plugin v27.1.1 - https:\/\/yoast.com\/product\/yoast-seo-wordpress\/ -->\n<title>Andere Industriebodenprodukte - Permaban<\/title>\n<meta name=\"robots\" content=\"index, follow, max-snippet:-1, max-image-preview:large, max-video-preview:-1\" \/>\n<link rel=\"canonical\" href=\"https:\/\/permaban.com\/de\/produkte\/andere-industriebodenprodukte\/\" \/>\n<meta property=\"og:locale\" content=\"de_DE\" \/>\n<meta property=\"og:type\" content=\"article\" \/>\n<meta property=\"og:title\" content=\"Andere Industriebodenprodukte - Permaban\" \/>\n<meta property=\"og:description\" content=\"Zu industrieb\u00f6den zugeh\u00f6rige produkte von rcr &nbsp; Fugendichtstoffe (Rocland) Diese Fugendichtstoffe f\u00fcllen Arbeitsfugenspalten aus, um die Kanten vor Besch\u00e4digung zu sch\u00fctzen und das Eindringen von Fremdk\u00f6rpern in die Fuge zu verhindern. Mehr erfahren. Hartstoffe (Rocland) Hartstoffe (auch Hartstoffeinstreuungen genannt) sch\u00fctzen...\" \/>\n<meta property=\"og:url\" content=\"https:\/\/permaban.com\/de\/produkte\/andere-industriebodenprodukte\/\" \/>\n<meta property=\"og:site_name\" content=\"Permaban\" \/>\n<meta property=\"article:modified_time\" content=\"2020-10-01T11:34:30+00:00\" \/>\n<meta property=\"og:image\" content=\"https:\/\/permaban.com\/wp-content\/uploads\/2019\/06\/Hand-trowelling-AlphaJoint-installation.jpg\" \/>\n\t<meta property=\"og:image:width\" content=\"1024\" \/>\n\t<meta property=\"og:image:height\" content=\"683\" \/>\n\t<meta property=\"og:image:type\" content=\"image\/jpeg\" \/>\n<meta name=\"twitter:card\" content=\"summary_large_image\" \/>\n<meta name=\"twitter:label1\" content=\"Gesch\u00e4tzte Lesezeit\" \/>\n\t<meta name=\"twitter:data1\" content=\"1\u00a0Minute\" \/>\n<script type=\"application\/ld+json\" class=\"yoast-schema-graph\">{\"@context\":\"https:\/\/schema.org\",\"@graph\":[{\"@type\":\"WebPage\",\"@id\":\"https:\/\/permaban.com\/de\/produkte\/andere-industriebodenprodukte\/\",\"url\":\"https:\/\/permaban.com\/de\/produkte\/andere-industriebodenprodukte\/\",\"name\":\"Andere Industriebodenprodukte - Permaban\",\"isPartOf\":{\"@id\":\"https:\/\/permaban.com\/de\/#website\"},\"primaryImageOfPage\":{\"@id\":\"https:\/\/permaban.com\/de\/produkte\/andere-industriebodenprodukte\/#primaryimage\"},\"image\":{\"@id\":\"https:\/\/permaban.com\/de\/produkte\/andere-industriebodenprodukte\/#primaryimage\"},\"thumbnailUrl\":\"https:\/\/permaban.com\/wp-content\/uploads\/2019\/06\/Hand-trowelling-AlphaJoint-installation.jpg\",\"datePublished\":\"2020-09-23T10:33:43+00:00\",\"dateModified\":\"2020-10-01T11:34:30+00:00\",\"breadcrumb\":{\"@id\":\"https:\/\/permaban.com\/de\/produkte\/andere-industriebodenprodukte\/#breadcrumb\"},\"inLanguage\":\"de\",\"potentialAction\":[{\"@type\":\"ReadAction\",\"target\":[\"https:\/\/permaban.com\/de\/produkte\/andere-industriebodenprodukte\/\"]}]},{\"@type\":\"ImageObject\",\"inLanguage\":\"de\",\"@id\":\"https:\/\/permaban.com\/de\/produkte\/andere-industriebodenprodukte\/#primaryimage\",\"url\":\"https:\/\/permaban.com\/wp-content\/uploads\/2019\/06\/Hand-trowelling-AlphaJoint-installation.jpg\",\"contentUrl\":\"https:\/\/permaban.com\/wp-content\/uploads\/2019\/06\/Hand-trowelling-AlphaJoint-installation.jpg\",\"width\":1024,\"height\":683},{\"@type\":\"BreadcrumbList\",\"@id\":\"https:\/\/permaban.com\/de\/produkte\/andere-industriebodenprodukte\/#breadcrumb\",\"itemListElement\":[{\"@type\":\"ListItem\",\"position\":1,\"name\":\"Home\",\"item\":\"https:\/\/permaban.com\/de\/\"},{\"@type\":\"ListItem\",\"position\":2,\"name\":\"Produkte\",\"item\":\"https:\/\/permaban.com\/de\/produkte\/\"},{\"@type\":\"ListItem\",\"position\":3,\"name\":\"Andere Industriebodenprodukte\"}]},{\"@type\":\"WebSite\",\"@id\":\"https:\/\/permaban.com\/de\/#website\",\"url\":\"https:\/\/permaban.com\/de\/\",\"name\":\"Permaban\",\"description\":\"Industrial Flooring Products\",\"potentialAction\":[{\"@type\":\"SearchAction\",\"target\":{\"@type\":\"EntryPoint\",\"urlTemplate\":\"https:\/\/permaban.com\/de\/?s={search_term_string}\"},\"query-input\":{\"@type\":\"PropertyValueSpecification\",\"valueRequired\":true,\"valueName\":\"search_term_string\"}}],\"inLanguage\":\"de\"}]}<\/script>\n<!-- \/ Yoast SEO plugin. -->","yoast_head_json":{"title":"Andere Industriebodenprodukte - Permaban","robots":{"index":"index","follow":"follow","max-snippet":"max-snippet:-1","max-image-preview":"max-image-preview:large","max-video-preview":"max-video-preview:-1"},"canonical":"https:\/\/permaban.com\/de\/produkte\/andere-industriebodenprodukte\/","og_locale":"de_DE","og_type":"article","og_title":"Andere Industriebodenprodukte - Permaban","og_description":"Zu industrieb\u00f6den zugeh\u00f6rige produkte von rcr &nbsp; Fugendichtstoffe (Rocland) Diese Fugendichtstoffe f\u00fcllen Arbeitsfugenspalten aus, um die Kanten vor Besch\u00e4digung zu sch\u00fctzen und das Eindringen von Fremdk\u00f6rpern in die Fuge zu verhindern. Mehr erfahren. Hartstoffe (Rocland) Hartstoffe (auch Hartstoffeinstreuungen genannt) sch\u00fctzen...","og_url":"https:\/\/permaban.com\/de\/produkte\/andere-industriebodenprodukte\/","og_site_name":"Permaban","article_modified_time":"2020-10-01T11:34:30+00:00","og_image":[{"width":1024,"height":683,"url":"https:\/\/permaban.com\/wp-content\/uploads\/2019\/06\/Hand-trowelling-AlphaJoint-installation.jpg","type":"image\/jpeg"}],"twitter_card":"summary_large_image","twitter_misc":{"Gesch\u00e4tzte Lesezeit":"1\u00a0Minute"},"schema":{"@context":"https:\/\/schema.org","@graph":[{"@type":"WebPage","@id":"https:\/\/permaban.com\/de\/produkte\/andere-industriebodenprodukte\/","url":"https:\/\/permaban.com\/de\/produkte\/andere-industriebodenprodukte\/","name":"Andere Industriebodenprodukte - Permaban","isPartOf":{"@id":"https:\/\/permaban.com\/de\/#website"},"primaryImageOfPage":{"@id":"https:\/\/permaban.com\/de\/produkte\/andere-industriebodenprodukte\/#primaryimage"},"image":{"@id":"https:\/\/permaban.com\/de\/produkte\/andere-industriebodenprodukte\/#primaryimage"},"thumbnailUrl":"https:\/\/permaban.com\/wp-content\/uploads\/2019\/06\/Hand-trowelling-AlphaJoint-installation.jpg","datePublished":"2020-09-23T10:33:43+00:00","dateModified":"2020-10-01T11:34:30+00:00","breadcrumb":{"@id":"https:\/\/permaban.com\/de\/produkte\/andere-industriebodenprodukte\/#breadcrumb"},"inLanguage":"de","potentialAction":[{"@type":"ReadAction","target":["https:\/\/permaban.com\/de\/produkte\/andere-industriebodenprodukte\/"]}]},{"@type":"ImageObject","inLanguage":"de","@id":"https:\/\/permaban.com\/de\/produkte\/andere-industriebodenprodukte\/#primaryimage","url":"https:\/\/permaban.com\/wp-content\/uploads\/2019\/06\/Hand-trowelling-AlphaJoint-installation.jpg","contentUrl":"https:\/\/permaban.com\/wp-content\/uploads\/2019\/06\/Hand-trowelling-AlphaJoint-installation.jpg","width":1024,"height":683},{"@type":"BreadcrumbList","@id":"https:\/\/permaban.com\/de\/produkte\/andere-industriebodenprodukte\/#breadcrumb","itemListElement":[{"@type":"ListItem","position":1,"name":"Home","item":"https:\/\/permaban.com\/de\/"},{"@type":"ListItem","position":2,"name":"Produkte","item":"https:\/\/permaban.com\/de\/produkte\/"},{"@type":"ListItem","position":3,"name":"Andere Industriebodenprodukte"}]},{"@type":"WebSite","@id":"https:\/\/permaban.com\/de\/#website","url":"https:\/\/permaban.com\/de\/","name":"Permaban","description":"Industrial Flooring Products","potentialAction":[{"@type":"SearchAction","target":{"@type":"EntryPoint","urlTemplate":"https:\/\/permaban.com\/de\/?s={search_term_string}"},"query-input":{"@type":"PropertyValueSpecification","valueRequired":true,"valueName":"search_term_string"}}],"inLanguage":"de"}]}},"_links":{"self":[{"href":"https:\/\/permaban.com\/de\/wp-json\/wp\/v2\/pages\/10808","targetHints":{"allow":["GET"]}}],"collection":[{"href":"https:\/\/permaban.com\/de\/wp-json\/wp\/v2\/pages"}],"about":[{"href":"https:\/\/permaban.com\/de\/wp-json\/wp\/v2\/types\/page"}],"author":[{"embeddable":true,"href":"https:\/\/permaban.com\/de\/wp-json\/wp\/v2\/users\/1"}],"replies":[{"embeddable":true,"href":"https:\/\/permaban.com\/de\/wp-json\/wp\/v2\/comments?post=10808"}],"version-history":[{"count":4,"href":"https:\/\/permaban.com\/de\/wp-json\/wp\/v2\/pages\/10808\/revisions"}],"predecessor-version":[{"id":11024,"href":"https:\/\/permaban.com\/de\/wp-json\/wp\/v2\/pages\/10808\/revisions\/11024"}],"up":[{"embeddable":true,"href":"https:\/\/permaban.com\/de\/wp-json\/wp\/v2\/pages\/10795"}],"wp:featuredmedia":[{"embeddable":true,"href":"https:\/\/permaban.com\/de\/wp-json\/wp\/v2\/media\/6442"}],"wp:attachment":[{"href":"https:\/\/permaban.com\/de\/wp-json\/wp\/v2\/media?parent=10808"}],"curies":[{"name":"wp","href":"https:\/\/api.w.org\/{rel}","templated":true}]}}