{"id":10809,"date":"2020-09-23T11:35:57","date_gmt":"2020-09-23T10:35:57","guid":{"rendered":"https:\/\/permaban.com\/produkte\/nachbehandlungs-und-versiegelungsprodukte\/"},"modified":"2020-09-29T11:45:12","modified_gmt":"2020-09-29T10:45:12","slug":"nachbehandlungs-und-versiegelungsprodukte","status":"publish","type":"page","link":"https:\/\/permaban.com\/de\/produkte\/nachbehandlungs-und-versiegelungsprodukte\/","title":{"rendered":"Nachbehandlungs- und Versiegelungsprodukte"},"content":{"rendered":"<div id=\"pl-10809\"  class=\"panel-layout\" ><div id=\"pg-10809-0\"  class=\"panel-grid panel-no-style\" ><div id=\"pgc-10809-0-0\"  class=\"panel-grid-cell\" ><div id=\"panel-10809-0-0-0\" class=\"so-panel widget widget_sow-editor panel-first-child panel-last-child\" data-index=\"0\" ><div\n\t\t\t\n\t\t\tclass=\"so-widget-sow-editor so-widget-sow-editor-base\"\n\t\t\t\n\t\t>\n<div class=\"siteorigin-widget-tinymce textwidget\">\n\t<p><img loading=\"lazy\" decoding=\"async\" class=\"alignnone size-full wp-image-6938\" src=\"http:\/\/permaban.com\/wp-content\/uploads\/2019\/06\/Rocland-with-strapline-1.jpg\" alt=\"\" width=\"200\" height=\"190\" \/><\/p>\n<p>Nachbehandlungs- und Versiegelungsmittel f\u00fcr Beton sind aufspr\u00fchbare Zusatzmittel, die wichtige Vorteile f\u00fcr die Oberfl\u00e4che eines Betonbodens bieten.<\/p>\n<ul>\n<li>Sie wirken als Aush\u00e4rtemittel, das dem Boden hilft, schneller und kontrolliert auszuh\u00e4rten.<\/li>\n<li>Sie erh\u00f6hen die H\u00e4rte und Haltbarkeit des Bodens.<\/li>\n<li>Sie versiegeln die Oberfl\u00e4che teilweise, um den Boden zu sch\u00fctzen.<\/li>\n<\/ul>\n<p>Einige Produkte erf\u00fcllen mehr als eine dieser Funktionen \u2013 andere sind eindeutig als \u201eh\u00e4rtendes\u201c Produkt oder als \u201eh\u00e4rtendes und versiegelndes\u201c Produkt gekennzeichnet.\u202f Wir raten Ihnen, zu pr\u00fcfen, welche Leistungen f\u00fcr Ihren Fu\u00dfboden erforderlich sind, und gegebenenfalls unser Team um Hilfe bei der Auswahl des besten Produkts f\u00fcr Ihre Bed\u00fcrfnisse zu bitten.<\/p>\n<p><strong>RCR Flooring Products produziert und liefert die Marke Rocland f\u00fcr Betonaush\u00e4rtungs- und Versiegelungsprodukte. Informationen zu diesen Produkten finden Sie hier, <a href=\"http:\/\/www.rocland.eu\/en\/product\/cure-seal\/\">auf der Website von Rocland.<\/a><\/strong><\/p>\n<p>Mehr \u00fcber H\u00e4rtungs- und Versiegelungsmittel erfahren Sie aus diesen hilfreichen Artikeln auf der <a href=\"http:\/\/www.rocland.eu\/en\/category\/curing-sealing\/\">Rocland Website. <\/a><\/p>\n<\/div>\n<\/div><\/div><\/div><div id=\"pgc-10809-0-1\"  class=\"panel-grid-cell\" ><div id=\"panel-10809-0-1-0\" class=\"so-panel widget widget_sow-editor panel-first-child panel-last-child\" data-index=\"1\" ><div\n\t\t\t\n\t\t\tclass=\"so-widget-sow-editor so-widget-sow-editor-base\"\n\t\t\t\n\t\t>\n<div class=\"siteorigin-widget-tinymce textwidget\">\n\t<!-- Widget Shortcode --><div id=\"siteorigin-panels-builder-3\" class=\"widget widget_siteorigin-panels-builder widget-shortcode area-product-category-sidebar \"><div id=\"pl-w6214c67744dd0\"  class=\"panel-layout\" ><div id=\"pg-w6214c67744dd0-0\"  class=\"panel-grid panel-has-style\" ><div class=\"primary-color-backround panel-row-style panel-row-style-for-w6214c67744dd0-0\" ><div id=\"pgc-w6214c67744dd0-0-0\"  class=\"panel-grid-cell\" ><div id=\"panel-w6214c67744dd0-0-0-0\" class=\"so-panel widget widget_sow-editor panel-first-child panel-last-child\" data-index=\"0\" ><div class=\"white-text panel-widget-style panel-widget-style-for-w6214c67744dd0-0-0-0\" ><div\n\t\t\t\n\t\t\tclass=\"so-widget-sow-editor so-widget-sow-editor-base\"\n\t\t\t\n\t\t>\n<div class=\"siteorigin-widget-tinymce textwidget\">\n\t<h5><strong>Need some help?<\/strong><br \/>\n<strong>Get in touch.<\/strong><\/h5>\n<\/div>\n<\/div><\/div><\/div><\/div><\/div><\/div><div id=\"pg-w6214c67744dd0-1\"  class=\"panel-grid panel-has-style\" ><div class=\"light-grey-background panel-row-style panel-row-style-for-w6214c67744dd0-1\" ><div id=\"pgc-w6214c67744dd0-1-0\"  class=\"panel-grid-cell\" ><div id=\"panel-w6214c67744dd0-1-0-0\" class=\"so-panel widget widget_sow-editor panel-first-child panel-last-child\" data-index=\"1\" ><div\n\t\t\t\n\t\t\tclass=\"so-widget-sow-editor so-widget-sow-editor-base\"\n\t\t\t\n\t\t>\n<div class=\"siteorigin-widget-tinymce textwidget\">\n\t<p>Contact our sales team today for product advice and pricing.<\/p>\n<p>Call now on<\/p>\n<h5>+44 1752 895288<\/h5>\n<p>Or <a href=\"http:\/\/permaban.com\/find-a-distributor\/\">find a distributor<\/a><\/p>\n<\/div>\n<\/div><\/div><\/div><\/div><\/div><\/div><\/div><!-- \/Widget Shortcode -->\n<\/div>\n<\/div><\/div><\/div><\/div><\/div>","protected":false},"excerpt":{"rendered":"<p>Nachbehandlungs- und Versiegelungsmittel f\u00fcr Beton sind aufspr\u00fchbare Zusatzmittel, die wichtige Vorteile f\u00fcr die Oberfl\u00e4che eines Betonbodens bieten. Sie wirken als Aush\u00e4rtemittel, das dem Boden hilft, schneller und kontrolliert auszuh\u00e4rten. Sie erh\u00f6hen die H\u00e4rte und Haltbarkeit des Bodens. Sie versiegeln die&#8230;<\/p>\n","protected":false},"author":3,"featured_media":6464,"parent":10795,"menu_order":0,"comment_status":"closed","ping_status":"closed","template":"","meta":{"_acf_changed":false,"_monsterinsights_skip_tracking":false,"_monsterinsights_sitenote_active":false,"_monsterinsights_sitenote_note":"","_monsterinsights_sitenote_category":0,"footnotes":""},"class_list":["post-10809","page","type-page","status-publish","has-post-thumbnail","hentry"],"acf":[],"yoast_head":"<!-- This site is optimized with the Yoast SEO plugin v27.3 - https:\/\/yoast.com\/product\/yoast-seo-wordpress\/ -->\n<title>Dichtungs- und Nachbehandlungsmittel f\u00fcr Betonb\u00f6den - Permaban<\/title>\n<meta name=\"description\" content=\"Betonaush\u00e4rtungs- und Versiegelungsprodukte helfen dem Boden, schneller und kontrolliert auszuh\u00e4rten, den Boden teilweise zu versiegeln und die Haltbarkeit zu erh\u00f6hen.\" \/>\n<meta name=\"robots\" content=\"index, follow, max-snippet:-1, max-image-preview:large, max-video-preview:-1\" \/>\n<link rel=\"canonical\" href=\"https:\/\/permaban.com\/de\/produkte\/nachbehandlungs-und-versiegelungsprodukte\/\" \/>\n<meta property=\"og:locale\" content=\"de_DE\" \/>\n<meta property=\"og:type\" content=\"article\" \/>\n<meta property=\"og:title\" content=\"Dichtungs- und Nachbehandlungsmittel f\u00fcr Betonb\u00f6den - Permaban\" \/>\n<meta property=\"og:description\" content=\"Betonaush\u00e4rtungs- und Versiegelungsprodukte helfen dem Boden, schneller und kontrolliert auszuh\u00e4rten, den Boden teilweise zu versiegeln und die Haltbarkeit zu erh\u00f6hen.\" \/>\n<meta property=\"og:url\" content=\"https:\/\/permaban.com\/de\/produkte\/nachbehandlungs-und-versiegelungsprodukte\/\" \/>\n<meta property=\"og:site_name\" content=\"Permaban\" \/>\n<meta property=\"article:modified_time\" content=\"2020-09-29T10:45:12+00:00\" \/>\n<meta property=\"og:image\" content=\"https:\/\/permaban.com\/wp-content\/uploads\/2019\/06\/Rocland-curing-and-sealing-agents.jpg\" \/>\n\t<meta property=\"og:image:width\" content=\"1024\" \/>\n\t<meta property=\"og:image:height\" content=\"683\" \/>\n\t<meta property=\"og:image:type\" content=\"image\/jpeg\" \/>\n<meta name=\"twitter:card\" content=\"summary_large_image\" \/>\n<meta name=\"twitter:label1\" content=\"Gesch\u00e4tzte Lesezeit\" \/>\n\t<meta name=\"twitter:data1\" content=\"1\u00a0Minute\" \/>\n<script type=\"application\/ld+json\" class=\"yoast-schema-graph\">{\"@context\":\"https:\\\/\\\/schema.org\",\"@graph\":[{\"@type\":\"WebPage\",\"@id\":\"https:\\\/\\\/permaban.com\\\/de\\\/produkte\\\/nachbehandlungs-und-versiegelungsprodukte\\\/\",\"url\":\"https:\\\/\\\/permaban.com\\\/de\\\/produkte\\\/nachbehandlungs-und-versiegelungsprodukte\\\/\",\"name\":\"Dichtungs- und Nachbehandlungsmittel f\u00fcr Betonb\u00f6den - Permaban\",\"isPartOf\":{\"@id\":\"https:\\\/\\\/permaban.com\\\/de\\\/#website\"},\"primaryImageOfPage\":{\"@id\":\"https:\\\/\\\/permaban.com\\\/de\\\/produkte\\\/nachbehandlungs-und-versiegelungsprodukte\\\/#primaryimage\"},\"image\":{\"@id\":\"https:\\\/\\\/permaban.com\\\/de\\\/produkte\\\/nachbehandlungs-und-versiegelungsprodukte\\\/#primaryimage\"},\"thumbnailUrl\":\"https:\\\/\\\/permaban.com\\\/wp-content\\\/uploads\\\/2019\\\/06\\\/Rocland-curing-and-sealing-agents.jpg\",\"datePublished\":\"2020-09-23T10:35:57+00:00\",\"dateModified\":\"2020-09-29T10:45:12+00:00\",\"description\":\"Betonaush\u00e4rtungs- und Versiegelungsprodukte helfen dem Boden, schneller und kontrolliert auszuh\u00e4rten, den Boden teilweise zu versiegeln und die Haltbarkeit zu erh\u00f6hen.\",\"breadcrumb\":{\"@id\":\"https:\\\/\\\/permaban.com\\\/de\\\/produkte\\\/nachbehandlungs-und-versiegelungsprodukte\\\/#breadcrumb\"},\"inLanguage\":\"de\",\"potentialAction\":[{\"@type\":\"ReadAction\",\"target\":[\"https:\\\/\\\/permaban.com\\\/de\\\/produkte\\\/nachbehandlungs-und-versiegelungsprodukte\\\/\"]}]},{\"@type\":\"ImageObject\",\"inLanguage\":\"de\",\"@id\":\"https:\\\/\\\/permaban.com\\\/de\\\/produkte\\\/nachbehandlungs-und-versiegelungsprodukte\\\/#primaryimage\",\"url\":\"https:\\\/\\\/permaban.com\\\/wp-content\\\/uploads\\\/2019\\\/06\\\/Rocland-curing-and-sealing-agents.jpg\",\"contentUrl\":\"https:\\\/\\\/permaban.com\\\/wp-content\\\/uploads\\\/2019\\\/06\\\/Rocland-curing-and-sealing-agents.jpg\",\"width\":1024,\"height\":683},{\"@type\":\"BreadcrumbList\",\"@id\":\"https:\\\/\\\/permaban.com\\\/de\\\/produkte\\\/nachbehandlungs-und-versiegelungsprodukte\\\/#breadcrumb\",\"itemListElement\":[{\"@type\":\"ListItem\",\"position\":1,\"name\":\"Home\",\"item\":\"https:\\\/\\\/permaban.com\\\/de\\\/\"},{\"@type\":\"ListItem\",\"position\":2,\"name\":\"Produkte\",\"item\":\"https:\\\/\\\/permaban.com\\\/de\\\/produkte\\\/\"},{\"@type\":\"ListItem\",\"position\":3,\"name\":\"Nachbehandlungs- und Versiegelungsprodukte\"}]},{\"@type\":\"WebSite\",\"@id\":\"https:\\\/\\\/permaban.com\\\/de\\\/#website\",\"url\":\"https:\\\/\\\/permaban.com\\\/de\\\/\",\"name\":\"Permaban\",\"description\":\"Industrial Flooring Products\",\"potentialAction\":[{\"@type\":\"SearchAction\",\"target\":{\"@type\":\"EntryPoint\",\"urlTemplate\":\"https:\\\/\\\/permaban.com\\\/de\\\/?s={search_term_string}\"},\"query-input\":{\"@type\":\"PropertyValueSpecification\",\"valueRequired\":true,\"valueName\":\"search_term_string\"}}],\"inLanguage\":\"de\"}]}<\/script>\n<!-- \/ Yoast SEO plugin. -->","yoast_head_json":{"title":"Dichtungs- und Nachbehandlungsmittel f\u00fcr Betonb\u00f6den - Permaban","description":"Betonaush\u00e4rtungs- und Versiegelungsprodukte helfen dem Boden, schneller und kontrolliert auszuh\u00e4rten, den Boden teilweise zu versiegeln und die Haltbarkeit zu erh\u00f6hen.","robots":{"index":"index","follow":"follow","max-snippet":"max-snippet:-1","max-image-preview":"max-image-preview:large","max-video-preview":"max-video-preview:-1"},"canonical":"https:\/\/permaban.com\/de\/produkte\/nachbehandlungs-und-versiegelungsprodukte\/","og_locale":"de_DE","og_type":"article","og_title":"Dichtungs- und Nachbehandlungsmittel f\u00fcr Betonb\u00f6den - Permaban","og_description":"Betonaush\u00e4rtungs- und Versiegelungsprodukte helfen dem Boden, schneller und kontrolliert auszuh\u00e4rten, den Boden teilweise zu versiegeln und die Haltbarkeit zu erh\u00f6hen.","og_url":"https:\/\/permaban.com\/de\/produkte\/nachbehandlungs-und-versiegelungsprodukte\/","og_site_name":"Permaban","article_modified_time":"2020-09-29T10:45:12+00:00","og_image":[{"width":1024,"height":683,"url":"https:\/\/permaban.com\/wp-content\/uploads\/2019\/06\/Rocland-curing-and-sealing-agents.jpg","type":"image\/jpeg"}],"twitter_card":"summary_large_image","twitter_misc":{"Gesch\u00e4tzte Lesezeit":"1\u00a0Minute"},"schema":{"@context":"https:\/\/schema.org","@graph":[{"@type":"WebPage","@id":"https:\/\/permaban.com\/de\/produkte\/nachbehandlungs-und-versiegelungsprodukte\/","url":"https:\/\/permaban.com\/de\/produkte\/nachbehandlungs-und-versiegelungsprodukte\/","name":"Dichtungs- und Nachbehandlungsmittel f\u00fcr Betonb\u00f6den - Permaban","isPartOf":{"@id":"https:\/\/permaban.com\/de\/#website"},"primaryImageOfPage":{"@id":"https:\/\/permaban.com\/de\/produkte\/nachbehandlungs-und-versiegelungsprodukte\/#primaryimage"},"image":{"@id":"https:\/\/permaban.com\/de\/produkte\/nachbehandlungs-und-versiegelungsprodukte\/#primaryimage"},"thumbnailUrl":"https:\/\/permaban.com\/wp-content\/uploads\/2019\/06\/Rocland-curing-and-sealing-agents.jpg","datePublished":"2020-09-23T10:35:57+00:00","dateModified":"2020-09-29T10:45:12+00:00","description":"Betonaush\u00e4rtungs- und Versiegelungsprodukte helfen dem Boden, schneller und kontrolliert auszuh\u00e4rten, den Boden teilweise zu versiegeln und die Haltbarkeit zu erh\u00f6hen.","breadcrumb":{"@id":"https:\/\/permaban.com\/de\/produkte\/nachbehandlungs-und-versiegelungsprodukte\/#breadcrumb"},"inLanguage":"de","potentialAction":[{"@type":"ReadAction","target":["https:\/\/permaban.com\/de\/produkte\/nachbehandlungs-und-versiegelungsprodukte\/"]}]},{"@type":"ImageObject","inLanguage":"de","@id":"https:\/\/permaban.com\/de\/produkte\/nachbehandlungs-und-versiegelungsprodukte\/#primaryimage","url":"https:\/\/permaban.com\/wp-content\/uploads\/2019\/06\/Rocland-curing-and-sealing-agents.jpg","contentUrl":"https:\/\/permaban.com\/wp-content\/uploads\/2019\/06\/Rocland-curing-and-sealing-agents.jpg","width":1024,"height":683},{"@type":"BreadcrumbList","@id":"https:\/\/permaban.com\/de\/produkte\/nachbehandlungs-und-versiegelungsprodukte\/#breadcrumb","itemListElement":[{"@type":"ListItem","position":1,"name":"Home","item":"https:\/\/permaban.com\/de\/"},{"@type":"ListItem","position":2,"name":"Produkte","item":"https:\/\/permaban.com\/de\/produkte\/"},{"@type":"ListItem","position":3,"name":"Nachbehandlungs- und Versiegelungsprodukte"}]},{"@type":"WebSite","@id":"https:\/\/permaban.com\/de\/#website","url":"https:\/\/permaban.com\/de\/","name":"Permaban","description":"Industrial Flooring Products","potentialAction":[{"@type":"SearchAction","target":{"@type":"EntryPoint","urlTemplate":"https:\/\/permaban.com\/de\/?s={search_term_string}"},"query-input":{"@type":"PropertyValueSpecification","valueRequired":true,"valueName":"search_term_string"}}],"inLanguage":"de"}]}},"_links":{"self":[{"href":"https:\/\/permaban.com\/de\/wp-json\/wp\/v2\/pages\/10809","targetHints":{"allow":["GET"]}}],"collection":[{"href":"https:\/\/permaban.com\/de\/wp-json\/wp\/v2\/pages"}],"about":[{"href":"https:\/\/permaban.com\/de\/wp-json\/wp\/v2\/types\/page"}],"author":[{"embeddable":true,"href":"https:\/\/permaban.com\/de\/wp-json\/wp\/v2\/users\/3"}],"replies":[{"embeddable":true,"href":"https:\/\/permaban.com\/de\/wp-json\/wp\/v2\/comments?post=10809"}],"version-history":[{"count":1,"href":"https:\/\/permaban.com\/de\/wp-json\/wp\/v2\/pages\/10809\/revisions"}],"predecessor-version":[{"id":10962,"href":"https:\/\/permaban.com\/de\/wp-json\/wp\/v2\/pages\/10809\/revisions\/10962"}],"up":[{"embeddable":true,"href":"https:\/\/permaban.com\/de\/wp-json\/wp\/v2\/pages\/10795"}],"wp:featuredmedia":[{"embeddable":true,"href":"https:\/\/permaban.com\/de\/wp-json\/wp\/v2\/media\/6464"}],"wp:attachment":[{"href":"https:\/\/permaban.com\/de\/wp-json\/wp\/v2\/media?parent=10809"}],"curies":[{"name":"wp","href":"https:\/\/api.w.org\/{rel}","templated":true}]}}