{"id":10810,"date":"2020-09-23T11:40:08","date_gmt":"2020-09-23T10:40:08","guid":{"rendered":"https:\/\/permaban.com\/produkte\/hartstoffeinstreuung-zur-oberflaechenhaertung\/"},"modified":"2020-09-29T11:43:30","modified_gmt":"2020-09-29T10:43:30","slug":"hartstoffeinstreuung-zur-oberflaechenhaertung","status":"publish","type":"page","link":"https:\/\/permaban.com\/de\/produkte\/hartstoffeinstreuung-zur-oberflaechenhaertung\/","title":{"rendered":"Hartstoffeinstreuung zur Oberfl\u00e4chenh\u00e4rtung"},"content":{"rendered":"<div id=\"pl-10810\"  class=\"panel-layout\" ><div id=\"pg-10810-0\"  class=\"panel-grid panel-no-style\" ><div id=\"pgc-10810-0-0\"  class=\"panel-grid-cell\" ><div id=\"panel-10810-0-0-0\" class=\"so-panel widget widget_sow-editor panel-first-child panel-last-child\" data-index=\"0\" ><div\n\t\t\t\n\t\t\tclass=\"so-widget-sow-editor so-widget-sow-editor-base\"\n\t\t\t\n\t\t>\n<div class=\"siteorigin-widget-tinymce textwidget\">\n\t<p><img loading=\"lazy\" decoding=\"async\" class=\"alignnone size-full wp-image-6938\" src=\"http:\/\/permaban.com\/wp-content\/uploads\/2019\/06\/Rocland-with-strapline-1.jpg\" alt=\"\" width=\"200\" height=\"190\" \/><\/p>\n<p>Der Schutz eines Betonbodens reicht \u00fcber die Fugen hinaus. Die Oberfl\u00e4che des Bodens ist besonders anf\u00e4llig f\u00fcr Sch\u00e4den durch Sto\u00df und Abrieb. Die Verwendung von Hartstoffen (allgemein als Hartstoffeinstreuung bezeichnet) ist eine der effektivsten Methoden, um die Oberfl\u00e4che zu sch\u00fctzen und die Lebensdauer des Bodens zu verl\u00e4ngern.<\/p>\n<p><strong>RCR Flooring Products produziert und liefert die Hartstoffe der Marke Rocland. Informationen zu diesen Produkten finden Sie hier, <a href=\"http:\/\/www.rocland.eu\/en\/product\/hardeners\/\">auf der Website von Rocland.<\/a><\/strong><\/p>\n<p><img loading=\"lazy\" decoding=\"async\" class=\"alignnone size-large wp-image-6850\" src=\"http:\/\/permaban.com\/wp-content\/uploads\/2019\/06\/SY9A8606-web-1024x683.jpg\" alt=\"\" width=\"1024\" height=\"683\" srcset=\"https:\/\/permaban.com\/wp-content\/uploads\/2019\/06\/SY9A8606-web.jpg 1024w, https:\/\/permaban.com\/wp-content\/uploads\/2019\/06\/SY9A8606-web-640x427.jpg 640w, https:\/\/permaban.com\/wp-content\/uploads\/2019\/06\/SY9A8606-web-768x512.jpg 768w, https:\/\/permaban.com\/wp-content\/uploads\/2019\/06\/SY9A8606-web-272x182.jpg 272w\" sizes=\"auto, (max-width: 1024px) 100vw, 1024px\" \/><\/p>\n<p><strong>Was ist eine Hartstoffeinstreuung?<\/strong><\/p>\n<p>Die Hartstoffeinstreuung ist eine k\u00f6rnige Substanz, die w\u00e4hrend des Aush\u00e4rtens gleichm\u00e4\u00dfig \u00fcber einen frischen Betonboden gestreut wird.\u202f Bei Verwendung einer Gl\u00e4ttmaschine verschmilzt die Hartstoffeinstreuung mit der Betonoberfl\u00e4che und bildet so eine dauerhafte, monolithisch mit der Platte verbundene Deckschicht, die den Betonboden sch\u00fctzt und seine Lebensdauer verl\u00e4ngert.<\/p>\n<p>Hartstoffeinstreuungen bestehen aus Zement, Zuschlagstoffen, Zusatzmitteln und Pigmenten, die zu einem Pulver vermischt werden.\u00a0 Es stehen verschiedene Formulierungen f\u00fcr eine Reihe von Anwendungen zur Verf\u00fcgung.<\/p>\n<p><strong>Vorteile der Verwendung von Hartstoffen<\/strong><\/p>\n<p><strong>Using a surface hardener offers\u00a0many\u00a0benefits:<\/strong><\/p>\n<ul>\n<li>Er sch\u00fctzt vor Sch\u00e4den durch St\u00f6\u00dfe, Schl\u00e4ge, Schrammen und Abrieb.<\/li>\n<li>Er reduziert die Lebensdauerkosten f\u00fcr Reparatur und Pflege von Bodenbel\u00e4gen.<\/li>\n<li>Er verbessert das Aussehen des Bodens.<\/li>\n<li>Er bietet eine kosteng\u00fcnstige M\u00f6glichkeit, Farbe hinzuzuf\u00fcgen.\u00a0\u00a0Es k\u00f6nnen verschiedene Farben verwendet werden, um verschiedene Bereiche des Bodens zu kennzeichnen.<\/li>\n<li>Bei Stahlfaserbetonb\u00f6den (SFRC) hilft er, oberfl\u00e4chennahe Stahlfasern zu unterdr\u00fccken.<\/li>\n<li>Er kann Textur und Rutschfestigkeit bieten.<\/li>\n<li>Er kann dazu beitragen, dass der Boden mehr Licht reflektiert, wodurch der Licht- und Energiebedarf reduziert wird.<\/li>\n<li>Er tr\u00e4gt dazu bei, dass sich die Besitzer und Nutzer des Geb\u00e4udes um den Fu\u00dfboden k\u00fcmmern.<\/li>\n<li>Er kann Wert und Verk\u00e4uflichkeit eines Industriegeb\u00e4udes erh\u00f6hen.<\/li>\n<\/ul>\n<p><img loading=\"lazy\" decoding=\"async\" class=\"alignnone size-large wp-image-6860\" src=\"http:\/\/permaban.com\/wp-content\/uploads\/2019\/06\/IMG_5253-1024x683.jpg\" alt=\"\" width=\"1024\" height=\"683\" srcset=\"https:\/\/permaban.com\/wp-content\/uploads\/2019\/06\/IMG_5253-1024x683.jpg 1024w, https:\/\/permaban.com\/wp-content\/uploads\/2019\/06\/IMG_5253-640x427.jpg 640w, https:\/\/permaban.com\/wp-content\/uploads\/2019\/06\/IMG_5253-768x512.jpg 768w, https:\/\/permaban.com\/wp-content\/uploads\/2019\/06\/IMG_5253-272x182.jpg 272w\" sizes=\"auto, (max-width: 1024px) 100vw, 1024px\" \/><\/p>\n<p><strong>Trocken-in-Nass- oder Nass-in-Nass-Anwendung<\/strong><\/p>\n<p>Obwohl \u00fcblicherweise als Trockenpulver gestreut (Hartstoffeinstreuung), k\u00f6nnen Hartstoffe auch als Nass-in-Nass-Schl\u00e4mme aufgetragen werden.\u00a0 Dadurch wird der Boden zus\u00e4tzlich gesch\u00fctzt, erh\u00e4lt eine tiefere und reichhaltigere Oberfl\u00e4chenqualit\u00e4t und verl\u00e4ngert die Lebensdauer des Bodens erheblich.<\/p>\n<p><strong>Farbauswahl<\/strong><\/p>\n<p>Die Marke Rocland bietet eine Reihe von Standardfarben an, aber es k\u00f6nnen auch spezifische Farben erstellt werden.\u00a0 Bitte sprechen Sie mit RCR Flooring Products so fr\u00fch wie m\u00f6glich \u00fcber Ihre Anforderungen.<\/p>\n<p><span data-ccp-props=\"{&quot;201341983&quot;:0,&quot;335559739&quot;:200,&quot;335559740&quot;:276}\"> <img loading=\"lazy\" decoding=\"async\" class=\"alignnone size-large wp-image-6855\" src=\"http:\/\/permaban.com\/wp-content\/uploads\/2019\/06\/image.jpg-1024x763.jpeg\" alt=\"\" width=\"1024\" height=\"763\" srcset=\"https:\/\/permaban.com\/wp-content\/uploads\/2019\/06\/image.jpg-1024x763.jpeg 1024w, https:\/\/permaban.com\/wp-content\/uploads\/2019\/06\/image.jpg-573x427.jpeg 573w, https:\/\/permaban.com\/wp-content\/uploads\/2019\/06\/image.jpg-768x572.jpeg 768w, https:\/\/permaban.com\/wp-content\/uploads\/2019\/06\/image.jpg.jpeg 1618w\" sizes=\"auto, (max-width: 1024px) 100vw, 1024px\" \/><\/span><\/p>\n<p><strong>Sie k\u00f6nnen mehr \u00fcber Hartstoffeinstreuung erfahren, wenn Sie diese hilfreichen Artikel auf der <a href=\"http:\/\/www.rocland.eu\/en\/category\/floor-surface-protection-surface-hardeners\/\">Rocland-Website lesen. <\/a><\/strong><\/p>\n<\/div>\n<\/div><\/div><\/div><div id=\"pgc-10810-0-1\"  class=\"panel-grid-cell\" ><div id=\"panel-10810-0-1-0\" class=\"so-panel widget widget_sow-editor panel-first-child panel-last-child\" data-index=\"1\" ><div\n\t\t\t\n\t\t\tclass=\"so-widget-sow-editor so-widget-sow-editor-base\"\n\t\t\t\n\t\t>\n<div class=\"siteorigin-widget-tinymce textwidget\">\n\t<!-- Widget Shortcode --><div id=\"siteorigin-panels-builder-3\" class=\"widget widget_siteorigin-panels-builder widget-shortcode area-product-category-sidebar \"><div id=\"pl-w6214c67744dd0\"  class=\"panel-layout\" ><div id=\"pg-w6214c67744dd0-0\"  class=\"panel-grid panel-has-style\" ><div class=\"primary-color-backround panel-row-style panel-row-style-for-w6214c67744dd0-0\" ><div id=\"pgc-w6214c67744dd0-0-0\"  class=\"panel-grid-cell\" ><div id=\"panel-w6214c67744dd0-0-0-0\" class=\"so-panel widget widget_sow-editor panel-first-child panel-last-child\" data-index=\"0\" ><div class=\"white-text panel-widget-style panel-widget-style-for-w6214c67744dd0-0-0-0\" ><div\n\t\t\t\n\t\t\tclass=\"so-widget-sow-editor so-widget-sow-editor-base\"\n\t\t\t\n\t\t>\n<div class=\"siteorigin-widget-tinymce textwidget\">\n\t<h5><strong>Need some help?<\/strong><br \/>\n<strong>Get in touch.<\/strong><\/h5>\n<\/div>\n<\/div><\/div><\/div><\/div><\/div><\/div><div id=\"pg-w6214c67744dd0-1\"  class=\"panel-grid panel-has-style\" ><div class=\"light-grey-background panel-row-style panel-row-style-for-w6214c67744dd0-1\" ><div id=\"pgc-w6214c67744dd0-1-0\"  class=\"panel-grid-cell\" ><div id=\"panel-w6214c67744dd0-1-0-0\" class=\"so-panel widget widget_sow-editor panel-first-child panel-last-child\" data-index=\"1\" ><div\n\t\t\t\n\t\t\tclass=\"so-widget-sow-editor so-widget-sow-editor-base\"\n\t\t\t\n\t\t>\n<div class=\"siteorigin-widget-tinymce textwidget\">\n\t<p>Contact our sales team today for product advice and pricing.<\/p>\n<p>Call now on<\/p>\n<h5>+44 1752 895288<\/h5>\n<p>Or <a href=\"http:\/\/permaban.com\/find-a-distributor\/\">find a distributor<\/a><\/p>\n<\/div>\n<\/div><\/div><\/div><\/div><\/div><\/div><\/div><!-- \/Widget Shortcode -->\n<\/div>\n<\/div><\/div><\/div><\/div><\/div>","protected":false},"excerpt":{"rendered":"<p>Der Schutz eines Betonbodens reicht \u00fcber die Fugen hinaus. Die Oberfl\u00e4che des Bodens ist besonders anf\u00e4llig f\u00fcr Sch\u00e4den durch Sto\u00df und Abrieb. Die Verwendung von Hartstoffen (allgemein als Hartstoffeinstreuung bezeichnet) ist eine der effektivsten Methoden, um die Oberfl\u00e4che zu sch\u00fctzen&#8230;<\/p>\n","protected":false},"author":3,"featured_media":6459,"parent":10795,"menu_order":0,"comment_status":"closed","ping_status":"closed","template":"","meta":{"_acf_changed":false,"_monsterinsights_skip_tracking":false,"_monsterinsights_sitenote_active":false,"_monsterinsights_sitenote_note":"","_monsterinsights_sitenote_category":0,"footnotes":""},"class_list":["post-10810","page","type-page","status-publish","has-post-thumbnail","hentry"],"acf":[],"yoast_head":"<!-- This site is optimized with the Yoast SEO plugin v27.3 - https:\/\/yoast.com\/product\/yoast-seo-wordpress\/ -->\n<title>Trockensch\u00fcttel-Beton-Bodenh\u00e4rter f\u00fcr Industrieb\u00f6den - Permaban<\/title>\n<meta name=\"description\" content=\"Die Verwendung eines Oberfl\u00e4chenh\u00e4rters (allgemein als Trockenshake bezeichnet) ist eine der effektivsten Methoden, um die Oberfl\u00e4che zu sch\u00fctzen und die Lebensdauer des Bodens zu verl\u00e4ngern.\" \/>\n<meta name=\"robots\" content=\"index, follow, max-snippet:-1, max-image-preview:large, max-video-preview:-1\" \/>\n<link rel=\"canonical\" href=\"https:\/\/permaban.com\/de\/produkte\/hartstoffeinstreuung-zur-oberflaechenhaertung\/\" \/>\n<meta property=\"og:locale\" content=\"de_DE\" \/>\n<meta property=\"og:type\" content=\"article\" \/>\n<meta property=\"og:title\" content=\"Trockensch\u00fcttel-Beton-Bodenh\u00e4rter f\u00fcr Industrieb\u00f6den - Permaban\" \/>\n<meta property=\"og:description\" content=\"Die Verwendung eines Oberfl\u00e4chenh\u00e4rters (allgemein als Trockenshake bezeichnet) ist eine der effektivsten Methoden, um die Oberfl\u00e4che zu sch\u00fctzen und die Lebensdauer des Bodens zu verl\u00e4ngern.\" \/>\n<meta property=\"og:url\" content=\"https:\/\/permaban.com\/de\/produkte\/hartstoffeinstreuung-zur-oberflaechenhaertung\/\" \/>\n<meta property=\"og:site_name\" content=\"Permaban\" \/>\n<meta property=\"article:modified_time\" content=\"2020-09-29T10:43:30+00:00\" \/>\n<meta property=\"og:image\" content=\"https:\/\/permaban.com\/wp-content\/uploads\/2019\/06\/Rocland-Surface-hardeners.jpg\" \/>\n\t<meta property=\"og:image:width\" content=\"1024\" \/>\n\t<meta property=\"og:image:height\" content=\"683\" \/>\n\t<meta property=\"og:image:type\" content=\"image\/jpeg\" \/>\n<meta name=\"twitter:card\" content=\"summary_large_image\" \/>\n<meta name=\"twitter:label1\" content=\"Gesch\u00e4tzte Lesezeit\" \/>\n\t<meta name=\"twitter:data1\" content=\"2\u00a0Minuten\" \/>\n<script type=\"application\/ld+json\" class=\"yoast-schema-graph\">{\"@context\":\"https:\\\/\\\/schema.org\",\"@graph\":[{\"@type\":\"WebPage\",\"@id\":\"https:\\\/\\\/permaban.com\\\/de\\\/produkte\\\/hartstoffeinstreuung-zur-oberflaechenhaertung\\\/\",\"url\":\"https:\\\/\\\/permaban.com\\\/de\\\/produkte\\\/hartstoffeinstreuung-zur-oberflaechenhaertung\\\/\",\"name\":\"Trockensch\u00fcttel-Beton-Bodenh\u00e4rter f\u00fcr Industrieb\u00f6den - Permaban\",\"isPartOf\":{\"@id\":\"https:\\\/\\\/permaban.com\\\/de\\\/#website\"},\"primaryImageOfPage\":{\"@id\":\"https:\\\/\\\/permaban.com\\\/de\\\/produkte\\\/hartstoffeinstreuung-zur-oberflaechenhaertung\\\/#primaryimage\"},\"image\":{\"@id\":\"https:\\\/\\\/permaban.com\\\/de\\\/produkte\\\/hartstoffeinstreuung-zur-oberflaechenhaertung\\\/#primaryimage\"},\"thumbnailUrl\":\"https:\\\/\\\/permaban.com\\\/wp-content\\\/uploads\\\/2019\\\/06\\\/Rocland-Surface-hardeners.jpg\",\"datePublished\":\"2020-09-23T10:40:08+00:00\",\"dateModified\":\"2020-09-29T10:43:30+00:00\",\"description\":\"Die Verwendung eines Oberfl\u00e4chenh\u00e4rters (allgemein als Trockenshake bezeichnet) ist eine der effektivsten Methoden, um die Oberfl\u00e4che zu sch\u00fctzen und die Lebensdauer des Bodens zu verl\u00e4ngern.\",\"breadcrumb\":{\"@id\":\"https:\\\/\\\/permaban.com\\\/de\\\/produkte\\\/hartstoffeinstreuung-zur-oberflaechenhaertung\\\/#breadcrumb\"},\"inLanguage\":\"de\",\"potentialAction\":[{\"@type\":\"ReadAction\",\"target\":[\"https:\\\/\\\/permaban.com\\\/de\\\/produkte\\\/hartstoffeinstreuung-zur-oberflaechenhaertung\\\/\"]}]},{\"@type\":\"ImageObject\",\"inLanguage\":\"de\",\"@id\":\"https:\\\/\\\/permaban.com\\\/de\\\/produkte\\\/hartstoffeinstreuung-zur-oberflaechenhaertung\\\/#primaryimage\",\"url\":\"https:\\\/\\\/permaban.com\\\/wp-content\\\/uploads\\\/2019\\\/06\\\/Rocland-Surface-hardeners.jpg\",\"contentUrl\":\"https:\\\/\\\/permaban.com\\\/wp-content\\\/uploads\\\/2019\\\/06\\\/Rocland-Surface-hardeners.jpg\",\"width\":1024,\"height\":683},{\"@type\":\"BreadcrumbList\",\"@id\":\"https:\\\/\\\/permaban.com\\\/de\\\/produkte\\\/hartstoffeinstreuung-zur-oberflaechenhaertung\\\/#breadcrumb\",\"itemListElement\":[{\"@type\":\"ListItem\",\"position\":1,\"name\":\"Home\",\"item\":\"https:\\\/\\\/permaban.com\\\/de\\\/\"},{\"@type\":\"ListItem\",\"position\":2,\"name\":\"Produkte\",\"item\":\"https:\\\/\\\/permaban.com\\\/de\\\/produkte\\\/\"},{\"@type\":\"ListItem\",\"position\":3,\"name\":\"Hartstoffeinstreuung zur Oberfl\u00e4chenh\u00e4rtung\"}]},{\"@type\":\"WebSite\",\"@id\":\"https:\\\/\\\/permaban.com\\\/de\\\/#website\",\"url\":\"https:\\\/\\\/permaban.com\\\/de\\\/\",\"name\":\"Permaban\",\"description\":\"Industrial Flooring Products\",\"potentialAction\":[{\"@type\":\"SearchAction\",\"target\":{\"@type\":\"EntryPoint\",\"urlTemplate\":\"https:\\\/\\\/permaban.com\\\/de\\\/?s={search_term_string}\"},\"query-input\":{\"@type\":\"PropertyValueSpecification\",\"valueRequired\":true,\"valueName\":\"search_term_string\"}}],\"inLanguage\":\"de\"}]}<\/script>\n<!-- \/ Yoast SEO plugin. -->","yoast_head_json":{"title":"Trockensch\u00fcttel-Beton-Bodenh\u00e4rter f\u00fcr Industrieb\u00f6den - Permaban","description":"Die Verwendung eines Oberfl\u00e4chenh\u00e4rters (allgemein als Trockenshake bezeichnet) ist eine der effektivsten Methoden, um die Oberfl\u00e4che zu sch\u00fctzen und die Lebensdauer des Bodens zu verl\u00e4ngern.","robots":{"index":"index","follow":"follow","max-snippet":"max-snippet:-1","max-image-preview":"max-image-preview:large","max-video-preview":"max-video-preview:-1"},"canonical":"https:\/\/permaban.com\/de\/produkte\/hartstoffeinstreuung-zur-oberflaechenhaertung\/","og_locale":"de_DE","og_type":"article","og_title":"Trockensch\u00fcttel-Beton-Bodenh\u00e4rter f\u00fcr Industrieb\u00f6den - Permaban","og_description":"Die Verwendung eines Oberfl\u00e4chenh\u00e4rters (allgemein als Trockenshake bezeichnet) ist eine der effektivsten Methoden, um die Oberfl\u00e4che zu sch\u00fctzen und die Lebensdauer des Bodens zu verl\u00e4ngern.","og_url":"https:\/\/permaban.com\/de\/produkte\/hartstoffeinstreuung-zur-oberflaechenhaertung\/","og_site_name":"Permaban","article_modified_time":"2020-09-29T10:43:30+00:00","og_image":[{"width":1024,"height":683,"url":"https:\/\/permaban.com\/wp-content\/uploads\/2019\/06\/Rocland-Surface-hardeners.jpg","type":"image\/jpeg"}],"twitter_card":"summary_large_image","twitter_misc":{"Gesch\u00e4tzte Lesezeit":"2\u00a0Minuten"},"schema":{"@context":"https:\/\/schema.org","@graph":[{"@type":"WebPage","@id":"https:\/\/permaban.com\/de\/produkte\/hartstoffeinstreuung-zur-oberflaechenhaertung\/","url":"https:\/\/permaban.com\/de\/produkte\/hartstoffeinstreuung-zur-oberflaechenhaertung\/","name":"Trockensch\u00fcttel-Beton-Bodenh\u00e4rter f\u00fcr Industrieb\u00f6den - Permaban","isPartOf":{"@id":"https:\/\/permaban.com\/de\/#website"},"primaryImageOfPage":{"@id":"https:\/\/permaban.com\/de\/produkte\/hartstoffeinstreuung-zur-oberflaechenhaertung\/#primaryimage"},"image":{"@id":"https:\/\/permaban.com\/de\/produkte\/hartstoffeinstreuung-zur-oberflaechenhaertung\/#primaryimage"},"thumbnailUrl":"https:\/\/permaban.com\/wp-content\/uploads\/2019\/06\/Rocland-Surface-hardeners.jpg","datePublished":"2020-09-23T10:40:08+00:00","dateModified":"2020-09-29T10:43:30+00:00","description":"Die Verwendung eines Oberfl\u00e4chenh\u00e4rters (allgemein als Trockenshake bezeichnet) ist eine der effektivsten Methoden, um die Oberfl\u00e4che zu sch\u00fctzen und die Lebensdauer des Bodens zu verl\u00e4ngern.","breadcrumb":{"@id":"https:\/\/permaban.com\/de\/produkte\/hartstoffeinstreuung-zur-oberflaechenhaertung\/#breadcrumb"},"inLanguage":"de","potentialAction":[{"@type":"ReadAction","target":["https:\/\/permaban.com\/de\/produkte\/hartstoffeinstreuung-zur-oberflaechenhaertung\/"]}]},{"@type":"ImageObject","inLanguage":"de","@id":"https:\/\/permaban.com\/de\/produkte\/hartstoffeinstreuung-zur-oberflaechenhaertung\/#primaryimage","url":"https:\/\/permaban.com\/wp-content\/uploads\/2019\/06\/Rocland-Surface-hardeners.jpg","contentUrl":"https:\/\/permaban.com\/wp-content\/uploads\/2019\/06\/Rocland-Surface-hardeners.jpg","width":1024,"height":683},{"@type":"BreadcrumbList","@id":"https:\/\/permaban.com\/de\/produkte\/hartstoffeinstreuung-zur-oberflaechenhaertung\/#breadcrumb","itemListElement":[{"@type":"ListItem","position":1,"name":"Home","item":"https:\/\/permaban.com\/de\/"},{"@type":"ListItem","position":2,"name":"Produkte","item":"https:\/\/permaban.com\/de\/produkte\/"},{"@type":"ListItem","position":3,"name":"Hartstoffeinstreuung zur Oberfl\u00e4chenh\u00e4rtung"}]},{"@type":"WebSite","@id":"https:\/\/permaban.com\/de\/#website","url":"https:\/\/permaban.com\/de\/","name":"Permaban","description":"Industrial Flooring Products","potentialAction":[{"@type":"SearchAction","target":{"@type":"EntryPoint","urlTemplate":"https:\/\/permaban.com\/de\/?s={search_term_string}"},"query-input":{"@type":"PropertyValueSpecification","valueRequired":true,"valueName":"search_term_string"}}],"inLanguage":"de"}]}},"_links":{"self":[{"href":"https:\/\/permaban.com\/de\/wp-json\/wp\/v2\/pages\/10810","targetHints":{"allow":["GET"]}}],"collection":[{"href":"https:\/\/permaban.com\/de\/wp-json\/wp\/v2\/pages"}],"about":[{"href":"https:\/\/permaban.com\/de\/wp-json\/wp\/v2\/types\/page"}],"author":[{"embeddable":true,"href":"https:\/\/permaban.com\/de\/wp-json\/wp\/v2\/users\/3"}],"replies":[{"embeddable":true,"href":"https:\/\/permaban.com\/de\/wp-json\/wp\/v2\/comments?post=10810"}],"version-history":[{"count":2,"href":"https:\/\/permaban.com\/de\/wp-json\/wp\/v2\/pages\/10810\/revisions"}],"predecessor-version":[{"id":10961,"href":"https:\/\/permaban.com\/de\/wp-json\/wp\/v2\/pages\/10810\/revisions\/10961"}],"up":[{"embeddable":true,"href":"https:\/\/permaban.com\/de\/wp-json\/wp\/v2\/pages\/10795"}],"wp:featuredmedia":[{"embeddable":true,"href":"https:\/\/permaban.com\/de\/wp-json\/wp\/v2\/media\/6459"}],"wp:attachment":[{"href":"https:\/\/permaban.com\/de\/wp-json\/wp\/v2\/media?parent=10810"}],"curies":[{"name":"wp","href":"https:\/\/api.w.org\/{rel}","templated":true}]}}