{"id":10811,"date":"2020-09-23T11:44:20","date_gmt":"2020-09-23T10:44:20","guid":{"rendered":"https:\/\/permaban.com\/produkte\/fugendichtstoffe\/"},"modified":"2020-09-29T11:39:02","modified_gmt":"2020-09-29T10:39:02","slug":"fugendichtstoffe","status":"publish","type":"page","link":"https:\/\/permaban.com\/de\/produkte\/fugendichtstoffe\/","title":{"rendered":"Fugendichtstoffe"},"content":{"rendered":"<div id=\"pl-10811\"  class=\"panel-layout\" ><div id=\"pg-10811-0\"  class=\"panel-grid panel-no-style\" ><div id=\"pgc-10811-0-0\"  class=\"panel-grid-cell\" ><div id=\"panel-10811-0-0-0\" class=\"so-panel widget widget_sow-editor panel-first-child panel-last-child\" data-index=\"0\" ><div\n\t\t\t\n\t\t\tclass=\"so-widget-sow-editor so-widget-sow-editor-base\"\n\t\t\t\n\t\t>\n<div class=\"siteorigin-widget-tinymce textwidget\">\n\t<p><img loading=\"lazy\" decoding=\"async\" class=\"alignnone size-full wp-image-6938\" src=\"http:\/\/permaban.com\/wp-content\/uploads\/2019\/06\/Rocland-with-strapline-1.jpg\" alt=\"\" width=\"200\" height=\"190\" \/><\/p>\n<p>Fugendichtstoffe sind ein wichtiger Teil des Schutzes von Fugen in Betonb\u00f6den. Unabh\u00e4ngig davon, ob die Fuge eingefr\u00e4st wurde (Scheinfuge) oder eine geformte Arbeitsfuge (Kantenschutzprofil) ist, hilft das Verf\u00fcllen des Spaltes mit einer Dichtmasse, die Fuge zu stabilisieren und Kantenbruch zu vermeiden.<\/p>\n<p><strong>RCR Flooring Products produziert und liefert Fugendichtstoffe der Marke Rocland. Informationen zu diesen Produkten finden Sie hier,<a href=\"http:\/\/www.rocland.eu\/en\/product\/joints-sealing\/\"> auf der Website von Rocland.<\/a><\/strong><\/p>\n<p><strong>Welche Fugendichtstoffe sind verf\u00fcgbar?<\/strong><\/p>\n<p>Rocland bietet zwei Arten von Fugendichtstoffen an \u2013 einen Polyurethan-Dichtstoff (weiche Spachtelmasse) und einen flexiblen PVC-Streifen.<\/p>\n<p>Die Spachtelmasse ist \u00e4u\u00dferst vielseitig und eignet sich f\u00fcr Fugengr\u00f6\u00dfen bis zu 6 mm bei Neubauten und Renovierungen. Sie kann sowohl im Innen- als auch im Au\u00dfenbereich eingesetzt werden.<\/p>\n<p>Der flexible PVC-Streifen wird auf einer Rolle in verschiedenen Gr\u00f6\u00dfen geliefert. Da es sich um ein Trockenprodukt handelt, muss keine Aush\u00e4rtungszeit eingeplant werden, so dass der Boden schnell in Gebrauch genommen werden kann. Der Streifen kann auf eine gr\u00f6\u00dfere Breite ge\u00e4ndert werden, wenn sich die Fuge ausdehnt.<\/p>\n<p>Vorteile der Verwendung eines Fugendichtstoffes<\/p>\n<ul>\n<li>Sch\u00fctzt die Kanten von freiliegenden Scheinfugen vor Sto\u00dfsch\u00e4den durch Fahrzeuge und Fu\u00dfg\u00e4ngerverkehr.<\/li>\n<li>Reduziert die Notwendigkeit f\u00fcr zuk\u00fcnftige Reparaturen in Fugenbereichen.<\/li>\n<li>Verhindert das Eindringen von Schmutz in die Fuge \u2013 besonders wichtig in Betrieben der Lebensmittelherstellung<\/li>\n<li>Verhindert das Auslaugen von Chemikalien in den Boden durch die Fuge.<\/li>\n<li>Kann Stolpergefahr vermeiden, z. B. das Steckenbleiben von Schuhabs\u00e4tzen in der Fuge.<\/li>\n<\/ul>\n<p><strong>Vorinstallierte Dichtungsmasse<\/strong><\/p>\n<p>Einige unserer Kantenschutzprofile k\u00f6nnen mit einem vorinstallierten Dichtungsband geliefert werden. Sprechen Sie mit unserem Verkaufsteam, um mehr zu erfahren.<\/p>\n<p>Fugenf\u00fcllprofil<\/p>\n<p>Beim Auftragen einer Polyurethan-Dichtungsmasse kann es hilfreich sein, zun\u00e4chst ein F\u00fcllprofil in die Fuge einzusetzen. Hierbei handelt es sich um ein St\u00fcck zylindrischen Schaumstoffs, der eine solide Basis bildet, um zu verhindern, dass die Dichtungsmasse in die Fuge f\u00e4llt. Dies tr\u00e4gt dazu bei, eine einheitliche Tiefe und einen sauberen Abschluss zu gew\u00e4hrleisten. Einzelheiten zum Ethafoam-Produkt finden Sie auf der Website von Rocland.<\/p>\n<p><strong>Mehr \u00fcber Fugendichtstoffe erfahren Sie aus diesen hilfreichen Artikeln auf der <a href=\"http:\/\/www.rocland.eu\/en\/category\/joints-and-sealants\/\">Rocland Website. <\/a><\/strong><\/p>\n<\/div>\n<\/div><\/div><\/div><div id=\"pgc-10811-0-1\"  class=\"panel-grid-cell\" ><div id=\"panel-10811-0-1-0\" class=\"so-panel widget widget_sow-editor panel-first-child panel-last-child\" data-index=\"1\" ><div\n\t\t\t\n\t\t\tclass=\"so-widget-sow-editor so-widget-sow-editor-base\"\n\t\t\t\n\t\t>\n<div class=\"siteorigin-widget-tinymce textwidget\">\n\t<!-- Widget Shortcode --><div id=\"siteorigin-panels-builder-3\" class=\"widget widget_siteorigin-panels-builder widget-shortcode area-product-category-sidebar \"><div id=\"pl-w6214c67744dd0\"  class=\"panel-layout\" ><div id=\"pg-w6214c67744dd0-0\"  class=\"panel-grid panel-has-style\" ><div class=\"primary-color-backround panel-row-style panel-row-style-for-w6214c67744dd0-0\" ><div id=\"pgc-w6214c67744dd0-0-0\"  class=\"panel-grid-cell\" ><div id=\"panel-w6214c67744dd0-0-0-0\" class=\"so-panel widget widget_sow-editor panel-first-child panel-last-child\" data-index=\"0\" ><div class=\"white-text panel-widget-style panel-widget-style-for-w6214c67744dd0-0-0-0\" ><div\n\t\t\t\n\t\t\tclass=\"so-widget-sow-editor so-widget-sow-editor-base\"\n\t\t\t\n\t\t>\n<div class=\"siteorigin-widget-tinymce textwidget\">\n\t<h5><strong>Need some help?<\/strong><br \/>\n<strong>Get in touch.<\/strong><\/h5>\n<\/div>\n<\/div><\/div><\/div><\/div><\/div><\/div><div id=\"pg-w6214c67744dd0-1\"  class=\"panel-grid panel-has-style\" ><div class=\"light-grey-background panel-row-style panel-row-style-for-w6214c67744dd0-1\" ><div id=\"pgc-w6214c67744dd0-1-0\"  class=\"panel-grid-cell\" ><div id=\"panel-w6214c67744dd0-1-0-0\" class=\"so-panel widget widget_sow-editor panel-first-child panel-last-child\" data-index=\"1\" ><div\n\t\t\t\n\t\t\tclass=\"so-widget-sow-editor so-widget-sow-editor-base\"\n\t\t\t\n\t\t>\n<div class=\"siteorigin-widget-tinymce textwidget\">\n\t<p>Contact our sales team today for product advice and pricing.<\/p>\n<p>Call now on<\/p>\n<h5>+44 1752 895288<\/h5>\n<p>Or <a href=\"http:\/\/permaban.com\/find-a-distributor\/\">find a distributor<\/a><\/p>\n<\/div>\n<\/div><\/div><\/div><\/div><\/div><\/div><\/div><!-- \/Widget Shortcode -->\n<\/div>\n<\/div><\/div><\/div><\/div><\/div>","protected":false},"excerpt":{"rendered":"<p>Fugendichtstoffe sind ein wichtiger Teil des Schutzes von Fugen in Betonb\u00f6den. Unabh\u00e4ngig davon, ob die Fuge eingefr\u00e4st wurde (Scheinfuge) oder eine geformte Arbeitsfuge (Kantenschutzprofil) ist, hilft das Verf\u00fcllen des Spaltes mit einer Dichtmasse, die Fuge zu stabilisieren und Kantenbruch zu&#8230;<\/p>\n","protected":false},"author":3,"featured_media":6454,"parent":10795,"menu_order":0,"comment_status":"closed","ping_status":"closed","template":"","meta":{"_acf_changed":false,"_monsterinsights_skip_tracking":false,"_monsterinsights_sitenote_active":false,"_monsterinsights_sitenote_note":"","_monsterinsights_sitenote_category":0,"footnotes":""},"class_list":["post-10811","page","type-page","status-publish","has-post-thumbnail","hentry"],"acf":[],"yoast_head":"<!-- This site is optimized with the Yoast SEO plugin v27.3 - https:\/\/yoast.com\/product\/yoast-seo-wordpress\/ -->\n<title>Betonplattenfugendichtstoff f\u00fcr S\u00e4geschnittfugen, gepanzerte Fugen - Permaban<\/title>\n<meta name=\"description\" content=\"Das F\u00fcllen eines Fugenspalts mit einem Betonplattenfugendichtstoff hilft, die Fuge zu st\u00fctzen und Saumsch\u00e4den zu verhindern, sowohl bei S\u00e4geschnittfugen als auch bei gepanzerten Fugen.\" \/>\n<meta name=\"robots\" content=\"index, follow, max-snippet:-1, max-image-preview:large, max-video-preview:-1\" \/>\n<link rel=\"canonical\" href=\"https:\/\/permaban.com\/de\/produkte\/fugendichtstoffe\/\" \/>\n<meta property=\"og:locale\" content=\"de_DE\" \/>\n<meta property=\"og:type\" content=\"article\" \/>\n<meta property=\"og:title\" content=\"Betonplattenfugendichtstoff f\u00fcr S\u00e4geschnittfugen, gepanzerte Fugen - Permaban\" \/>\n<meta property=\"og:description\" content=\"Das F\u00fcllen eines Fugenspalts mit einem Betonplattenfugendichtstoff hilft, die Fuge zu st\u00fctzen und Saumsch\u00e4den zu verhindern, sowohl bei S\u00e4geschnittfugen als auch bei gepanzerten Fugen.\" \/>\n<meta property=\"og:url\" content=\"https:\/\/permaban.com\/de\/produkte\/fugendichtstoffe\/\" \/>\n<meta property=\"og:site_name\" content=\"Permaban\" \/>\n<meta property=\"article:modified_time\" content=\"2020-09-29T10:39:02+00:00\" \/>\n<meta property=\"og:image\" content=\"https:\/\/permaban.com\/wp-content\/uploads\/2019\/06\/Checking-floor-level-after-completion.jpg\" \/>\n\t<meta property=\"og:image:width\" content=\"4032\" \/>\n\t<meta property=\"og:image:height\" content=\"3024\" \/>\n\t<meta property=\"og:image:type\" content=\"image\/jpeg\" \/>\n<meta name=\"twitter:card\" content=\"summary_large_image\" \/>\n<meta name=\"twitter:label1\" content=\"Gesch\u00e4tzte Lesezeit\" \/>\n\t<meta name=\"twitter:data1\" content=\"2\u00a0Minuten\" \/>\n<script type=\"application\/ld+json\" class=\"yoast-schema-graph\">{\"@context\":\"https:\\\/\\\/schema.org\",\"@graph\":[{\"@type\":\"WebPage\",\"@id\":\"https:\\\/\\\/permaban.com\\\/de\\\/produkte\\\/fugendichtstoffe\\\/\",\"url\":\"https:\\\/\\\/permaban.com\\\/de\\\/produkte\\\/fugendichtstoffe\\\/\",\"name\":\"Betonplattenfugendichtstoff f\u00fcr S\u00e4geschnittfugen, gepanzerte Fugen - Permaban\",\"isPartOf\":{\"@id\":\"https:\\\/\\\/permaban.com\\\/de\\\/#website\"},\"primaryImageOfPage\":{\"@id\":\"https:\\\/\\\/permaban.com\\\/de\\\/produkte\\\/fugendichtstoffe\\\/#primaryimage\"},\"image\":{\"@id\":\"https:\\\/\\\/permaban.com\\\/de\\\/produkte\\\/fugendichtstoffe\\\/#primaryimage\"},\"thumbnailUrl\":\"https:\\\/\\\/permaban.com\\\/wp-content\\\/uploads\\\/2019\\\/06\\\/Checking-floor-level-after-completion.jpg\",\"datePublished\":\"2020-09-23T10:44:20+00:00\",\"dateModified\":\"2020-09-29T10:39:02+00:00\",\"description\":\"Das F\u00fcllen eines Fugenspalts mit einem Betonplattenfugendichtstoff hilft, die Fuge zu st\u00fctzen und Saumsch\u00e4den zu verhindern, sowohl bei S\u00e4geschnittfugen als auch bei gepanzerten Fugen.\",\"breadcrumb\":{\"@id\":\"https:\\\/\\\/permaban.com\\\/de\\\/produkte\\\/fugendichtstoffe\\\/#breadcrumb\"},\"inLanguage\":\"de\",\"potentialAction\":[{\"@type\":\"ReadAction\",\"target\":[\"https:\\\/\\\/permaban.com\\\/de\\\/produkte\\\/fugendichtstoffe\\\/\"]}]},{\"@type\":\"ImageObject\",\"inLanguage\":\"de\",\"@id\":\"https:\\\/\\\/permaban.com\\\/de\\\/produkte\\\/fugendichtstoffe\\\/#primaryimage\",\"url\":\"https:\\\/\\\/permaban.com\\\/wp-content\\\/uploads\\\/2019\\\/06\\\/Checking-floor-level-after-completion.jpg\",\"contentUrl\":\"https:\\\/\\\/permaban.com\\\/wp-content\\\/uploads\\\/2019\\\/06\\\/Checking-floor-level-after-completion.jpg\",\"width\":4032,\"height\":3024},{\"@type\":\"BreadcrumbList\",\"@id\":\"https:\\\/\\\/permaban.com\\\/de\\\/produkte\\\/fugendichtstoffe\\\/#breadcrumb\",\"itemListElement\":[{\"@type\":\"ListItem\",\"position\":1,\"name\":\"Home\",\"item\":\"https:\\\/\\\/permaban.com\\\/de\\\/\"},{\"@type\":\"ListItem\",\"position\":2,\"name\":\"Produkte\",\"item\":\"https:\\\/\\\/permaban.com\\\/de\\\/produkte\\\/\"},{\"@type\":\"ListItem\",\"position\":3,\"name\":\"Fugendichtstoffe\"}]},{\"@type\":\"WebSite\",\"@id\":\"https:\\\/\\\/permaban.com\\\/de\\\/#website\",\"url\":\"https:\\\/\\\/permaban.com\\\/de\\\/\",\"name\":\"Permaban\",\"description\":\"Industrial Flooring Products\",\"potentialAction\":[{\"@type\":\"SearchAction\",\"target\":{\"@type\":\"EntryPoint\",\"urlTemplate\":\"https:\\\/\\\/permaban.com\\\/de\\\/?s={search_term_string}\"},\"query-input\":{\"@type\":\"PropertyValueSpecification\",\"valueRequired\":true,\"valueName\":\"search_term_string\"}}],\"inLanguage\":\"de\"}]}<\/script>\n<!-- \/ Yoast SEO plugin. -->","yoast_head_json":{"title":"Betonplattenfugendichtstoff f\u00fcr S\u00e4geschnittfugen, gepanzerte Fugen - Permaban","description":"Das F\u00fcllen eines Fugenspalts mit einem Betonplattenfugendichtstoff hilft, die Fuge zu st\u00fctzen und Saumsch\u00e4den zu verhindern, sowohl bei S\u00e4geschnittfugen als auch bei gepanzerten Fugen.","robots":{"index":"index","follow":"follow","max-snippet":"max-snippet:-1","max-image-preview":"max-image-preview:large","max-video-preview":"max-video-preview:-1"},"canonical":"https:\/\/permaban.com\/de\/produkte\/fugendichtstoffe\/","og_locale":"de_DE","og_type":"article","og_title":"Betonplattenfugendichtstoff f\u00fcr S\u00e4geschnittfugen, gepanzerte Fugen - Permaban","og_description":"Das F\u00fcllen eines Fugenspalts mit einem Betonplattenfugendichtstoff hilft, die Fuge zu st\u00fctzen und Saumsch\u00e4den zu verhindern, sowohl bei S\u00e4geschnittfugen als auch bei gepanzerten Fugen.","og_url":"https:\/\/permaban.com\/de\/produkte\/fugendichtstoffe\/","og_site_name":"Permaban","article_modified_time":"2020-09-29T10:39:02+00:00","og_image":[{"width":4032,"height":3024,"url":"https:\/\/permaban.com\/wp-content\/uploads\/2019\/06\/Checking-floor-level-after-completion.jpg","type":"image\/jpeg"}],"twitter_card":"summary_large_image","twitter_misc":{"Gesch\u00e4tzte Lesezeit":"2\u00a0Minuten"},"schema":{"@context":"https:\/\/schema.org","@graph":[{"@type":"WebPage","@id":"https:\/\/permaban.com\/de\/produkte\/fugendichtstoffe\/","url":"https:\/\/permaban.com\/de\/produkte\/fugendichtstoffe\/","name":"Betonplattenfugendichtstoff f\u00fcr S\u00e4geschnittfugen, gepanzerte Fugen - Permaban","isPartOf":{"@id":"https:\/\/permaban.com\/de\/#website"},"primaryImageOfPage":{"@id":"https:\/\/permaban.com\/de\/produkte\/fugendichtstoffe\/#primaryimage"},"image":{"@id":"https:\/\/permaban.com\/de\/produkte\/fugendichtstoffe\/#primaryimage"},"thumbnailUrl":"https:\/\/permaban.com\/wp-content\/uploads\/2019\/06\/Checking-floor-level-after-completion.jpg","datePublished":"2020-09-23T10:44:20+00:00","dateModified":"2020-09-29T10:39:02+00:00","description":"Das F\u00fcllen eines Fugenspalts mit einem Betonplattenfugendichtstoff hilft, die Fuge zu st\u00fctzen und Saumsch\u00e4den zu verhindern, sowohl bei S\u00e4geschnittfugen als auch bei gepanzerten Fugen.","breadcrumb":{"@id":"https:\/\/permaban.com\/de\/produkte\/fugendichtstoffe\/#breadcrumb"},"inLanguage":"de","potentialAction":[{"@type":"ReadAction","target":["https:\/\/permaban.com\/de\/produkte\/fugendichtstoffe\/"]}]},{"@type":"ImageObject","inLanguage":"de","@id":"https:\/\/permaban.com\/de\/produkte\/fugendichtstoffe\/#primaryimage","url":"https:\/\/permaban.com\/wp-content\/uploads\/2019\/06\/Checking-floor-level-after-completion.jpg","contentUrl":"https:\/\/permaban.com\/wp-content\/uploads\/2019\/06\/Checking-floor-level-after-completion.jpg","width":4032,"height":3024},{"@type":"BreadcrumbList","@id":"https:\/\/permaban.com\/de\/produkte\/fugendichtstoffe\/#breadcrumb","itemListElement":[{"@type":"ListItem","position":1,"name":"Home","item":"https:\/\/permaban.com\/de\/"},{"@type":"ListItem","position":2,"name":"Produkte","item":"https:\/\/permaban.com\/de\/produkte\/"},{"@type":"ListItem","position":3,"name":"Fugendichtstoffe"}]},{"@type":"WebSite","@id":"https:\/\/permaban.com\/de\/#website","url":"https:\/\/permaban.com\/de\/","name":"Permaban","description":"Industrial Flooring Products","potentialAction":[{"@type":"SearchAction","target":{"@type":"EntryPoint","urlTemplate":"https:\/\/permaban.com\/de\/?s={search_term_string}"},"query-input":{"@type":"PropertyValueSpecification","valueRequired":true,"valueName":"search_term_string"}}],"inLanguage":"de"}]}},"_links":{"self":[{"href":"https:\/\/permaban.com\/de\/wp-json\/wp\/v2\/pages\/10811","targetHints":{"allow":["GET"]}}],"collection":[{"href":"https:\/\/permaban.com\/de\/wp-json\/wp\/v2\/pages"}],"about":[{"href":"https:\/\/permaban.com\/de\/wp-json\/wp\/v2\/types\/page"}],"author":[{"embeddable":true,"href":"https:\/\/permaban.com\/de\/wp-json\/wp\/v2\/users\/3"}],"replies":[{"embeddable":true,"href":"https:\/\/permaban.com\/de\/wp-json\/wp\/v2\/comments?post=10811"}],"version-history":[{"count":1,"href":"https:\/\/permaban.com\/de\/wp-json\/wp\/v2\/pages\/10811\/revisions"}],"predecessor-version":[{"id":10960,"href":"https:\/\/permaban.com\/de\/wp-json\/wp\/v2\/pages\/10811\/revisions\/10960"}],"up":[{"embeddable":true,"href":"https:\/\/permaban.com\/de\/wp-json\/wp\/v2\/pages\/10795"}],"wp:featuredmedia":[{"embeddable":true,"href":"https:\/\/permaban.com\/de\/wp-json\/wp\/v2\/media\/6454"}],"wp:attachment":[{"href":"https:\/\/permaban.com\/de\/wp-json\/wp\/v2\/media?parent=10811"}],"curies":[{"name":"wp","href":"https:\/\/api.w.org\/{rel}","templated":true}]}}