{"id":10812,"date":"2020-09-23T11:53:08","date_gmt":"2020-09-23T10:53:08","guid":{"rendered":"https:\/\/permaban.com\/produkte\/harz-systeme\/"},"modified":"2025-11-17T11:57:42","modified_gmt":"2025-11-17T11:57:42","slug":"harz-systeme","status":"publish","type":"page","link":"https:\/\/permaban.com\/de\/produkte\/harz-systeme\/","title":{"rendered":"Harz-Systeme"},"content":{"rendered":"<div id=\"pl-10812\"  class=\"panel-layout\" ><div id=\"pg-10812-0\"  class=\"panel-grid panel-no-style\" ><div id=\"pgc-10812-0-0\"  class=\"panel-grid-cell\" ><div id=\"panel-10812-0-0-0\" class=\"so-panel widget widget_sow-editor panel-first-child panel-last-child\" data-index=\"0\" ><div\n\t\t\t\n\t\t\tclass=\"so-widget-sow-editor so-widget-sow-editor-base\"\n\t\t\t\n\t\t>\n<div class=\"siteorigin-widget-tinymce textwidget\">\n\t<p><img loading=\"lazy\" decoding=\"async\" class=\"alignnone size-full wp-image-6927\" src=\"http:\/\/permaban.com\/wp-content\/uploads\/2019\/06\/rinol_logo.png\" alt=\"\" width=\"191\" height=\"73\" \/><\/p>\n<p>Einige Industriezweige stellen einen Industrieboden vor besondere Herausforderungen \u2013 beispielsweise dort, wo Chemikalien verwendet werden oder wo strenge Reinigungsvorschriften gelten. Ein Harzbeschichtungssystem kann die perfekte L\u00f6sung sowohl f\u00fcr neue B\u00f6den als auch f\u00fcr die Sanierung von Fu\u00dfb\u00f6den bieten.<\/p>\n<p>RCR Flooring Products produziert und liefert die Harzbeschichtungssysteme der Marke RINOL. Informationen zu diesen Systemen finden Sie hier, auf der <a href=\"https:\/\/rinol.com\/de\/\">RINOL-Website<\/a>.<\/p>\n<p><img loading=\"lazy\" decoding=\"async\" class=\"alignnone size-full wp-image-6918\" src=\"http:\/\/permaban.com\/wp-content\/uploads\/2019\/06\/Page-17-image-Rinol-Resin-Produktionshalle.jpg\" alt=\"\" width=\"963\" height=\"799\" srcset=\"https:\/\/permaban.com\/wp-content\/uploads\/2019\/06\/Page-17-image-Rinol-Resin-Produktionshalle.jpg 963w, https:\/\/permaban.com\/wp-content\/uploads\/2019\/06\/Page-17-image-Rinol-Resin-Produktionshalle-515x427.jpg 515w, https:\/\/permaban.com\/wp-content\/uploads\/2019\/06\/Page-17-image-Rinol-Resin-Produktionshalle-768x637.jpg 768w\" sizes=\"auto, (max-width: 963px) 100vw, 963px\" \/><\/p>\n<h3>Was ist ein Harzbeschichtungssystem?<\/h3>\n<p>Ein Harzbeschichtungssystem wird verwendet, um eine hochleistungsf\u00e4hige kommerzielle oder industrielle Bodenbelagsoberfl\u00e4che zu schaffen. RINOL Harzbeschichtungssysteme verwenden mehrere Schichten von speziell formulierten Harzen und Bindemitteln, um Bodenfl\u00e4chen von 0,5 mm bis 10 mm Dicke zu schaffen. Es stehen verschiedene Systeme zur Verf\u00fcgung, bei denen Epoxid-, Polyurethan-, Vinylester- oder Polyesterharze verwendet werden; die Wahl des Systems h\u00e4ngt davon ab, wie der Bodenbelag verwendet werden soll.<\/p>\n<p>&nbsp;<\/p>\n<h3>Vorteile der Wahl eines Harzbeschichtungssystems<\/h3>\n<p>Harzb\u00f6den sind robust und vielseitig und verleihen B\u00f6den eine attraktive, praktische und langlebige Oberfl\u00e4che. RINOL Harzb\u00f6den sind:<\/p>\n<ul>\n<li>nahtlos, um das Auftreten von Schmutz und Keimen zu reduzieren;<\/li>\n<li>undurchl\u00e4ssig, um zu verhindern, dass Chemikalien durch den Boden sickern;<\/li>\n<li>leicht zu reinigen und besonders best\u00e4ndig gegen starke Reinigungschemikalien;<\/li>\n<li>farbenfroh, um ein unverwechselbares, individuelles Finish zu schaffen;<\/li>\n<li>langlebig, widerstandsf\u00e4hig gegen Besch\u00e4digungen und leicht zu reparieren;<\/li>\n<li>stark und belastbar;<\/li>\n<li>geeignet f\u00fcr Neubauten und Renovierungen.<\/li>\n<\/ul>\n<p>Bitte beachten Sie die Datenbl\u00e4tter der einzelnen Produkte f\u00fcr spezifische Details.<\/p>\n<p><img loading=\"lazy\" decoding=\"async\" class=\"alignnone size-large wp-image-6913\" src=\"http:\/\/permaban.com\/wp-content\/uploads\/2019\/06\/DKV-Ratingen_2-1024x683.jpg\" alt=\"\" width=\"1024\" height=\"683\" srcset=\"https:\/\/permaban.com\/wp-content\/uploads\/2019\/06\/DKV-Ratingen_2.jpg 1024w, https:\/\/permaban.com\/wp-content\/uploads\/2019\/06\/DKV-Ratingen_2-640x427.jpg 640w, https:\/\/permaban.com\/wp-content\/uploads\/2019\/06\/DKV-Ratingen_2-768x512.jpg 768w, https:\/\/permaban.com\/wp-content\/uploads\/2019\/06\/DKV-Ratingen_2-272x182.jpg 272w\" sizes=\"auto, (max-width: 1024px) 100vw, 1024px\" \/><\/p>\n<h3>Warum RINOL w\u00e4hlen?<\/h3>\n<p>Die Marke RINOL ist seit langem international im Design, in der Produktion und im Vertrieb von Harzbeschichtungssystemen etabliert. Die verschiedenen Systeme wurden sorgf\u00e4ltig entwickelt, um eine au\u00dfergew\u00f6hnliche Auswahl und hervorragende Ergebnisse zu gew\u00e4hrleisten. Es werden auch Spezialsysteme angeboten \u2013 zum Beispiel f\u00fcr leitf\u00e4hige B\u00f6den, rutschfeste B\u00f6den und hohe chemische Best\u00e4ndigkeit. Es ist eine gro\u00dfe Auswahl an Farben verf\u00fcgbar, weitere Farben k\u00f6nnen auf Sonderbestellung hergestellt werden.<\/p>\n<p>Um die Palette der RINOL-Harzsysteme zu erkunden und mehr zu erfahren, besuchen Sie bitte <a href=\"https:\/\/rinol.com\/de\/\">https:\/\/rinol.com\/de\/<\/a><\/p>\n<\/div>\n<\/div><\/div><\/div><div id=\"pgc-10812-0-1\"  class=\"panel-grid-cell\" ><div id=\"panel-10812-0-1-0\" class=\"so-panel widget widget_sow-editor panel-first-child panel-last-child\" data-index=\"1\" ><div\n\t\t\t\n\t\t\tclass=\"so-widget-sow-editor so-widget-sow-editor-base\"\n\t\t\t\n\t\t>\n<div class=\"siteorigin-widget-tinymce textwidget\">\n\t<!-- Widget Shortcode --><div id=\"siteorigin-panels-builder-3\" class=\"widget widget_siteorigin-panels-builder widget-shortcode area-product-category-sidebar \"><div id=\"pl-w6214c67744dd0\"  class=\"panel-layout\" ><div id=\"pg-w6214c67744dd0-0\"  class=\"panel-grid panel-has-style\" ><div class=\"primary-color-backround panel-row-style panel-row-style-for-w6214c67744dd0-0\" ><div id=\"pgc-w6214c67744dd0-0-0\"  class=\"panel-grid-cell\" ><div id=\"panel-w6214c67744dd0-0-0-0\" class=\"so-panel widget widget_sow-editor panel-first-child panel-last-child\" data-index=\"0\" ><div class=\"white-text panel-widget-style panel-widget-style-for-w6214c67744dd0-0-0-0\" ><div\n\t\t\t\n\t\t\tclass=\"so-widget-sow-editor so-widget-sow-editor-base\"\n\t\t\t\n\t\t>\n<div class=\"siteorigin-widget-tinymce textwidget\">\n\t<h5><strong>Need some help?<\/strong><br \/>\n<strong>Get in touch.<\/strong><\/h5>\n<\/div>\n<\/div><\/div><\/div><\/div><\/div><\/div><div id=\"pg-w6214c67744dd0-1\"  class=\"panel-grid panel-has-style\" ><div class=\"light-grey-background panel-row-style panel-row-style-for-w6214c67744dd0-1\" ><div id=\"pgc-w6214c67744dd0-1-0\"  class=\"panel-grid-cell\" ><div id=\"panel-w6214c67744dd0-1-0-0\" class=\"so-panel widget widget_sow-editor panel-first-child panel-last-child\" data-index=\"1\" ><div\n\t\t\t\n\t\t\tclass=\"so-widget-sow-editor so-widget-sow-editor-base\"\n\t\t\t\n\t\t>\n<div class=\"siteorigin-widget-tinymce textwidget\">\n\t<p>Contact our sales team today for product advice and pricing.<\/p>\n<p>Call now on<\/p>\n<h5>+44 1752 895288<\/h5>\n<p>Or <a href=\"http:\/\/permaban.com\/find-a-distributor\/\">find a distributor<\/a><\/p>\n<\/div>\n<\/div><\/div><\/div><\/div><\/div><\/div><\/div><!-- \/Widget Shortcode -->\n<\/div>\n<\/div><\/div><\/div><\/div><\/div>","protected":false},"excerpt":{"rendered":"<p>Einige Industriezweige stellen einen Industrieboden vor besondere Herausforderungen \u2013 beispielsweise dort, wo Chemikalien verwendet werden oder wo strenge Reinigungsvorschriften gelten. Ein Harzbeschichtungssystem kann die perfekte L\u00f6sung sowohl f\u00fcr neue B\u00f6den als auch f\u00fcr die Sanierung von Fu\u00dfb\u00f6den bieten. RCR Flooring&#8230;<\/p>\n","protected":false},"author":3,"featured_media":6418,"parent":10795,"menu_order":0,"comment_status":"closed","ping_status":"closed","template":"","meta":{"_acf_changed":false,"_monsterinsights_skip_tracking":false,"_monsterinsights_sitenote_active":false,"_monsterinsights_sitenote_note":"","_monsterinsights_sitenote_category":0,"footnotes":""},"class_list":["post-10812","page","type-page","status-publish","has-post-thumbnail","hentry"],"acf":[],"yoast_head":"<!-- This site is optimized with the Yoast SEO plugin v27.1.1 - https:\/\/yoast.com\/product\/yoast-seo-wordpress\/ -->\n<title>Harzbodensysteme f\u00fcr Industrieb\u00f6den | Marke RINOL - Permaban<\/title>\n<meta name=\"description\" content=\"Harzbodensysteme der internationalen Marke RINOL, Teil von RCR. Mehrschichtige, spezialisierte Harzbodensysteme f\u00fcr diverse und Nischenanwendungen.\" \/>\n<meta name=\"robots\" content=\"index, follow, max-snippet:-1, max-image-preview:large, max-video-preview:-1\" \/>\n<link rel=\"canonical\" href=\"https:\/\/permaban.com\/de\/produkte\/harz-systeme\/\" \/>\n<meta property=\"og:locale\" content=\"de_DE\" \/>\n<meta property=\"og:type\" content=\"article\" \/>\n<meta property=\"og:title\" content=\"Harzbodensysteme f\u00fcr Industrieb\u00f6den | Marke RINOL - Permaban\" \/>\n<meta property=\"og:description\" content=\"Harzbodensysteme der internationalen Marke RINOL, Teil von RCR. Mehrschichtige, spezialisierte Harzbodensysteme f\u00fcr diverse und Nischenanwendungen.\" \/>\n<meta property=\"og:url\" content=\"https:\/\/permaban.com\/de\/produkte\/harz-systeme\/\" \/>\n<meta property=\"og:site_name\" content=\"Permaban\" \/>\n<meta property=\"article:modified_time\" content=\"2025-11-17T11:57:42+00:00\" \/>\n<meta property=\"og:image\" content=\"https:\/\/permaban.com\/wp-content\/uploads\/2019\/06\/Rinol-Resin-Flooring-Systems.jpg\" \/>\n\t<meta property=\"og:image:width\" content=\"4032\" \/>\n\t<meta property=\"og:image:height\" content=\"3024\" \/>\n\t<meta property=\"og:image:type\" content=\"image\/jpeg\" \/>\n<meta name=\"twitter:card\" content=\"summary_large_image\" \/>\n<meta name=\"twitter:label1\" content=\"Gesch\u00e4tzte Lesezeit\" \/>\n\t<meta name=\"twitter:data1\" content=\"3\u00a0Minuten\" \/>\n<script type=\"application\/ld+json\" class=\"yoast-schema-graph\">{\"@context\":\"https:\/\/schema.org\",\"@graph\":[{\"@type\":\"WebPage\",\"@id\":\"https:\/\/permaban.com\/de\/produkte\/harz-systeme\/\",\"url\":\"https:\/\/permaban.com\/de\/produkte\/harz-systeme\/\",\"name\":\"Harzbodensysteme f\u00fcr Industrieb\u00f6den | Marke RINOL - Permaban\",\"isPartOf\":{\"@id\":\"https:\/\/permaban.com\/de\/#website\"},\"primaryImageOfPage\":{\"@id\":\"https:\/\/permaban.com\/de\/produkte\/harz-systeme\/#primaryimage\"},\"image\":{\"@id\":\"https:\/\/permaban.com\/de\/produkte\/harz-systeme\/#primaryimage\"},\"thumbnailUrl\":\"https:\/\/permaban.com\/wp-content\/uploads\/2019\/06\/Rinol-Resin-Flooring-Systems.jpg\",\"datePublished\":\"2020-09-23T10:53:08+00:00\",\"dateModified\":\"2025-11-17T11:57:42+00:00\",\"description\":\"Harzbodensysteme der internationalen Marke RINOL, Teil von RCR. Mehrschichtige, spezialisierte Harzbodensysteme f\u00fcr diverse und Nischenanwendungen.\",\"breadcrumb\":{\"@id\":\"https:\/\/permaban.com\/de\/produkte\/harz-systeme\/#breadcrumb\"},\"inLanguage\":\"de\",\"potentialAction\":[{\"@type\":\"ReadAction\",\"target\":[\"https:\/\/permaban.com\/de\/produkte\/harz-systeme\/\"]}]},{\"@type\":\"ImageObject\",\"inLanguage\":\"de\",\"@id\":\"https:\/\/permaban.com\/de\/produkte\/harz-systeme\/#primaryimage\",\"url\":\"https:\/\/permaban.com\/wp-content\/uploads\/2019\/06\/Rinol-Resin-Flooring-Systems.jpg\",\"contentUrl\":\"https:\/\/permaban.com\/wp-content\/uploads\/2019\/06\/Rinol-Resin-Flooring-Systems.jpg\",\"width\":4032,\"height\":3024},{\"@type\":\"BreadcrumbList\",\"@id\":\"https:\/\/permaban.com\/de\/produkte\/harz-systeme\/#breadcrumb\",\"itemListElement\":[{\"@type\":\"ListItem\",\"position\":1,\"name\":\"Home\",\"item\":\"https:\/\/permaban.com\/de\/\"},{\"@type\":\"ListItem\",\"position\":2,\"name\":\"Produkte\",\"item\":\"https:\/\/permaban.com\/de\/produkte\/\"},{\"@type\":\"ListItem\",\"position\":3,\"name\":\"Harz-Systeme\"}]},{\"@type\":\"WebSite\",\"@id\":\"https:\/\/permaban.com\/de\/#website\",\"url\":\"https:\/\/permaban.com\/de\/\",\"name\":\"Permaban\",\"description\":\"Industrial Flooring Products\",\"potentialAction\":[{\"@type\":\"SearchAction\",\"target\":{\"@type\":\"EntryPoint\",\"urlTemplate\":\"https:\/\/permaban.com\/de\/?s={search_term_string}\"},\"query-input\":{\"@type\":\"PropertyValueSpecification\",\"valueRequired\":true,\"valueName\":\"search_term_string\"}}],\"inLanguage\":\"de\"}]}<\/script>\n<!-- \/ Yoast SEO plugin. -->","yoast_head_json":{"title":"Harzbodensysteme f\u00fcr Industrieb\u00f6den | Marke RINOL - Permaban","description":"Harzbodensysteme der internationalen Marke RINOL, Teil von RCR. Mehrschichtige, spezialisierte Harzbodensysteme f\u00fcr diverse und Nischenanwendungen.","robots":{"index":"index","follow":"follow","max-snippet":"max-snippet:-1","max-image-preview":"max-image-preview:large","max-video-preview":"max-video-preview:-1"},"canonical":"https:\/\/permaban.com\/de\/produkte\/harz-systeme\/","og_locale":"de_DE","og_type":"article","og_title":"Harzbodensysteme f\u00fcr Industrieb\u00f6den | Marke RINOL - Permaban","og_description":"Harzbodensysteme der internationalen Marke RINOL, Teil von RCR. Mehrschichtige, spezialisierte Harzbodensysteme f\u00fcr diverse und Nischenanwendungen.","og_url":"https:\/\/permaban.com\/de\/produkte\/harz-systeme\/","og_site_name":"Permaban","article_modified_time":"2025-11-17T11:57:42+00:00","og_image":[{"width":4032,"height":3024,"url":"https:\/\/permaban.com\/wp-content\/uploads\/2019\/06\/Rinol-Resin-Flooring-Systems.jpg","type":"image\/jpeg"}],"twitter_card":"summary_large_image","twitter_misc":{"Gesch\u00e4tzte Lesezeit":"3\u00a0Minuten"},"schema":{"@context":"https:\/\/schema.org","@graph":[{"@type":"WebPage","@id":"https:\/\/permaban.com\/de\/produkte\/harz-systeme\/","url":"https:\/\/permaban.com\/de\/produkte\/harz-systeme\/","name":"Harzbodensysteme f\u00fcr Industrieb\u00f6den | Marke RINOL - Permaban","isPartOf":{"@id":"https:\/\/permaban.com\/de\/#website"},"primaryImageOfPage":{"@id":"https:\/\/permaban.com\/de\/produkte\/harz-systeme\/#primaryimage"},"image":{"@id":"https:\/\/permaban.com\/de\/produkte\/harz-systeme\/#primaryimage"},"thumbnailUrl":"https:\/\/permaban.com\/wp-content\/uploads\/2019\/06\/Rinol-Resin-Flooring-Systems.jpg","datePublished":"2020-09-23T10:53:08+00:00","dateModified":"2025-11-17T11:57:42+00:00","description":"Harzbodensysteme der internationalen Marke RINOL, Teil von RCR. Mehrschichtige, spezialisierte Harzbodensysteme f\u00fcr diverse und Nischenanwendungen.","breadcrumb":{"@id":"https:\/\/permaban.com\/de\/produkte\/harz-systeme\/#breadcrumb"},"inLanguage":"de","potentialAction":[{"@type":"ReadAction","target":["https:\/\/permaban.com\/de\/produkte\/harz-systeme\/"]}]},{"@type":"ImageObject","inLanguage":"de","@id":"https:\/\/permaban.com\/de\/produkte\/harz-systeme\/#primaryimage","url":"https:\/\/permaban.com\/wp-content\/uploads\/2019\/06\/Rinol-Resin-Flooring-Systems.jpg","contentUrl":"https:\/\/permaban.com\/wp-content\/uploads\/2019\/06\/Rinol-Resin-Flooring-Systems.jpg","width":4032,"height":3024},{"@type":"BreadcrumbList","@id":"https:\/\/permaban.com\/de\/produkte\/harz-systeme\/#breadcrumb","itemListElement":[{"@type":"ListItem","position":1,"name":"Home","item":"https:\/\/permaban.com\/de\/"},{"@type":"ListItem","position":2,"name":"Produkte","item":"https:\/\/permaban.com\/de\/produkte\/"},{"@type":"ListItem","position":3,"name":"Harz-Systeme"}]},{"@type":"WebSite","@id":"https:\/\/permaban.com\/de\/#website","url":"https:\/\/permaban.com\/de\/","name":"Permaban","description":"Industrial Flooring Products","potentialAction":[{"@type":"SearchAction","target":{"@type":"EntryPoint","urlTemplate":"https:\/\/permaban.com\/de\/?s={search_term_string}"},"query-input":{"@type":"PropertyValueSpecification","valueRequired":true,"valueName":"search_term_string"}}],"inLanguage":"de"}]}},"_links":{"self":[{"href":"https:\/\/permaban.com\/de\/wp-json\/wp\/v2\/pages\/10812","targetHints":{"allow":["GET"]}}],"collection":[{"href":"https:\/\/permaban.com\/de\/wp-json\/wp\/v2\/pages"}],"about":[{"href":"https:\/\/permaban.com\/de\/wp-json\/wp\/v2\/types\/page"}],"author":[{"embeddable":true,"href":"https:\/\/permaban.com\/de\/wp-json\/wp\/v2\/users\/3"}],"replies":[{"embeddable":true,"href":"https:\/\/permaban.com\/de\/wp-json\/wp\/v2\/comments?post=10812"}],"version-history":[{"count":5,"href":"https:\/\/permaban.com\/de\/wp-json\/wp\/v2\/pages\/10812\/revisions"}],"predecessor-version":[{"id":14707,"href":"https:\/\/permaban.com\/de\/wp-json\/wp\/v2\/pages\/10812\/revisions\/14707"}],"up":[{"embeddable":true,"href":"https:\/\/permaban.com\/de\/wp-json\/wp\/v2\/pages\/10795"}],"wp:featuredmedia":[{"embeddable":true,"href":"https:\/\/permaban.com\/de\/wp-json\/wp\/v2\/media\/6418"}],"wp:attachment":[{"href":"https:\/\/permaban.com\/de\/wp-json\/wp\/v2\/media?parent=10812"}],"curies":[{"name":"wp","href":"https:\/\/api.w.org\/{rel}","templated":true}]}}