{"id":8326,"date":"2019-10-17T14:42:00","date_gmt":"2019-10-17T13:42:00","guid":{"rendered":"https:\/\/permaban.com\/reglamentos-y-normas\/"},"modified":"2023-08-09T11:41:10","modified_gmt":"2023-08-09T10:41:10","slug":"regulaciones-y-estandares","status":"publish","type":"page","link":"https:\/\/permaban.com\/es\/regulaciones-y-estandares\/","title":{"rendered":"Regulaciones y est\u00e1ndares"},"content":{"rendered":"<div id=\"pl-8326\"  class=\"panel-layout\" ><div id=\"pg-8326-0\"  class=\"panel-grid panel-no-style\" ><div id=\"pgc-8326-0-0\"  class=\"panel-grid-cell\" ><div id=\"panel-8326-0-0-0\" class=\"so-panel widget widget_sow-editor panel-first-child panel-last-child\" data-index=\"0\" ><div\n\t\t\t\n\t\t\tclass=\"so-widget-sow-editor so-widget-sow-editor-base\"\n\t\t\t\n\t\t>\n<div class=\"siteorigin-widget-tinymce textwidget\">\n\t<div id=\"pl-6996\" class=\"panel-layout\">\n<div id=\"pg-6996-0\" class=\"panel-grid panel-no-style\" data-style=\"{&quot;background_image_attachment&quot;:false,&quot;background_display&quot;:&quot;tile&quot;,&quot;cell_alignment&quot;:&quot;flex-start&quot;}\" data-ratio=\"1\" data-ratio-direction=\"right\">\n<div id=\"pgc-6996-0-0\" class=\"panel-grid-cell\" data-weight=\"0.67\">\n<div id=\"panel-6996-0-0-0\" class=\"so-panel widget widget_sow-editor panel-first-child panel-last-child\" data-index=\"0\" data-style=\"{&quot;background_image_attachment&quot;:false,&quot;background_display&quot;:&quot;tile&quot;}\">\n<div class=\"so-widget-sow-editor so-widget-sow-editor-base\">\n<div class=\"siteorigin-widget-tinymce textwidget\">\n<p>Existen muy pocos est\u00e1ndares que se aplican a nuestros productos, pero los dos enumerados aqu\u00ed son los m\u00e1s relevantes. <strong>P\u00f3ngase en contacto con nuestros ingenieros t\u00e9cnicos si tiene alguna pregunta espec\u00edfica sobre la idoneidad de uso de nuestros productos y el cumplimiento normativo.<\/strong><\/p>\n<p>&nbsp;<\/p>\n<h3>tr34<\/h3>\n<p>Este es el documento de orientaci\u00f3n para el dise\u00f1o de pavimentos de hormig\u00f3n. Redactado por Concrete Society, su contenido ha sido desarrollado por un comit\u00e9 t\u00e9cnico de toda la industria.<\/p>\n<p>Aunque es un documento de orientaci\u00f3n en lugar de un est\u00e1ndar definido, es ampliamente reconocido y respetado en todo el mundo, no s\u00f3lo en el Reino Unido.<\/p>\n<p>Se basa en los principios de BS 8110, el c\u00f3digo de pr\u00e1cticas para el uso estructural del hormig\u00f3n, y el Euroc\u00f3digo 2 (dise\u00f1o de estructuras de hormig\u00f3n).<\/p>\n<p>TR34 incluye orientaci\u00f3n sobre las mejores pr\u00e1cticas para el dise\u00f1o de losas. Tambi\u00e9n cubre la transferencia de carga y describe c\u00f3mo calcular la capacidad de transferencia de carga.<\/p>\n<p><a href=\"https:\/\/www.concretebookshop.com\/tr34-4th-edition---concrete-industrial-ground-floorsbra-guide-to-design-and-construction---jan2018-4188-p.asp\" target=\"_blank\" rel=\"noopener noreferrer\">Siga este enlace a la p\u00e1gina web de publicaciones de Concrete Society para obtener m\u00e1s informaci\u00f3n.<\/a><\/p>\n<p>&nbsp;<\/p>\n<h3>bs8204-2: 2003<\/h3>\n<p>Esta norma brit\u00e1nica se refiere a la resistencia a la abrasi\u00f3n de la superficie del pavimento de hormig\u00f3n, por lo que influye en el uso y el rendimiento de nuestros endurecedores.<\/p>\n<p>Ofrece un m\u00e9todo de prueba para calcular la abrasi\u00f3n y ofrece recomendaciones sobre los materiales, dise\u00f1o, trabajo en obra, inspecci\u00f3n y control de losas de base con acabado directo de hormig\u00f3n.<\/p>\n<p>Se aplica tanto a los pisos apoyados en el pavimento como a forjados.<\/p>\n<p><a href=\"http:\/\/shop.bsigroup.com\/ProductDetail\/?pid=000000000030241221\">Siga este enlace a la tienda de publicaciones de BSI para obtener m\u00e1s informaci\u00f3n.<\/a><\/p>\n<p>&nbsp;<\/p>\n<h3>La regulaci\u00f3n de productos de construcci\u00f3n y marcado ce<\/h3>\n<p>El Reglamento de Productos de Construcci\u00f3n (Reglamento de la UE N\u00ba 305\/2011), abreviado como CPR, se promulg\u00f3 el 9 de marzo de 2011 y entr\u00f3 en vigor el 1 de julio de 2013. Todos los productos de construcci\u00f3n fabricados a partir de esta fecha para la venta en la Uni\u00f3n Econ\u00f3mica Europea deben cumplir con La RCP. Deben tener el marcado CE si existe una norma europea armonizada relevante o una aprobaci\u00f3n t\u00e9cnica europea.<\/p>\n<p>Todos nuestros productos cumplen con el Reglamento de Productos de Construcci\u00f3n y tienen el marcado CE apropiado.<\/p>\n<p><a href=\"http:\/\/ec.europa.eu\/growth\/sectors\/construction\/product-regulation\/index_en.htm\" target=\"_blank\" rel=\"noopener noreferrer\">Siga este enlace a la p\u00e1gina web de la Comisi\u00f3n Europea para obtener m\u00e1s informaci\u00f3n.<\/a><\/p>\n<p><img loading=\"lazy\" decoding=\"async\" class=\"alignnone size-full wp-image-6684\" src=\"http:\/\/permaban.com\/wp-content\/uploads\/2019\/06\/CSC_0379.jpg\" alt=\"\" width=\"750\" height=\"540\" srcset=\"https:\/\/permaban.com\/wp-content\/uploads\/2019\/06\/CSC_0379.jpg 750w, https:\/\/permaban.com\/wp-content\/uploads\/2019\/06\/CSC_0379-593x427.jpg 593w\" sizes=\"auto, (max-width: 750px) 100vw, 750px\" \/><\/p>\n<\/div>\n<\/div>\n<\/div>\n<\/div>\n<div id=\"pgc-6996-0-1\" class=\"panel-grid-cell\" data-weight=\"0.33\">\n<div id=\"panel-6996-0-1-2\" class=\"so-panel widget widget_custom_html panel-last-child\" data-index=\"3\" data-style=\"{&quot;background_image_attachment&quot;:false,&quot;background_display&quot;:&quot;tile&quot;}\"><\/div>\n<\/div>\n<\/div>\n<\/div>\n<\/div>\n<\/div><\/div><\/div><div id=\"pgc-8326-0-1\"  class=\"panel-grid-cell\" ><div id=\"panel-8326-0-1-0\" class=\"widget_text so-panel widget widget_custom_html panel-first-child\" data-index=\"1\" ><div class=\"textwidget custom-html-widget\"><!-- Widget Shortcode --><div id=\"nav_menu-3\" class=\"widget widget_nav_menu widget-shortcode area-technical-help-sidebar \"><h2 class=\"widgettitle\">Ayuda T\u00e9cnica<\/h2><div class=\"menu-asistencia-tecnica-container\"><ul id=\"menu-asistencia-tecnica\" class=\"menu\"><li id=\"menu-item-9380\" class=\"menu-item menu-item-type-custom menu-item-object-custom menu-item-9380\"><a href=\"https:\/\/www.rcrflooringproducts.com\/es\/asistencia-tecnica\/dpc\/\">DCP<\/a><\/li>\n<li id=\"menu-item-9596\" class=\"menu-item menu-item-type-post_type menu-item-object-page menu-item-9596\"><a href=\"https:\/\/permaban.com\/es\/regulaciones-y-estandares\/\">Regulaciones y est\u00e1ndares<\/a><\/li>\n<li id=\"menu-item-9598\" class=\"menu-item menu-item-type-post_type menu-item-object-page menu-item-9598\"><a href=\"https:\/\/permaban.com\/es\/como-elegir-la-union-blindada-correcta\/\">C\u00f3mo elegir la uni\u00f3n blindada correcta<\/a><\/li>\n<li id=\"menu-item-9597\" class=\"menu-item menu-item-type-post_type menu-item-object-page menu-item-9597\"><a href=\"https:\/\/permaban.com\/es\/como-prescribir\/\">C\u00f3mo prescribir<\/a><\/li>\n<\/ul><\/div><\/div><!-- \/Widget Shortcode --><\/div><\/div><div id=\"panel-8326-0-1-1\" class=\"so-panel widget widget_sow-editor\" data-index=\"2\" ><div\n\t\t\t\n\t\t\tclass=\"so-widget-sow-editor so-widget-sow-editor-base\"\n\t\t\t\n\t\t>\n<div class=\"siteorigin-widget-tinymce textwidget\">\n\t<h2 class=\"widgettitle\">Descargas<\/h2>\n<ul class=\"downloads\">\n<li><a href=\"https:\/\/permaban.com\/wp-content\/uploads\/2023\/08\/ISO-9001-2015-Certificate.pdf\">ISO 9001:2015 Certificat<\/a><\/li>\n<\/ul>\n<ul class=\"downloads\">\n<li><a href=\"https:\/\/permaban.com\/wp-content\/uploads\/2023\/08\/ISO-14001-2015-Certificate.pdf\">ISO 14001:2015 Certificat<\/a><\/li>\n<\/ul>\n<ul class=\"downloads\">\n<li><a href=\"https:\/\/permaban.com\/wp-content\/uploads\/2023\/08\/ISO-45001-2018-Certificate.pdf\">ISO 45001:2018 Certificat<\/a><\/li>\n<\/ul>\n<\/div>\n<\/div><\/div><div id=\"panel-8326-0-1-2\" class=\"widget_text so-panel widget widget_custom_html panel-last-child\" data-index=\"3\" ><div class=\"textwidget custom-html-widget\"><!-- Widget Shortcode --><div id=\"siteorigin-panels-builder-6\" class=\"widget widget_siteorigin-panels-builder widget-shortcode area-technical-help-sidebar \"><div id=\"pl-w6214c679d1878\"  class=\"panel-layout\" ><div id=\"pg-w6214c679d1878-0\"  class=\"panel-grid panel-has-style\" ><div class=\"primary-color-backround panel-row-style panel-row-style-for-w6214c679d1878-0\" ><div id=\"pgc-w6214c679d1878-0-0\"  class=\"panel-grid-cell\" ><div id=\"panel-w6214c679d1878-0-0-0\" class=\"so-panel widget widget_sow-editor panel-first-child panel-last-child\" data-index=\"0\" ><div class=\"white-text panel-widget-style panel-widget-style-for-w6214c679d1878-0-0-0\" ><div\n\t\t\t\n\t\t\tclass=\"so-widget-sow-editor so-widget-sow-editor-base\"\n\t\t\t\n\t\t>\n<div class=\"siteorigin-widget-tinymce textwidget\">\n\t<h5><strong>\u00bfNecesito ayuda?<\/strong><br \/>\n<strong>Ponerse en contacto.<\/strong><\/h5>\n<\/div>\n<\/div><\/div><\/div><\/div><\/div><\/div><div id=\"pg-w6214c679d1878-1\"  class=\"panel-grid panel-has-style\" ><div class=\"light-grey-background panel-row-style panel-row-style-for-w6214c679d1878-1\" ><div id=\"pgc-w6214c679d1878-1-0\"  class=\"panel-grid-cell\" ><div id=\"panel-w6214c679d1878-1-0-0\" class=\"so-panel widget widget_sow-editor panel-first-child panel-last-child\" data-index=\"1\" ><div\n\t\t\t\n\t\t\tclass=\"so-widget-sow-editor so-widget-sow-editor-base\"\n\t\t\t\n\t\t>\n<div class=\"siteorigin-widget-tinymce textwidget\">\n\t<p> Llame a nuestro equipo de ventas para obtener orientaci\u00f3n sobre el producto y las especificaciones. <\/p>\n<p> Llame ahora al <\/p>\n<h5> +44 1752 895288 <\/h5>\n<p> O <a href = \"http: \/ \/permaban.com\/find-a-distributor\/\"> encuentra un distribuidor <\/a> <\/p>\n<\/div>\n<\/div><\/div><\/div><\/div><\/div><\/div><\/div><!-- \/Widget Shortcode --><\/div><\/div><\/div><\/div><\/div>","protected":false},"excerpt":{"rendered":"<p>Existen muy pocos est\u00e1ndares que se aplican a nuestros productos, pero los dos enumerados aqu\u00ed son los m\u00e1s relevantes. P\u00f3ngase en contacto con nuestros ingenieros t\u00e9cnicos si tiene alguna pregunta espec\u00edfica sobre la idoneidad de uso de nuestros productos y&#8230;<\/p>\n","protected":false},"author":3,"featured_media":6864,"parent":0,"menu_order":0,"comment_status":"closed","ping_status":"closed","template":"","meta":{"_acf_changed":false,"_monsterinsights_skip_tracking":false,"_monsterinsights_sitenote_active":false,"_monsterinsights_sitenote_note":"","_monsterinsights_sitenote_category":0,"footnotes":""},"class_list":["post-8326","page","type-page","status-publish","has-post-thumbnail","hentry"],"acf":[],"yoast_head":"<!-- This site is optimized with the Yoast SEO plugin v27.3 - https:\/\/yoast.com\/product\/yoast-seo-wordpress\/ -->\n<title>Reglamentos y Normas Juntas de Construcci\u00f3n de Pisos de Concreto - Permaban<\/title>\n<meta name=\"description\" content=\"Orientaci\u00f3n sobre las normas de juntas de control de losa de hormig\u00f3n para pisos de concreto. Reglamentos y normas relativos a juntas blindadas en suelos de hormig\u00f3n.\" \/>\n<meta name=\"robots\" content=\"index, follow, max-snippet:-1, max-image-preview:large, max-video-preview:-1\" \/>\n<link rel=\"canonical\" href=\"https:\/\/permaban.com\/es\/regulaciones-y-estandares\/\" \/>\n<meta property=\"og:locale\" content=\"es_ES\" \/>\n<meta property=\"og:type\" content=\"article\" \/>\n<meta property=\"og:title\" content=\"Reglamentos y Normas Juntas de Construcci\u00f3n de Pisos de Concreto - Permaban\" \/>\n<meta property=\"og:description\" content=\"Orientaci\u00f3n sobre las normas de juntas de control de losa de hormig\u00f3n para pisos de concreto. Reglamentos y normas relativos a juntas blindadas en suelos de hormig\u00f3n.\" \/>\n<meta property=\"og:url\" content=\"https:\/\/permaban.com\/es\/regulaciones-y-estandares\/\" \/>\n<meta property=\"og:site_name\" content=\"Permaban\" \/>\n<meta property=\"article:modified_time\" content=\"2023-08-09T10:41:10+00:00\" \/>\n<meta property=\"og:image\" content=\"https:\/\/permaban.com\/wp-content\/uploads\/2019\/06\/IMG_5253-1024x683.jpg\" \/>\n\t<meta property=\"og:image:width\" content=\"1024\" \/>\n\t<meta property=\"og:image:height\" content=\"683\" \/>\n\t<meta property=\"og:image:type\" content=\"image\/jpeg\" \/>\n<meta name=\"twitter:card\" content=\"summary_large_image\" \/>\n<meta name=\"twitter:label1\" content=\"Tiempo de lectura\" \/>\n\t<meta name=\"twitter:data1\" content=\"2 minutos\" \/>\n<script type=\"application\/ld+json\" class=\"yoast-schema-graph\">{\"@context\":\"https:\\\/\\\/schema.org\",\"@graph\":[{\"@type\":\"WebPage\",\"@id\":\"https:\\\/\\\/permaban.com\\\/es\\\/regulaciones-y-estandares\\\/\",\"url\":\"https:\\\/\\\/permaban.com\\\/es\\\/regulaciones-y-estandares\\\/\",\"name\":\"Reglamentos y Normas Juntas de Construcci\u00f3n de Pisos de Concreto - Permaban\",\"isPartOf\":{\"@id\":\"https:\\\/\\\/permaban.com\\\/es\\\/#website\"},\"primaryImageOfPage\":{\"@id\":\"https:\\\/\\\/permaban.com\\\/es\\\/regulaciones-y-estandares\\\/#primaryimage\"},\"image\":{\"@id\":\"https:\\\/\\\/permaban.com\\\/es\\\/regulaciones-y-estandares\\\/#primaryimage\"},\"thumbnailUrl\":\"https:\\\/\\\/permaban.com\\\/wp-content\\\/uploads\\\/2019\\\/06\\\/IMG_5253.jpg\",\"datePublished\":\"2019-10-17T13:42:00+00:00\",\"dateModified\":\"2023-08-09T10:41:10+00:00\",\"description\":\"Orientaci\u00f3n sobre las normas de juntas de control de losa de hormig\u00f3n para pisos de concreto. Reglamentos y normas relativos a juntas blindadas en suelos de hormig\u00f3n.\",\"breadcrumb\":{\"@id\":\"https:\\\/\\\/permaban.com\\\/es\\\/regulaciones-y-estandares\\\/#breadcrumb\"},\"inLanguage\":\"es\",\"potentialAction\":[{\"@type\":\"ReadAction\",\"target\":[\"https:\\\/\\\/permaban.com\\\/es\\\/regulaciones-y-estandares\\\/\"]}]},{\"@type\":\"ImageObject\",\"inLanguage\":\"es\",\"@id\":\"https:\\\/\\\/permaban.com\\\/es\\\/regulaciones-y-estandares\\\/#primaryimage\",\"url\":\"https:\\\/\\\/permaban.com\\\/wp-content\\\/uploads\\\/2019\\\/06\\\/IMG_5253.jpg\",\"contentUrl\":\"https:\\\/\\\/permaban.com\\\/wp-content\\\/uploads\\\/2019\\\/06\\\/IMG_5253.jpg\",\"width\":3456,\"height\":2304,\"caption\":\"Coloured concrete floor | Floor surface hardener\"},{\"@type\":\"BreadcrumbList\",\"@id\":\"https:\\\/\\\/permaban.com\\\/es\\\/regulaciones-y-estandares\\\/#breadcrumb\",\"itemListElement\":[{\"@type\":\"ListItem\",\"position\":1,\"name\":\"Home\",\"item\":\"https:\\\/\\\/permaban.com\\\/es\\\/\"},{\"@type\":\"ListItem\",\"position\":2,\"name\":\"Regulaciones y est\u00e1ndares\"}]},{\"@type\":\"WebSite\",\"@id\":\"https:\\\/\\\/permaban.com\\\/es\\\/#website\",\"url\":\"https:\\\/\\\/permaban.com\\\/es\\\/\",\"name\":\"Permaban\",\"description\":\"Industrial Flooring Products\",\"potentialAction\":[{\"@type\":\"SearchAction\",\"target\":{\"@type\":\"EntryPoint\",\"urlTemplate\":\"https:\\\/\\\/permaban.com\\\/es\\\/?s={search_term_string}\"},\"query-input\":{\"@type\":\"PropertyValueSpecification\",\"valueRequired\":true,\"valueName\":\"search_term_string\"}}],\"inLanguage\":\"es\"}]}<\/script>\n<!-- \/ Yoast SEO plugin. -->","yoast_head_json":{"title":"Reglamentos y Normas Juntas de Construcci\u00f3n de Pisos de Concreto - Permaban","description":"Orientaci\u00f3n sobre las normas de juntas de control de losa de hormig\u00f3n para pisos de concreto. Reglamentos y normas relativos a juntas blindadas en suelos de hormig\u00f3n.","robots":{"index":"index","follow":"follow","max-snippet":"max-snippet:-1","max-image-preview":"max-image-preview:large","max-video-preview":"max-video-preview:-1"},"canonical":"https:\/\/permaban.com\/es\/regulaciones-y-estandares\/","og_locale":"es_ES","og_type":"article","og_title":"Reglamentos y Normas Juntas de Construcci\u00f3n de Pisos de Concreto - Permaban","og_description":"Orientaci\u00f3n sobre las normas de juntas de control de losa de hormig\u00f3n para pisos de concreto. Reglamentos y normas relativos a juntas blindadas en suelos de hormig\u00f3n.","og_url":"https:\/\/permaban.com\/es\/regulaciones-y-estandares\/","og_site_name":"Permaban","article_modified_time":"2023-08-09T10:41:10+00:00","og_image":[{"width":1024,"height":683,"url":"https:\/\/permaban.com\/wp-content\/uploads\/2019\/06\/IMG_5253-1024x683.jpg","type":"image\/jpeg"}],"twitter_card":"summary_large_image","twitter_misc":{"Tiempo de lectura":"2 minutos"},"schema":{"@context":"https:\/\/schema.org","@graph":[{"@type":"WebPage","@id":"https:\/\/permaban.com\/es\/regulaciones-y-estandares\/","url":"https:\/\/permaban.com\/es\/regulaciones-y-estandares\/","name":"Reglamentos y Normas Juntas de Construcci\u00f3n de Pisos de Concreto - Permaban","isPartOf":{"@id":"https:\/\/permaban.com\/es\/#website"},"primaryImageOfPage":{"@id":"https:\/\/permaban.com\/es\/regulaciones-y-estandares\/#primaryimage"},"image":{"@id":"https:\/\/permaban.com\/es\/regulaciones-y-estandares\/#primaryimage"},"thumbnailUrl":"https:\/\/permaban.com\/wp-content\/uploads\/2019\/06\/IMG_5253.jpg","datePublished":"2019-10-17T13:42:00+00:00","dateModified":"2023-08-09T10:41:10+00:00","description":"Orientaci\u00f3n sobre las normas de juntas de control de losa de hormig\u00f3n para pisos de concreto. Reglamentos y normas relativos a juntas blindadas en suelos de hormig\u00f3n.","breadcrumb":{"@id":"https:\/\/permaban.com\/es\/regulaciones-y-estandares\/#breadcrumb"},"inLanguage":"es","potentialAction":[{"@type":"ReadAction","target":["https:\/\/permaban.com\/es\/regulaciones-y-estandares\/"]}]},{"@type":"ImageObject","inLanguage":"es","@id":"https:\/\/permaban.com\/es\/regulaciones-y-estandares\/#primaryimage","url":"https:\/\/permaban.com\/wp-content\/uploads\/2019\/06\/IMG_5253.jpg","contentUrl":"https:\/\/permaban.com\/wp-content\/uploads\/2019\/06\/IMG_5253.jpg","width":3456,"height":2304,"caption":"Coloured concrete floor | Floor surface hardener"},{"@type":"BreadcrumbList","@id":"https:\/\/permaban.com\/es\/regulaciones-y-estandares\/#breadcrumb","itemListElement":[{"@type":"ListItem","position":1,"name":"Home","item":"https:\/\/permaban.com\/es\/"},{"@type":"ListItem","position":2,"name":"Regulaciones y est\u00e1ndares"}]},{"@type":"WebSite","@id":"https:\/\/permaban.com\/es\/#website","url":"https:\/\/permaban.com\/es\/","name":"Permaban","description":"Industrial Flooring Products","potentialAction":[{"@type":"SearchAction","target":{"@type":"EntryPoint","urlTemplate":"https:\/\/permaban.com\/es\/?s={search_term_string}"},"query-input":{"@type":"PropertyValueSpecification","valueRequired":true,"valueName":"search_term_string"}}],"inLanguage":"es"}]}},"_links":{"self":[{"href":"https:\/\/permaban.com\/es\/wp-json\/wp\/v2\/pages\/8326","targetHints":{"allow":["GET"]}}],"collection":[{"href":"https:\/\/permaban.com\/es\/wp-json\/wp\/v2\/pages"}],"about":[{"href":"https:\/\/permaban.com\/es\/wp-json\/wp\/v2\/types\/page"}],"author":[{"embeddable":true,"href":"https:\/\/permaban.com\/es\/wp-json\/wp\/v2\/users\/3"}],"replies":[{"embeddable":true,"href":"https:\/\/permaban.com\/es\/wp-json\/wp\/v2\/comments?post=8326"}],"version-history":[{"count":17,"href":"https:\/\/permaban.com\/es\/wp-json\/wp\/v2\/pages\/8326\/revisions"}],"predecessor-version":[{"id":12497,"href":"https:\/\/permaban.com\/es\/wp-json\/wp\/v2\/pages\/8326\/revisions\/12497"}],"wp:featuredmedia":[{"embeddable":true,"href":"https:\/\/permaban.com\/es\/wp-json\/wp\/v2\/media\/6864"}],"wp:attachment":[{"href":"https:\/\/permaban.com\/es\/wp-json\/wp\/v2\/media?parent=8326"}],"curies":[{"name":"wp","href":"https:\/\/api.w.org\/{rel}","templated":true}]}}