{"id":8335,"date":"2019-10-17T15:22:14","date_gmt":"2019-10-17T14:22:14","guid":{"rendered":"https:\/\/permaban.com\/contactenos\/"},"modified":"2020-03-05T21:22:50","modified_gmt":"2020-03-05T21:22:50","slug":"contactenos","status":"publish","type":"page","link":"https:\/\/permaban.com\/es\/contactenos\/","title":{"rendered":"Cont\u00e1ctenos"},"content":{"rendered":"<div id=\"pl-8335\"  class=\"panel-layout\" ><div id=\"pg-8335-0\"  class=\"panel-grid panel-no-style\" ><div id=\"pgc-8335-0-0\"  class=\"panel-grid-cell\" ><div id=\"panel-8335-0-0-0\" class=\"so-panel widget widget_sow-editor panel-first-child panel-last-child\" data-index=\"0\" ><div class=\"large-font-size panel-widget-style panel-widget-style-for-8335-0-0-0\" ><div\n\t\t\t\n\t\t\tclass=\"so-widget-sow-editor so-widget-sow-editor-base\"\n\t\t\t\n\t\t>\n<div class=\"siteorigin-widget-tinymce textwidget\">\n\t<p>Nuestro equipo estar\u00e1 encantado de ayudarlo con sus preguntas t\u00e9cnicas o de ventas.<\/p>\n<\/div>\n<\/div><\/div><\/div><\/div><\/div><div id=\"pg-8335-1\"  class=\"panel-grid panel-no-style\" ><div id=\"pgc-8335-1-0\"  class=\"panel-grid-cell\" ><div id=\"panel-8335-1-0-0\" class=\"so-panel widget widget_sow-editor panel-first-child panel-last-child\" data-index=\"1\" ><div\n\t\t\t\n\t\t\tclass=\"so-widget-sow-editor so-widget-sow-editor-base\"\n\t\t\t\n\t\t>\n<div class=\"siteorigin-widget-tinymce textwidget\">\n\t<h2>Formulario de contacto<\/h2>\n<p>Complete el siguiente formulario y le responderemos lo antes posible.<\/p>\n<p>[gravityform id=\"1\" title=\"false\" description=\"false\" ajax=\"true\"]<\/p>\n<\/div>\n<\/div><\/div><\/div><div id=\"pgc-8335-1-1\"  class=\"panel-grid-cell\" ><div id=\"panel-8335-1-1-0\" class=\"so-panel widget widget_sow-editor panel-first-child\" data-index=\"2\" ><div class=\"first-p-blue panel-widget-style panel-widget-style-for-8335-1-1-0\" ><div\n\t\t\t\n\t\t\tclass=\"so-widget-sow-editor so-widget-sow-editor-base\"\n\t\t\t\n\t\t>\n<div class=\"siteorigin-widget-tinymce textwidget\">\n\t<p><strong>RCR Flooring Products Ltd<\/strong><\/p>\n<p>Mill Close<br \/>\nLee Mill Industrial Estate<br \/>\nDevon<\/p>\n<p>+44 1752 895288<br \/>\nsales@rcrflooringproducts.com<\/p>\n<p>Permaban es un nombre comercial de RCR Flooring Products Ltd, una compa\u00f1\u00eda registrada en Inglaterra - No 02815314, domicilio social como anteriormente. RCR Flooring Products Ltd es una subsidiaria de propiedad total de RCR Industrial Flooring S. a. r. .l.<\/p>\n<\/div>\n<\/div><\/div><\/div><div id=\"panel-8335-1-1-1\" class=\"widget_text so-panel widget widget_custom_html panel-last-child\" data-index=\"3\" ><div class=\"textwidget custom-html-widget\"><div style=\"display:block;width:100%;float:left;overflow:hidden\">\r\n\t<a class=\"twitter-timeline\" data-dnt=\"true\"\r\n\t\thref=\"https:\/\/twitter.com\/permabanrcr\"\r\n\t\tmin-width=\"\"\r\n\t\theight=\"450\"\r\n\t\tdata-theme=\"light\"\r\n\t\tdata-lang=\"\"\r\n\t\tdata-cards=\"hidden\"><\/a>\r\n\r\n<\/div> \r\n<div style=\"clear: both;\"><\/div>\r\n\t<\/div><\/div><\/div><\/div><\/div>","protected":false},"excerpt":{"rendered":"<p>Nuestro equipo estar\u00e1 encantado de ayudarlo con sus preguntas t\u00e9cnicas o de ventas. Formulario de contacto Complete el siguiente formulario y le responderemos lo antes posible. [gravityform id=\u00bb1&#8243; title=\u00bbfalse\u00bb description=\u00bbfalse\u00bb ajax=\u00bbtrue\u00bb] RCR Flooring Products Ltd Mill Close Lee Mill Industrial&#8230;<\/p>\n","protected":false},"author":3,"featured_media":6837,"parent":0,"menu_order":0,"comment_status":"closed","ping_status":"closed","template":"","meta":{"_acf_changed":false,"_monsterinsights_skip_tracking":false,"_monsterinsights_sitenote_active":false,"_monsterinsights_sitenote_note":"","_monsterinsights_sitenote_category":0,"footnotes":""},"class_list":["post-8335","page","type-page","status-publish","has-post-thumbnail","hentry"],"acf":[],"yoast_head":"<!-- This site is optimized with the Yoast SEO plugin v27.3 - https:\/\/yoast.com\/product\/yoast-seo-wordpress\/ -->\n<title>Cont\u00e1ctenos - Permaban<\/title>\n<meta name=\"robots\" content=\"index, follow, max-snippet:-1, max-image-preview:large, max-video-preview:-1\" \/>\n<link rel=\"canonical\" href=\"https:\/\/permaban.com\/es\/contactenos\/\" \/>\n<meta property=\"og:locale\" content=\"es_ES\" \/>\n<meta property=\"og:type\" content=\"article\" \/>\n<meta property=\"og:title\" content=\"Cont\u00e1ctenos - Permaban\" \/>\n<meta property=\"og:description\" content=\"Nuestro equipo estar\u00e1 encantado de ayudarlo con sus preguntas t\u00e9cnicas o de ventas. Formulario de contacto Complete el siguiente formulario y le responderemos lo antes posible. [gravityform id=&quot;1&quot; title=&quot;false&quot; description=&quot;false&quot; ajax=&quot;true&quot;] RCR Flooring Products Ltd Mill Close Lee Mill Industrial...\" \/>\n<meta property=\"og:url\" content=\"https:\/\/permaban.com\/es\/contactenos\/\" \/>\n<meta property=\"og:site_name\" content=\"Permaban\" \/>\n<meta property=\"article:modified_time\" content=\"2020-03-05T21:22:50+00:00\" \/>\n<meta property=\"og:image\" content=\"https:\/\/permaban.com\/wp-content\/uploads\/2019\/06\/Completed-warehouse-floor-6-1024x678.jpg\" \/>\n\t<meta property=\"og:image:width\" content=\"1024\" \/>\n\t<meta property=\"og:image:height\" content=\"678\" \/>\n\t<meta property=\"og:image:type\" content=\"image\/jpeg\" \/>\n<meta name=\"twitter:card\" content=\"summary_large_image\" \/>\n<script type=\"application\/ld+json\" class=\"yoast-schema-graph\">{\"@context\":\"https:\\\/\\\/schema.org\",\"@graph\":[{\"@type\":\"WebPage\",\"@id\":\"https:\\\/\\\/permaban.com\\\/es\\\/contactenos\\\/\",\"url\":\"https:\\\/\\\/permaban.com\\\/es\\\/contactenos\\\/\",\"name\":\"Cont\u00e1ctenos - Permaban\",\"isPartOf\":{\"@id\":\"https:\\\/\\\/permaban.com\\\/es\\\/#website\"},\"primaryImageOfPage\":{\"@id\":\"https:\\\/\\\/permaban.com\\\/es\\\/contactenos\\\/#primaryimage\"},\"image\":{\"@id\":\"https:\\\/\\\/permaban.com\\\/es\\\/contactenos\\\/#primaryimage\"},\"thumbnailUrl\":\"https:\\\/\\\/permaban.com\\\/wp-content\\\/uploads\\\/2019\\\/06\\\/Completed-warehouse-floor-6.jpg\",\"datePublished\":\"2019-10-17T14:22:14+00:00\",\"dateModified\":\"2020-03-05T21:22:50+00:00\",\"breadcrumb\":{\"@id\":\"https:\\\/\\\/permaban.com\\\/es\\\/contactenos\\\/#breadcrumb\"},\"inLanguage\":\"es\",\"potentialAction\":[{\"@type\":\"ReadAction\",\"target\":[\"https:\\\/\\\/permaban.com\\\/es\\\/contactenos\\\/\"]}]},{\"@type\":\"ImageObject\",\"inLanguage\":\"es\",\"@id\":\"https:\\\/\\\/permaban.com\\\/es\\\/contactenos\\\/#primaryimage\",\"url\":\"https:\\\/\\\/permaban.com\\\/wp-content\\\/uploads\\\/2019\\\/06\\\/Completed-warehouse-floor-6.jpg\",\"contentUrl\":\"https:\\\/\\\/permaban.com\\\/wp-content\\\/uploads\\\/2019\\\/06\\\/Completed-warehouse-floor-6.jpg\",\"width\":4644,\"height\":3076,\"caption\":\"Warehouse floor joints | Concrete flooring | Industrial Flooring\"},{\"@type\":\"BreadcrumbList\",\"@id\":\"https:\\\/\\\/permaban.com\\\/es\\\/contactenos\\\/#breadcrumb\",\"itemListElement\":[{\"@type\":\"ListItem\",\"position\":1,\"name\":\"Home\",\"item\":\"https:\\\/\\\/permaban.com\\\/es\\\/\"},{\"@type\":\"ListItem\",\"position\":2,\"name\":\"Cont\u00e1ctenos\"}]},{\"@type\":\"WebSite\",\"@id\":\"https:\\\/\\\/permaban.com\\\/es\\\/#website\",\"url\":\"https:\\\/\\\/permaban.com\\\/es\\\/\",\"name\":\"Permaban\",\"description\":\"Industrial Flooring Products\",\"potentialAction\":[{\"@type\":\"SearchAction\",\"target\":{\"@type\":\"EntryPoint\",\"urlTemplate\":\"https:\\\/\\\/permaban.com\\\/es\\\/?s={search_term_string}\"},\"query-input\":{\"@type\":\"PropertyValueSpecification\",\"valueRequired\":true,\"valueName\":\"search_term_string\"}}],\"inLanguage\":\"es\"}]}<\/script>\n<!-- \/ Yoast SEO plugin. -->","yoast_head_json":{"title":"Cont\u00e1ctenos - Permaban","robots":{"index":"index","follow":"follow","max-snippet":"max-snippet:-1","max-image-preview":"max-image-preview:large","max-video-preview":"max-video-preview:-1"},"canonical":"https:\/\/permaban.com\/es\/contactenos\/","og_locale":"es_ES","og_type":"article","og_title":"Cont\u00e1ctenos - Permaban","og_description":"Nuestro equipo estar\u00e1 encantado de ayudarlo con sus preguntas t\u00e9cnicas o de ventas. Formulario de contacto Complete el siguiente formulario y le responderemos lo antes posible. [gravityform id=\"1\" title=\"false\" description=\"false\" ajax=\"true\"] RCR Flooring Products Ltd Mill Close Lee Mill Industrial...","og_url":"https:\/\/permaban.com\/es\/contactenos\/","og_site_name":"Permaban","article_modified_time":"2020-03-05T21:22:50+00:00","og_image":[{"width":1024,"height":678,"url":"https:\/\/permaban.com\/wp-content\/uploads\/2019\/06\/Completed-warehouse-floor-6-1024x678.jpg","type":"image\/jpeg"}],"twitter_card":"summary_large_image","schema":{"@context":"https:\/\/schema.org","@graph":[{"@type":"WebPage","@id":"https:\/\/permaban.com\/es\/contactenos\/","url":"https:\/\/permaban.com\/es\/contactenos\/","name":"Cont\u00e1ctenos - Permaban","isPartOf":{"@id":"https:\/\/permaban.com\/es\/#website"},"primaryImageOfPage":{"@id":"https:\/\/permaban.com\/es\/contactenos\/#primaryimage"},"image":{"@id":"https:\/\/permaban.com\/es\/contactenos\/#primaryimage"},"thumbnailUrl":"https:\/\/permaban.com\/wp-content\/uploads\/2019\/06\/Completed-warehouse-floor-6.jpg","datePublished":"2019-10-17T14:22:14+00:00","dateModified":"2020-03-05T21:22:50+00:00","breadcrumb":{"@id":"https:\/\/permaban.com\/es\/contactenos\/#breadcrumb"},"inLanguage":"es","potentialAction":[{"@type":"ReadAction","target":["https:\/\/permaban.com\/es\/contactenos\/"]}]},{"@type":"ImageObject","inLanguage":"es","@id":"https:\/\/permaban.com\/es\/contactenos\/#primaryimage","url":"https:\/\/permaban.com\/wp-content\/uploads\/2019\/06\/Completed-warehouse-floor-6.jpg","contentUrl":"https:\/\/permaban.com\/wp-content\/uploads\/2019\/06\/Completed-warehouse-floor-6.jpg","width":4644,"height":3076,"caption":"Warehouse floor joints | Concrete flooring | Industrial Flooring"},{"@type":"BreadcrumbList","@id":"https:\/\/permaban.com\/es\/contactenos\/#breadcrumb","itemListElement":[{"@type":"ListItem","position":1,"name":"Home","item":"https:\/\/permaban.com\/es\/"},{"@type":"ListItem","position":2,"name":"Cont\u00e1ctenos"}]},{"@type":"WebSite","@id":"https:\/\/permaban.com\/es\/#website","url":"https:\/\/permaban.com\/es\/","name":"Permaban","description":"Industrial Flooring Products","potentialAction":[{"@type":"SearchAction","target":{"@type":"EntryPoint","urlTemplate":"https:\/\/permaban.com\/es\/?s={search_term_string}"},"query-input":{"@type":"PropertyValueSpecification","valueRequired":true,"valueName":"search_term_string"}}],"inLanguage":"es"}]}},"_links":{"self":[{"href":"https:\/\/permaban.com\/es\/wp-json\/wp\/v2\/pages\/8335","targetHints":{"allow":["GET"]}}],"collection":[{"href":"https:\/\/permaban.com\/es\/wp-json\/wp\/v2\/pages"}],"about":[{"href":"https:\/\/permaban.com\/es\/wp-json\/wp\/v2\/types\/page"}],"author":[{"embeddable":true,"href":"https:\/\/permaban.com\/es\/wp-json\/wp\/v2\/users\/3"}],"replies":[{"embeddable":true,"href":"https:\/\/permaban.com\/es\/wp-json\/wp\/v2\/comments?post=8335"}],"version-history":[{"count":5,"href":"https:\/\/permaban.com\/es\/wp-json\/wp\/v2\/pages\/8335\/revisions"}],"predecessor-version":[{"id":9926,"href":"https:\/\/permaban.com\/es\/wp-json\/wp\/v2\/pages\/8335\/revisions\/9926"}],"wp:featuredmedia":[{"embeddable":true,"href":"https:\/\/permaban.com\/es\/wp-json\/wp\/v2\/media\/6837"}],"wp:attachment":[{"href":"https:\/\/permaban.com\/es\/wp-json\/wp\/v2\/media?parent=8335"}],"curies":[{"name":"wp","href":"https:\/\/api.w.org\/{rel}","templated":true}]}}