{"id":8339,"date":"2019-10-17T15:22:40","date_gmt":"2019-10-17T14:22:40","guid":{"rendered":"https:\/\/permaban.com\/how-to-specify-2\/"},"modified":"2023-01-27T11:11:59","modified_gmt":"2023-01-27T11:11:59","slug":"como-prescribir","status":"publish","type":"page","link":"https:\/\/permaban.com\/es\/como-prescribir\/","title":{"rendered":"C\u00f3mo prescribir"},"content":{"rendered":"<div id=\"pl-8339\"  class=\"panel-layout\" ><div id=\"pg-8339-0\"  class=\"panel-grid panel-no-style\" ><div id=\"pgc-8339-0-0\"  class=\"panel-grid-cell\" ><div id=\"panel-8339-0-0-0\" class=\"so-panel widget widget_sow-editor panel-first-child panel-last-child\" data-index=\"0\" ><div\n\t\t\t\n\t\t\tclass=\"so-widget-sow-editor so-widget-sow-editor-base\"\n\t\t\t\n\t\t>\n<div class=\"siteorigin-widget-tinymce textwidget\">\n\t<h3>Especificaciones<\/h3>\n<p>La cl\u00e1usula de especificaci\u00f3n relativa a las juntas armadas es:<\/p>\n<ul>\n<li data-leveltext=\"\uf0b7\" data-font=\"Symbol\" data-listid=\"2\" aria-setsize=\"-1\" data-aria-posinset=\"1\" data-aria-level=\"1\">E40 - Juntas dise\u00f1adas para hormig\u00f3n en obra<\/li>\n<\/ul>\n<p>Se puede utilizar el siguiente texto de especificaci\u00f3n: insertando el producto Permaban de su elecci\u00f3n donde se muestra <strong>xxxxxx.<\/strong><\/p>\n<h3>E40 - Juntas dise\u00f1adas para hormig\u00f3n en obra<\/h3>\n<p><b>REQUERIMIENTOS GENERALES <\/b><\/p>\n<p><strong>110 PRECISI\u00d3N:<\/strong> Todas las juntas deben estar ubicadas con precisi\u00f3n, rectas y bien alineadas, y verdaderamente verticales u horizontales o paralelas con las l\u00edneas de trazado del edificio.<\/p>\n<p><strong>120 JUNTAS DE CONSTRUCCI\u00d3N \/ MOVIMIENTO: (UBICACIONES QUE DEBER\u00c1 DETERMINAR EL SUBCONTRATISTA ESPECIALIZADO EN EJECUCI\u00d3N DE LOSAS)<\/strong><br \/>\nTodas las juntas armadas de las losas deben permanecer en obra y permitir un acabado fratasado. Las juntas deben realizarse utilizando la junta armada Permaban xxxxx de RCR Flooring Products Ltd.<br \/>\nInstale las juntas con precisi\u00f3n seg\u00fan el detalle del dise\u00f1o y en las ubicaciones que se muestran en los planos. Si es necesario realizar modificaciones en cualquier dise\u00f1o o ubicaci\u00f3n de la junta en obra, acuerde las revisiones con el ingeniero antes de continuar.<br \/>\nNo permita que el hormig\u00f3n penetre o impregne huecos en el encofrado ya que podr\u00eda impedir el movimiento de las juntas.<\/p>\n<p>No permita que el homrig\u00f3n impregne o penetre los materiales utilizados como filtros de juntas compresibles.<\/p>\n<p><strong>210 JUNTAS FORMADAS:<\/strong> Las juntas se deben realizar usando la junta armada Permaban <strong>xxxxx<\/strong> de RCR Flooring Products Ltd.<br \/>\nInstale las juntas con precisi\u00f3n seg\u00fan el detalle del dise\u00f1o y en las ubicaciones que se muestran en los planos. Si es necesario realizar modificaciones en cualquier dise\u00f1o o ubicaci\u00f3n de la junta en obra, acuerde las revisiones con el ingeniero antes de continuar.<\/p>\n<p>A medida que se abren las juntas, se puede aplicar sellador de juntas <strong>Rocland Roc Joint PU 920\/925<\/strong> al espacio de la junta.<\/p>\n<p>Siga este enlace para ver el texto de especificaci\u00f3n de <a href=\"https:\/\/permaban.com\/es\/productos\/endurecedores-de-superficie\/\">los endurecedores de superficie Rocland.<\/a><\/p>\n<h3>Sistema Uniclass 2015<\/h3>\n<p>Uniclass 2015 es un sistema de clasificaci\u00f3n unificado que abarca todos los elementos de un proyecto de construcci\u00f3n y se utiliza para proyectos BIM.<\/p>\n<p>&nbsp;<\/p>\n<h4>Las juntas armadas (como AlphaJoint Classic 4010, Permaban Wave, Permaban Signature, etc.) se pueden especificar en:<\/h4>\n<p>Pr_35_90_15_04. El c\u00f3digo NBS es 45-75-42 \/ 450 Juntas armadas.<\/p>\n<p>&nbsp;<\/p>\n<h4>Las juntas de uni\u00f3n simple (como Permasteel) se pueden especificar en:<\/h4>\n<p>Pr_35_90_53_86. El c\u00f3digo NBS es 45-75-50\/410 Juntas de uni\u00f3n simple.<\/p>\n<p>Pr_35_90_31_66. El c\u00f3digo NBS es 45-75-25\/340 Juntas de uni\u00f3n simple preformadas.<\/p>\n<p>Ss_20_80_60. Sistemas de encofrado perdido.<\/p>\n<p>&nbsp;<\/p>\n<h4>Los conectores pueden especificarse en:<\/h4>\n<p>Pr_20_29_23_52. El c\u00f3digo NBS es 45-50-20 \/ 325 Conectores, pasadores y barras de metal.<\/p>\n<p>&nbsp;<\/p>\n<h4>Las fundas de la barra de conexi\u00f3n se pueden especificar en:<\/h4>\n<p>Pr_20_29_29_23. El c\u00f3digo NBS es 45-75-42 \/ 410 Funda de pl\u00e1stico para conectores.<\/p>\n<p>&nbsp;<\/p>\n<h4>Los selladores para juntas se pueden especificar en:<\/h4>\n<p>Pr_30_31_76_65. El c\u00f3digo NBS es selladores de juntas de construcci\u00f3n de poliuretano 45-55-75 \/ 340.<\/p>\n<p>&nbsp;<\/p>\n<p>&nbsp;<\/p>\n<p><a href=\"http:\/\/permaban.com\/wp-content\/uploads\/2019\/07\/NBS-specification.doc\">Haga clic aqu\u00ed para ver el texto de especificaci\u00f3n de los endurecedores de superficie Rocland<\/a><\/p>\n<\/div>\n<\/div><\/div><\/div><div id=\"pgc-8339-0-1\"  class=\"panel-grid-cell\" ><div id=\"panel-8339-0-1-0\" class=\"widget_text so-panel widget widget_custom_html panel-first-child\" data-index=\"1\" ><div class=\"textwidget custom-html-widget\"><!-- Widget Shortcode --><div id=\"nav_menu-3\" class=\"widget widget_nav_menu widget-shortcode area-technical-help-sidebar \"><h2 class=\"widgettitle\">Ayuda T\u00e9cnica<\/h2><div class=\"menu-asistencia-tecnica-container\"><ul id=\"menu-asistencia-tecnica\" class=\"menu\"><li id=\"menu-item-9380\" class=\"menu-item menu-item-type-custom menu-item-object-custom menu-item-9380\"><a href=\"https:\/\/www.rcrflooringproducts.com\/es\/asistencia-tecnica\/dpc\/\">DCP<\/a><\/li>\n<li id=\"menu-item-9596\" class=\"menu-item menu-item-type-post_type menu-item-object-page menu-item-9596\"><a href=\"https:\/\/permaban.com\/es\/regulaciones-y-estandares\/\">Regulaciones y est\u00e1ndares<\/a><\/li>\n<li id=\"menu-item-9598\" class=\"menu-item menu-item-type-post_type menu-item-object-page menu-item-9598\"><a href=\"https:\/\/permaban.com\/es\/como-elegir-la-union-blindada-correcta\/\">C\u00f3mo elegir la uni\u00f3n blindada correcta<\/a><\/li>\n<li id=\"menu-item-9597\" class=\"menu-item menu-item-type-post_type menu-item-object-page menu-item-9597\"><a href=\"https:\/\/permaban.com\/es\/como-prescribir\/\">C\u00f3mo prescribir<\/a><\/li>\n<\/ul><\/div><\/div><!-- \/Widget Shortcode --><\/div><\/div><div id=\"panel-8339-0-1-1\" class=\"so-panel widget widget_siteorigin-panels-builder\" data-index=\"2\" ><div id=\"pl-w5ddd172e7c65e\"  class=\"panel-layout\" ><div id=\"pg-w5ddd172e7c65e-0\"  class=\"panel-grid panel-has-style\" ><div class=\"primary-color-backround panel-row-style panel-row-style-for-w5ddd172e7c65e-0\" ><div id=\"pgc-w5ddd172e7c65e-0-0\"  class=\"panel-grid-cell\" ><div id=\"panel-w5ddd172e7c65e-0-0-0\" class=\"so-panel widget widget_sow-editor panel-first-child panel-last-child\" data-index=\"0\" ><div class=\"white-text panel-widget-style panel-widget-style-for-w5ddd172e7c65e-0-0-0\" ><div\n\t\t\t\n\t\t\tclass=\"so-widget-sow-editor so-widget-sow-editor-base\"\n\t\t\t\n\t\t>\n<div class=\"siteorigin-widget-tinymce textwidget\">\n\t<h5>\u00bfBUSCAS DETALLES DE CAD?<\/h5>\n<\/div>\n<\/div><\/div><\/div><\/div><\/div><\/div><div id=\"pg-w5ddd172e7c65e-1\"  class=\"panel-grid panel-has-style\" ><div class=\"light-grey-background panel-row-style panel-row-style-for-w5ddd172e7c65e-1\" ><div id=\"pgc-w5ddd172e7c65e-1-0\"  class=\"panel-grid-cell\" ><div id=\"panel-w5ddd172e7c65e-1-0-0\" class=\"so-panel widget widget_sow-editor panel-first-child panel-last-child\" data-index=\"1\" ><div\n\t\t\t\n\t\t\tclass=\"so-widget-sow-editor so-widget-sow-editor-base\"\n\t\t\t\n\t\t>\n<div class=\"siteorigin-widget-tinymce textwidget\">\n\t<p>Se encuentran en la secci\u00f3n Descargas en las p\u00e1ginas del producto.<\/p>\n<\/div>\n<\/div><\/div><\/div><\/div><\/div><\/div><\/div><div id=\"panel-8339-0-1-2\" class=\"widget_text so-panel widget widget_custom_html panel-last-child\" data-index=\"3\" ><div class=\"textwidget custom-html-widget\"><!-- Widget Shortcode --><div id=\"siteorigin-panels-builder-6\" class=\"widget widget_siteorigin-panels-builder widget-shortcode area-technical-help-sidebar \"><div id=\"pl-w6214c679d1878\"  class=\"panel-layout\" ><div id=\"pg-w6214c679d1878-0\"  class=\"panel-grid panel-has-style\" ><div class=\"primary-color-backround panel-row-style panel-row-style-for-w6214c679d1878-0\" ><div id=\"pgc-w6214c679d1878-0-0\"  class=\"panel-grid-cell\" ><div id=\"panel-w6214c679d1878-0-0-0\" class=\"so-panel widget widget_sow-editor panel-first-child panel-last-child\" data-index=\"0\" ><div class=\"white-text panel-widget-style panel-widget-style-for-w6214c679d1878-0-0-0\" ><div\n\t\t\t\n\t\t\tclass=\"so-widget-sow-editor so-widget-sow-editor-base\"\n\t\t\t\n\t\t>\n<div class=\"siteorigin-widget-tinymce textwidget\">\n\t<h5><strong>\u00bfNecesito ayuda?<\/strong><br \/>\n<strong>Ponerse en contacto.<\/strong><\/h5>\n<\/div>\n<\/div><\/div><\/div><\/div><\/div><\/div><div id=\"pg-w6214c679d1878-1\"  class=\"panel-grid panel-has-style\" ><div class=\"light-grey-background panel-row-style panel-row-style-for-w6214c679d1878-1\" ><div id=\"pgc-w6214c679d1878-1-0\"  class=\"panel-grid-cell\" ><div id=\"panel-w6214c679d1878-1-0-0\" class=\"so-panel widget widget_sow-editor panel-first-child panel-last-child\" data-index=\"1\" ><div\n\t\t\t\n\t\t\tclass=\"so-widget-sow-editor so-widget-sow-editor-base\"\n\t\t\t\n\t\t>\n<div class=\"siteorigin-widget-tinymce textwidget\">\n\t<p> Llame a nuestro equipo de ventas para obtener orientaci\u00f3n sobre el producto y las especificaciones. <\/p>\n<p> Llame ahora al <\/p>\n<h5> +44 1752 895288 <\/h5>\n<p> O <a href = \"http: \/ \/permaban.com\/find-a-distributor\/\"> encuentra un distribuidor <\/a> <\/p>\n<\/div>\n<\/div><\/div><\/div><\/div><\/div><\/div><\/div><!-- \/Widget Shortcode --><\/div><\/div><\/div><\/div><\/div>","protected":false},"excerpt":{"rendered":"<p>Especificaciones La cl\u00e1usula de especificaci\u00f3n relativa a las juntas armadas es: E40 &#8211; Juntas dise\u00f1adas para hormig\u00f3n en obra Se puede utilizar el siguiente texto de especificaci\u00f3n: insertando el producto Permaban de su elecci\u00f3n donde se muestra xxxxxx. E40 -&#8230;<\/p>\n","protected":false},"author":3,"featured_media":6634,"parent":0,"menu_order":0,"comment_status":"closed","ping_status":"closed","template":"","meta":{"_acf_changed":false,"_monsterinsights_skip_tracking":false,"_monsterinsights_sitenote_active":false,"_monsterinsights_sitenote_note":"","_monsterinsights_sitenote_category":0,"footnotes":""},"class_list":["post-8339","page","type-page","status-publish","has-post-thumbnail","hentry"],"acf":[],"yoast_head":"<!-- This site is optimized with the Yoast SEO plugin v27.3 - https:\/\/yoast.com\/product\/yoast-seo-wordpress\/ -->\n<title>C\u00f3mo especificar las juntas de construcci\u00f3n para losas de hormig\u00f3n - Permaban<\/title>\n<meta name=\"description\" content=\"El sistema de especificaciones del edificio NBS \/ NBS Landscape incluye juntas blindadas y un requisito general para las juntas de construcci\u00f3n\/movimiento, que es E40, y el requisito 120.\" \/>\n<meta name=\"robots\" content=\"index, follow, max-snippet:-1, max-image-preview:large, max-video-preview:-1\" \/>\n<link rel=\"canonical\" href=\"https:\/\/permaban.com\/es\/como-prescribir\/\" \/>\n<meta property=\"og:locale\" content=\"es_ES\" \/>\n<meta property=\"og:type\" content=\"article\" \/>\n<meta property=\"og:title\" content=\"C\u00f3mo especificar las juntas de construcci\u00f3n para losas de hormig\u00f3n - Permaban\" \/>\n<meta property=\"og:description\" content=\"El sistema de especificaciones del edificio NBS \/ NBS Landscape incluye juntas blindadas y un requisito general para las juntas de construcci\u00f3n\/movimiento, que es E40, y el requisito 120.\" \/>\n<meta property=\"og:url\" content=\"https:\/\/permaban.com\/es\/como-prescribir\/\" \/>\n<meta property=\"og:site_name\" content=\"Permaban\" \/>\n<meta property=\"article:modified_time\" content=\"2023-01-27T11:11:59+00:00\" \/>\n<meta property=\"og:image\" content=\"https:\/\/permaban.com\/wp-content\/uploads\/2019\/06\/Completed-warehouse-floor-5-1024x685.jpg\" \/>\n\t<meta property=\"og:image:width\" content=\"1024\" \/>\n\t<meta property=\"og:image:height\" content=\"685\" \/>\n\t<meta property=\"og:image:type\" content=\"image\/jpeg\" \/>\n<meta name=\"twitter:card\" content=\"summary_large_image\" \/>\n<meta name=\"twitter:label1\" content=\"Tiempo de lectura\" \/>\n\t<meta name=\"twitter:data1\" content=\"3 minutos\" \/>\n<script type=\"application\/ld+json\" class=\"yoast-schema-graph\">{\"@context\":\"https:\\\/\\\/schema.org\",\"@graph\":[{\"@type\":\"WebPage\",\"@id\":\"https:\\\/\\\/permaban.com\\\/es\\\/como-prescribir\\\/\",\"url\":\"https:\\\/\\\/permaban.com\\\/es\\\/como-prescribir\\\/\",\"name\":\"C\u00f3mo especificar las juntas de construcci\u00f3n para losas de hormig\u00f3n - Permaban\",\"isPartOf\":{\"@id\":\"https:\\\/\\\/permaban.com\\\/es\\\/#website\"},\"primaryImageOfPage\":{\"@id\":\"https:\\\/\\\/permaban.com\\\/es\\\/como-prescribir\\\/#primaryimage\"},\"image\":{\"@id\":\"https:\\\/\\\/permaban.com\\\/es\\\/como-prescribir\\\/#primaryimage\"},\"thumbnailUrl\":\"https:\\\/\\\/permaban.com\\\/wp-content\\\/uploads\\\/2019\\\/06\\\/Completed-warehouse-floor-5.jpg\",\"datePublished\":\"2019-10-17T14:22:40+00:00\",\"dateModified\":\"2023-01-27T11:11:59+00:00\",\"description\":\"El sistema de especificaciones del edificio NBS \\\/ NBS Landscape incluye juntas blindadas y un requisito general para las juntas de construcci\u00f3n\\\/movimiento, que es E40, y el requisito 120.\",\"breadcrumb\":{\"@id\":\"https:\\\/\\\/permaban.com\\\/es\\\/como-prescribir\\\/#breadcrumb\"},\"inLanguage\":\"es\",\"potentialAction\":[{\"@type\":\"ReadAction\",\"target\":[\"https:\\\/\\\/permaban.com\\\/es\\\/como-prescribir\\\/\"]}]},{\"@type\":\"ImageObject\",\"inLanguage\":\"es\",\"@id\":\"https:\\\/\\\/permaban.com\\\/es\\\/como-prescribir\\\/#primaryimage\",\"url\":\"https:\\\/\\\/permaban.com\\\/wp-content\\\/uploads\\\/2019\\\/06\\\/Completed-warehouse-floor-5.jpg\",\"contentUrl\":\"https:\\\/\\\/permaban.com\\\/wp-content\\\/uploads\\\/2019\\\/06\\\/Completed-warehouse-floor-5.jpg\",\"width\":3872,\"height\":2592,\"caption\":\"Warehouse flooring | Warehouse floor joints\"},{\"@type\":\"BreadcrumbList\",\"@id\":\"https:\\\/\\\/permaban.com\\\/es\\\/como-prescribir\\\/#breadcrumb\",\"itemListElement\":[{\"@type\":\"ListItem\",\"position\":1,\"name\":\"Home\",\"item\":\"https:\\\/\\\/permaban.com\\\/es\\\/\"},{\"@type\":\"ListItem\",\"position\":2,\"name\":\"C\u00f3mo prescribir\"}]},{\"@type\":\"WebSite\",\"@id\":\"https:\\\/\\\/permaban.com\\\/es\\\/#website\",\"url\":\"https:\\\/\\\/permaban.com\\\/es\\\/\",\"name\":\"Permaban\",\"description\":\"Industrial Flooring Products\",\"potentialAction\":[{\"@type\":\"SearchAction\",\"target\":{\"@type\":\"EntryPoint\",\"urlTemplate\":\"https:\\\/\\\/permaban.com\\\/es\\\/?s={search_term_string}\"},\"query-input\":{\"@type\":\"PropertyValueSpecification\",\"valueRequired\":true,\"valueName\":\"search_term_string\"}}],\"inLanguage\":\"es\"}]}<\/script>\n<!-- \/ Yoast SEO plugin. -->","yoast_head_json":{"title":"C\u00f3mo especificar las juntas de construcci\u00f3n para losas de hormig\u00f3n - Permaban","description":"El sistema de especificaciones del edificio NBS \/ NBS Landscape incluye juntas blindadas y un requisito general para las juntas de construcci\u00f3n\/movimiento, que es E40, y el requisito 120.","robots":{"index":"index","follow":"follow","max-snippet":"max-snippet:-1","max-image-preview":"max-image-preview:large","max-video-preview":"max-video-preview:-1"},"canonical":"https:\/\/permaban.com\/es\/como-prescribir\/","og_locale":"es_ES","og_type":"article","og_title":"C\u00f3mo especificar las juntas de construcci\u00f3n para losas de hormig\u00f3n - Permaban","og_description":"El sistema de especificaciones del edificio NBS \/ NBS Landscape incluye juntas blindadas y un requisito general para las juntas de construcci\u00f3n\/movimiento, que es E40, y el requisito 120.","og_url":"https:\/\/permaban.com\/es\/como-prescribir\/","og_site_name":"Permaban","article_modified_time":"2023-01-27T11:11:59+00:00","og_image":[{"width":1024,"height":685,"url":"https:\/\/permaban.com\/wp-content\/uploads\/2019\/06\/Completed-warehouse-floor-5-1024x685.jpg","type":"image\/jpeg"}],"twitter_card":"summary_large_image","twitter_misc":{"Tiempo de lectura":"3 minutos"},"schema":{"@context":"https:\/\/schema.org","@graph":[{"@type":"WebPage","@id":"https:\/\/permaban.com\/es\/como-prescribir\/","url":"https:\/\/permaban.com\/es\/como-prescribir\/","name":"C\u00f3mo especificar las juntas de construcci\u00f3n para losas de hormig\u00f3n - Permaban","isPartOf":{"@id":"https:\/\/permaban.com\/es\/#website"},"primaryImageOfPage":{"@id":"https:\/\/permaban.com\/es\/como-prescribir\/#primaryimage"},"image":{"@id":"https:\/\/permaban.com\/es\/como-prescribir\/#primaryimage"},"thumbnailUrl":"https:\/\/permaban.com\/wp-content\/uploads\/2019\/06\/Completed-warehouse-floor-5.jpg","datePublished":"2019-10-17T14:22:40+00:00","dateModified":"2023-01-27T11:11:59+00:00","description":"El sistema de especificaciones del edificio NBS \/ NBS Landscape incluye juntas blindadas y un requisito general para las juntas de construcci\u00f3n\/movimiento, que es E40, y el requisito 120.","breadcrumb":{"@id":"https:\/\/permaban.com\/es\/como-prescribir\/#breadcrumb"},"inLanguage":"es","potentialAction":[{"@type":"ReadAction","target":["https:\/\/permaban.com\/es\/como-prescribir\/"]}]},{"@type":"ImageObject","inLanguage":"es","@id":"https:\/\/permaban.com\/es\/como-prescribir\/#primaryimage","url":"https:\/\/permaban.com\/wp-content\/uploads\/2019\/06\/Completed-warehouse-floor-5.jpg","contentUrl":"https:\/\/permaban.com\/wp-content\/uploads\/2019\/06\/Completed-warehouse-floor-5.jpg","width":3872,"height":2592,"caption":"Warehouse flooring | Warehouse floor joints"},{"@type":"BreadcrumbList","@id":"https:\/\/permaban.com\/es\/como-prescribir\/#breadcrumb","itemListElement":[{"@type":"ListItem","position":1,"name":"Home","item":"https:\/\/permaban.com\/es\/"},{"@type":"ListItem","position":2,"name":"C\u00f3mo prescribir"}]},{"@type":"WebSite","@id":"https:\/\/permaban.com\/es\/#website","url":"https:\/\/permaban.com\/es\/","name":"Permaban","description":"Industrial Flooring Products","potentialAction":[{"@type":"SearchAction","target":{"@type":"EntryPoint","urlTemplate":"https:\/\/permaban.com\/es\/?s={search_term_string}"},"query-input":{"@type":"PropertyValueSpecification","valueRequired":true,"valueName":"search_term_string"}}],"inLanguage":"es"}]}},"_links":{"self":[{"href":"https:\/\/permaban.com\/es\/wp-json\/wp\/v2\/pages\/8339","targetHints":{"allow":["GET"]}}],"collection":[{"href":"https:\/\/permaban.com\/es\/wp-json\/wp\/v2\/pages"}],"about":[{"href":"https:\/\/permaban.com\/es\/wp-json\/wp\/v2\/types\/page"}],"author":[{"embeddable":true,"href":"https:\/\/permaban.com\/es\/wp-json\/wp\/v2\/users\/3"}],"replies":[{"embeddable":true,"href":"https:\/\/permaban.com\/es\/wp-json\/wp\/v2\/comments?post=8339"}],"version-history":[{"count":10,"href":"https:\/\/permaban.com\/es\/wp-json\/wp\/v2\/pages\/8339\/revisions"}],"predecessor-version":[{"id":12318,"href":"https:\/\/permaban.com\/es\/wp-json\/wp\/v2\/pages\/8339\/revisions\/12318"}],"wp:featuredmedia":[{"embeddable":true,"href":"https:\/\/permaban.com\/es\/wp-json\/wp\/v2\/media\/6634"}],"wp:attachment":[{"href":"https:\/\/permaban.com\/es\/wp-json\/wp\/v2\/media?parent=8339"}],"curies":[{"name":"wp","href":"https:\/\/api.w.org\/{rel}","templated":true}]}}