{"id":8345,"date":"2019-10-17T15:37:44","date_gmt":"2019-10-17T14:37:44","guid":{"rendered":"https:\/\/permaban.com\/home\/"},"modified":"2020-01-28T10:39:59","modified_gmt":"2020-01-28T10:39:59","slug":"home","status":"publish","type":"page","link":"https:\/\/permaban.com\/es\/","title":{"rendered":"Inicio"},"content":{"rendered":"<div id=\"pl-8345\"  class=\"panel-layout\" ><div id=\"pg-8345-0\"  class=\"panel-grid panel-has-style\" ><div class=\"full-height-minus-header siteorigin-panels-stretch panel-row-style panel-row-style-for-8345-0\" data-stretch-type=\"full\" ><div id=\"pgc-8345-0-0\"  class=\"panel-grid-cell\" ><div id=\"panel-8345-0-0-0\" class=\"so-panel widget widget_sow-editor panel-first-child panel-last-child\" data-index=\"0\" ><div class=\"bottom white-text panel-widget-style panel-widget-style-for-8345-0-0-0\" ><div\n\t\t\t\n\t\t\tclass=\"so-widget-sow-editor so-widget-sow-editor-base\"\n\t\t\t\n\t\t>\n<div class=\"siteorigin-widget-tinymce textwidget\">\n\t<p>&nbsp;<\/p>\n<h1><strong>Permaban<\/strong><\/h1>\n<h1>Protecci\u00f3n para pavimentos de hormig\u00f3n<\/h1>\n<\/div>\n<\/div><\/div><\/div><\/div><\/div><\/div><div id=\"pg-8345-1\"  class=\"panel-grid panel-has-style\" ><div class=\"panel-row-style panel-row-style-for-8345-1\" ><div id=\"pgc-8345-1-0\"  class=\"panel-grid-cell\" ><div id=\"panel-8345-1-0-0\" class=\"so-panel widget widget_sow-editor panel-first-child panel-last-child\" data-index=\"1\" ><div class=\"large-font-size panel-widget-style panel-widget-style-for-8345-1-0-0\" ><div\n\t\t\t\n\t\t\tclass=\"so-widget-sow-editor so-widget-sow-editor-base\"\n\t\t\t\n\t\t>\n<div class=\"siteorigin-widget-tinymce textwidget\">\n\t<p style=\"text-align: center;\">Permaban es la marca internacional de confianza de juntas de acero para pavimentos de hormig\u00f3n a gran escala.<\/p>\n<p style=\"text-align: center;\"><a href=\"https:\/\/permaban.com\/es\/clase-de-producto\/juntas-armadas\/\">Las juntas armadas Permaban<\/a> act\u00faan como un encofrado permanente durante el hormigonado. Una vez que el edificio est\u00e1 en uso, protegen las juntas de construcci\u00f3n de da\u00f1os por impacto.<\/p>\n<p style=\"text-align: center;\">La protecci\u00f3n desde el principio permite ahorrar tiempo y dinero durante toda la vida \u00fatil de la propiedad. Por eso, en todo el mundo, miles de f\u00e1bricas, centros de distribuci\u00f3n y puntos de venta de las principales marcas han sido construidos con juntas armadas Permaban.<\/p>\n<\/div>\n<\/div><\/div><\/div><\/div><\/div><\/div><div id=\"pg-8345-2\"  class=\"panel-grid panel-has-style\" ><div class=\"siteorigin-panels-stretch panel-row-style panel-row-style-for-8345-2\" data-stretch-type=\"full\" ><div id=\"pgc-8345-2-0\"  class=\"panel-grid-cell\" ><div id=\"panel-8345-2-0-0\" class=\"so-panel widget widget_sow-editor panel-first-child panel-last-child\" data-index=\"2\" ><div\n\t\t\t\n\t\t\tclass=\"so-widget-sow-editor so-widget-sow-editor-base\"\n\t\t\t\n\t\t>\n<div class=\"siteorigin-widget-tinymce textwidget\">\n\t<h5 class=\"float-left-medium\">NUESTROS PRODUCTOS<\/h5>\n<p class=\"medium-text-right\"><a href=\"https:\/\/permaban.com\/es\/productos_inicio\/\">Ver todos los productos<\/a><\/p>\n<\/div>\n<\/div><\/div><\/div><\/div><\/div><div id=\"pg-8345-3\"  class=\"panel-grid panel-has-style\" ><div class=\"siteorigin-panels-stretch panel-row-style panel-row-style-for-8345-3\" data-stretch-type=\"full\" ><div id=\"pgc-8345-3-0\"  class=\"panel-grid-cell\" ><div id=\"panel-8345-3-0-0\" class=\"so-panel widget widget_sow-editor panel-first-child panel-last-child\" data-index=\"3\" ><div\n\t\t\t\n\t\t\tclass=\"so-widget-sow-editor so-widget-sow-editor-base\"\n\t\t\t\n\t\t>\n<div class=\"siteorigin-widget-tinymce textwidget\">\n\t<div class='block-\u201ccarrusel-de-productos\u201d'><\/div>\n<\/div>\n<\/div><\/div><\/div><\/div><\/div><div id=\"pg-8345-4\"  class=\"panel-grid panel-has-style\" ><div class=\"siteorigin-panels-stretch panel-row-style panel-row-style-for-8345-4\" data-stretch-type=\"full\" ><div id=\"pgc-8345-4-0\"  class=\"panel-grid-cell\" ><div id=\"panel-8345-4-0-0\" class=\"so-panel widget widget_sow-editor panel-first-child panel-last-child\" data-index=\"4\" ><div\n\t\t\t\n\t\t\tclass=\"so-widget-sow-editor so-widget-sow-editor-base\"\n\t\t\t\n\t\t>\n<div class=\"siteorigin-widget-tinymce textwidget\">\n\t<h3>Calidad e innovaci\u00f3n<\/h3>\n<p>La innovaci\u00f3n, la calidad y la excelencia t\u00e9cnica est\u00e1n en el coraz\u00f3n de la marca Permaban. Escuchando las necesidades de los contratistas de pavimentos, propietarios de edificios y prescriptores, hemos creado un conjunto de productos pr\u00e1cticos y efectivos de f\u00e1cil instalaci\u00f3n y que ofrecen numerosos beneficios a largo plazo.<\/p>\n<p>&nbsp;<\/p>\n<p><strong>Los propietarios de edificios<\/strong> pueden proteger su inversi\u00f3n en el pavimento utilizando juntas Permaban.<\/p>\n<p><strong>Los usuarios del edificio<\/strong> pueden disfrutar de costes de mantenimiento reducidos y un menor tiempo de inactividad operativo.<\/p>\n<p><strong>Los prescriptores<\/strong> pueden estar seguros de que el piso funcionar\u00e1 al m\u00e1ximo, durante toda la vida \u00fatil del edificio.<\/p>\n<p><strong>Los contratistas de pisos<\/strong> pueden instalar las juntas con confianza, r\u00e1pidamente y con una manipulaci\u00f3n m\u00ednima en obra.<\/p>\n<\/div>\n<\/div><\/div><\/div><\/div><\/div><div id=\"pg-8345-5\"  class=\"panel-grid panel-has-style\" ><div class=\"siteorigin-panels-stretch panel-row-style panel-row-style-for-8345-5\" data-stretch-type=\"full\" ><div id=\"pgc-8345-5-0\"  class=\"panel-grid-cell\" ><div class=\"box-shadow panel-cell-style panel-cell-style-for-8345-5-0\" ><div id=\"panel-8345-5-0-0\" class=\"so-panel widget widget_sow-image panel-first-child\" data-index=\"5\" ><div\n\t\t\t\n\t\t\tclass=\"so-widget-sow-image so-widget-sow-image-default-8b5b6f678277-8345\"\n\t\t\t\n\t\t>\n<div class=\"sow-image-container\">\n\t\t\t<a href=\"http:\/\/permaban.com\/products\/alphajoint-classic-4010\/\"\n\t\t\t\t\t>\n\t\t\t<img \n\tsrc=\"https:\/\/permaban.com\/wp-content\/uploads\/2019\/08\/AlphaJoint-Classic-4010.jpg\" width=\"749\" height=\"540\" srcset=\"https:\/\/permaban.com\/wp-content\/uploads\/2019\/08\/AlphaJoint-Classic-4010.jpg 749w, https:\/\/permaban.com\/wp-content\/uploads\/2019\/08\/AlphaJoint-Classic-4010-592x427.jpg 592w\" sizes=\"(max-width: 749px) 100vw, 749px\" title=\"Permaban AlphaJoint Classic 4010\" alt=\"Permaban AlphaJoint Classic 4010 armoured joint for concrete slabs\" \t\tclass=\"so-widget-image\"\/>\n\t\t\t<\/a><\/div>\n\n<\/div><\/div><div id=\"panel-8345-5-0-1\" class=\"so-panel widget widget_sow-editor panel-last-child\" data-index=\"6\" ><div class=\"panel-widget-style panel-widget-style-for-8345-5-0-1\" ><div\n\t\t\t\n\t\t\tclass=\"so-widget-sow-editor so-widget-sow-editor-base\"\n\t\t\t\n\t\t>\n<div class=\"siteorigin-widget-tinymce textwidget\">\n\t<p><a href=\"https:\/\/permaban.com\/es\/productos\/alphajoint-classic-4010\/\"><strong> AlphaJoint <\/strong><\/a><br \/>\n<a href=\"https:\/\/permaban.com\/es\/productos\/alphajoint-classic-4010\/\"><em>La original - la cl\u00e1sica - AlphaJoint<\/em><\/a><\/p>\n<\/div>\n<\/div><\/div><\/div><\/div><\/div><div id=\"pgc-8345-5-1\"  class=\"panel-grid-cell\" ><div class=\"box-shadow panel-cell-style panel-cell-style-for-8345-5-1\" ><div id=\"panel-8345-5-1-0\" class=\"so-panel widget widget_sow-image panel-first-child\" data-index=\"7\" ><div\n\t\t\t\n\t\t\tclass=\"so-widget-sow-image so-widget-sow-image-default-8b5b6f678277-8345\"\n\t\t\t\n\t\t>\n<div class=\"sow-image-container\">\n\t\t\t<a href=\"http:\/\/permaban.com\/how-to-choose-the-right-armoured-joint\/\"\n\t\t\t\t\t>\n\t\t\t<img \n\tsrc=\"https:\/\/permaban.com\/wp-content\/uploads\/2019\/08\/How-to-choose-the-right-armoured-joint.jpg\" width=\"750\" height=\"540\" srcset=\"https:\/\/permaban.com\/wp-content\/uploads\/2019\/08\/How-to-choose-the-right-armoured-joint.jpg 750w, https:\/\/permaban.com\/wp-content\/uploads\/2019\/08\/How-to-choose-the-right-armoured-joint-593x427.jpg 593w\" sizes=\"(max-width: 750px) 100vw, 750px\" title=\"Armour joints against damage from MHE wheels &#8211; Permaban armoured joint guide for concrete floor joint protection\" alt=\"Armour joints against damage from MHE wheels\" \t\tclass=\"so-widget-image\"\/>\n\t\t\t<\/a><\/div>\n\n<\/div><\/div><div id=\"panel-8345-5-1-1\" class=\"so-panel widget widget_sow-editor panel-last-child\" data-index=\"8\" ><div class=\"panel-widget-style panel-widget-style-for-8345-5-1-1\" ><div\n\t\t\t\n\t\t\tclass=\"so-widget-sow-editor so-widget-sow-editor-base\"\n\t\t\t\n\t\t>\n<div class=\"siteorigin-widget-tinymce textwidget\">\n\t<p><a href=\"https:\/\/permaban.com\/es\/como-elegir-la-union-blindada-correcta\/\"><strong>\u00bfQu\u00e9 junta armada elegir?\u00a0<\/strong><\/a><br \/>\n<a href=\"https:\/\/permaban.com\/es\/como-elegir-la-union-blindada-correcta\/\"><em>C\u00f3mo elegir la junta armada correcta<\/em><\/a><\/p>\n<\/div>\n<\/div><\/div><\/div><\/div><\/div><div id=\"pgc-8345-5-2\"  class=\"panel-grid-cell\" ><div class=\"box-shadow panel-cell-style panel-cell-style-for-8345-5-2\" ><div id=\"panel-8345-5-2-0\" class=\"so-panel widget widget_sow-image panel-first-child\" data-index=\"9\" ><div\n\t\t\t\n\t\t\tclass=\"so-widget-sow-image so-widget-sow-image-default-8b5b6f678277-8345\"\n\t\t\t\n\t\t>\n<div class=\"sow-image-container\">\n\t\t\t<a href=\"http:\/\/permaban.com\/find-a-distributor\/\"\n\t\t\t\t\t>\n\t\t\t<img \n\tsrc=\"https:\/\/permaban.com\/wp-content\/uploads\/2019\/08\/Permaban-Eclipse.jpg\" width=\"750\" height=\"540\" srcset=\"https:\/\/permaban.com\/wp-content\/uploads\/2019\/08\/Permaban-Eclipse.jpg 750w, https:\/\/permaban.com\/wp-content\/uploads\/2019\/08\/Permaban-Eclipse-593x427.jpg 593w\" sizes=\"(max-width: 750px) 100vw, 750px\" title=\"Armoured joints for concrete industrial floors\" alt=\"Armoured joints for concrete industrial floors\" \t\tclass=\"so-widget-image\"\/>\n\t\t\t<\/a><\/div>\n\n<\/div><\/div><div id=\"panel-8345-5-2-1\" class=\"so-panel widget widget_sow-editor panel-last-child\" data-index=\"10\" ><div class=\"panel-widget-style panel-widget-style-for-8345-5-2-1\" ><div\n\t\t\t\n\t\t\tclass=\"so-widget-sow-editor so-widget-sow-editor-base\"\n\t\t\t\n\t\t>\n<div class=\"siteorigin-widget-tinymce textwidget\">\n\t<p><a href=\"https:\/\/permaban.com\/es\/encuentra-un-distribuidor\/\"><strong>Encuentra un distribuidor\u00a0<\/strong><\/a><br \/>\n<a href=\"https:\/\/permaban.com\/es\/encuentra-un-distribuidor\/\"><em>Encuentra tu distribuidor m\u00e1s cercano<\/em><\/a><\/p>\n<p>&nbsp;<\/p>\n<\/div>\n<\/div><\/div><\/div><\/div><\/div><\/div><\/div><div id=\"pg-8345-6\"  class=\"panel-grid panel-has-style\" ><div class=\"siteorigin-panels-stretch panel-row-style panel-row-style-for-8345-6\" data-stretch-type=\"full\" ><div id=\"pgc-8345-6-0\"  class=\"panel-grid-cell\" ><div id=\"panel-8345-6-0-0\" class=\"so-panel widget widget_sow-editor panel-first-child panel-last-child\" data-index=\"11\" ><div\n\t\t\t\n\t\t\tclass=\"so-widget-sow-editor so-widget-sow-editor-base\"\n\t\t\t\n\t\t>\n<div class=\"siteorigin-widget-tinymce textwidget\">\n\t<h5 class=\"float-left-medium\">CLIENTES PERMABAN<\/h5>\n<p class=\"medium-text-right\"><a href=\"https:\/\/permaban.com\/es\/proyectos\/\">Ver todos los proyectos<\/a><\/p>\n<\/div>\n<\/div><\/div><\/div><\/div><\/div><div id=\"pg-8345-7\"  class=\"panel-grid panel-has-style\" ><div class=\"siteorigin-panels-stretch panel-row-style panel-row-style-for-8345-7\" data-stretch-type=\"full\" ><div id=\"pgc-8345-7-0\"  class=\"panel-grid-cell\" ><div id=\"panel-8345-7-0-0\" class=\"so-panel widget widget_sow-editor panel-first-child panel-last-child\" data-index=\"12\" ><div\n\t\t\t\n\t\t\tclass=\"so-widget-sow-editor so-widget-sow-editor-base\"\n\t\t\t\n\t\t>\n<div class=\"siteorigin-widget-tinymce textwidget\">\n\t<div class='block-projects-carousel'>\n\n\n\t<div class=\"owl-carousel projects-owl-carousel owl-theme\">\n\n\t\t\t\t        \t\t    \t<div class=\"item\">\n\t\t\t\t\t<a href=\"https:\/\/permaban.com\/es\/proyectos\/kawasaki-precision-machinery-reparacion-con-junta-con-signature-ar-plymouth-reino-unido\/\">\n\t\t\t\t\t\t<div class=\"featured-image\" style=\"background-image: url(https:\/\/permaban.com\/wp-content\/uploads\/2019\/05\/img_20160119_204223.jpg)\"><\/div>\n\t\t\t\t\t<\/a>\n\t\t\t\t\t<div class=\"title 2\"><a href=\"https:\/\/permaban.com\/es\/proyectos\/kawasaki-precision-machinery-reparacion-con-junta-con-signature-ar-plymouth-reino-unido\/\">\n\t\t\t\t\t\tKawasaki Precision Machinery: reparaci\u00f3n con junta con Signature AR, Plymouth, Reino Unido\t\t\t\t\t<\/a><\/div>\n\t\t\t    <\/div>\n\t\t\t\t        \t\t    \t<div class=\"item\">\n\t\t\t\t\t<a href=\"https:\/\/permaban.com\/es\/proyectos\/alphajoint-instalado-para-primark-dc-naas\/\">\n\t\t\t\t\t\t<div class=\"featured-image\" style=\"background-image: url(https:\/\/permaban.com\/wp-content\/uploads\/2019\/04\/p1000489__800x600_.jpg)\"><\/div>\n\t\t\t\t\t<\/a>\n\t\t\t\t\t<div class=\"title 2\"><a href=\"https:\/\/permaban.com\/es\/proyectos\/alphajoint-instalado-para-primark-dc-naas\/\">\n\t\t\t\t\t\tCentro de distribuci\u00f3n de Primark, Naas\t\t\t\t\t<\/a><\/div>\n\t\t\t    <\/div>\n\t\t\t\t        \t\t    \t<div class=\"item\">\n\t\t\t\t\t<a href=\"https:\/\/permaban.com\/es\/proyectos\/almacen-aerotron-crawley-reino-unido\/\">\n\t\t\t\t\t\t<div class=\"featured-image\" style=\"background-image: url(https:\/\/permaban.com\/wp-content\/uploads\/2019\/05\/aerotron_crawley.jpg)\"><\/div>\n\t\t\t\t\t<\/a>\n\t\t\t\t\t<div class=\"title 2\"><a href=\"https:\/\/permaban.com\/es\/proyectos\/almacen-aerotron-crawley-reino-unido\/\">\n\t\t\t\t\t\tAlmac\u00e9n Aerotron, Crawley, Reino Unido\t\t\t\t\t<\/a><\/div>\n\t\t\t    <\/div>\n\t\t\t\t        \t\t    \t<div class=\"item\">\n\t\t\t\t\t<a href=\"https:\/\/permaban.com\/es\/proyectos\/centro-nacional-de-clasificacion-de-apc-cannock-reino-unido\/\">\n\t\t\t\t\t\t<div class=\"featured-image\" style=\"background-image: url(https:\/\/permaban.com\/wp-content\/uploads\/2019\/05\/apc_cannock_1___copy__800x598_.jpg)\"><\/div>\n\t\t\t\t\t<\/a>\n\t\t\t\t\t<div class=\"title 2\"><a href=\"https:\/\/permaban.com\/es\/proyectos\/centro-nacional-de-clasificacion-de-apc-cannock-reino-unido\/\">\n\t\t\t\t\t\tCentro Nacional de Clasificaci\u00f3n de APC, Cannock, Reino Unido\t\t\t\t\t<\/a><\/div>\n\t\t\t    <\/div>\n\t\t\t\t        \t\t    \t<div class=\"item\">\n\t\t\t\t\t<a href=\"https:\/\/permaban.com\/es\/proyectos\/four-ashes-park-wolverhampton-uk\/\">\n\t\t\t\t\t\t<div class=\"featured-image\" style=\"background-image: url(https:\/\/permaban.com\/wp-content\/uploads\/2017\/07\/fourashes2.jpg)\"><\/div>\n\t\t\t\t\t<\/a>\n\t\t\t\t\t<div class=\"title 2\"><a href=\"https:\/\/permaban.com\/es\/proyectos\/four-ashes-park-wolverhampton-uk\/\">\n\t\t\t\t\t\tFour Ashes Park, Wolverhampton, Reino Unido\t\t\t\t\t<\/a><\/div>\n\t\t\t    <\/div>\n\t\t\t\t        \t\t    \t<div class=\"item\">\n\t\t\t\t\t<a href=\"https:\/\/permaban.com\/es\/proyectos\/central-de-residuos-eagle-lane-waste-transfer-hub-tipton-reino-unido\/\">\n\t\t\t\t\t\t<div class=\"featured-image\" style=\"background-image: url(https:\/\/permaban.com\/wp-content\/uploads\/2019\/05\/signature_4.jpg)\"><\/div>\n\t\t\t\t\t<\/a>\n\t\t\t\t\t<div class=\"title 2\"><a href=\"https:\/\/permaban.com\/es\/proyectos\/central-de-residuos-eagle-lane-waste-transfer-hub-tipton-reino-unido\/\">\n\t\t\t\t\t\tCentral de residuos Eagle Lane Waste Transfer Hub, Tipton, Reino Unido\t\t\t\t\t<\/a><\/div>\n\t\t\t    <\/div>\n\t\t\t\t        \t\t    \t<div class=\"item\">\n\t\t\t\t\t<a href=\"https:\/\/permaban.com\/es\/proyectos\/signature-ar-floor-joint-repair-for-alderman-tooling\/\">\n\t\t\t\t\t\t<div class=\"featured-image\" style=\"background-image: url(https:\/\/permaban.com\/wp-content\/uploads\/2019\/05\/img_20151216_211559__629x640_.jpg)\"><\/div>\n\t\t\t\t\t<\/a>\n\t\t\t\t\t<div class=\"title 2\"><a href=\"https:\/\/permaban.com\/es\/proyectos\/signature-ar-floor-joint-repair-for-alderman-tooling\/\">\n\t\t\t\t\t\tReparaci\u00f3n de junta con Signature AR para Alderman Tooling Ltd, Plymouth, Reino Unido\t\t\t\t\t<\/a><\/div>\n\t\t\t    <\/div>\n\t\t\t\t\t\t\t<\/div>\n\n<\/div>\n<\/div>\n<\/div><\/div><\/div><\/div><\/div><div id=\"pg-8345-8\"  class=\"panel-grid panel-has-style\" ><div class=\"siteorigin-panels-stretch panel-row-style panel-row-style-for-8345-8\" data-stretch-type=\"full\" ><div id=\"pgc-8345-8-0\"  class=\"panel-grid-cell\" ><div id=\"panel-8345-8-0-0\" class=\"so-panel widget widget_sow-editor panel-first-child panel-last-child\" data-index=\"13\" ><div\n\t\t\t\n\t\t\tclass=\"so-widget-sow-editor so-widget-sow-editor-base\"\n\t\t\t\n\t\t>\n<div class=\"siteorigin-widget-tinymce textwidget\">\n\t<h3>Elija Permaban con confianza<\/h3>\n<p>Todos los productos Permaban est\u00e1n dise\u00f1ados y fabricados bajo las disciplinas internacionales de gesti\u00f3n de calidad ISO9001: 2015, gesti\u00f3n ambiental ISO 14001: 2015 y gesti\u00f3n de salud y seguridad OHSAS 18001: 2007.<\/p>\n<p>Nuestros productos est\u00e1n disponibles en todo el mundo: tenemos socios, agentes y distribuidores en todo el mundo.<\/p>\n<p>Ofrecemos soporte t\u00e9cnico integral desde la especificaci\u00f3n hasta la instalaci\u00f3n.<\/p>\n<p>Todos nuestros productos cumplen con el Reglamento de Productos de Construcci\u00f3n (Reglamento (UE) No. 305\/2011) y tienen el marcado CE apropiado. Cada pedido viene con instrucciones de instalaci\u00f3n y un kit gratuito de repuestos esenciales y cu\u00f1as de instalaci\u00f3n.<\/p>\n<p>Podemos dise\u00f1ar productos espec\u00edficos para aplicaciones especiales.<\/p>\n<p><strong>Permaban es una marca de RCR Flooring Products Ltd. <a href=\"https:\/\/www.rcrflooringproducts.com\/es\/\" target=\"_blank\" rel=\"noopener\">Obtenga m\u00e1s informaci\u00f3n sobre RCR<\/a><\/strong><\/p>\n<\/div>\n<\/div><\/div><\/div><div id=\"pgc-8345-8-1\"  class=\"panel-grid-cell\" ><div id=\"panel-8345-8-1-0\" class=\"widget_text so-panel widget widget_custom_html panel-first-child panel-last-child\" data-index=\"14\" ><div class=\"textwidget custom-html-widget\"><div style=\"display:block;width:100%;float:left;overflow:hidden\">\r\n\t<a class=\"twitter-timeline\" data-dnt=\"true\"\r\n\t\thref=\"https:\/\/twitter.com\/permabanrcr\"\r\n\t\tmin-width=\"\"\r\n\t\theight=\"450\"\r\n\t\tdata-theme=\"light\"\r\n\t\tdata-lang=\"\"\r\n\t\tdata-cards=\"hidden\"><\/a>\r\n\r\n<\/div> \r\n<div style=\"clear: both;\"><\/div>\r\n\t<\/div><\/div><\/div><\/div><\/div><\/div>","protected":false},"excerpt":{"rendered":"<p>&nbsp; Permaban Protecci\u00f3n para pavimentos de hormig\u00f3n Permaban es la marca internacional de confianza de juntas de acero para pavimentos de hormig\u00f3n a gran escala. Las juntas armadas Permaban act\u00faan como un encofrado permanente durante el hormigonado. Una vez que&#8230;<\/p>\n","protected":false},"author":3,"featured_media":0,"parent":0,"menu_order":0,"comment_status":"closed","ping_status":"closed","template":"","meta":{"_acf_changed":false,"_monsterinsights_skip_tracking":false,"_monsterinsights_sitenote_active":false,"_monsterinsights_sitenote_note":"","_monsterinsights_sitenote_category":0,"footnotes":""},"class_list":["post-8345","page","type-page","status-publish","hentry"],"acf":[],"yoast_head":"<!-- This site is optimized with the Yoast SEO plugin v27.1.1 - https:\/\/yoast.com\/product\/yoast-seo-wordpress\/ -->\n<title>Permaban - Armoured Joints For Industrial Flooring - Permaban<\/title>\n<meta name=\"description\" content=\"Permaban is the trusted international brand of armoured joints for concrete industrial flooring, protecting construction joint arrises from damage.\" \/>\n<meta name=\"robots\" content=\"index, follow, max-snippet:-1, max-image-preview:large, max-video-preview:-1\" \/>\n<link rel=\"canonical\" href=\"https:\/\/permaban.com\/es\/\" \/>\n<meta property=\"og:locale\" content=\"es_ES\" \/>\n<meta property=\"og:type\" content=\"article\" \/>\n<meta property=\"og:title\" content=\"Permaban - Armoured Joints For Industrial Flooring - Permaban\" \/>\n<meta property=\"og:description\" content=\"Permaban is the trusted international brand of armoured joints for concrete industrial flooring, protecting construction joint arrises from damage.\" \/>\n<meta property=\"og:url\" content=\"https:\/\/permaban.com\/es\/\" \/>\n<meta property=\"og:site_name\" content=\"Permaban\" \/>\n<meta property=\"article:modified_time\" content=\"2020-01-28T10:39:59+00:00\" \/>\n<meta property=\"og:image\" content=\"https:\/\/permaban.com\/wp-content\/uploads\/2019\/08\/Screenshot-2019-08-05-at-08.58.02.png\" \/>\n\t<meta property=\"og:image:width\" content=\"1334\" \/>\n\t<meta property=\"og:image:height\" content=\"945\" \/>\n\t<meta property=\"og:image:type\" content=\"image\/png\" \/>\n<meta name=\"twitter:card\" content=\"summary_large_image\" \/>\n<meta name=\"twitter:label1\" content=\"Tiempo de lectura\" \/>\n\t<meta name=\"twitter:data1\" content=\"2 minutos\" \/>\n<script type=\"application\/ld+json\" class=\"yoast-schema-graph\">{\"@context\":\"https:\/\/schema.org\",\"@graph\":[{\"@type\":\"WebPage\",\"@id\":\"https:\/\/permaban.com\/es\/\",\"url\":\"https:\/\/permaban.com\/es\/\",\"name\":\"Permaban - Armoured Joints For Industrial Flooring - Permaban\",\"isPartOf\":{\"@id\":\"https:\/\/permaban.com\/es\/#website\"},\"datePublished\":\"2019-10-17T14:37:44+00:00\",\"dateModified\":\"2020-01-28T10:39:59+00:00\",\"description\":\"Permaban is the trusted international brand of armoured joints for concrete industrial flooring, protecting construction joint arrises from damage.\",\"breadcrumb\":{\"@id\":\"https:\/\/permaban.com\/es\/#breadcrumb\"},\"inLanguage\":\"es\",\"potentialAction\":[{\"@type\":\"ReadAction\",\"target\":[\"https:\/\/permaban.com\/es\/\"]}]},{\"@type\":\"BreadcrumbList\",\"@id\":\"https:\/\/permaban.com\/es\/#breadcrumb\",\"itemListElement\":[{\"@type\":\"ListItem\",\"position\":1,\"name\":\"Home\",\"item\":\"https:\/\/permaban.com\/es\/\"},{\"@type\":\"ListItem\",\"position\":2,\"name\":\"Inicio\"}]},{\"@type\":\"WebSite\",\"@id\":\"https:\/\/permaban.com\/es\/#website\",\"url\":\"https:\/\/permaban.com\/es\/\",\"name\":\"Permaban\",\"description\":\"Industrial Flooring Products\",\"potentialAction\":[{\"@type\":\"SearchAction\",\"target\":{\"@type\":\"EntryPoint\",\"urlTemplate\":\"https:\/\/permaban.com\/es\/?s={search_term_string}\"},\"query-input\":{\"@type\":\"PropertyValueSpecification\",\"valueRequired\":true,\"valueName\":\"search_term_string\"}}],\"inLanguage\":\"es\"}]}<\/script>\n<!-- \/ Yoast SEO plugin. -->","yoast_head_json":{"title":"Permaban - Armoured Joints For Industrial Flooring - Permaban","description":"Permaban is the trusted international brand of armoured joints for concrete industrial flooring, protecting construction joint arrises from damage.","robots":{"index":"index","follow":"follow","max-snippet":"max-snippet:-1","max-image-preview":"max-image-preview:large","max-video-preview":"max-video-preview:-1"},"canonical":"https:\/\/permaban.com\/es\/","og_locale":"es_ES","og_type":"article","og_title":"Permaban - Armoured Joints For Industrial Flooring - Permaban","og_description":"Permaban is the trusted international brand of armoured joints for concrete industrial flooring, protecting construction joint arrises from damage.","og_url":"https:\/\/permaban.com\/es\/","og_site_name":"Permaban","article_modified_time":"2020-01-28T10:39:59+00:00","og_image":[{"width":1334,"height":945,"url":"https:\/\/permaban.com\/wp-content\/uploads\/2019\/08\/Screenshot-2019-08-05-at-08.58.02.png","type":"image\/png"}],"twitter_card":"summary_large_image","twitter_misc":{"Tiempo de lectura":"2 minutos"},"schema":{"@context":"https:\/\/schema.org","@graph":[{"@type":"WebPage","@id":"https:\/\/permaban.com\/es\/","url":"https:\/\/permaban.com\/es\/","name":"Permaban - Armoured Joints For Industrial Flooring - Permaban","isPartOf":{"@id":"https:\/\/permaban.com\/es\/#website"},"datePublished":"2019-10-17T14:37:44+00:00","dateModified":"2020-01-28T10:39:59+00:00","description":"Permaban is the trusted international brand of armoured joints for concrete industrial flooring, protecting construction joint arrises from damage.","breadcrumb":{"@id":"https:\/\/permaban.com\/es\/#breadcrumb"},"inLanguage":"es","potentialAction":[{"@type":"ReadAction","target":["https:\/\/permaban.com\/es\/"]}]},{"@type":"BreadcrumbList","@id":"https:\/\/permaban.com\/es\/#breadcrumb","itemListElement":[{"@type":"ListItem","position":1,"name":"Home","item":"https:\/\/permaban.com\/es\/"},{"@type":"ListItem","position":2,"name":"Inicio"}]},{"@type":"WebSite","@id":"https:\/\/permaban.com\/es\/#website","url":"https:\/\/permaban.com\/es\/","name":"Permaban","description":"Industrial Flooring Products","potentialAction":[{"@type":"SearchAction","target":{"@type":"EntryPoint","urlTemplate":"https:\/\/permaban.com\/es\/?s={search_term_string}"},"query-input":{"@type":"PropertyValueSpecification","valueRequired":true,"valueName":"search_term_string"}}],"inLanguage":"es"}]}},"_links":{"self":[{"href":"https:\/\/permaban.com\/es\/wp-json\/wp\/v2\/pages\/8345","targetHints":{"allow":["GET"]}}],"collection":[{"href":"https:\/\/permaban.com\/es\/wp-json\/wp\/v2\/pages"}],"about":[{"href":"https:\/\/permaban.com\/es\/wp-json\/wp\/v2\/types\/page"}],"author":[{"embeddable":true,"href":"https:\/\/permaban.com\/es\/wp-json\/wp\/v2\/users\/3"}],"replies":[{"embeddable":true,"href":"https:\/\/permaban.com\/es\/wp-json\/wp\/v2\/comments?post=8345"}],"version-history":[{"count":51,"href":"https:\/\/permaban.com\/es\/wp-json\/wp\/v2\/pages\/8345\/revisions"}],"predecessor-version":[{"id":9662,"href":"https:\/\/permaban.com\/es\/wp-json\/wp\/v2\/pages\/8345\/revisions\/9662"}],"wp:attachment":[{"href":"https:\/\/permaban.com\/es\/wp-json\/wp\/v2\/media?parent=8345"}],"curies":[{"name":"wp","href":"https:\/\/api.w.org\/{rel}","templated":true}]}}