{"id":8347,"date":"2019-10-17T15:39:54","date_gmt":"2019-10-17T14:39:54","guid":{"rendered":"https:\/\/permaban.com\/resin-systems\/"},"modified":"2025-11-17T12:00:17","modified_gmt":"2025-11-17T12:00:17","slug":"sistemas-de-resina","status":"publish","type":"page","link":"https:\/\/permaban.com\/es\/productos_inicio\/sistemas-de-resina\/","title":{"rendered":"Sistemas de Resina"},"content":{"rendered":"<div id=\"pl-8347\"  class=\"panel-layout\" ><div id=\"pg-8347-0\"  class=\"panel-grid panel-no-style\" ><div id=\"pgc-8347-0-0\"  class=\"panel-grid-cell\" ><div id=\"panel-8347-0-0-0\" class=\"so-panel widget widget_sow-editor panel-first-child panel-last-child\" data-index=\"0\" ><div\n\t\t\t\n\t\t\tclass=\"so-widget-sow-editor so-widget-sow-editor-base\"\n\t\t\t\n\t\t>\n<div class=\"siteorigin-widget-tinymce textwidget\">\n\t<p><img loading=\"lazy\" decoding=\"async\" class=\"alignnone size-full wp-image-6927\" src=\"http:\/\/permaban.com\/wp-content\/uploads\/2019\/06\/rinol_logo.png\" alt=\"\" width=\"191\" height=\"73\" \/><\/p>\n<p>Algunas industrias presentan desaf\u00edos particulares para un pavimento industrial, por ejemplo, actividades que requieren productos qu\u00edmicos o donde existe un estricto r\u00e9gimen de limpieza. Un sistema de pavimentos de resina puede proporcionar la respuesta perfecta, tanto para pisos nuevos como para renovaciones de pisos.<\/p>\n<p>RCR Flooring Products fabrica y suministra la marca RINOL de sistemas de pavimentos de resina. La informaci\u00f3n sobre estos sistemas se puede encontrar \u00a0<a href=\"https:\/\/rinol.com\/es\/\" target=\"_blank\" rel=\"noopener\">aqu\u00ed, en la p\u00e1gina web de RINOL<\/a>.<\/p>\n<p><img loading=\"lazy\" decoding=\"async\" class=\"alignnone size-full wp-image-6918\" src=\"http:\/\/permaban.com\/wp-content\/uploads\/2019\/06\/Page-17-image-Rinol-Resin-Produktionshalle.jpg\" alt=\"\" width=\"963\" height=\"799\" srcset=\"https:\/\/permaban.com\/wp-content\/uploads\/2019\/06\/Page-17-image-Rinol-Resin-Produktionshalle.jpg 963w, https:\/\/permaban.com\/wp-content\/uploads\/2019\/06\/Page-17-image-Rinol-Resin-Produktionshalle-515x427.jpg 515w, https:\/\/permaban.com\/wp-content\/uploads\/2019\/06\/Page-17-image-Rinol-Resin-Produktionshalle-768x637.jpg 768w\" sizes=\"auto, (max-width: 963px) 100vw, 963px\" \/><\/p>\n<h3>\u00bfQu\u00e9 es un sistema de pavimento de resina?<\/h3>\n<p>Se utiliza un sistema de pavimento de resina para crear una superficie de pisos comerciales o industriales de alto rendimiento. Los sistemas de pavimento de resina RINOL utilizan varias capas de resinas y agentes adhesivos especialmente formulados para crear superficies de pavimento de 0.5 mm a 10 mm de espesor. Hay diferentes sistemas disponibles, que utilizan resinas epoxi, poliuretano, \u00e9ster de vinilo o poli\u00e9ster; y la elecci\u00f3n del sistema depender\u00e1 del uso al que se destine el pavimento.<\/p>\n<p>&nbsp;<\/p>\n<h3>Beneficios de elegir un sistema de pavimento de resina<\/h3>\n<p>Duradero y vers\u00e1til, un pavimento de resina proporcionar\u00e1 un acabado atractivo, pr\u00e1ctico y duradero. Los pisos de resina RINOL son:<\/p>\n<ul>\n<li>Sin juntas, para reducir la presencia de suciedad y g\u00e9rmenes;<\/li>\n<li>Impermeable, para evitar la filtraci\u00f3n de qu\u00edmicos a trav\u00e9s del pavimento;<\/li>\n<li>F\u00e1cil de limpiar y particularmente resistente a productos qu\u00edmicos de limpieza fuertes;<\/li>\n<li>Colorido, para crear un acabado distintivo e individual;<\/li>\n<li>Duradero, resistente al da\u00f1o y desgaste y f\u00e1cil de reparar;<\/li>\n<li>Fuerte y capaz de soportar la carga;<\/li>\n<li>Adecuado para obra nueva y reformas.<\/li>\n<\/ul>\n<p>Please refer to the specification sheets for individual products for specific details.<\/p>\n<p><img loading=\"lazy\" decoding=\"async\" class=\"alignnone size-large wp-image-6913\" src=\"http:\/\/permaban.com\/wp-content\/uploads\/2019\/06\/DKV-Ratingen_2-1024x683.jpg\" alt=\"\" width=\"1024\" height=\"683\" srcset=\"https:\/\/permaban.com\/wp-content\/uploads\/2019\/06\/DKV-Ratingen_2.jpg 1024w, https:\/\/permaban.com\/wp-content\/uploads\/2019\/06\/DKV-Ratingen_2-640x427.jpg 640w, https:\/\/permaban.com\/wp-content\/uploads\/2019\/06\/DKV-Ratingen_2-768x512.jpg 768w, https:\/\/permaban.com\/wp-content\/uploads\/2019\/06\/DKV-Ratingen_2-272x182.jpg 272w\" sizes=\"auto, (max-width: 1024px) 100vw, 1024px\" \/><\/p>\n<h3>\u00bfPor qu\u00e9 elegir RINOL?<\/h3>\n<p>La marca RINOL tiene una larga trayectoria internacional en el dise\u00f1o, producci\u00f3n y suministro de sistemas de pavimentos de resina. Su colecci\u00f3n de sistemas ha sido cuidadosamente desarrollada para garantizar una elecci\u00f3n excepcional y resultados sobresalientes. Tambi\u00e9n ofrece sistemas especializados, por ejemplo, para pavimentos conductores, pisos antideslizantes y de alta resistencia qu\u00edmica. Hay disponible una amplia gama de colores y se pueden suministrar en colores adicionales bajo demanda.<\/p>\n<p>Para explorar la gama de sistemas de resina RINOL y obtener m\u00e1s informaci\u00f3n, visite <a href=\"https:\/\/rinol.com\/es\/\">https:\/\/rinol.com\/es\/<\/a><\/p>\n<\/div>\n<\/div><\/div><\/div><div id=\"pgc-8347-0-1\"  class=\"panel-grid-cell\" ><div id=\"panel-8347-0-1-0\" class=\"so-panel widget widget_sow-editor panel-first-child panel-last-child\" data-index=\"1\" ><div\n\t\t\t\n\t\t\tclass=\"so-widget-sow-editor so-widget-sow-editor-base\"\n\t\t\t\n\t\t>\n<div class=\"siteorigin-widget-tinymce textwidget\">\n\t<!-- Widget Shortcode --><div id=\"siteorigin-panels-builder-3\" class=\"widget widget_siteorigin-panels-builder widget-shortcode area-product-category-sidebar \"><div id=\"pl-w6214c67744dd0\"  class=\"panel-layout\" ><div id=\"pg-w6214c67744dd0-0\"  class=\"panel-grid panel-has-style\" ><div class=\"primary-color-backround panel-row-style panel-row-style-for-w6214c67744dd0-0\" ><div id=\"pgc-w6214c67744dd0-0-0\"  class=\"panel-grid-cell\" ><div id=\"panel-w6214c67744dd0-0-0-0\" class=\"so-panel widget widget_sow-editor panel-first-child panel-last-child\" data-index=\"0\" ><div class=\"white-text panel-widget-style panel-widget-style-for-w6214c67744dd0-0-0-0\" ><div\n\t\t\t\n\t\t\tclass=\"so-widget-sow-editor so-widget-sow-editor-base\"\n\t\t\t\n\t\t>\n<div class=\"siteorigin-widget-tinymce textwidget\">\n\t<h5><strong>\u00bfNecesito ayuda?<\/strong><br \/>\n<strong>Ponerse en contacto.<\/strong><\/h5>\n<\/div>\n<\/div><\/div><\/div><\/div><\/div><\/div><div id=\"pg-w6214c67744dd0-1\"  class=\"panel-grid panel-has-style\" ><div class=\"light-grey-background panel-row-style panel-row-style-for-w6214c67744dd0-1\" ><div id=\"pgc-w6214c67744dd0-1-0\"  class=\"panel-grid-cell\" ><div id=\"panel-w6214c67744dd0-1-0-0\" class=\"so-panel widget widget_sow-editor panel-first-child panel-last-child\" data-index=\"1\" ><div\n\t\t\t\n\t\t\tclass=\"so-widget-sow-editor so-widget-sow-editor-base\"\n\t\t\t\n\t\t>\n<div class=\"siteorigin-widget-tinymce textwidget\">\n\t<p>P\u00f3ngase en contacto con nuestro equipo de ventas hoy para obtener asesoramiento sobre productos y precios. <\/p>\n<p>Llama ahora<\/p>\n<h5>+44 1752 895288<\/h5>\n<\/p>\n<p>O <a href=\"https:\/\/permaban.com\/es\/encuentra-un-distribuidor\/\">encuentre un distribuidor<\/a><\/p>\n<\/div>\n<\/div><\/div><\/div><\/div><\/div><\/div><\/div><!-- \/Widget Shortcode -->\n<\/div>\n<\/div><\/div><\/div><\/div><\/div>","protected":false},"excerpt":{"rendered":"<p>Algunas industrias presentan desaf\u00edos particulares para un pavimento industrial, por ejemplo, actividades que requieren productos qu\u00edmicos o donde existe un estricto r\u00e9gimen de limpieza. Un sistema de pavimentos de resina puede proporcionar la respuesta perfecta, tanto para pisos nuevos como&#8230;<\/p>\n","protected":false},"author":3,"featured_media":6419,"parent":8352,"menu_order":0,"comment_status":"closed","ping_status":"closed","template":"","meta":{"_acf_changed":false,"_monsterinsights_skip_tracking":false,"_monsterinsights_sitenote_active":false,"_monsterinsights_sitenote_note":"","_monsterinsights_sitenote_category":0,"footnotes":""},"class_list":["post-8347","page","type-page","status-publish","has-post-thumbnail","hentry"],"acf":[],"yoast_head":"<!-- This site is optimized with the Yoast SEO plugin v27.1.1 - https:\/\/yoast.com\/product\/yoast-seo-wordpress\/ -->\n<title>Sistemas de pisos de resina para pisos industriales | Marca RINOL - Permaban<\/title>\n<meta name=\"description\" content=\"Sistemas de pisos de resina de la marca internacional, RINOL, parte de RCR. Sistemas de pisos de resina multicapa especializados para aplicaciones diversas y de nicho.\" \/>\n<meta name=\"robots\" content=\"index, follow, max-snippet:-1, max-image-preview:large, max-video-preview:-1\" \/>\n<link rel=\"canonical\" href=\"https:\/\/permaban.com\/es\/productos_inicio\/sistemas-de-resina\/\" \/>\n<meta property=\"og:locale\" content=\"es_ES\" \/>\n<meta property=\"og:type\" content=\"article\" \/>\n<meta property=\"og:title\" content=\"Sistemas de pisos de resina para pisos industriales | Marca RINOL - Permaban\" \/>\n<meta property=\"og:description\" content=\"Sistemas de pisos de resina de la marca internacional, RINOL, parte de RCR. Sistemas de pisos de resina multicapa especializados para aplicaciones diversas y de nicho.\" \/>\n<meta property=\"og:url\" content=\"https:\/\/permaban.com\/es\/productos_inicio\/sistemas-de-resina\/\" \/>\n<meta property=\"og:site_name\" content=\"Permaban\" \/>\n<meta property=\"article:modified_time\" content=\"2025-11-17T12:00:17+00:00\" \/>\n<meta property=\"og:image\" content=\"https:\/\/permaban.com\/wp-content\/uploads\/2019\/06\/Rinol-Resin-Flooring-Systems.jpg\" \/>\n\t<meta property=\"og:image:width\" content=\"4032\" \/>\n\t<meta property=\"og:image:height\" content=\"3024\" \/>\n\t<meta property=\"og:image:type\" content=\"image\/jpeg\" \/>\n<meta name=\"twitter:card\" content=\"summary_large_image\" \/>\n<meta name=\"twitter:label1\" content=\"Tiempo de lectura\" \/>\n\t<meta name=\"twitter:data1\" content=\"3 minutos\" \/>\n<script type=\"application\/ld+json\" class=\"yoast-schema-graph\">{\"@context\":\"https:\/\/schema.org\",\"@graph\":[{\"@type\":\"WebPage\",\"@id\":\"https:\/\/permaban.com\/es\/productos_inicio\/sistemas-de-resina\/\",\"url\":\"https:\/\/permaban.com\/es\/productos_inicio\/sistemas-de-resina\/\",\"name\":\"Sistemas de pisos de resina para pisos industriales | Marca RINOL - Permaban\",\"isPartOf\":{\"@id\":\"https:\/\/permaban.com\/es\/#website\"},\"primaryImageOfPage\":{\"@id\":\"https:\/\/permaban.com\/es\/productos_inicio\/sistemas-de-resina\/#primaryimage\"},\"image\":{\"@id\":\"https:\/\/permaban.com\/es\/productos_inicio\/sistemas-de-resina\/#primaryimage\"},\"thumbnailUrl\":\"https:\/\/permaban.com\/wp-content\/uploads\/2019\/06\/Rinol-Resin-Flooring-Systems.jpg\",\"datePublished\":\"2019-10-17T14:39:54+00:00\",\"dateModified\":\"2025-11-17T12:00:17+00:00\",\"description\":\"Sistemas de pisos de resina de la marca internacional, RINOL, parte de RCR. Sistemas de pisos de resina multicapa especializados para aplicaciones diversas y de nicho.\",\"breadcrumb\":{\"@id\":\"https:\/\/permaban.com\/es\/productos_inicio\/sistemas-de-resina\/#breadcrumb\"},\"inLanguage\":\"es\",\"potentialAction\":[{\"@type\":\"ReadAction\",\"target\":[\"https:\/\/permaban.com\/es\/productos_inicio\/sistemas-de-resina\/\"]}]},{\"@type\":\"ImageObject\",\"inLanguage\":\"es\",\"@id\":\"https:\/\/permaban.com\/es\/productos_inicio\/sistemas-de-resina\/#primaryimage\",\"url\":\"https:\/\/permaban.com\/wp-content\/uploads\/2019\/06\/Rinol-Resin-Flooring-Systems.jpg\",\"contentUrl\":\"https:\/\/permaban.com\/wp-content\/uploads\/2019\/06\/Rinol-Resin-Flooring-Systems.jpg\",\"width\":4032,\"height\":3024},{\"@type\":\"BreadcrumbList\",\"@id\":\"https:\/\/permaban.com\/es\/productos_inicio\/sistemas-de-resina\/#breadcrumb\",\"itemListElement\":[{\"@type\":\"ListItem\",\"position\":1,\"name\":\"Home\",\"item\":\"https:\/\/permaban.com\/es\/\"},{\"@type\":\"ListItem\",\"position\":2,\"name\":\"Productos\",\"item\":\"https:\/\/permaban.com\/es\/productos_inicio\/\"},{\"@type\":\"ListItem\",\"position\":3,\"name\":\"Sistemas de Resina\"}]},{\"@type\":\"WebSite\",\"@id\":\"https:\/\/permaban.com\/es\/#website\",\"url\":\"https:\/\/permaban.com\/es\/\",\"name\":\"Permaban\",\"description\":\"Industrial Flooring Products\",\"potentialAction\":[{\"@type\":\"SearchAction\",\"target\":{\"@type\":\"EntryPoint\",\"urlTemplate\":\"https:\/\/permaban.com\/es\/?s={search_term_string}\"},\"query-input\":{\"@type\":\"PropertyValueSpecification\",\"valueRequired\":true,\"valueName\":\"search_term_string\"}}],\"inLanguage\":\"es\"}]}<\/script>\n<!-- \/ Yoast SEO plugin. -->","yoast_head_json":{"title":"Sistemas de pisos de resina para pisos industriales | Marca RINOL - Permaban","description":"Sistemas de pisos de resina de la marca internacional, RINOL, parte de RCR. Sistemas de pisos de resina multicapa especializados para aplicaciones diversas y de nicho.","robots":{"index":"index","follow":"follow","max-snippet":"max-snippet:-1","max-image-preview":"max-image-preview:large","max-video-preview":"max-video-preview:-1"},"canonical":"https:\/\/permaban.com\/es\/productos_inicio\/sistemas-de-resina\/","og_locale":"es_ES","og_type":"article","og_title":"Sistemas de pisos de resina para pisos industriales | Marca RINOL - Permaban","og_description":"Sistemas de pisos de resina de la marca internacional, RINOL, parte de RCR. Sistemas de pisos de resina multicapa especializados para aplicaciones diversas y de nicho.","og_url":"https:\/\/permaban.com\/es\/productos_inicio\/sistemas-de-resina\/","og_site_name":"Permaban","article_modified_time":"2025-11-17T12:00:17+00:00","og_image":[{"width":4032,"height":3024,"url":"https:\/\/permaban.com\/wp-content\/uploads\/2019\/06\/Rinol-Resin-Flooring-Systems.jpg","type":"image\/jpeg"}],"twitter_card":"summary_large_image","twitter_misc":{"Tiempo de lectura":"3 minutos"},"schema":{"@context":"https:\/\/schema.org","@graph":[{"@type":"WebPage","@id":"https:\/\/permaban.com\/es\/productos_inicio\/sistemas-de-resina\/","url":"https:\/\/permaban.com\/es\/productos_inicio\/sistemas-de-resina\/","name":"Sistemas de pisos de resina para pisos industriales | Marca RINOL - Permaban","isPartOf":{"@id":"https:\/\/permaban.com\/es\/#website"},"primaryImageOfPage":{"@id":"https:\/\/permaban.com\/es\/productos_inicio\/sistemas-de-resina\/#primaryimage"},"image":{"@id":"https:\/\/permaban.com\/es\/productos_inicio\/sistemas-de-resina\/#primaryimage"},"thumbnailUrl":"https:\/\/permaban.com\/wp-content\/uploads\/2019\/06\/Rinol-Resin-Flooring-Systems.jpg","datePublished":"2019-10-17T14:39:54+00:00","dateModified":"2025-11-17T12:00:17+00:00","description":"Sistemas de pisos de resina de la marca internacional, RINOL, parte de RCR. Sistemas de pisos de resina multicapa especializados para aplicaciones diversas y de nicho.","breadcrumb":{"@id":"https:\/\/permaban.com\/es\/productos_inicio\/sistemas-de-resina\/#breadcrumb"},"inLanguage":"es","potentialAction":[{"@type":"ReadAction","target":["https:\/\/permaban.com\/es\/productos_inicio\/sistemas-de-resina\/"]}]},{"@type":"ImageObject","inLanguage":"es","@id":"https:\/\/permaban.com\/es\/productos_inicio\/sistemas-de-resina\/#primaryimage","url":"https:\/\/permaban.com\/wp-content\/uploads\/2019\/06\/Rinol-Resin-Flooring-Systems.jpg","contentUrl":"https:\/\/permaban.com\/wp-content\/uploads\/2019\/06\/Rinol-Resin-Flooring-Systems.jpg","width":4032,"height":3024},{"@type":"BreadcrumbList","@id":"https:\/\/permaban.com\/es\/productos_inicio\/sistemas-de-resina\/#breadcrumb","itemListElement":[{"@type":"ListItem","position":1,"name":"Home","item":"https:\/\/permaban.com\/es\/"},{"@type":"ListItem","position":2,"name":"Productos","item":"https:\/\/permaban.com\/es\/productos_inicio\/"},{"@type":"ListItem","position":3,"name":"Sistemas de Resina"}]},{"@type":"WebSite","@id":"https:\/\/permaban.com\/es\/#website","url":"https:\/\/permaban.com\/es\/","name":"Permaban","description":"Industrial Flooring Products","potentialAction":[{"@type":"SearchAction","target":{"@type":"EntryPoint","urlTemplate":"https:\/\/permaban.com\/es\/?s={search_term_string}"},"query-input":{"@type":"PropertyValueSpecification","valueRequired":true,"valueName":"search_term_string"}}],"inLanguage":"es"}]}},"_links":{"self":[{"href":"https:\/\/permaban.com\/es\/wp-json\/wp\/v2\/pages\/8347","targetHints":{"allow":["GET"]}}],"collection":[{"href":"https:\/\/permaban.com\/es\/wp-json\/wp\/v2\/pages"}],"about":[{"href":"https:\/\/permaban.com\/es\/wp-json\/wp\/v2\/types\/page"}],"author":[{"embeddable":true,"href":"https:\/\/permaban.com\/es\/wp-json\/wp\/v2\/users\/3"}],"replies":[{"embeddable":true,"href":"https:\/\/permaban.com\/es\/wp-json\/wp\/v2\/comments?post=8347"}],"version-history":[{"count":5,"href":"https:\/\/permaban.com\/es\/wp-json\/wp\/v2\/pages\/8347\/revisions"}],"predecessor-version":[{"id":14708,"href":"https:\/\/permaban.com\/es\/wp-json\/wp\/v2\/pages\/8347\/revisions\/14708"}],"up":[{"embeddable":true,"href":"https:\/\/permaban.com\/es\/wp-json\/wp\/v2\/pages\/8352"}],"wp:featuredmedia":[{"embeddable":true,"href":"https:\/\/permaban.com\/es\/wp-json\/wp\/v2\/media\/6419"}],"wp:attachment":[{"href":"https:\/\/permaban.com\/es\/wp-json\/wp\/v2\/media?parent=8347"}],"curies":[{"name":"wp","href":"https:\/\/api.w.org\/{rel}","templated":true}]}}