{"id":8348,"date":"2019-10-17T15:40:09","date_gmt":"2019-10-17T14:40:09","guid":{"rendered":"https:\/\/permaban.com\/joint-sealants\/"},"modified":"2020-01-07T12:04:26","modified_gmt":"2020-01-07T12:04:26","slug":"selladores-de-juntas","status":"publish","type":"page","link":"https:\/\/permaban.com\/es\/productos_inicio\/selladores-de-juntas\/","title":{"rendered":"Selladores de Juntas"},"content":{"rendered":"<div id=\"pl-8348\"  class=\"panel-layout\" ><div id=\"pg-8348-0\"  class=\"panel-grid panel-no-style\" ><div id=\"pgc-8348-0-0\"  class=\"panel-grid-cell\" ><div id=\"panel-8348-0-0-0\" class=\"so-panel widget widget_sow-editor panel-first-child panel-last-child\" data-index=\"0\" ><div\n\t\t\t\n\t\t\tclass=\"so-widget-sow-editor so-widget-sow-editor-base\"\n\t\t\t\n\t\t>\n<div class=\"siteorigin-widget-tinymce textwidget\">\n\t<p><img loading=\"lazy\" decoding=\"async\" class=\"alignnone size-full wp-image-6938\" src=\"http:\/\/permaban.com\/wp-content\/uploads\/2019\/06\/Rocland-with-strapline-1.jpg\" alt=\"\" width=\"200\" height=\"190\" \/><\/p>\n<p>Los selladores de juntas son una parte importante de la protecci\u00f3n de juntas en pavimentos de hormig\u00f3n. Ya sea que la junta sea creada por sierra (corte con sierra) o una junta de construcci\u00f3n armada (junta de acero), llenar el espacio con un sellador ayuda al mantenimiento de la junta y a prevenir el da\u00f1o de las aristas o bordes.<\/p>\n<p><strong>RCR Flooring Products fabrica y suministra la marca Rocland de selladores para juntas. La informaci\u00f3n sobre estos productos se puede encontrar<\/strong><b>\u00a0<a href=\"http:\/\/www.rocland.eu\/es\/\" target=\"_blank\" rel=\"noopener\">aqu\u00ed, en la p\u00e1gina web de Rocland.\u00a0<\/a><\/b><\/p>\n<p><strong>\u00bfQu\u00e9 selladores de juntas est\u00e1n disponibles?<\/strong><\/p>\n<p>Rocland ofrece dos tipos de selladores de juntas: un sellador de poliuretano (masilla blanda) y una tira flexible de PVC.<\/p>\n<p>La masilla es muy vers\u00e1til y admite tama\u00f1os de espacio de hasta 6 mm en nuevas construcciones y renovaciones. Se puede usar en interiores y exteriores.<\/p>\n<p>La tira de PVC flexible se suministra en un rollo en una variedad de tama\u00f1os. Debido a que es un producto seco, no es necesario esperar el tiempo de curado, por lo que el pavimento se puede utilizar r\u00e1pidamente. La tira se puede cambiar por una de un ancho mayor a medida que la junta se expande.<\/p>\n<p><strong>Beneficios de usar un sellador de juntas<\/strong><\/p>\n<ul>\n<li data-leveltext=\"\uf0b7\" data-font=\"Symbol\" data-listid=\"1\" aria-setsize=\"-1\" data-aria-posinset=\"1\" data-aria-level=\"1\">Protege los bordes de juntas cortadas con sierra contra da\u00f1os por impacto de veh\u00edculos y tr\u00e1fico de peatones.<\/li>\n<li data-leveltext=\"\uf0b7\" data-font=\"Symbol\" data-listid=\"1\" aria-setsize=\"-1\" data-aria-posinset=\"1\" data-aria-level=\"1\">Reduce la necesidad de reparaciones futuras en \u00e1reas de uni\u00f3n.<\/li>\n<li data-leveltext=\"\uf0b7\" data-font=\"Symbol\" data-listid=\"1\" aria-setsize=\"-1\" data-aria-posinset=\"1\" data-aria-level=\"1\">Evita que los residuos entren en la junta, particularmente importante en las instalaciones de elaboraci\u00f3n de alimentos<\/li>\n<li data-leveltext=\"\uf0b7\" data-font=\"Symbol\" data-listid=\"1\" aria-setsize=\"-1\" data-aria-posinset=\"1\" data-aria-level=\"1\">Evita que los qu\u00edmicos se filtren al pavimento a trav\u00e9s de la junta.<\/li>\n<li data-leveltext=\"\uf0b7\" data-font=\"Symbol\" data-listid=\"1\" aria-setsize=\"-1\" data-aria-posinset=\"1\" data-aria-level=\"1\">En cuanto a seguridad y salud, puede prevenir un riesgo de tropiezo evitando que los tacones se enganchen en la junta.<\/li>\n<\/ul>\n<p><strong>Sellador preinstalado <\/strong><\/p>\n<p>Algunas de nuestras juntas armadas se pueden suministrar con una cinta de sellado preinstalada. Hable con nuestro equipo de ventas para conseguir m\u00e1s informaci\u00f3n.<\/p>\n<p><strong>Cord\u00f3n de espuma<\/strong><\/p>\n<p>Al aplicar un sellador de poliuretano, puede ser \u00fatil insertar primero un cord\u00f3n de espuma en la junta. Este cord\u00f3n de espuma cil\u00edndrica proporciona una base s\u00f3lida para evitar que el sellador caiga dentro de la junta. As\u00ed se garantiza una profundidad constante y una aplicaci\u00f3n ordenada. Consulte la p\u00e1gina web de Rocland para conseguir detalles sobre su producto Ethafoam.<\/p>\n<p><b>Puede conseguir m\u00e1s informaci\u00f3n sobre los selladores de juntas leyendo estos \u00fatiles art\u00edculos en <\/b><a href=\"http:\/\/www.rocland.eu\/es\/\" target=\"_blank\" rel=\"noopener\"><b>la p\u00e1gina web de Rocland<\/b><b>.<\/b><\/a><\/p>\n<\/div>\n<\/div><\/div><\/div><div id=\"pgc-8348-0-1\"  class=\"panel-grid-cell\" ><div id=\"panel-8348-0-1-0\" class=\"so-panel widget widget_sow-editor panel-first-child panel-last-child\" data-index=\"1\" ><div\n\t\t\t\n\t\t\tclass=\"so-widget-sow-editor so-widget-sow-editor-base\"\n\t\t\t\n\t\t>\n<div class=\"siteorigin-widget-tinymce textwidget\">\n\t<!-- Widget Shortcode --><div id=\"siteorigin-panels-builder-3\" class=\"widget widget_siteorigin-panels-builder widget-shortcode area-product-category-sidebar \"><div id=\"pl-w6214c67744dd0\"  class=\"panel-layout\" ><div id=\"pg-w6214c67744dd0-0\"  class=\"panel-grid panel-has-style\" ><div class=\"primary-color-backround panel-row-style panel-row-style-for-w6214c67744dd0-0\" ><div id=\"pgc-w6214c67744dd0-0-0\"  class=\"panel-grid-cell\" ><div id=\"panel-w6214c67744dd0-0-0-0\" class=\"so-panel widget widget_sow-editor panel-first-child panel-last-child\" data-index=\"0\" ><div class=\"white-text panel-widget-style panel-widget-style-for-w6214c67744dd0-0-0-0\" ><div\n\t\t\t\n\t\t\tclass=\"so-widget-sow-editor so-widget-sow-editor-base\"\n\t\t\t\n\t\t>\n<div class=\"siteorigin-widget-tinymce textwidget\">\n\t<h5><strong>\u00bfNecesito ayuda?<\/strong><br \/>\n<strong>Ponerse en contacto.<\/strong><\/h5>\n<\/div>\n<\/div><\/div><\/div><\/div><\/div><\/div><div id=\"pg-w6214c67744dd0-1\"  class=\"panel-grid panel-has-style\" ><div class=\"light-grey-background panel-row-style panel-row-style-for-w6214c67744dd0-1\" ><div id=\"pgc-w6214c67744dd0-1-0\"  class=\"panel-grid-cell\" ><div id=\"panel-w6214c67744dd0-1-0-0\" class=\"so-panel widget widget_sow-editor panel-first-child panel-last-child\" data-index=\"1\" ><div\n\t\t\t\n\t\t\tclass=\"so-widget-sow-editor so-widget-sow-editor-base\"\n\t\t\t\n\t\t>\n<div class=\"siteorigin-widget-tinymce textwidget\">\n\t<p>P\u00f3ngase en contacto con nuestro equipo de ventas hoy para obtener asesoramiento sobre productos y precios. <\/p>\n<p>Llama ahora<\/p>\n<h5>+44 1752 895288<\/h5>\n<\/p>\n<p>O <a href=\"https:\/\/permaban.com\/es\/encuentra-un-distribuidor\/\">encuentre un distribuidor<\/a><\/p>\n<\/div>\n<\/div><\/div><\/div><\/div><\/div><\/div><\/div><!-- \/Widget Shortcode -->\n<\/div>\n<\/div><\/div><\/div><\/div><\/div>","protected":false},"excerpt":{"rendered":"<p>Los selladores de juntas son una parte importante de la protecci\u00f3n de juntas en pavimentos de hormig\u00f3n. Ya sea que la junta sea creada por sierra (corte con sierra) o una junta de construcci\u00f3n armada (junta de acero), llenar el&#8230;<\/p>\n","protected":false},"author":3,"featured_media":6479,"parent":8352,"menu_order":0,"comment_status":"closed","ping_status":"closed","template":"","meta":{"_acf_changed":false,"_monsterinsights_skip_tracking":false,"_monsterinsights_sitenote_active":false,"_monsterinsights_sitenote_note":"","_monsterinsights_sitenote_category":0,"footnotes":""},"class_list":["post-8348","page","type-page","status-publish","has-post-thumbnail","hentry"],"acf":[],"yoast_head":"<!-- This site is optimized with the Yoast SEO plugin v27.3 - https:\/\/yoast.com\/product\/yoast-seo-wordpress\/ -->\n<title>Concrete Slab Joint Sealant for Saw-Cut Joints, Armoured Joints - Permaban<\/title>\n<meta name=\"description\" content=\"Filling a joint gap with a concrete slab joint sealant helps to support the joint and prevent arris damage, both for saw-cut joints and armoured joints.\" \/>\n<meta name=\"robots\" content=\"index, follow, max-snippet:-1, max-image-preview:large, max-video-preview:-1\" \/>\n<link rel=\"canonical\" href=\"https:\/\/permaban.com\/es\/productos_inicio\/selladores-de-juntas\/\" \/>\n<meta property=\"og:locale\" content=\"es_ES\" \/>\n<meta property=\"og:type\" content=\"article\" \/>\n<meta property=\"og:title\" content=\"Concrete Slab Joint Sealant for Saw-Cut Joints, Armoured Joints - Permaban\" \/>\n<meta property=\"og:description\" content=\"Filling a joint gap with a concrete slab joint sealant helps to support the joint and prevent arris damage, both for saw-cut joints and armoured joints.\" \/>\n<meta property=\"og:url\" content=\"https:\/\/permaban.com\/es\/productos_inicio\/selladores-de-juntas\/\" \/>\n<meta property=\"og:site_name\" content=\"Permaban\" \/>\n<meta property=\"article:modified_time\" content=\"2020-01-07T12:04:26+00:00\" \/>\n<meta property=\"og:image\" content=\"https:\/\/permaban.com\/wp-content\/uploads\/2019\/06\/Checking-floor-level-after-completion-1.jpg\" \/>\n\t<meta property=\"og:image:width\" content=\"750\" \/>\n\t<meta property=\"og:image:height\" content=\"427\" \/>\n\t<meta property=\"og:image:type\" content=\"image\/jpeg\" \/>\n<meta name=\"twitter:card\" content=\"summary_large_image\" \/>\n<meta name=\"twitter:label1\" content=\"Tiempo de lectura\" \/>\n\t<meta name=\"twitter:data1\" content=\"2 minutos\" \/>\n<script type=\"application\/ld+json\" class=\"yoast-schema-graph\">{\"@context\":\"https:\\\/\\\/schema.org\",\"@graph\":[{\"@type\":\"WebPage\",\"@id\":\"https:\\\/\\\/permaban.com\\\/es\\\/productos_inicio\\\/selladores-de-juntas\\\/\",\"url\":\"https:\\\/\\\/permaban.com\\\/es\\\/productos_inicio\\\/selladores-de-juntas\\\/\",\"name\":\"Concrete Slab Joint Sealant for Saw-Cut Joints, Armoured Joints - Permaban\",\"isPartOf\":{\"@id\":\"https:\\\/\\\/permaban.com\\\/es\\\/#website\"},\"primaryImageOfPage\":{\"@id\":\"https:\\\/\\\/permaban.com\\\/es\\\/productos_inicio\\\/selladores-de-juntas\\\/#primaryimage\"},\"image\":{\"@id\":\"https:\\\/\\\/permaban.com\\\/es\\\/productos_inicio\\\/selladores-de-juntas\\\/#primaryimage\"},\"thumbnailUrl\":\"https:\\\/\\\/permaban.com\\\/wp-content\\\/uploads\\\/2019\\\/06\\\/Checking-floor-level-after-completion-1.jpg\",\"datePublished\":\"2019-10-17T14:40:09+00:00\",\"dateModified\":\"2020-01-07T12:04:26+00:00\",\"description\":\"Filling a joint gap with a concrete slab joint sealant helps to support the joint and prevent arris damage, both for saw-cut joints and armoured joints.\",\"breadcrumb\":{\"@id\":\"https:\\\/\\\/permaban.com\\\/es\\\/productos_inicio\\\/selladores-de-juntas\\\/#breadcrumb\"},\"inLanguage\":\"es\",\"potentialAction\":[{\"@type\":\"ReadAction\",\"target\":[\"https:\\\/\\\/permaban.com\\\/es\\\/productos_inicio\\\/selladores-de-juntas\\\/\"]}]},{\"@type\":\"ImageObject\",\"inLanguage\":\"es\",\"@id\":\"https:\\\/\\\/permaban.com\\\/es\\\/productos_inicio\\\/selladores-de-juntas\\\/#primaryimage\",\"url\":\"https:\\\/\\\/permaban.com\\\/wp-content\\\/uploads\\\/2019\\\/06\\\/Checking-floor-level-after-completion-1.jpg\",\"contentUrl\":\"https:\\\/\\\/permaban.com\\\/wp-content\\\/uploads\\\/2019\\\/06\\\/Checking-floor-level-after-completion-1.jpg\",\"width\":750,\"height\":427},{\"@type\":\"BreadcrumbList\",\"@id\":\"https:\\\/\\\/permaban.com\\\/es\\\/productos_inicio\\\/selladores-de-juntas\\\/#breadcrumb\",\"itemListElement\":[{\"@type\":\"ListItem\",\"position\":1,\"name\":\"Home\",\"item\":\"https:\\\/\\\/permaban.com\\\/es\\\/\"},{\"@type\":\"ListItem\",\"position\":2,\"name\":\"Productos\",\"item\":\"https:\\\/\\\/permaban.com\\\/es\\\/productos_inicio\\\/\"},{\"@type\":\"ListItem\",\"position\":3,\"name\":\"Selladores de Juntas\"}]},{\"@type\":\"WebSite\",\"@id\":\"https:\\\/\\\/permaban.com\\\/es\\\/#website\",\"url\":\"https:\\\/\\\/permaban.com\\\/es\\\/\",\"name\":\"Permaban\",\"description\":\"Industrial Flooring Products\",\"potentialAction\":[{\"@type\":\"SearchAction\",\"target\":{\"@type\":\"EntryPoint\",\"urlTemplate\":\"https:\\\/\\\/permaban.com\\\/es\\\/?s={search_term_string}\"},\"query-input\":{\"@type\":\"PropertyValueSpecification\",\"valueRequired\":true,\"valueName\":\"search_term_string\"}}],\"inLanguage\":\"es\"}]}<\/script>\n<!-- \/ Yoast SEO plugin. -->","yoast_head_json":{"title":"Concrete Slab Joint Sealant for Saw-Cut Joints, Armoured Joints - Permaban","description":"Filling a joint gap with a concrete slab joint sealant helps to support the joint and prevent arris damage, both for saw-cut joints and armoured joints.","robots":{"index":"index","follow":"follow","max-snippet":"max-snippet:-1","max-image-preview":"max-image-preview:large","max-video-preview":"max-video-preview:-1"},"canonical":"https:\/\/permaban.com\/es\/productos_inicio\/selladores-de-juntas\/","og_locale":"es_ES","og_type":"article","og_title":"Concrete Slab Joint Sealant for Saw-Cut Joints, Armoured Joints - Permaban","og_description":"Filling a joint gap with a concrete slab joint sealant helps to support the joint and prevent arris damage, both for saw-cut joints and armoured joints.","og_url":"https:\/\/permaban.com\/es\/productos_inicio\/selladores-de-juntas\/","og_site_name":"Permaban","article_modified_time":"2020-01-07T12:04:26+00:00","og_image":[{"width":750,"height":427,"url":"https:\/\/permaban.com\/wp-content\/uploads\/2019\/06\/Checking-floor-level-after-completion-1.jpg","type":"image\/jpeg"}],"twitter_card":"summary_large_image","twitter_misc":{"Tiempo de lectura":"2 minutos"},"schema":{"@context":"https:\/\/schema.org","@graph":[{"@type":"WebPage","@id":"https:\/\/permaban.com\/es\/productos_inicio\/selladores-de-juntas\/","url":"https:\/\/permaban.com\/es\/productos_inicio\/selladores-de-juntas\/","name":"Concrete Slab Joint Sealant for Saw-Cut Joints, Armoured Joints - Permaban","isPartOf":{"@id":"https:\/\/permaban.com\/es\/#website"},"primaryImageOfPage":{"@id":"https:\/\/permaban.com\/es\/productos_inicio\/selladores-de-juntas\/#primaryimage"},"image":{"@id":"https:\/\/permaban.com\/es\/productos_inicio\/selladores-de-juntas\/#primaryimage"},"thumbnailUrl":"https:\/\/permaban.com\/wp-content\/uploads\/2019\/06\/Checking-floor-level-after-completion-1.jpg","datePublished":"2019-10-17T14:40:09+00:00","dateModified":"2020-01-07T12:04:26+00:00","description":"Filling a joint gap with a concrete slab joint sealant helps to support the joint and prevent arris damage, both for saw-cut joints and armoured joints.","breadcrumb":{"@id":"https:\/\/permaban.com\/es\/productos_inicio\/selladores-de-juntas\/#breadcrumb"},"inLanguage":"es","potentialAction":[{"@type":"ReadAction","target":["https:\/\/permaban.com\/es\/productos_inicio\/selladores-de-juntas\/"]}]},{"@type":"ImageObject","inLanguage":"es","@id":"https:\/\/permaban.com\/es\/productos_inicio\/selladores-de-juntas\/#primaryimage","url":"https:\/\/permaban.com\/wp-content\/uploads\/2019\/06\/Checking-floor-level-after-completion-1.jpg","contentUrl":"https:\/\/permaban.com\/wp-content\/uploads\/2019\/06\/Checking-floor-level-after-completion-1.jpg","width":750,"height":427},{"@type":"BreadcrumbList","@id":"https:\/\/permaban.com\/es\/productos_inicio\/selladores-de-juntas\/#breadcrumb","itemListElement":[{"@type":"ListItem","position":1,"name":"Home","item":"https:\/\/permaban.com\/es\/"},{"@type":"ListItem","position":2,"name":"Productos","item":"https:\/\/permaban.com\/es\/productos_inicio\/"},{"@type":"ListItem","position":3,"name":"Selladores de Juntas"}]},{"@type":"WebSite","@id":"https:\/\/permaban.com\/es\/#website","url":"https:\/\/permaban.com\/es\/","name":"Permaban","description":"Industrial Flooring Products","potentialAction":[{"@type":"SearchAction","target":{"@type":"EntryPoint","urlTemplate":"https:\/\/permaban.com\/es\/?s={search_term_string}"},"query-input":{"@type":"PropertyValueSpecification","valueRequired":true,"valueName":"search_term_string"}}],"inLanguage":"es"}]}},"_links":{"self":[{"href":"https:\/\/permaban.com\/es\/wp-json\/wp\/v2\/pages\/8348","targetHints":{"allow":["GET"]}}],"collection":[{"href":"https:\/\/permaban.com\/es\/wp-json\/wp\/v2\/pages"}],"about":[{"href":"https:\/\/permaban.com\/es\/wp-json\/wp\/v2\/types\/page"}],"author":[{"embeddable":true,"href":"https:\/\/permaban.com\/es\/wp-json\/wp\/v2\/users\/3"}],"replies":[{"embeddable":true,"href":"https:\/\/permaban.com\/es\/wp-json\/wp\/v2\/comments?post=8348"}],"version-history":[{"count":5,"href":"https:\/\/permaban.com\/es\/wp-json\/wp\/v2\/pages\/8348\/revisions"}],"predecessor-version":[{"id":9609,"href":"https:\/\/permaban.com\/es\/wp-json\/wp\/v2\/pages\/8348\/revisions\/9609"}],"up":[{"embeddable":true,"href":"https:\/\/permaban.com\/es\/wp-json\/wp\/v2\/pages\/8352"}],"wp:featuredmedia":[{"embeddable":true,"href":"https:\/\/permaban.com\/es\/wp-json\/wp\/v2\/media\/6479"}],"wp:attachment":[{"href":"https:\/\/permaban.com\/es\/wp-json\/wp\/v2\/media?parent=8348"}],"curies":[{"name":"wp","href":"https:\/\/api.w.org\/{rel}","templated":true}]}}