{"id":8349,"date":"2019-10-17T15:40:28","date_gmt":"2019-10-17T14:40:28","guid":{"rendered":"https:\/\/permaban.com\/dry-shake-surface-hardeners\/"},"modified":"2020-01-07T12:05:38","modified_gmt":"2020-01-07T12:05:38","slug":"endurecedores-de-superficie","status":"publish","type":"page","link":"https:\/\/permaban.com\/es\/productos_inicio\/endurecedores-de-superficie\/","title":{"rendered":"Endurecedores de Superficie"},"content":{"rendered":"<div id=\"pl-8349\"  class=\"panel-layout\" ><div id=\"pg-8349-0\"  class=\"panel-grid panel-no-style\" ><div id=\"pgc-8349-0-0\"  class=\"panel-grid-cell\" ><div id=\"panel-8349-0-0-0\" class=\"so-panel widget widget_sow-editor panel-first-child panel-last-child\" data-index=\"0\" ><div\n\t\t\t\n\t\t\tclass=\"so-widget-sow-editor so-widget-sow-editor-base\"\n\t\t\t\n\t\t>\n<div class=\"siteorigin-widget-tinymce textwidget\">\n\t<p><img loading=\"lazy\" decoding=\"async\" class=\"alignnone size-full wp-image-6938\" src=\"http:\/\/permaban.com\/wp-content\/uploads\/2019\/06\/Rocland-with-strapline-1.jpg\" alt=\"\" width=\"200\" height=\"190\" \/><\/p>\n<p>La protecci\u00f3n de un pavimento de hormig\u00f3n se extiende m\u00e1s all\u00e1 de las juntas. La superficie del pavimento es particularmente vulnerable al da\u00f1o causado por el impacto y la abrasi\u00f3n. El uso de un endurecedor de superficie es una de las formas m\u00e1s efectivas de proteger la superficie y extender la vida \u00fatil del pavimento.<\/p>\n<p><b>RCR Flooring Products fabrica y suministra la marca Rocland de endurecedores de superficie. La informaci\u00f3n sobre estos productos se puede encontrar<\/b><b>\u00a0<a href=\"http:\/\/www.rocland.eu\/es\/\" target=\"_blank\" rel=\"noopener\">aqu\u00ed, en la p\u00e1gina web de Rocland.<\/a><\/b><\/p>\n<p><img loading=\"lazy\" decoding=\"async\" class=\"alignnone size-large wp-image-6850\" src=\"http:\/\/permaban.com\/wp-content\/uploads\/2019\/06\/SY9A8606-web-1024x683.jpg\" alt=\"\" width=\"1024\" height=\"683\" srcset=\"https:\/\/permaban.com\/wp-content\/uploads\/2019\/06\/SY9A8606-web.jpg 1024w, https:\/\/permaban.com\/wp-content\/uploads\/2019\/06\/SY9A8606-web-640x427.jpg 640w, https:\/\/permaban.com\/wp-content\/uploads\/2019\/06\/SY9A8606-web-768x512.jpg 768w, https:\/\/permaban.com\/wp-content\/uploads\/2019\/06\/SY9A8606-web-272x182.jpg 272w\" sizes=\"auto, (max-width: 1024px) 100vw, 1024px\" \/><\/p>\n<p><strong>\u00bfQu\u00e9 es un endurecedor de superficie? <\/strong><\/p>\n<p>El endurecedor de superficie es una sustancia granular que se roc\u00eda uniformemente sobre un pavimento de hormig\u00f3n fresco mientras se cura. Cuando se aplica con llana, el endurecedor premezclado en seco se une a la superficie del hormig\u00f3n para crear un acabado duradero, monol\u00edtico con la losa, que protege el pavimento de hormig\u00f3n y alarga su vida \u00fatil.<\/p>\n<p>Los endurecedores de superficie comprenden cemento, agregados, aditivos y pigmentos premezclados en seco. Hay diferentes formulaciones disponibles para adaptarse a una gran variedad de aplicaciones.<\/p>\n<p><strong>Beneficios de usar un endurecedor de superficie <\/strong><\/p>\n<p>El uso de un endurecedor de superficie ofrece muchos beneficios:<\/p>\n<ul>\n<li>Protege contra da\u00f1os causados por impacto, punzonado, raspado y abrasi\u00f3n.<\/li>\n<li>Reduce el coste de por vida de la reparaci\u00f3n y mantenimiento de pavimentos.<\/li>\n<li>Mejora la apariencia del pavimento.<\/li>\n<li>Es una forma rentable de agregar color. Se pueden usar diferentes colores para designar diferentes \u00e1reas del piso.<\/li>\n<li>Para pavimentos de hormig\u00f3n reforzado con fibra de acero (SFRC) ayuda a suprimir cualquier fibra de acero cerca de la superficie.<\/li>\n<li>Puede agregar textura y resistencia al deslizamiento.<\/li>\n<li>Puede ayudar al pavimento a reflejar m\u00e1s luz, reduciendo las necesidades de iluminaci\u00f3n y energ\u00eda.<\/li>\n<li>Ayuda a inculcar una actitud de cuidado por el piso con los propietarios y usuarios del edificio.<\/li>\n<li>Puede agregar valor de venta a un edificio industrial.<\/li>\n<\/ul>\n<p><img loading=\"lazy\" decoding=\"async\" class=\"alignnone size-large wp-image-6860\" src=\"http:\/\/permaban.com\/wp-content\/uploads\/2019\/06\/IMG_5253-1024x683.jpg\" alt=\"\" width=\"1024\" height=\"683\" srcset=\"https:\/\/permaban.com\/wp-content\/uploads\/2019\/06\/IMG_5253-1024x683.jpg 1024w, https:\/\/permaban.com\/wp-content\/uploads\/2019\/06\/IMG_5253-640x427.jpg 640w, https:\/\/permaban.com\/wp-content\/uploads\/2019\/06\/IMG_5253-768x512.jpg 768w, https:\/\/permaban.com\/wp-content\/uploads\/2019\/06\/IMG_5253-272x182.jpg 272w\" sizes=\"auto, (max-width: 1024px) 100vw, 1024px\" \/><\/p>\n<p><strong>Aplicaci\u00f3n en seco sobre h\u00famedo o h\u00famedo sobre h\u00famedo<\/strong><\/p>\n<p>Aunque com\u00fanmente se roc\u00eda como un polvo seco, un endurecedor de superficie tambi\u00e9n se puede aplicar como una capa hidratada, h\u00fameda sobre el pavimento h\u00famedo. Al hacerlo, se agrega protecci\u00f3n adicional, se obtiene un acabado m\u00e1s profundo y rico, y se prolonga en gran medida la vida \u00fatil del pavimento.<\/p>\n<p><strong>Opciones de color<\/strong><\/p>\n<p>La marca Rocland ofrece una gama de colores est\u00e1ndar, pero tambi\u00e9n se pueden crear colores espec\u00edficos. Hable con RCR Flooring Products sobre sus necesidades en color.<\/p>\n<p><span data-ccp-props=\"{&quot;201341983&quot;:0,&quot;335559739&quot;:200,&quot;335559740&quot;:276}\"> <img loading=\"lazy\" decoding=\"async\" class=\"alignnone size-large wp-image-6855\" src=\"http:\/\/permaban.com\/wp-content\/uploads\/2019\/06\/image.jpg-1024x763.jpeg\" alt=\"\" width=\"1024\" height=\"763\" srcset=\"https:\/\/permaban.com\/wp-content\/uploads\/2019\/06\/image.jpg-1024x763.jpeg 1024w, https:\/\/permaban.com\/wp-content\/uploads\/2019\/06\/image.jpg-573x427.jpeg 573w, https:\/\/permaban.com\/wp-content\/uploads\/2019\/06\/image.jpg-768x572.jpeg 768w, https:\/\/permaban.com\/wp-content\/uploads\/2019\/06\/image.jpg.jpeg 1618w\" sizes=\"auto, (max-width: 1024px) 100vw, 1024px\" \/><\/span><\/p>\n<p><b>Puede obtener m\u00e1s informaci\u00f3n sobre los endurecedores de superficie leyendo estos \u00fatiles art\u00edculos en\u00a0<\/b><a href=\"http:\/\/www.rocland.eu\/es\/\" target=\"_blank\" rel=\"noopener\"><b>la p\u00e1gina web de Rocland<\/b><b>.<\/b><\/a><\/p>\n<\/div>\n<\/div><\/div><\/div><div id=\"pgc-8349-0-1\"  class=\"panel-grid-cell\" ><div id=\"panel-8349-0-1-0\" class=\"so-panel widget widget_sow-editor panel-first-child panel-last-child\" data-index=\"1\" ><div\n\t\t\t\n\t\t\tclass=\"so-widget-sow-editor so-widget-sow-editor-base\"\n\t\t\t\n\t\t>\n<div class=\"siteorigin-widget-tinymce textwidget\">\n\t<!-- Widget Shortcode --><div id=\"siteorigin-panels-builder-3\" class=\"widget widget_siteorigin-panels-builder widget-shortcode area-product-category-sidebar \"><div id=\"pl-w6214c67744dd0\"  class=\"panel-layout\" ><div id=\"pg-w6214c67744dd0-0\"  class=\"panel-grid panel-has-style\" ><div class=\"primary-color-backround panel-row-style panel-row-style-for-w6214c67744dd0-0\" ><div id=\"pgc-w6214c67744dd0-0-0\"  class=\"panel-grid-cell\" ><div id=\"panel-w6214c67744dd0-0-0-0\" class=\"so-panel widget widget_sow-editor panel-first-child panel-last-child\" data-index=\"0\" ><div class=\"white-text panel-widget-style panel-widget-style-for-w6214c67744dd0-0-0-0\" ><div\n\t\t\t\n\t\t\tclass=\"so-widget-sow-editor so-widget-sow-editor-base\"\n\t\t\t\n\t\t>\n<div class=\"siteorigin-widget-tinymce textwidget\">\n\t<h5><strong>\u00bfNecesito ayuda?<\/strong><br \/>\n<strong>Ponerse en contacto.<\/strong><\/h5>\n<\/div>\n<\/div><\/div><\/div><\/div><\/div><\/div><div id=\"pg-w6214c67744dd0-1\"  class=\"panel-grid panel-has-style\" ><div class=\"light-grey-background panel-row-style panel-row-style-for-w6214c67744dd0-1\" ><div id=\"pgc-w6214c67744dd0-1-0\"  class=\"panel-grid-cell\" ><div id=\"panel-w6214c67744dd0-1-0-0\" class=\"so-panel widget widget_sow-editor panel-first-child panel-last-child\" data-index=\"1\" ><div\n\t\t\t\n\t\t\tclass=\"so-widget-sow-editor so-widget-sow-editor-base\"\n\t\t\t\n\t\t>\n<div class=\"siteorigin-widget-tinymce textwidget\">\n\t<p>P\u00f3ngase en contacto con nuestro equipo de ventas hoy para obtener asesoramiento sobre productos y precios. <\/p>\n<p>Llama ahora<\/p>\n<h5>+44 1752 895288<\/h5>\n<\/p>\n<p>O <a href=\"https:\/\/permaban.com\/es\/encuentra-un-distribuidor\/\">encuentre un distribuidor<\/a><\/p>\n<\/div>\n<\/div><\/div><\/div><\/div><\/div><\/div><\/div><!-- \/Widget Shortcode -->\n<\/div>\n<\/div><\/div><\/div><\/div><\/div>","protected":false},"excerpt":{"rendered":"<p>La protecci\u00f3n de un pavimento de hormig\u00f3n se extiende m\u00e1s all\u00e1 de las juntas. La superficie del pavimento es particularmente vulnerable al da\u00f1o causado por el impacto y la abrasi\u00f3n. El uso de un endurecedor de superficie es una de&#8230;<\/p>\n","protected":false},"author":3,"featured_media":6460,"parent":8352,"menu_order":0,"comment_status":"closed","ping_status":"closed","template":"","meta":{"_acf_changed":false,"_monsterinsights_skip_tracking":false,"_monsterinsights_sitenote_active":false,"_monsterinsights_sitenote_note":"","_monsterinsights_sitenote_category":0,"footnotes":""},"class_list":["post-8349","page","type-page","status-publish","has-post-thumbnail","hentry"],"acf":[],"yoast_head":"<!-- This site is optimized with the Yoast SEO plugin v27.3 - https:\/\/yoast.com\/product\/yoast-seo-wordpress\/ -->\n<title>Dry-Shake Concrete Floor Hardener for Industrial Floors - Permaban<\/title>\n<meta name=\"description\" content=\"Using a surface hardener (commonly called dry-shake), is one of the most effective ways to protect the surface and extend the life of the floor.\" \/>\n<meta name=\"robots\" content=\"index, follow, max-snippet:-1, max-image-preview:large, max-video-preview:-1\" \/>\n<link rel=\"canonical\" href=\"https:\/\/permaban.com\/es\/productos_inicio\/endurecedores-de-superficie\/\" \/>\n<meta property=\"og:locale\" content=\"es_ES\" \/>\n<meta property=\"og:type\" content=\"article\" \/>\n<meta property=\"og:title\" content=\"Dry-Shake Concrete Floor Hardener for Industrial Floors - Permaban\" \/>\n<meta property=\"og:description\" content=\"Using a surface hardener (commonly called dry-shake), is one of the most effective ways to protect the surface and extend the life of the floor.\" \/>\n<meta property=\"og:url\" content=\"https:\/\/permaban.com\/es\/productos_inicio\/endurecedores-de-superficie\/\" \/>\n<meta property=\"og:site_name\" content=\"Permaban\" \/>\n<meta property=\"article:modified_time\" content=\"2020-01-07T12:05:38+00:00\" \/>\n<meta property=\"og:image\" content=\"https:\/\/permaban.com\/wp-content\/uploads\/2019\/06\/Rocland-Surface-hardeners.jpg\" \/>\n\t<meta property=\"og:image:width\" content=\"1024\" \/>\n\t<meta property=\"og:image:height\" content=\"683\" \/>\n\t<meta property=\"og:image:type\" content=\"image\/jpeg\" \/>\n<meta name=\"twitter:card\" content=\"summary_large_image\" \/>\n<meta name=\"twitter:label1\" content=\"Tiempo de lectura\" \/>\n\t<meta name=\"twitter:data1\" content=\"2 minutos\" \/>\n<script type=\"application\/ld+json\" class=\"yoast-schema-graph\">{\"@context\":\"https:\\\/\\\/schema.org\",\"@graph\":[{\"@type\":\"WebPage\",\"@id\":\"https:\\\/\\\/permaban.com\\\/es\\\/productos_inicio\\\/endurecedores-de-superficie\\\/\",\"url\":\"https:\\\/\\\/permaban.com\\\/es\\\/productos_inicio\\\/endurecedores-de-superficie\\\/\",\"name\":\"Dry-Shake Concrete Floor Hardener for Industrial Floors - Permaban\",\"isPartOf\":{\"@id\":\"https:\\\/\\\/permaban.com\\\/es\\\/#website\"},\"primaryImageOfPage\":{\"@id\":\"https:\\\/\\\/permaban.com\\\/es\\\/productos_inicio\\\/endurecedores-de-superficie\\\/#primaryimage\"},\"image\":{\"@id\":\"https:\\\/\\\/permaban.com\\\/es\\\/productos_inicio\\\/endurecedores-de-superficie\\\/#primaryimage\"},\"thumbnailUrl\":\"https:\\\/\\\/permaban.com\\\/wp-content\\\/uploads\\\/2019\\\/06\\\/Rocland-Surface-hardeners.jpg\",\"datePublished\":\"2019-10-17T14:40:28+00:00\",\"dateModified\":\"2020-01-07T12:05:38+00:00\",\"description\":\"Using a surface hardener (commonly called dry-shake), is one of the most effective ways to protect the surface and extend the life of the floor.\",\"breadcrumb\":{\"@id\":\"https:\\\/\\\/permaban.com\\\/es\\\/productos_inicio\\\/endurecedores-de-superficie\\\/#breadcrumb\"},\"inLanguage\":\"es\",\"potentialAction\":[{\"@type\":\"ReadAction\",\"target\":[\"https:\\\/\\\/permaban.com\\\/es\\\/productos_inicio\\\/endurecedores-de-superficie\\\/\"]}]},{\"@type\":\"ImageObject\",\"inLanguage\":\"es\",\"@id\":\"https:\\\/\\\/permaban.com\\\/es\\\/productos_inicio\\\/endurecedores-de-superficie\\\/#primaryimage\",\"url\":\"https:\\\/\\\/permaban.com\\\/wp-content\\\/uploads\\\/2019\\\/06\\\/Rocland-Surface-hardeners.jpg\",\"contentUrl\":\"https:\\\/\\\/permaban.com\\\/wp-content\\\/uploads\\\/2019\\\/06\\\/Rocland-Surface-hardeners.jpg\",\"width\":1024,\"height\":683},{\"@type\":\"BreadcrumbList\",\"@id\":\"https:\\\/\\\/permaban.com\\\/es\\\/productos_inicio\\\/endurecedores-de-superficie\\\/#breadcrumb\",\"itemListElement\":[{\"@type\":\"ListItem\",\"position\":1,\"name\":\"Home\",\"item\":\"https:\\\/\\\/permaban.com\\\/es\\\/\"},{\"@type\":\"ListItem\",\"position\":2,\"name\":\"Productos\",\"item\":\"https:\\\/\\\/permaban.com\\\/es\\\/productos_inicio\\\/\"},{\"@type\":\"ListItem\",\"position\":3,\"name\":\"Endurecedores de Superficie\"}]},{\"@type\":\"WebSite\",\"@id\":\"https:\\\/\\\/permaban.com\\\/es\\\/#website\",\"url\":\"https:\\\/\\\/permaban.com\\\/es\\\/\",\"name\":\"Permaban\",\"description\":\"Industrial Flooring Products\",\"potentialAction\":[{\"@type\":\"SearchAction\",\"target\":{\"@type\":\"EntryPoint\",\"urlTemplate\":\"https:\\\/\\\/permaban.com\\\/es\\\/?s={search_term_string}\"},\"query-input\":{\"@type\":\"PropertyValueSpecification\",\"valueRequired\":true,\"valueName\":\"search_term_string\"}}],\"inLanguage\":\"es\"}]}<\/script>\n<!-- \/ Yoast SEO plugin. -->","yoast_head_json":{"title":"Dry-Shake Concrete Floor Hardener for Industrial Floors - Permaban","description":"Using a surface hardener (commonly called dry-shake), is one of the most effective ways to protect the surface and extend the life of the floor.","robots":{"index":"index","follow":"follow","max-snippet":"max-snippet:-1","max-image-preview":"max-image-preview:large","max-video-preview":"max-video-preview:-1"},"canonical":"https:\/\/permaban.com\/es\/productos_inicio\/endurecedores-de-superficie\/","og_locale":"es_ES","og_type":"article","og_title":"Dry-Shake Concrete Floor Hardener for Industrial Floors - Permaban","og_description":"Using a surface hardener (commonly called dry-shake), is one of the most effective ways to protect the surface and extend the life of the floor.","og_url":"https:\/\/permaban.com\/es\/productos_inicio\/endurecedores-de-superficie\/","og_site_name":"Permaban","article_modified_time":"2020-01-07T12:05:38+00:00","og_image":[{"width":1024,"height":683,"url":"https:\/\/permaban.com\/wp-content\/uploads\/2019\/06\/Rocland-Surface-hardeners.jpg","type":"image\/jpeg"}],"twitter_card":"summary_large_image","twitter_misc":{"Tiempo de lectura":"2 minutos"},"schema":{"@context":"https:\/\/schema.org","@graph":[{"@type":"WebPage","@id":"https:\/\/permaban.com\/es\/productos_inicio\/endurecedores-de-superficie\/","url":"https:\/\/permaban.com\/es\/productos_inicio\/endurecedores-de-superficie\/","name":"Dry-Shake Concrete Floor Hardener for Industrial Floors - Permaban","isPartOf":{"@id":"https:\/\/permaban.com\/es\/#website"},"primaryImageOfPage":{"@id":"https:\/\/permaban.com\/es\/productos_inicio\/endurecedores-de-superficie\/#primaryimage"},"image":{"@id":"https:\/\/permaban.com\/es\/productos_inicio\/endurecedores-de-superficie\/#primaryimage"},"thumbnailUrl":"https:\/\/permaban.com\/wp-content\/uploads\/2019\/06\/Rocland-Surface-hardeners.jpg","datePublished":"2019-10-17T14:40:28+00:00","dateModified":"2020-01-07T12:05:38+00:00","description":"Using a surface hardener (commonly called dry-shake), is one of the most effective ways to protect the surface and extend the life of the floor.","breadcrumb":{"@id":"https:\/\/permaban.com\/es\/productos_inicio\/endurecedores-de-superficie\/#breadcrumb"},"inLanguage":"es","potentialAction":[{"@type":"ReadAction","target":["https:\/\/permaban.com\/es\/productos_inicio\/endurecedores-de-superficie\/"]}]},{"@type":"ImageObject","inLanguage":"es","@id":"https:\/\/permaban.com\/es\/productos_inicio\/endurecedores-de-superficie\/#primaryimage","url":"https:\/\/permaban.com\/wp-content\/uploads\/2019\/06\/Rocland-Surface-hardeners.jpg","contentUrl":"https:\/\/permaban.com\/wp-content\/uploads\/2019\/06\/Rocland-Surface-hardeners.jpg","width":1024,"height":683},{"@type":"BreadcrumbList","@id":"https:\/\/permaban.com\/es\/productos_inicio\/endurecedores-de-superficie\/#breadcrumb","itemListElement":[{"@type":"ListItem","position":1,"name":"Home","item":"https:\/\/permaban.com\/es\/"},{"@type":"ListItem","position":2,"name":"Productos","item":"https:\/\/permaban.com\/es\/productos_inicio\/"},{"@type":"ListItem","position":3,"name":"Endurecedores de Superficie"}]},{"@type":"WebSite","@id":"https:\/\/permaban.com\/es\/#website","url":"https:\/\/permaban.com\/es\/","name":"Permaban","description":"Industrial Flooring Products","potentialAction":[{"@type":"SearchAction","target":{"@type":"EntryPoint","urlTemplate":"https:\/\/permaban.com\/es\/?s={search_term_string}"},"query-input":{"@type":"PropertyValueSpecification","valueRequired":true,"valueName":"search_term_string"}}],"inLanguage":"es"}]}},"_links":{"self":[{"href":"https:\/\/permaban.com\/es\/wp-json\/wp\/v2\/pages\/8349","targetHints":{"allow":["GET"]}}],"collection":[{"href":"https:\/\/permaban.com\/es\/wp-json\/wp\/v2\/pages"}],"about":[{"href":"https:\/\/permaban.com\/es\/wp-json\/wp\/v2\/types\/page"}],"author":[{"embeddable":true,"href":"https:\/\/permaban.com\/es\/wp-json\/wp\/v2\/users\/3"}],"replies":[{"embeddable":true,"href":"https:\/\/permaban.com\/es\/wp-json\/wp\/v2\/comments?post=8349"}],"version-history":[{"count":3,"href":"https:\/\/permaban.com\/es\/wp-json\/wp\/v2\/pages\/8349\/revisions"}],"predecessor-version":[{"id":9610,"href":"https:\/\/permaban.com\/es\/wp-json\/wp\/v2\/pages\/8349\/revisions\/9610"}],"up":[{"embeddable":true,"href":"https:\/\/permaban.com\/es\/wp-json\/wp\/v2\/pages\/8352"}],"wp:featuredmedia":[{"embeddable":true,"href":"https:\/\/permaban.com\/es\/wp-json\/wp\/v2\/media\/6460"}],"wp:attachment":[{"href":"https:\/\/permaban.com\/es\/wp-json\/wp\/v2\/media?parent=8349"}],"curies":[{"name":"wp","href":"https:\/\/api.w.org\/{rel}","templated":true}]}}