{"id":8350,"date":"2019-10-17T15:40:43","date_gmt":"2019-10-17T14:40:43","guid":{"rendered":"https:\/\/permaban.com\/sealing-curing-products\/"},"modified":"2020-01-07T12:07:05","modified_gmt":"2020-01-07T12:07:05","slug":"productos-de-sellado-y-curado","status":"publish","type":"page","link":"https:\/\/permaban.com\/es\/productos_inicio\/productos-de-sellado-y-curado\/","title":{"rendered":"Productos de sellado y curado"},"content":{"rendered":"<div id=\"pl-8350\"  class=\"panel-layout\" ><div id=\"pg-8350-0\"  class=\"panel-grid panel-no-style\" ><div id=\"pgc-8350-0-0\"  class=\"panel-grid-cell\" ><div id=\"panel-8350-0-0-0\" class=\"so-panel widget widget_sow-editor panel-first-child panel-last-child\" data-index=\"0\" ><div\n\t\t\t\n\t\t\tclass=\"so-widget-sow-editor so-widget-sow-editor-base\"\n\t\t\t\n\t\t>\n<div class=\"siteorigin-widget-tinymce textwidget\">\n\t<p><img loading=\"lazy\" decoding=\"async\" class=\"alignnone size-full wp-image-6938\" src=\"http:\/\/permaban.com\/wp-content\/uploads\/2019\/06\/Rocland-with-strapline-1.jpg\" alt=\"\" width=\"200\" height=\"190\" \/><\/p>\n<p>Los agentes de curado y selladores de hormig\u00f3n son aditivos en aerosol que proporcionan beneficios importantes para la superficie de un pavimento de hormig\u00f3n.<\/p>\n<ul>\n<li>Act\u00faan como un agente de curado, ayudando al piso a curarse m\u00e1s r\u00e1pidamente y de manera controlada.<\/li>\n<li>Aumentan la dureza y durabilidad del pavimento.<\/li>\n<li>Sellan parcialmente la superficie para proteger el pavimento.<\/li>\n<\/ul>\n<p>Algunos productos realizan m\u00e1s de una de estas funciones; otros est\u00e1n claramente indicados como un producto de \"curado\" o un producto de \"curado y sellado\". Le recomendamos que verifique qu\u00e9 beneficios se requieren para su pavimento y, si es necesario, solicite ayuda a nuestro equipo para elegir el mejor producto para sus necesidades.<\/p>\n<p><b>RCR Flooring Products fabrica y suministra la marca Rocland de productos de curado y sellado de hormig\u00f3n. La informaci\u00f3n sobre estos productos se puede encontrar <a href=\"http:\/\/www.rocland.eu\/es\/\" target=\"_blank\" rel=\"noopener\">aqu\u00ed, en la p\u00e1gina web de Rocland.<\/a><\/b><\/p>\n<p>Puede obtener m\u00e1s informaci\u00f3n sobre los agentes de curado y sellado leyendo estos \u00fatiles art\u00edculos en <a href=\"http:\/\/www.rocland.eu\/es\/\" target=\"_blank\" rel=\"noopener\">la p\u00e1gina web de Rocland.<\/a><\/p>\n<\/div>\n<\/div><\/div><\/div><div id=\"pgc-8350-0-1\"  class=\"panel-grid-cell\" ><div id=\"panel-8350-0-1-0\" class=\"so-panel widget widget_sow-editor panel-first-child panel-last-child\" data-index=\"1\" ><div\n\t\t\t\n\t\t\tclass=\"so-widget-sow-editor so-widget-sow-editor-base\"\n\t\t\t\n\t\t>\n<div class=\"siteorigin-widget-tinymce textwidget\">\n\t<!-- Widget Shortcode --><div id=\"siteorigin-panels-builder-3\" class=\"widget widget_siteorigin-panels-builder widget-shortcode area-product-category-sidebar \"><div id=\"pl-w6214c67744dd0\"  class=\"panel-layout\" ><div id=\"pg-w6214c67744dd0-0\"  class=\"panel-grid panel-has-style\" ><div class=\"primary-color-backround panel-row-style panel-row-style-for-w6214c67744dd0-0\" ><div id=\"pgc-w6214c67744dd0-0-0\"  class=\"panel-grid-cell\" ><div id=\"panel-w6214c67744dd0-0-0-0\" class=\"so-panel widget widget_sow-editor panel-first-child panel-last-child\" data-index=\"0\" ><div class=\"white-text panel-widget-style panel-widget-style-for-w6214c67744dd0-0-0-0\" ><div\n\t\t\t\n\t\t\tclass=\"so-widget-sow-editor so-widget-sow-editor-base\"\n\t\t\t\n\t\t>\n<div class=\"siteorigin-widget-tinymce textwidget\">\n\t<h5><strong>\u00bfNecesito ayuda?<\/strong><br \/>\n<strong>Ponerse en contacto.<\/strong><\/h5>\n<\/div>\n<\/div><\/div><\/div><\/div><\/div><\/div><div id=\"pg-w6214c67744dd0-1\"  class=\"panel-grid panel-has-style\" ><div class=\"light-grey-background panel-row-style panel-row-style-for-w6214c67744dd0-1\" ><div id=\"pgc-w6214c67744dd0-1-0\"  class=\"panel-grid-cell\" ><div id=\"panel-w6214c67744dd0-1-0-0\" class=\"so-panel widget widget_sow-editor panel-first-child panel-last-child\" data-index=\"1\" ><div\n\t\t\t\n\t\t\tclass=\"so-widget-sow-editor so-widget-sow-editor-base\"\n\t\t\t\n\t\t>\n<div class=\"siteorigin-widget-tinymce textwidget\">\n\t<p>P\u00f3ngase en contacto con nuestro equipo de ventas hoy para obtener asesoramiento sobre productos y precios. <\/p>\n<p>Llama ahora<\/p>\n<h5>+44 1752 895288<\/h5>\n<\/p>\n<p>O <a href=\"https:\/\/permaban.com\/es\/encuentra-un-distribuidor\/\">encuentre un distribuidor<\/a><\/p>\n<\/div>\n<\/div><\/div><\/div><\/div><\/div><\/div><\/div><!-- \/Widget Shortcode -->\n<\/div>\n<\/div><\/div><\/div><\/div><\/div>","protected":false},"excerpt":{"rendered":"<p>Los agentes de curado y selladores de hormig\u00f3n son aditivos en aerosol que proporcionan beneficios importantes para la superficie de un pavimento de hormig\u00f3n. Act\u00faan como un agente de curado, ayudando al piso a curarse m\u00e1s r\u00e1pidamente y de manera&#8230;<\/p>\n","protected":false},"author":3,"featured_media":6465,"parent":8352,"menu_order":0,"comment_status":"closed","ping_status":"closed","template":"","meta":{"_acf_changed":false,"_monsterinsights_skip_tracking":false,"_monsterinsights_sitenote_active":false,"_monsterinsights_sitenote_note":"","_monsterinsights_sitenote_category":0,"footnotes":""},"class_list":["post-8350","page","type-page","status-publish","has-post-thumbnail","hentry"],"acf":[],"yoast_head":"<!-- This site is optimized with the Yoast SEO plugin v27.3 - https:\/\/yoast.com\/product\/yoast-seo-wordpress\/ -->\n<title>Compuestos De Sellado y Curado para Pisos de Concreto - Permaban<\/title>\n<meta name=\"description\" content=\"Los productos de curado y sellado de concreto ayudan al piso a curarse m\u00e1s r\u00e1pido y de manera controlada, sellan parcialmente el piso y aumentan la durabilidad.\" \/>\n<meta name=\"robots\" content=\"index, follow, max-snippet:-1, max-image-preview:large, max-video-preview:-1\" \/>\n<link rel=\"canonical\" href=\"https:\/\/permaban.com\/es\/productos_inicio\/productos-de-sellado-y-curado\/\" \/>\n<meta property=\"og:locale\" content=\"es_ES\" \/>\n<meta property=\"og:type\" content=\"article\" \/>\n<meta property=\"og:title\" content=\"Compuestos De Sellado y Curado para Pisos de Concreto - Permaban\" \/>\n<meta property=\"og:description\" content=\"Los productos de curado y sellado de concreto ayudan al piso a curarse m\u00e1s r\u00e1pido y de manera controlada, sellan parcialmente el piso y aumentan la durabilidad.\" \/>\n<meta property=\"og:url\" content=\"https:\/\/permaban.com\/es\/productos_inicio\/productos-de-sellado-y-curado\/\" \/>\n<meta property=\"og:site_name\" content=\"Permaban\" \/>\n<meta property=\"article:modified_time\" content=\"2020-01-07T12:07:05+00:00\" \/>\n<meta property=\"og:image\" content=\"https:\/\/permaban.com\/wp-content\/uploads\/2019\/06\/Rocland-curing-and-sealing-agents.jpg\" \/>\n\t<meta property=\"og:image:width\" content=\"1024\" \/>\n\t<meta property=\"og:image:height\" content=\"683\" \/>\n\t<meta property=\"og:image:type\" content=\"image\/jpeg\" \/>\n<meta name=\"twitter:card\" content=\"summary_large_image\" \/>\n<meta name=\"twitter:label1\" content=\"Tiempo de lectura\" \/>\n\t<meta name=\"twitter:data1\" content=\"1 minuto\" \/>\n<script type=\"application\/ld+json\" class=\"yoast-schema-graph\">{\"@context\":\"https:\\\/\\\/schema.org\",\"@graph\":[{\"@type\":\"WebPage\",\"@id\":\"https:\\\/\\\/permaban.com\\\/es\\\/productos_inicio\\\/productos-de-sellado-y-curado\\\/\",\"url\":\"https:\\\/\\\/permaban.com\\\/es\\\/productos_inicio\\\/productos-de-sellado-y-curado\\\/\",\"name\":\"Compuestos De Sellado y Curado para Pisos de Concreto - Permaban\",\"isPartOf\":{\"@id\":\"https:\\\/\\\/permaban.com\\\/es\\\/#website\"},\"primaryImageOfPage\":{\"@id\":\"https:\\\/\\\/permaban.com\\\/es\\\/productos_inicio\\\/productos-de-sellado-y-curado\\\/#primaryimage\"},\"image\":{\"@id\":\"https:\\\/\\\/permaban.com\\\/es\\\/productos_inicio\\\/productos-de-sellado-y-curado\\\/#primaryimage\"},\"thumbnailUrl\":\"https:\\\/\\\/permaban.com\\\/wp-content\\\/uploads\\\/2019\\\/06\\\/Rocland-curing-and-sealing-agents.jpg\",\"datePublished\":\"2019-10-17T14:40:43+00:00\",\"dateModified\":\"2020-01-07T12:07:05+00:00\",\"description\":\"Los productos de curado y sellado de concreto ayudan al piso a curarse m\u00e1s r\u00e1pido y de manera controlada, sellan parcialmente el piso y aumentan la durabilidad.\",\"breadcrumb\":{\"@id\":\"https:\\\/\\\/permaban.com\\\/es\\\/productos_inicio\\\/productos-de-sellado-y-curado\\\/#breadcrumb\"},\"inLanguage\":\"es\",\"potentialAction\":[{\"@type\":\"ReadAction\",\"target\":[\"https:\\\/\\\/permaban.com\\\/es\\\/productos_inicio\\\/productos-de-sellado-y-curado\\\/\"]}]},{\"@type\":\"ImageObject\",\"inLanguage\":\"es\",\"@id\":\"https:\\\/\\\/permaban.com\\\/es\\\/productos_inicio\\\/productos-de-sellado-y-curado\\\/#primaryimage\",\"url\":\"https:\\\/\\\/permaban.com\\\/wp-content\\\/uploads\\\/2019\\\/06\\\/Rocland-curing-and-sealing-agents.jpg\",\"contentUrl\":\"https:\\\/\\\/permaban.com\\\/wp-content\\\/uploads\\\/2019\\\/06\\\/Rocland-curing-and-sealing-agents.jpg\",\"width\":1024,\"height\":683},{\"@type\":\"BreadcrumbList\",\"@id\":\"https:\\\/\\\/permaban.com\\\/es\\\/productos_inicio\\\/productos-de-sellado-y-curado\\\/#breadcrumb\",\"itemListElement\":[{\"@type\":\"ListItem\",\"position\":1,\"name\":\"Home\",\"item\":\"https:\\\/\\\/permaban.com\\\/es\\\/\"},{\"@type\":\"ListItem\",\"position\":2,\"name\":\"Productos\",\"item\":\"https:\\\/\\\/permaban.com\\\/es\\\/productos_inicio\\\/\"},{\"@type\":\"ListItem\",\"position\":3,\"name\":\"Productos de sellado y curado\"}]},{\"@type\":\"WebSite\",\"@id\":\"https:\\\/\\\/permaban.com\\\/es\\\/#website\",\"url\":\"https:\\\/\\\/permaban.com\\\/es\\\/\",\"name\":\"Permaban\",\"description\":\"Industrial Flooring Products\",\"potentialAction\":[{\"@type\":\"SearchAction\",\"target\":{\"@type\":\"EntryPoint\",\"urlTemplate\":\"https:\\\/\\\/permaban.com\\\/es\\\/?s={search_term_string}\"},\"query-input\":{\"@type\":\"PropertyValueSpecification\",\"valueRequired\":true,\"valueName\":\"search_term_string\"}}],\"inLanguage\":\"es\"}]}<\/script>\n<!-- \/ Yoast SEO plugin. -->","yoast_head_json":{"title":"Compuestos De Sellado y Curado para Pisos de Concreto - Permaban","description":"Los productos de curado y sellado de concreto ayudan al piso a curarse m\u00e1s r\u00e1pido y de manera controlada, sellan parcialmente el piso y aumentan la durabilidad.","robots":{"index":"index","follow":"follow","max-snippet":"max-snippet:-1","max-image-preview":"max-image-preview:large","max-video-preview":"max-video-preview:-1"},"canonical":"https:\/\/permaban.com\/es\/productos_inicio\/productos-de-sellado-y-curado\/","og_locale":"es_ES","og_type":"article","og_title":"Compuestos De Sellado y Curado para Pisos de Concreto - Permaban","og_description":"Los productos de curado y sellado de concreto ayudan al piso a curarse m\u00e1s r\u00e1pido y de manera controlada, sellan parcialmente el piso y aumentan la durabilidad.","og_url":"https:\/\/permaban.com\/es\/productos_inicio\/productos-de-sellado-y-curado\/","og_site_name":"Permaban","article_modified_time":"2020-01-07T12:07:05+00:00","og_image":[{"width":1024,"height":683,"url":"https:\/\/permaban.com\/wp-content\/uploads\/2019\/06\/Rocland-curing-and-sealing-agents.jpg","type":"image\/jpeg"}],"twitter_card":"summary_large_image","twitter_misc":{"Tiempo de lectura":"1 minuto"},"schema":{"@context":"https:\/\/schema.org","@graph":[{"@type":"WebPage","@id":"https:\/\/permaban.com\/es\/productos_inicio\/productos-de-sellado-y-curado\/","url":"https:\/\/permaban.com\/es\/productos_inicio\/productos-de-sellado-y-curado\/","name":"Compuestos De Sellado y Curado para Pisos de Concreto - Permaban","isPartOf":{"@id":"https:\/\/permaban.com\/es\/#website"},"primaryImageOfPage":{"@id":"https:\/\/permaban.com\/es\/productos_inicio\/productos-de-sellado-y-curado\/#primaryimage"},"image":{"@id":"https:\/\/permaban.com\/es\/productos_inicio\/productos-de-sellado-y-curado\/#primaryimage"},"thumbnailUrl":"https:\/\/permaban.com\/wp-content\/uploads\/2019\/06\/Rocland-curing-and-sealing-agents.jpg","datePublished":"2019-10-17T14:40:43+00:00","dateModified":"2020-01-07T12:07:05+00:00","description":"Los productos de curado y sellado de concreto ayudan al piso a curarse m\u00e1s r\u00e1pido y de manera controlada, sellan parcialmente el piso y aumentan la durabilidad.","breadcrumb":{"@id":"https:\/\/permaban.com\/es\/productos_inicio\/productos-de-sellado-y-curado\/#breadcrumb"},"inLanguage":"es","potentialAction":[{"@type":"ReadAction","target":["https:\/\/permaban.com\/es\/productos_inicio\/productos-de-sellado-y-curado\/"]}]},{"@type":"ImageObject","inLanguage":"es","@id":"https:\/\/permaban.com\/es\/productos_inicio\/productos-de-sellado-y-curado\/#primaryimage","url":"https:\/\/permaban.com\/wp-content\/uploads\/2019\/06\/Rocland-curing-and-sealing-agents.jpg","contentUrl":"https:\/\/permaban.com\/wp-content\/uploads\/2019\/06\/Rocland-curing-and-sealing-agents.jpg","width":1024,"height":683},{"@type":"BreadcrumbList","@id":"https:\/\/permaban.com\/es\/productos_inicio\/productos-de-sellado-y-curado\/#breadcrumb","itemListElement":[{"@type":"ListItem","position":1,"name":"Home","item":"https:\/\/permaban.com\/es\/"},{"@type":"ListItem","position":2,"name":"Productos","item":"https:\/\/permaban.com\/es\/productos_inicio\/"},{"@type":"ListItem","position":3,"name":"Productos de sellado y curado"}]},{"@type":"WebSite","@id":"https:\/\/permaban.com\/es\/#website","url":"https:\/\/permaban.com\/es\/","name":"Permaban","description":"Industrial Flooring Products","potentialAction":[{"@type":"SearchAction","target":{"@type":"EntryPoint","urlTemplate":"https:\/\/permaban.com\/es\/?s={search_term_string}"},"query-input":{"@type":"PropertyValueSpecification","valueRequired":true,"valueName":"search_term_string"}}],"inLanguage":"es"}]}},"_links":{"self":[{"href":"https:\/\/permaban.com\/es\/wp-json\/wp\/v2\/pages\/8350","targetHints":{"allow":["GET"]}}],"collection":[{"href":"https:\/\/permaban.com\/es\/wp-json\/wp\/v2\/pages"}],"about":[{"href":"https:\/\/permaban.com\/es\/wp-json\/wp\/v2\/types\/page"}],"author":[{"embeddable":true,"href":"https:\/\/permaban.com\/es\/wp-json\/wp\/v2\/users\/3"}],"replies":[{"embeddable":true,"href":"https:\/\/permaban.com\/es\/wp-json\/wp\/v2\/comments?post=8350"}],"version-history":[{"count":4,"href":"https:\/\/permaban.com\/es\/wp-json\/wp\/v2\/pages\/8350\/revisions"}],"predecessor-version":[{"id":9611,"href":"https:\/\/permaban.com\/es\/wp-json\/wp\/v2\/pages\/8350\/revisions\/9611"}],"up":[{"embeddable":true,"href":"https:\/\/permaban.com\/es\/wp-json\/wp\/v2\/pages\/8352"}],"wp:featuredmedia":[{"embeddable":true,"href":"https:\/\/permaban.com\/es\/wp-json\/wp\/v2\/media\/6465"}],"wp:attachment":[{"href":"https:\/\/permaban.com\/es\/wp-json\/wp\/v2\/media?parent=8350"}],"curies":[{"name":"wp","href":"https:\/\/api.w.org\/{rel}","templated":true}]}}