{"id":8351,"date":"2019-10-17T15:40:54","date_gmt":"2019-10-17T14:40:54","guid":{"rendered":"https:\/\/permaban.com\/other-industrial-flooring-products\/"},"modified":"2020-03-13T16:51:12","modified_gmt":"2020-03-13T16:51:12","slug":"otros-productos-para-pavimentos-industriales","status":"publish","type":"page","link":"https:\/\/permaban.com\/es\/productos_inicio\/otros-productos-para-pavimentos-industriales\/","title":{"rendered":"Otros Productos Para Pavimentos Industriales"},"content":{"rendered":"<div id=\"pl-8351\"  class=\"panel-layout\" ><div id=\"pg-8351-0\"  class=\"panel-grid panel-no-style\" ><div id=\"pgc-8351-0-0\"  class=\"panel-grid-cell\" ><div id=\"panel-8351-0-0-0\" class=\"so-panel widget widget_sow-editor panel-first-child panel-last-child\" data-index=\"0\" ><div\n\t\t\t\n\t\t\tclass=\"so-widget-sow-editor so-widget-sow-editor-base\"\n\t\t\t\n\t\t>\n<div class=\"siteorigin-widget-tinymce textwidget\">\n\t<h5><strong>Otros Productos Para Pavimentos Industriales De RCR<\/strong><\/h5>\n<p>&nbsp;<\/p>\n<\/div>\n<\/div><\/div><\/div><\/div><div id=\"pg-8351-1\"  class=\"panel-grid panel-has-style\" ><div class=\"latest-products panel-row-style panel-row-style-for-8351-1\" ><div id=\"pgc-8351-1-0\"  class=\"panel-grid-cell\" ><div id=\"panel-8351-1-0-0\" class=\"so-panel widget widget_sow-image panel-first-child\" data-index=\"1\" ><div\n\t\t\t\n\t\t\tclass=\"so-widget-sow-image so-widget-sow-image-default-dbf295114b96-8351\"\n\t\t\t\n\t\t>\n<div class=\"sow-image-container\">\n\t\t\t<a href=\"http:\/\/permaban.com\/products-home\/joint-sealants\/\"\n\t\t\t\t\t>\n\t\t\t<img \n\tsrc=\"https:\/\/permaban.com\/wp-content\/uploads\/2019\/06\/Checking-floor-level-after-completion-1-640x364.jpg\" width=\"640\" height=\"364\" srcset=\"https:\/\/permaban.com\/wp-content\/uploads\/2019\/06\/Checking-floor-level-after-completion-1-640x364.jpg 640w, https:\/\/permaban.com\/wp-content\/uploads\/2019\/06\/Checking-floor-level-after-completion-1.jpg 750w\" sizes=\"(max-width: 640px) 100vw, 640px\" title=\"Checking floor level after completion\" alt=\"\" \t\tclass=\"so-widget-image\"\/>\n\t\t\t<\/a><\/div>\n\n<\/div><\/div><div id=\"panel-8351-1-0-1\" class=\"so-panel widget widget_sow-editor panel-last-child\" data-index=\"2\" ><div class=\"first-p-blue panel-widget-style panel-widget-style-for-8351-1-0-1\" ><div\n\t\t\t\n\t\t\tclass=\"so-widget-sow-editor so-widget-sow-editor-base\"\n\t\t\t\n\t\t>\n<div class=\"siteorigin-widget-tinymce textwidget\">\n\t<p><a href=\"https:\/\/permaban.com\/es\/productos\/selladores-de-juntas\/\"><strong>SELLADORES DE JUNTA (Rocland)<\/strong><\/a><\/p>\n<p><em>Estos selladores de juntas llenan los huecos de las juntas de construcci\u00f3n para proteger los da\u00f1os de las aristas y evitar que entren residuos en la junta. <a href=\"https:\/\/permaban.com\/es\/productos\/selladores-de-juntas\/\">Saber m\u00e1s.<\/a><\/em><\/p>\n<\/div>\n<\/div><\/div><\/div><\/div><div id=\"pgc-8351-1-1\"  class=\"panel-grid-cell\" ><div id=\"panel-8351-1-1-0\" class=\"so-panel widget widget_sow-image panel-first-child\" data-index=\"3\" ><div\n\t\t\t\n\t\t\tclass=\"so-widget-sow-image so-widget-sow-image-default-dbf295114b96-8351\"\n\t\t\t\n\t\t>\n<div class=\"sow-image-container\">\n\t\t\t<a href=\"http:\/\/permaban.com\/products-home\/dry-shake-surface-hardeners\/\"\n\t\t\t\t\t>\n\t\t\t<img \n\tsrc=\"https:\/\/permaban.com\/wp-content\/uploads\/2019\/06\/Rocland-Surface-hardeners-1-640x364.jpg\" width=\"640\" height=\"364\" srcset=\"https:\/\/permaban.com\/wp-content\/uploads\/2019\/06\/Rocland-Surface-hardeners-1-640x364.jpg 640w, https:\/\/permaban.com\/wp-content\/uploads\/2019\/06\/Rocland-Surface-hardeners-1.jpg 750w\" sizes=\"(max-width: 640px) 100vw, 640px\" title=\"Rocland-Surface-hardeners\" alt=\"\" \t\tclass=\"so-widget-image\"\/>\n\t\t\t<\/a><\/div>\n\n<\/div><\/div><div id=\"panel-8351-1-1-1\" class=\"so-panel widget widget_sow-editor panel-last-child\" data-index=\"4\" ><div class=\"first-p-blue panel-widget-style panel-widget-style-for-8351-1-1-1\" ><div\n\t\t\t\n\t\t\tclass=\"so-widget-sow-editor so-widget-sow-editor-base\"\n\t\t\t\n\t\t>\n<div class=\"siteorigin-widget-tinymce textwidget\">\n\t<p><a href=\"https:\/\/permaban.com\/es\/productos\/endurecedores-de-superficie\/\"><strong>ENDURECEDORES DE SUPERFICIE (Rocland)<\/strong><\/a><\/p>\n<p><em>Los endurecedores de superficie protegen la superficie de un piso de hormig\u00f3n, aumentan la dureza y durabilidad, y pueden agregar resistencia al deslizamiento y color. <a href=\"https:\/\/permaban.com\/es\/productos\/endurecedores-de-superficie\/\">Obtenga m\u00e1s informaci\u00f3n.<\/a><\/em><\/p>\n<\/div>\n<\/div><\/div><\/div><\/div><\/div><\/div><div id=\"pg-8351-2\"  class=\"panel-grid panel-has-style\" ><div class=\"latest-products panel-row-style panel-row-style-for-8351-2\" ><div id=\"pgc-8351-2-0\"  class=\"panel-grid-cell\" ><div id=\"panel-8351-2-0-0\" class=\"so-panel widget widget_sow-image panel-first-child\" data-index=\"5\" ><div\n\t\t\t\n\t\t\tclass=\"so-widget-sow-image so-widget-sow-image-default-dbf295114b96-8351\"\n\t\t\t\n\t\t>\n<div class=\"sow-image-container\">\n\t\t\t<a href=\"http:\/\/permaban.com\/products-home\/sealing-curing-products\/\"\n\t\t\t\t\t>\n\t\t\t<img \n\tsrc=\"https:\/\/permaban.com\/wp-content\/uploads\/2019\/06\/Rocland-curing-and-sealing-agents-1-640x364.jpg\" width=\"640\" height=\"364\" srcset=\"https:\/\/permaban.com\/wp-content\/uploads\/2019\/06\/Rocland-curing-and-sealing-agents-1-640x364.jpg 640w, https:\/\/permaban.com\/wp-content\/uploads\/2019\/06\/Rocland-curing-and-sealing-agents-1.jpg 750w\" sizes=\"(max-width: 640px) 100vw, 640px\" title=\"Rocland curing and sealing agents\" alt=\"\" \t\tclass=\"so-widget-image\"\/>\n\t\t\t<\/a><\/div>\n\n<\/div><\/div><div id=\"panel-8351-2-0-1\" class=\"so-panel widget widget_sow-editor panel-last-child\" data-index=\"6\" ><div class=\"first-p-blue panel-widget-style panel-widget-style-for-8351-2-0-1\" ><div\n\t\t\t\n\t\t\tclass=\"so-widget-sow-editor so-widget-sow-editor-base\"\n\t\t\t\n\t\t>\n<div class=\"siteorigin-widget-tinymce textwidget\">\n\t<p><a href=\"https:\/\/permaban.com\/es\/productos\/productos-de-sellado-y-curado\/\"><strong>SELLADORES DE HORMIG\u00d3N Y AGENTES DE CURADO (Rocland)<\/strong><\/a><\/p>\n<p><em>Estos aditivos en spray mejoran el curado, aumentan la dureza y durabilidad del pavimento y sellan parcialmente la superficie para protegerlo. <a href=\"https:\/\/permaban.com\/es\/productos\/productos-de-sellado-y-curado\/\">Obtenga m\u00e1s informaci\u00f3n.<\/a><\/em><\/p>\n<\/div>\n<\/div><\/div><\/div><\/div><div id=\"pgc-8351-2-1\"  class=\"panel-grid-cell\" ><div id=\"panel-8351-2-1-0\" class=\"so-panel widget widget_sow-image panel-first-child\" data-index=\"7\" ><div\n\t\t\t\n\t\t\tclass=\"so-widget-sow-image so-widget-sow-image-default-dbf295114b96-8351\"\n\t\t\t\n\t\t>\n<div class=\"sow-image-container\">\n\t\t\t<a href=\"http:\/\/permaban.com\/products-home\/resin-systems\/\"\n\t\t\t\t\t>\n\t\t\t<img \n\tsrc=\"https:\/\/permaban.com\/wp-content\/uploads\/2019\/06\/Rinol-Resin-Flooring-Systems-1-640x364.jpg\" width=\"640\" height=\"364\" srcset=\"https:\/\/permaban.com\/wp-content\/uploads\/2019\/06\/Rinol-Resin-Flooring-Systems-1-640x364.jpg 640w, https:\/\/permaban.com\/wp-content\/uploads\/2019\/06\/Rinol-Resin-Flooring-Systems-1.jpg 750w\" sizes=\"(max-width: 640px) 100vw, 640px\" title=\"Rinol Resin Flooring Systems\" alt=\"\" \t\tclass=\"so-widget-image\"\/>\n\t\t\t<\/a><\/div>\n\n<\/div><\/div><div id=\"panel-8351-2-1-1\" class=\"so-panel widget widget_sow-editor panel-last-child\" data-index=\"8\" ><div class=\"first-p-blue panel-widget-style panel-widget-style-for-8351-2-1-1\" ><div\n\t\t\t\n\t\t\tclass=\"so-widget-sow-editor so-widget-sow-editor-base\"\n\t\t\t\n\t\t>\n<div class=\"siteorigin-widget-tinymce textwidget\">\n\t<p><a href=\"https:\/\/permaban.com\/es\/productos\/sistemas-de-resina\/\"><strong>S<\/strong><strong>ISTEMAS DE RESINAS <\/strong><strong>(RINOL)<\/strong><\/a><\/p>\n<p><em><span class=\"TextRun SCXW24603532 BCX0\" lang=\"EN-GB\" xml:lang=\"EN-GB\" data-contrast=\"auto\"><span class=\"NormalTextRun SCXW24603532 BCX0\">Duradero y vers\u00e1til, un suelo de resina proporcionar\u00e1 un acabado atractivo, pr\u00e1ctico y duradero a un suelo comercial o industrial. RINOL ofrece un conjunto de sistemas de pavimentos de resina de alto rendimiento para numerosas industrias, probados en todo el mundo desde hace m\u00e1s de cincuenta a\u00f1os. <\/span><\/span><a href=\"https:\/\/permaban.com\/es\/productos\/sistemas-de-resina\/\"><span class=\"TextRun Underlined SCXW24603532 BCX0\" lang=\"EN-GB\" xml:lang=\"EN-GB\" data-contrast=\"none\"><span class=\"NormalTextRun SCXW24603532 BCX0\">Obtenga m\u00e1s informaci\u00f3n.<\/span><\/span><span class=\"EOP SCXW24603532 BCX0\" data-ccp-props=\"{&quot;201341983&quot;:0,&quot;335559739&quot;:200,&quot;335559740&quot;:276}\">\u00a0<\/span><\/a><\/em><\/p>\n<\/div>\n<\/div><\/div><\/div><\/div><\/div><\/div><\/div>","protected":false},"excerpt":{"rendered":"<p>Otros Productos Para Pavimentos Industriales De RCR &nbsp; SELLADORES DE JUNTA (Rocland) Estos selladores de juntas llenan los huecos de las juntas de construcci\u00f3n para proteger los da\u00f1os de las aristas y evitar que entren residuos en la junta. Saber&#8230;<\/p>\n","protected":false},"author":3,"featured_media":6443,"parent":8352,"menu_order":0,"comment_status":"closed","ping_status":"closed","template":"","meta":{"_acf_changed":false,"_monsterinsights_skip_tracking":false,"_monsterinsights_sitenote_active":false,"_monsterinsights_sitenote_note":"","_monsterinsights_sitenote_category":0,"footnotes":""},"class_list":["post-8351","page","type-page","status-publish","has-post-thumbnail","hentry"],"acf":[],"yoast_head":"<!-- This site is optimized with the Yoast SEO plugin v27.3 - https:\/\/yoast.com\/product\/yoast-seo-wordpress\/ -->\n<title>Otros Productos Para Pavimentos Industriales - Permaban<\/title>\n<meta name=\"description\" content=\"Productos para pavimentos industriales de RCR.\" \/>\n<meta name=\"robots\" content=\"index, follow, max-snippet:-1, max-image-preview:large, max-video-preview:-1\" \/>\n<link rel=\"canonical\" href=\"https:\/\/permaban.com\/es\/productos_inicio\/otros-productos-para-pavimentos-industriales\/\" \/>\n<meta property=\"og:locale\" content=\"es_ES\" \/>\n<meta property=\"og:type\" content=\"article\" \/>\n<meta property=\"og:title\" content=\"Otros Productos Para Pavimentos Industriales - Permaban\" \/>\n<meta property=\"og:description\" content=\"Productos para pavimentos industriales de RCR.\" \/>\n<meta property=\"og:url\" content=\"https:\/\/permaban.com\/es\/productos_inicio\/otros-productos-para-pavimentos-industriales\/\" \/>\n<meta property=\"og:site_name\" content=\"Permaban\" \/>\n<meta property=\"article:modified_time\" content=\"2020-03-13T16:51:12+00:00\" \/>\n<meta property=\"og:image\" content=\"https:\/\/permaban.com\/wp-content\/uploads\/2019\/06\/Hand-trowelling-AlphaJoint-installation.jpg\" \/>\n\t<meta property=\"og:image:width\" content=\"1024\" \/>\n\t<meta property=\"og:image:height\" content=\"683\" \/>\n\t<meta property=\"og:image:type\" content=\"image\/jpeg\" \/>\n<meta name=\"twitter:card\" content=\"summary_large_image\" \/>\n<meta name=\"twitter:label1\" content=\"Tiempo de lectura\" \/>\n\t<meta name=\"twitter:data1\" content=\"1 minuto\" \/>\n<script type=\"application\/ld+json\" class=\"yoast-schema-graph\">{\"@context\":\"https:\\\/\\\/schema.org\",\"@graph\":[{\"@type\":\"WebPage\",\"@id\":\"https:\\\/\\\/permaban.com\\\/es\\\/productos_inicio\\\/otros-productos-para-pavimentos-industriales\\\/\",\"url\":\"https:\\\/\\\/permaban.com\\\/es\\\/productos_inicio\\\/otros-productos-para-pavimentos-industriales\\\/\",\"name\":\"Otros Productos Para Pavimentos Industriales - Permaban\",\"isPartOf\":{\"@id\":\"https:\\\/\\\/permaban.com\\\/es\\\/#website\"},\"primaryImageOfPage\":{\"@id\":\"https:\\\/\\\/permaban.com\\\/es\\\/productos_inicio\\\/otros-productos-para-pavimentos-industriales\\\/#primaryimage\"},\"image\":{\"@id\":\"https:\\\/\\\/permaban.com\\\/es\\\/productos_inicio\\\/otros-productos-para-pavimentos-industriales\\\/#primaryimage\"},\"thumbnailUrl\":\"https:\\\/\\\/permaban.com\\\/wp-content\\\/uploads\\\/2019\\\/06\\\/Hand-trowelling-AlphaJoint-installation.jpg\",\"datePublished\":\"2019-10-17T14:40:54+00:00\",\"dateModified\":\"2020-03-13T16:51:12+00:00\",\"description\":\"Productos para pavimentos industriales de RCR.\",\"breadcrumb\":{\"@id\":\"https:\\\/\\\/permaban.com\\\/es\\\/productos_inicio\\\/otros-productos-para-pavimentos-industriales\\\/#breadcrumb\"},\"inLanguage\":\"es\",\"potentialAction\":[{\"@type\":\"ReadAction\",\"target\":[\"https:\\\/\\\/permaban.com\\\/es\\\/productos_inicio\\\/otros-productos-para-pavimentos-industriales\\\/\"]}]},{\"@type\":\"ImageObject\",\"inLanguage\":\"es\",\"@id\":\"https:\\\/\\\/permaban.com\\\/es\\\/productos_inicio\\\/otros-productos-para-pavimentos-industriales\\\/#primaryimage\",\"url\":\"https:\\\/\\\/permaban.com\\\/wp-content\\\/uploads\\\/2019\\\/06\\\/Hand-trowelling-AlphaJoint-installation.jpg\",\"contentUrl\":\"https:\\\/\\\/permaban.com\\\/wp-content\\\/uploads\\\/2019\\\/06\\\/Hand-trowelling-AlphaJoint-installation.jpg\",\"width\":1024,\"height\":683},{\"@type\":\"BreadcrumbList\",\"@id\":\"https:\\\/\\\/permaban.com\\\/es\\\/productos_inicio\\\/otros-productos-para-pavimentos-industriales\\\/#breadcrumb\",\"itemListElement\":[{\"@type\":\"ListItem\",\"position\":1,\"name\":\"Home\",\"item\":\"https:\\\/\\\/permaban.com\\\/es\\\/\"},{\"@type\":\"ListItem\",\"position\":2,\"name\":\"Productos\",\"item\":\"https:\\\/\\\/permaban.com\\\/es\\\/productos_inicio\\\/\"},{\"@type\":\"ListItem\",\"position\":3,\"name\":\"Otros Productos Para Pavimentos Industriales\"}]},{\"@type\":\"WebSite\",\"@id\":\"https:\\\/\\\/permaban.com\\\/es\\\/#website\",\"url\":\"https:\\\/\\\/permaban.com\\\/es\\\/\",\"name\":\"Permaban\",\"description\":\"Industrial Flooring Products\",\"potentialAction\":[{\"@type\":\"SearchAction\",\"target\":{\"@type\":\"EntryPoint\",\"urlTemplate\":\"https:\\\/\\\/permaban.com\\\/es\\\/?s={search_term_string}\"},\"query-input\":{\"@type\":\"PropertyValueSpecification\",\"valueRequired\":true,\"valueName\":\"search_term_string\"}}],\"inLanguage\":\"es\"}]}<\/script>\n<!-- \/ Yoast SEO plugin. -->","yoast_head_json":{"title":"Otros Productos Para Pavimentos Industriales - Permaban","description":"Productos para pavimentos industriales de RCR.","robots":{"index":"index","follow":"follow","max-snippet":"max-snippet:-1","max-image-preview":"max-image-preview:large","max-video-preview":"max-video-preview:-1"},"canonical":"https:\/\/permaban.com\/es\/productos_inicio\/otros-productos-para-pavimentos-industriales\/","og_locale":"es_ES","og_type":"article","og_title":"Otros Productos Para Pavimentos Industriales - Permaban","og_description":"Productos para pavimentos industriales de RCR.","og_url":"https:\/\/permaban.com\/es\/productos_inicio\/otros-productos-para-pavimentos-industriales\/","og_site_name":"Permaban","article_modified_time":"2020-03-13T16:51:12+00:00","og_image":[{"width":1024,"height":683,"url":"https:\/\/permaban.com\/wp-content\/uploads\/2019\/06\/Hand-trowelling-AlphaJoint-installation.jpg","type":"image\/jpeg"}],"twitter_card":"summary_large_image","twitter_misc":{"Tiempo de lectura":"1 minuto"},"schema":{"@context":"https:\/\/schema.org","@graph":[{"@type":"WebPage","@id":"https:\/\/permaban.com\/es\/productos_inicio\/otros-productos-para-pavimentos-industriales\/","url":"https:\/\/permaban.com\/es\/productos_inicio\/otros-productos-para-pavimentos-industriales\/","name":"Otros Productos Para Pavimentos Industriales - Permaban","isPartOf":{"@id":"https:\/\/permaban.com\/es\/#website"},"primaryImageOfPage":{"@id":"https:\/\/permaban.com\/es\/productos_inicio\/otros-productos-para-pavimentos-industriales\/#primaryimage"},"image":{"@id":"https:\/\/permaban.com\/es\/productos_inicio\/otros-productos-para-pavimentos-industriales\/#primaryimage"},"thumbnailUrl":"https:\/\/permaban.com\/wp-content\/uploads\/2019\/06\/Hand-trowelling-AlphaJoint-installation.jpg","datePublished":"2019-10-17T14:40:54+00:00","dateModified":"2020-03-13T16:51:12+00:00","description":"Productos para pavimentos industriales de RCR.","breadcrumb":{"@id":"https:\/\/permaban.com\/es\/productos_inicio\/otros-productos-para-pavimentos-industriales\/#breadcrumb"},"inLanguage":"es","potentialAction":[{"@type":"ReadAction","target":["https:\/\/permaban.com\/es\/productos_inicio\/otros-productos-para-pavimentos-industriales\/"]}]},{"@type":"ImageObject","inLanguage":"es","@id":"https:\/\/permaban.com\/es\/productos_inicio\/otros-productos-para-pavimentos-industriales\/#primaryimage","url":"https:\/\/permaban.com\/wp-content\/uploads\/2019\/06\/Hand-trowelling-AlphaJoint-installation.jpg","contentUrl":"https:\/\/permaban.com\/wp-content\/uploads\/2019\/06\/Hand-trowelling-AlphaJoint-installation.jpg","width":1024,"height":683},{"@type":"BreadcrumbList","@id":"https:\/\/permaban.com\/es\/productos_inicio\/otros-productos-para-pavimentos-industriales\/#breadcrumb","itemListElement":[{"@type":"ListItem","position":1,"name":"Home","item":"https:\/\/permaban.com\/es\/"},{"@type":"ListItem","position":2,"name":"Productos","item":"https:\/\/permaban.com\/es\/productos_inicio\/"},{"@type":"ListItem","position":3,"name":"Otros Productos Para Pavimentos Industriales"}]},{"@type":"WebSite","@id":"https:\/\/permaban.com\/es\/#website","url":"https:\/\/permaban.com\/es\/","name":"Permaban","description":"Industrial Flooring Products","potentialAction":[{"@type":"SearchAction","target":{"@type":"EntryPoint","urlTemplate":"https:\/\/permaban.com\/es\/?s={search_term_string}"},"query-input":{"@type":"PropertyValueSpecification","valueRequired":true,"valueName":"search_term_string"}}],"inLanguage":"es"}]}},"_links":{"self":[{"href":"https:\/\/permaban.com\/es\/wp-json\/wp\/v2\/pages\/8351","targetHints":{"allow":["GET"]}}],"collection":[{"href":"https:\/\/permaban.com\/es\/wp-json\/wp\/v2\/pages"}],"about":[{"href":"https:\/\/permaban.com\/es\/wp-json\/wp\/v2\/types\/page"}],"author":[{"embeddable":true,"href":"https:\/\/permaban.com\/es\/wp-json\/wp\/v2\/users\/3"}],"replies":[{"embeddable":true,"href":"https:\/\/permaban.com\/es\/wp-json\/wp\/v2\/comments?post=8351"}],"version-history":[{"count":16,"href":"https:\/\/permaban.com\/es\/wp-json\/wp\/v2\/pages\/8351\/revisions"}],"predecessor-version":[{"id":10054,"href":"https:\/\/permaban.com\/es\/wp-json\/wp\/v2\/pages\/8351\/revisions\/10054"}],"up":[{"embeddable":true,"href":"https:\/\/permaban.com\/es\/wp-json\/wp\/v2\/pages\/8352"}],"wp:featuredmedia":[{"embeddable":true,"href":"https:\/\/permaban.com\/es\/wp-json\/wp\/v2\/media\/6443"}],"wp:attachment":[{"href":"https:\/\/permaban.com\/es\/wp-json\/wp\/v2\/media?parent=8351"}],"curies":[{"name":"wp","href":"https:\/\/api.w.org\/{rel}","templated":true}]}}