{"id":8352,"date":"2019-10-17T15:41:23","date_gmt":"2019-10-17T14:41:23","guid":{"rendered":"https:\/\/permaban.com\/products\/"},"modified":"2020-01-28T10:07:41","modified_gmt":"2020-01-28T10:07:41","slug":"productos_inicio","status":"publish","type":"page","link":"https:\/\/permaban.com\/es\/productos_inicio\/","title":{"rendered":"Productos"},"content":{"rendered":"<div id=\"pl-8352\"  class=\"panel-layout\" ><div id=\"pg-8352-0\"  class=\"panel-grid panel-no-style\" ><div id=\"pgc-8352-0-0\"  class=\"panel-grid-cell\" ><div id=\"panel-8352-0-0-0\" class=\"so-panel widget widget_sow-editor panel-first-child panel-last-child\" data-index=\"0\" ><div class=\"large-font-size panel-widget-style panel-widget-style-for-8352-0-0-0\" ><div\n\t\t\t\n\t\t\tclass=\"so-widget-sow-editor so-widget-sow-editor-base\"\n\t\t\t\n\t\t>\n<div class=\"siteorigin-widget-tinymce textwidget\">\n\t<p>Permaban cuenta con juntas armadas, encofrados y conectores.<\/p>\n<\/div>\n<\/div><\/div><\/div><\/div><\/div><div id=\"pg-8352-1\"  class=\"panel-grid panel-has-style\" ><div class=\"anchor-primary-color panel-row-style panel-row-style-for-8352-1\" ><div id=\"pgc-8352-1-0\"  class=\"panel-grid-cell\" ><div class=\"box-shadow panel-cell-style panel-cell-style-for-8352-1-0\" ><div id=\"panel-8352-1-0-0\" class=\"so-panel widget widget_sow-image panel-first-child\" data-index=\"1\" ><div\n\t\t\t\n\t\t\tclass=\"so-widget-sow-image so-widget-sow-image-default-8b5b6f678277-8352\"\n\t\t\t\n\t\t>\n<div class=\"sow-image-container\">\n\t\t\t<a href=\"http:\/\/permaban.com\/product-category\/armoured-joints\/\"\n\t\t\t\t\t>\n\t\t\t<img \n\tsrc=\"https:\/\/permaban.com\/wp-content\/uploads\/2019\/06\/AlphaJoint-Classic-4010.png\" width=\"749\" height=\"540\" srcset=\"https:\/\/permaban.com\/wp-content\/uploads\/2019\/06\/AlphaJoint-Classic-4010.png 749w, https:\/\/permaban.com\/wp-content\/uploads\/2019\/06\/AlphaJoint-Classic-4010-592x427.png 592w\" sizes=\"(max-width: 749px) 100vw, 749px\" title=\"Permaban AlphaJoint Classic 4010 armoured joint for concrete flooring\" alt=\"Permaban AlphaJoint Classic 4010 armoured joint for concrete flooring\" \t\tclass=\"so-widget-image\"\/>\n\t\t\t<\/a><\/div>\n\n<\/div><\/div><div id=\"panel-8352-1-0-1\" class=\"so-panel widget widget_sow-editor panel-last-child\" data-index=\"2\" ><div class=\"panel-widget-style panel-widget-style-for-8352-1-0-1\" ><div\n\t\t\t\n\t\t\tclass=\"so-widget-sow-editor so-widget-sow-editor-base\"\n\t\t\t\n\t\t>\n<div class=\"siteorigin-widget-tinymce textwidget\">\n\t<p><a href=\"https:\/\/permaban.com\/es\/clase-de-producto\/juntas-armadas\/\"><strong><span style=\"text-decoration: underline;\">Juntas Armadas<\/span><\/strong><\/a><\/p>\n<p>Las juntas armadas de Permaban (propiamente llamadas \"sistemas de juntas permanentes\") protegen las juntas de construcci\u00f3n en pisos de hormig\u00f3n del da\u00f1o por impacto, ahorrando elevados costes de reparaci\u00f3n y tiempos de inactividad. <a href=\"https:\/\/permaban.com\/es\/clase-de-producto\/juntas-armadas\/\">Ver productos. <\/a><\/p>\n<\/div>\n<\/div><\/div><\/div><\/div><\/div><div id=\"pgc-8352-1-1\"  class=\"panel-grid-cell\" ><div class=\"box-shadow panel-cell-style panel-cell-style-for-8352-1-1\" ><div id=\"panel-8352-1-1-0\" class=\"so-panel widget widget_sow-image panel-first-child\" data-index=\"3\" ><div\n\t\t\t\n\t\t\tclass=\"so-widget-sow-image so-widget-sow-image-default-8b5b6f678277-8352\"\n\t\t\t\n\t\t>\n<div class=\"sow-image-container\">\n\t\t\t<a href=\"http:\/\/permaban.com\/product-category\/leave-in-place-formwork\/\"\n\t\t\t\t\t>\n\t\t\t<img \n\tsrc=\"https:\/\/permaban.com\/wp-content\/uploads\/2019\/06\/permasteel_t1_t2.jpg\" width=\"750\" height=\"540\" srcset=\"https:\/\/permaban.com\/wp-content\/uploads\/2019\/06\/permasteel_t1_t2.jpg 750w, https:\/\/permaban.com\/wp-content\/uploads\/2019\/06\/permasteel_t1_t2-593x427.jpg 593w\" sizes=\"(max-width: 750px) 100vw, 750px\" title=\"Permasteel permanent formwork | Leave-in-place formwork\" alt=\"Permasteel permanent formwork | Leave-in-place formwork\" \t\tclass=\"so-widget-image\"\/>\n\t\t\t<\/a><\/div>\n\n<\/div><\/div><div id=\"panel-8352-1-1-1\" class=\"so-panel widget widget_sow-editor panel-last-child\" data-index=\"4\" ><div class=\"panel-widget-style panel-widget-style-for-8352-1-1-1\" ><div\n\t\t\t\n\t\t\tclass=\"so-widget-sow-editor so-widget-sow-editor-base\"\n\t\t\t\n\t\t>\n<div class=\"siteorigin-widget-tinymce textwidget\">\n\t<p><a href=\"https:\/\/permaban.com\/es\/clase-de-producto\/encofrado-perdido\/\" rel=\"noopener\"><strong><span style=\"text-decoration: underline;\"><span class=\"TextRun SCXW144629241 BCX0\" lang=\"EN-GB\" xml:lang=\"EN-GB\" data-contrast=\"auto\"><span class=\"NormalTextRun SCXW144629241 BCX0\">Encofrado perdido<\/span><\/span><span class=\"EOP SCXW144629241 BCX0\" data-ccp-props=\"{&quot;201341983&quot;:0,&quot;335559739&quot;:200,&quot;335559740&quot;:276}\">\u00a0<\/span><\/span><\/strong><\/a><\/p>\n<p><span class=\"TextRun SCXW188665645 BCX0\" lang=\"EN-GB\" xml:lang=\"EN-GB\" data-contrast=\"auto\"><span class=\"NormalTextRun SCXW188665645 BCX0\">Dise\u00f1ado para contener el vertido de hormig\u00f3n, nuestro encofrado de f\u00e1cil instalaci\u00f3n est\u00e1 disponible en una variedad de tama\u00f1os y estilos para adaptarse a la mayor\u00eda de los espesores de losas. <\/span><\/span><span class=\"TextRun SCXW188665645 BCX0\" lang=\"EN-GB\" xml:lang=\"EN-GB\" data-contrast=\"auto\"><span class=\"NormalTextRun SCXW188665645 BCX0\">\u00a0<\/span><\/span><a href=\"https:\/\/permaban.com\/es\/clase-de-producto\/encofrado-perdido\/\"><span class=\"TextRun Underlined SCXW188665645 BCX0\" lang=\"EN-GB\" xml:lang=\"EN-GB\" data-contrast=\"none\"><span class=\"NormalTextRun SCXW188665645 BCX0\">Ver productos.<\/span><\/span><span class=\"EOP SCXW188665645 BCX0\" data-ccp-props=\"{&quot;201341983&quot;:0,&quot;335559739&quot;:200,&quot;335559740&quot;:276}\">\u00a0<\/span><\/a><\/p>\n<\/div>\n<\/div><\/div><\/div><\/div><\/div><div id=\"pgc-8352-1-2\"  class=\"panel-grid-cell\" ><div class=\"box-shadow panel-cell-style panel-cell-style-for-8352-1-2\" ><div id=\"panel-8352-1-2-0\" class=\"so-panel widget widget_sow-image panel-first-child\" data-index=\"5\" ><div\n\t\t\t\n\t\t\tclass=\"so-widget-sow-image so-widget-sow-image-default-8b5b6f678277-8352\"\n\t\t\t\n\t\t>\n<div class=\"sow-image-container\">\n\t\t\t<a href=\"http:\/\/permaban.com\/product-category\/dowel-systems\/\"\n\t\t\t\t\t>\n\t\t\t<img \n\tsrc=\"https:\/\/permaban.com\/wp-content\/uploads\/2019\/06\/dowel_on_timber.jpg\" width=\"750\" height=\"540\" srcset=\"https:\/\/permaban.com\/wp-content\/uploads\/2019\/06\/dowel_on_timber.jpg 750w, https:\/\/permaban.com\/wp-content\/uploads\/2019\/06\/dowel_on_timber-593x427.jpg 593w\" sizes=\"(max-width: 750px) 100vw, 750px\" title=\"Dowels | Load Transfer for Concrete Floors\" alt=\"Dowels | Load Transfer for Concrete Floors\" \t\tclass=\"so-widget-image\"\/>\n\t\t\t<\/a><\/div>\n\n<\/div><\/div><div id=\"panel-8352-1-2-1\" class=\"so-panel widget widget_sow-editor panel-last-child\" data-index=\"6\" ><div class=\"panel-widget-style panel-widget-style-for-8352-1-2-1\" ><div\n\t\t\t\n\t\t\tclass=\"so-widget-sow-editor so-widget-sow-editor-base\"\n\t\t\t\n\t\t>\n<div class=\"siteorigin-widget-tinymce textwidget\">\n\t<p><a href=\"https:\/\/permaban.com\/es\/clase-de-producto\/sistemas-de-conectores\/\"><b><span data-contrast=\"auto\">Sistemas de conectores<\/span><\/b><span data-ccp-props=\"{&quot;201341983&quot;:0,&quot;335559739&quot;:200,&quot;335559740&quot;:276}\">\u00a0<\/span><\/a><\/p>\n<p><span data-contrast=\"auto\">Los conectores realizan el importante trabajo de transferencia de carga entre losas de hormig\u00f3n adyacentes y tambi\u00e9n controlan el movimiento de las losas en la fase de curado. Explore esta secci\u00f3n para ver nuestra gama de conectores de placa y conectores cuadrados. <\/span><a href=\"https:\/\/permaban.com\/es\/clase-de-producto\/sistemas-de-conectores\/\"><span data-contrast=\"none\">Ver productos<\/span><span data-contrast=\"none\">.<\/span><span data-ccp-props=\"{&quot;201341983&quot;:0,&quot;335559739&quot;:200,&quot;335559740&quot;:276}\">\u00a0<\/span><\/a><\/p>\n<\/div>\n<\/div><\/div><\/div><\/div><\/div><\/div><\/div><div id=\"pg-8352-2\"  class=\"panel-grid panel-has-style\" ><div class=\"panel-row-style panel-row-style-for-8352-2\" ><div id=\"pgc-8352-2-0\"  class=\"panel-grid-cell\" ><div id=\"panel-8352-2-0-0\" class=\"so-panel widget widget_sow-editor panel-first-child panel-last-child\" data-index=\"7\" ><div class=\"large-font-size panel-widget-style panel-widget-style-for-8352-2-0-0\" ><div\n\t\t\t\n\t\t\tclass=\"so-widget-sow-editor so-widget-sow-editor-base\"\n\t\t\t\n\t\t>\n<div class=\"siteorigin-widget-tinymce textwidget\">\n\t<p style=\"text-align: center;\"><em>Todos los productos Permaban permiten el dise\u00f1o y la construcci\u00f3n de losas de piso de conformidad con BS EN 1991-1-1: 2002 y BS EN 1992-1-1: 2004 y con las mejores pr\u00e1cticas establecidas en TR34 4a edici\u00f3n. Todos nuestros productos cumplen con el Reglamento de Productos de Construcci\u00f3n (Reglamento (UE) No. 305\/2011) y tienen el marcado CE apropiado.<\/em><\/p>\n<\/div>\n<\/div><\/div><\/div><\/div><\/div><\/div><div id=\"pg-8352-3\"  class=\"panel-grid panel-no-style\" ><div id=\"pgc-8352-3-0\"  class=\"panel-grid-cell\" ><div id=\"panel-8352-3-0-0\" class=\"so-panel widget widget_sow-editor panel-first-child panel-last-child\" data-index=\"8\" ><div\n\t\t\t\n\t\t\tclass=\"so-widget-sow-editor so-widget-sow-editor-base\"\n\t\t\t\n\t\t>\n<div class=\"siteorigin-widget-tinymce textwidget\">\n\t<h5>OTROS PRODUCTOS PARA PAVIMENTOS INDUSTRIALES DE RCR<\/h5>\n<p>&nbsp;<\/p>\n<\/div>\n<\/div><\/div><\/div><\/div><div id=\"pg-8352-4\"  class=\"panel-grid panel-has-style\" ><div class=\"latest-products panel-row-style panel-row-style-for-8352-4\" ><div id=\"pgc-8352-4-0\"  class=\"panel-grid-cell\" ><div id=\"panel-8352-4-0-0\" class=\"so-panel widget widget_sow-image panel-first-child\" data-index=\"9\" ><div\n\t\t\t\n\t\t\tclass=\"so-widget-sow-image so-widget-sow-image-default-dbf295114b96-8352\"\n\t\t\t\n\t\t>\n<div class=\"sow-image-container\">\n\t\t\t<a href=\"http:\/\/permaban.com\/products-home\/joint-sealants\/\"\n\t\t\t\t\t>\n\t\t\t<img \n\tsrc=\"https:\/\/permaban.com\/wp-content\/uploads\/2019\/06\/Checking-floor-level-after-completion-1-640x364.jpg\" width=\"640\" height=\"364\" srcset=\"https:\/\/permaban.com\/wp-content\/uploads\/2019\/06\/Checking-floor-level-after-completion-1-640x364.jpg 640w, https:\/\/permaban.com\/wp-content\/uploads\/2019\/06\/Checking-floor-level-after-completion-1.jpg 750w\" sizes=\"(max-width: 640px) 100vw, 640px\" title=\"Checking floor level after completion\" alt=\"\" \t\tclass=\"so-widget-image\"\/>\n\t\t\t<\/a><\/div>\n\n<\/div><\/div><div id=\"panel-8352-4-0-1\" class=\"so-panel widget widget_sow-editor panel-last-child\" data-index=\"10\" ><div class=\"first-p-blue panel-widget-style panel-widget-style-for-8352-4-0-1\" ><div\n\t\t\t\n\t\t\tclass=\"so-widget-sow-editor so-widget-sow-editor-base\"\n\t\t\t\n\t\t>\n<div class=\"siteorigin-widget-tinymce textwidget\">\n\t<p><a href=\"https:\/\/permaban.com\/es\/productos\/selladores-de-juntas\/\"><strong>SELLADORES DE JUNTA (Rocland)<\/strong><\/a><\/p>\n<p><em>Estos selladores de juntas llenan los huecos de las juntas de construcci\u00f3n para proteger los da\u00f1os de las aristas y evitar que entren residuos en la junta. <\/em><em><a href=\"https:\/\/permaban.com\/es\/productos\/selladores-de-juntas\/\">Saber m\u00e1s.<\/a><\/em><\/p>\n<\/div>\n<\/div><\/div><\/div><\/div><div id=\"pgc-8352-4-1\"  class=\"panel-grid-cell\" ><div id=\"panel-8352-4-1-0\" class=\"so-panel widget widget_sow-image panel-first-child\" data-index=\"11\" ><div\n\t\t\t\n\t\t\tclass=\"so-widget-sow-image so-widget-sow-image-default-dbf295114b96-8352\"\n\t\t\t\n\t\t>\n<div class=\"sow-image-container\">\n\t\t\t<a href=\"http:\/\/permaban.com\/products-home\/dry-shake-surface-hardeners\/\"\n\t\t\t\t\t>\n\t\t\t<img \n\tsrc=\"https:\/\/permaban.com\/wp-content\/uploads\/2019\/06\/Rocland-Surface-hardeners-1-640x364.jpg\" width=\"640\" height=\"364\" srcset=\"https:\/\/permaban.com\/wp-content\/uploads\/2019\/06\/Rocland-Surface-hardeners-1-640x364.jpg 640w, https:\/\/permaban.com\/wp-content\/uploads\/2019\/06\/Rocland-Surface-hardeners-1.jpg 750w\" sizes=\"(max-width: 640px) 100vw, 640px\" title=\"Rocland-Surface-hardeners\" alt=\"\" \t\tclass=\"so-widget-image\"\/>\n\t\t\t<\/a><\/div>\n\n<\/div><\/div><div id=\"panel-8352-4-1-1\" class=\"so-panel widget widget_sow-editor panel-last-child\" data-index=\"12\" ><div class=\"first-p-blue panel-widget-style panel-widget-style-for-8352-4-1-1\" ><div\n\t\t\t\n\t\t\tclass=\"so-widget-sow-editor so-widget-sow-editor-base\"\n\t\t\t\n\t\t>\n<div class=\"siteorigin-widget-tinymce textwidget\">\n\t<p><strong><a href=\"https:\/\/permaban.com\/es\/productos\/sistemas-de-resina\/\">ENDURECEDORES DE SUPERFICIE (Rocland)<\/a><\/strong><\/p>\n<p><em><span class=\"TextRun BCX0 SCXW3557259\" lang=\"EN-GB\" xml:lang=\"EN-GB\" data-contrast=\"auto\"><span class=\"NormalTextRun BCX0 SCXW3557259\">Los endurecedores de superficie protegen la superficie de un piso de hormig\u00f3n, aumentan la dureza y durabilidad, y pueden agregar resistencia al deslizamiento y color. <\/span><\/span><a href=\"https:\/\/permaban.com\/es\/productos\/sistemas-de-resina\/\">Obtenga m\u00e1s informaci\u00f3n.<\/a><\/em><\/p>\n<\/div>\n<\/div><\/div><\/div><\/div><\/div><\/div><div id=\"pg-8352-5\"  class=\"panel-grid panel-has-style\" ><div class=\"latest-products panel-row-style panel-row-style-for-8352-5\" ><div id=\"pgc-8352-5-0\"  class=\"panel-grid-cell\" ><div id=\"panel-8352-5-0-0\" class=\"so-panel widget widget_sow-image panel-first-child\" data-index=\"13\" ><div\n\t\t\t\n\t\t\tclass=\"so-widget-sow-image so-widget-sow-image-default-dbf295114b96-8352\"\n\t\t\t\n\t\t>\n<div class=\"sow-image-container\">\n\t\t\t<a href=\"http:\/\/permaban.com\/products-home\/sealing-curing-products\/\"\n\t\t\t\t\t>\n\t\t\t<img \n\tsrc=\"https:\/\/permaban.com\/wp-content\/uploads\/2019\/06\/Rocland-curing-and-sealing-agents-1-640x364.jpg\" width=\"640\" height=\"364\" srcset=\"https:\/\/permaban.com\/wp-content\/uploads\/2019\/06\/Rocland-curing-and-sealing-agents-1-640x364.jpg 640w, https:\/\/permaban.com\/wp-content\/uploads\/2019\/06\/Rocland-curing-and-sealing-agents-1.jpg 750w\" sizes=\"(max-width: 640px) 100vw, 640px\" title=\"Rocland curing and sealing agents\" alt=\"\" \t\tclass=\"so-widget-image\"\/>\n\t\t\t<\/a><\/div>\n\n<\/div><\/div><div id=\"panel-8352-5-0-1\" class=\"so-panel widget widget_sow-editor panel-last-child\" data-index=\"14\" ><div class=\"first-p-blue panel-widget-style panel-widget-style-for-8352-5-0-1\" ><div\n\t\t\t\n\t\t\tclass=\"so-widget-sow-editor so-widget-sow-editor-base\"\n\t\t\t\n\t\t>\n<div class=\"siteorigin-widget-tinymce textwidget\">\n\t<p><a href=\"https:\/\/permaban.com\/es\/productos\/productos-de-sellado-y-curado\/\"><strong>SELLADORES DE HORMIG\u00d3N Y AGENTES DE CURADO (Rocland)<\/strong><\/a><\/p>\n<p><em>Estos aditivos en spray mejoran el curado, aumentan la dureza y durabilidad del pavimento y sellan parcialmente la superficie para protegerlo. <a href=\"https:\/\/permaban.com\/es\/productos\/productos-de-sellado-y-curado\/\">Obtenga m\u00e1s informaci\u00f3n.<\/a><\/em><\/p>\n<\/div>\n<\/div><\/div><\/div><\/div><div id=\"pgc-8352-5-1\"  class=\"panel-grid-cell\" ><div id=\"panel-8352-5-1-0\" class=\"so-panel widget widget_sow-image panel-first-child\" data-index=\"15\" ><div\n\t\t\t\n\t\t\tclass=\"so-widget-sow-image so-widget-sow-image-default-dbf295114b96-8352\"\n\t\t\t\n\t\t>\n<div class=\"sow-image-container\">\n\t\t\t<a href=\"http:\/\/permaban.com\/products-home\/resin-systems\/\"\n\t\t\t\t\t>\n\t\t\t<img \n\tsrc=\"https:\/\/permaban.com\/wp-content\/uploads\/2019\/06\/Rinol-Resin-Flooring-Systems-1-640x364.jpg\" width=\"640\" height=\"364\" srcset=\"https:\/\/permaban.com\/wp-content\/uploads\/2019\/06\/Rinol-Resin-Flooring-Systems-1-640x364.jpg 640w, https:\/\/permaban.com\/wp-content\/uploads\/2019\/06\/Rinol-Resin-Flooring-Systems-1.jpg 750w\" sizes=\"(max-width: 640px) 100vw, 640px\" title=\"Rinol Resin Flooring Systems\" alt=\"\" \t\tclass=\"so-widget-image\"\/>\n\t\t\t<\/a><\/div>\n\n<\/div><\/div><div id=\"panel-8352-5-1-1\" class=\"so-panel widget widget_sow-editor panel-last-child\" data-index=\"16\" ><div class=\"first-p-blue panel-widget-style panel-widget-style-for-8352-5-1-1\" ><div\n\t\t\t\n\t\t\tclass=\"so-widget-sow-editor so-widget-sow-editor-base\"\n\t\t\t\n\t\t>\n<div class=\"siteorigin-widget-tinymce textwidget\">\n\t<p><a href=\"https:\/\/permaban.com\/es\/productos\/sistemas-de-resina\/\" rel=\"noopener\"><strong>SISTEMAS DE RESINAS (RINOL)<\/strong><\/a><\/p>\n<p><em><span class=\"TextRun SCXW24603532 BCX0\" lang=\"EN-GB\" xml:lang=\"EN-GB\" data-contrast=\"auto\"><span class=\"NormalTextRun SCXW24603532 BCX0\">Duradero y vers\u00e1til, un suelo de resina proporcionar\u00e1 un acabado atractivo, pr\u00e1ctico y duradero a un suelo comercial o industrial. RINOL ofrece un conjunto de sistemas de pavimentos de resina de alto rendimiento para numerosas industrias, probados en todo el mundo desde hace m\u00e1s de cincuenta a\u00f1os. <\/span><\/span><a href=\"https:\/\/permaban.com\/es\/productos\/sistemas-de-resina\/\"><span class=\"TextRun Underlined SCXW24603532 BCX0\" lang=\"EN-GB\" xml:lang=\"EN-GB\" data-contrast=\"none\"><span class=\"NormalTextRun SCXW24603532 BCX0\"><u>Obtenga m\u00e1s informaci\u00f3n<\/u>.<\/span><\/span><span class=\"EOP SCXW24603532 BCX0\" data-ccp-props=\"{&quot;201341983&quot;:0,&quot;335559739&quot;:200,&quot;335559740&quot;:276}\">\u00a0<\/span><\/a><\/em><\/p>\n<\/div>\n<\/div><\/div><\/div><\/div><\/div><\/div><\/div>","protected":false},"excerpt":{"rendered":"<p>Permaban cuenta con juntas armadas, encofrados y conectores. Juntas Armadas Las juntas armadas de Permaban (propiamente llamadas \u00absistemas de juntas permanentes\u00bb) protegen las juntas de construcci\u00f3n en pisos de hormig\u00f3n del da\u00f1o por impacto, ahorrando elevados costes de reparaci\u00f3n y&#8230;<\/p>\n","protected":false},"author":3,"featured_media":6448,"parent":0,"menu_order":0,"comment_status":"closed","ping_status":"closed","template":"","meta":{"_acf_changed":false,"_monsterinsights_skip_tracking":false,"_monsterinsights_sitenote_active":false,"_monsterinsights_sitenote_note":"","_monsterinsights_sitenote_category":0,"footnotes":""},"class_list":["post-8352","page","type-page","status-publish","has-post-thumbnail","hentry"],"acf":[],"yoast_head":"<!-- This site is optimized with the Yoast SEO plugin v27.1.1 - https:\/\/yoast.com\/product\/yoast-seo-wordpress\/ -->\n<title>Productos Para Pisos Industriales | Juntas Armadas - Permaban<\/title>\n<meta name=\"description\" content=\"Explore la gama de productos para pisos industriales de RCR, que incluyen juntas blindadas Permaban, batidos y selladores Rocland y sistemas de resina RINOL.\" \/>\n<meta name=\"robots\" content=\"index, follow, max-snippet:-1, max-image-preview:large, max-video-preview:-1\" \/>\n<link rel=\"canonical\" href=\"https:\/\/permaban.com\/es\/productos_inicio\/\" \/>\n<meta property=\"og:locale\" content=\"es_ES\" \/>\n<meta property=\"og:type\" content=\"article\" \/>\n<meta property=\"og:title\" content=\"Productos Para Pisos Industriales | Juntas Armadas - Permaban\" \/>\n<meta property=\"og:description\" content=\"Explore la gama de productos para pisos industriales de RCR, que incluyen juntas blindadas Permaban, batidos y selladores Rocland y sistemas de resina RINOL.\" \/>\n<meta property=\"og:url\" content=\"https:\/\/permaban.com\/es\/productos_inicio\/\" \/>\n<meta property=\"og:site_name\" content=\"Permaban\" \/>\n<meta property=\"article:modified_time\" content=\"2020-01-28T10:07:41+00:00\" \/>\n<meta property=\"og:image\" content=\"https:\/\/permaban.com\/wp-content\/uploads\/2019\/06\/Permaban-Eclipse-installation-2.jpg\" \/>\n\t<meta property=\"og:image:width\" content=\"1024\" \/>\n\t<meta property=\"og:image:height\" content=\"683\" \/>\n\t<meta property=\"og:image:type\" content=\"image\/jpeg\" \/>\n<meta name=\"twitter:card\" content=\"summary_large_image\" \/>\n<meta name=\"twitter:label1\" content=\"Tiempo de lectura\" \/>\n\t<meta name=\"twitter:data1\" content=\"2 minutos\" \/>\n<script type=\"application\/ld+json\" class=\"yoast-schema-graph\">{\"@context\":\"https:\/\/schema.org\",\"@graph\":[{\"@type\":\"WebPage\",\"@id\":\"https:\/\/permaban.com\/es\/productos_inicio\/\",\"url\":\"https:\/\/permaban.com\/es\/productos_inicio\/\",\"name\":\"Productos Para Pisos Industriales | Juntas Armadas - Permaban\",\"isPartOf\":{\"@id\":\"https:\/\/permaban.com\/es\/#website\"},\"primaryImageOfPage\":{\"@id\":\"https:\/\/permaban.com\/es\/productos_inicio\/#primaryimage\"},\"image\":{\"@id\":\"https:\/\/permaban.com\/es\/productos_inicio\/#primaryimage\"},\"thumbnailUrl\":\"https:\/\/permaban.com\/wp-content\/uploads\/2019\/06\/Permaban-Eclipse-installation-2.jpg\",\"datePublished\":\"2019-10-17T14:41:23+00:00\",\"dateModified\":\"2020-01-28T10:07:41+00:00\",\"description\":\"Explore la gama de productos para pisos industriales de RCR, que incluyen juntas blindadas Permaban, batidos y selladores Rocland y sistemas de resina RINOL.\",\"breadcrumb\":{\"@id\":\"https:\/\/permaban.com\/es\/productos_inicio\/#breadcrumb\"},\"inLanguage\":\"es\",\"potentialAction\":[{\"@type\":\"ReadAction\",\"target\":[\"https:\/\/permaban.com\/es\/productos_inicio\/\"]}]},{\"@type\":\"ImageObject\",\"inLanguage\":\"es\",\"@id\":\"https:\/\/permaban.com\/es\/productos_inicio\/#primaryimage\",\"url\":\"https:\/\/permaban.com\/wp-content\/uploads\/2019\/06\/Permaban-Eclipse-installation-2.jpg\",\"contentUrl\":\"https:\/\/permaban.com\/wp-content\/uploads\/2019\/06\/Permaban-Eclipse-installation-2.jpg\",\"width\":1024,\"height\":683},{\"@type\":\"BreadcrumbList\",\"@id\":\"https:\/\/permaban.com\/es\/productos_inicio\/#breadcrumb\",\"itemListElement\":[{\"@type\":\"ListItem\",\"position\":1,\"name\":\"Home\",\"item\":\"https:\/\/permaban.com\/es\/\"},{\"@type\":\"ListItem\",\"position\":2,\"name\":\"Productos\"}]},{\"@type\":\"WebSite\",\"@id\":\"https:\/\/permaban.com\/es\/#website\",\"url\":\"https:\/\/permaban.com\/es\/\",\"name\":\"Permaban\",\"description\":\"Industrial Flooring Products\",\"potentialAction\":[{\"@type\":\"SearchAction\",\"target\":{\"@type\":\"EntryPoint\",\"urlTemplate\":\"https:\/\/permaban.com\/es\/?s={search_term_string}\"},\"query-input\":{\"@type\":\"PropertyValueSpecification\",\"valueRequired\":true,\"valueName\":\"search_term_string\"}}],\"inLanguage\":\"es\"}]}<\/script>\n<!-- \/ Yoast SEO plugin. -->","yoast_head_json":{"title":"Productos Para Pisos Industriales | Juntas Armadas - Permaban","description":"Explore la gama de productos para pisos industriales de RCR, que incluyen juntas blindadas Permaban, batidos y selladores Rocland y sistemas de resina RINOL.","robots":{"index":"index","follow":"follow","max-snippet":"max-snippet:-1","max-image-preview":"max-image-preview:large","max-video-preview":"max-video-preview:-1"},"canonical":"https:\/\/permaban.com\/es\/productos_inicio\/","og_locale":"es_ES","og_type":"article","og_title":"Productos Para Pisos Industriales | Juntas Armadas - Permaban","og_description":"Explore la gama de productos para pisos industriales de RCR, que incluyen juntas blindadas Permaban, batidos y selladores Rocland y sistemas de resina RINOL.","og_url":"https:\/\/permaban.com\/es\/productos_inicio\/","og_site_name":"Permaban","article_modified_time":"2020-01-28T10:07:41+00:00","og_image":[{"width":1024,"height":683,"url":"https:\/\/permaban.com\/wp-content\/uploads\/2019\/06\/Permaban-Eclipse-installation-2.jpg","type":"image\/jpeg"}],"twitter_card":"summary_large_image","twitter_misc":{"Tiempo de lectura":"2 minutos"},"schema":{"@context":"https:\/\/schema.org","@graph":[{"@type":"WebPage","@id":"https:\/\/permaban.com\/es\/productos_inicio\/","url":"https:\/\/permaban.com\/es\/productos_inicio\/","name":"Productos Para Pisos Industriales | Juntas Armadas - Permaban","isPartOf":{"@id":"https:\/\/permaban.com\/es\/#website"},"primaryImageOfPage":{"@id":"https:\/\/permaban.com\/es\/productos_inicio\/#primaryimage"},"image":{"@id":"https:\/\/permaban.com\/es\/productos_inicio\/#primaryimage"},"thumbnailUrl":"https:\/\/permaban.com\/wp-content\/uploads\/2019\/06\/Permaban-Eclipse-installation-2.jpg","datePublished":"2019-10-17T14:41:23+00:00","dateModified":"2020-01-28T10:07:41+00:00","description":"Explore la gama de productos para pisos industriales de RCR, que incluyen juntas blindadas Permaban, batidos y selladores Rocland y sistemas de resina RINOL.","breadcrumb":{"@id":"https:\/\/permaban.com\/es\/productos_inicio\/#breadcrumb"},"inLanguage":"es","potentialAction":[{"@type":"ReadAction","target":["https:\/\/permaban.com\/es\/productos_inicio\/"]}]},{"@type":"ImageObject","inLanguage":"es","@id":"https:\/\/permaban.com\/es\/productos_inicio\/#primaryimage","url":"https:\/\/permaban.com\/wp-content\/uploads\/2019\/06\/Permaban-Eclipse-installation-2.jpg","contentUrl":"https:\/\/permaban.com\/wp-content\/uploads\/2019\/06\/Permaban-Eclipse-installation-2.jpg","width":1024,"height":683},{"@type":"BreadcrumbList","@id":"https:\/\/permaban.com\/es\/productos_inicio\/#breadcrumb","itemListElement":[{"@type":"ListItem","position":1,"name":"Home","item":"https:\/\/permaban.com\/es\/"},{"@type":"ListItem","position":2,"name":"Productos"}]},{"@type":"WebSite","@id":"https:\/\/permaban.com\/es\/#website","url":"https:\/\/permaban.com\/es\/","name":"Permaban","description":"Industrial Flooring Products","potentialAction":[{"@type":"SearchAction","target":{"@type":"EntryPoint","urlTemplate":"https:\/\/permaban.com\/es\/?s={search_term_string}"},"query-input":{"@type":"PropertyValueSpecification","valueRequired":true,"valueName":"search_term_string"}}],"inLanguage":"es"}]}},"_links":{"self":[{"href":"https:\/\/permaban.com\/es\/wp-json\/wp\/v2\/pages\/8352","targetHints":{"allow":["GET"]}}],"collection":[{"href":"https:\/\/permaban.com\/es\/wp-json\/wp\/v2\/pages"}],"about":[{"href":"https:\/\/permaban.com\/es\/wp-json\/wp\/v2\/types\/page"}],"author":[{"embeddable":true,"href":"https:\/\/permaban.com\/es\/wp-json\/wp\/v2\/users\/3"}],"replies":[{"embeddable":true,"href":"https:\/\/permaban.com\/es\/wp-json\/wp\/v2\/comments?post=8352"}],"version-history":[{"count":23,"href":"https:\/\/permaban.com\/es\/wp-json\/wp\/v2\/pages\/8352\/revisions"}],"predecessor-version":[{"id":9650,"href":"https:\/\/permaban.com\/es\/wp-json\/wp\/v2\/pages\/8352\/revisions\/9650"}],"wp:featuredmedia":[{"embeddable":true,"href":"https:\/\/permaban.com\/es\/wp-json\/wp\/v2\/media\/6448"}],"wp:attachment":[{"href":"https:\/\/permaban.com\/es\/wp-json\/wp\/v2\/media?parent=8352"}],"curies":[{"name":"wp","href":"https:\/\/api.w.org\/{rel}","templated":true}]}}