{"id":10231,"date":"2020-05-05T12:48:55","date_gmt":"2020-05-05T11:48:55","guid":{"rendered":"https:\/\/permaban.com\/produits\/"},"modified":"2020-06-11T11:10:34","modified_gmt":"2020-06-11T10:10:34","slug":"produits-maison","status":"publish","type":"page","link":"https:\/\/permaban.com\/fr\/produits-maison\/","title":{"rendered":"Produits"},"content":{"rendered":"<div id=\"pl-10231\"  class=\"panel-layout\" ><div id=\"pg-10231-0\"  class=\"panel-grid panel-no-style\" ><div id=\"pgc-10231-0-0\"  class=\"panel-grid-cell\" ><div id=\"panel-10231-0-0-0\" class=\"so-panel widget widget_sow-editor panel-first-child panel-last-child\" data-index=\"0\" ><div class=\"large-font-size panel-widget-style panel-widget-style-for-10231-0-0-0\" ><div\n\t\t\t\n\t\t\tclass=\"so-widget-sow-editor so-widget-sow-editor-base\"\n\t\t\t\n\t\t>\n<div class=\"siteorigin-widget-tinymce textwidget\">\n\t<p>Permaban, marque de joints blind\u00e9s, coffrages et plaques de transfert<\/p>\n<\/div>\n<\/div><\/div><\/div><\/div><\/div><div id=\"pg-10231-1\"  class=\"panel-grid panel-has-style\" ><div class=\"anchor-primary-color panel-row-style panel-row-style-for-10231-1\" ><div id=\"pgc-10231-1-0\"  class=\"panel-grid-cell\" ><div class=\"box-shadow panel-cell-style panel-cell-style-for-10231-1-0\" ><div id=\"panel-10231-1-0-0\" class=\"so-panel widget widget_sow-image panel-first-child\" data-index=\"1\" ><div\n\t\t\t\n\t\t\tclass=\"so-widget-sow-image so-widget-sow-image-default-8b5b6f678277-10231\"\n\t\t\t\n\t\t>\n<div class=\"sow-image-container\">\n\t\t\t<a href=\"http:\/\/permaban.com\/product-category\/armoured-joints\/\"\n\t\t\t\t\t>\n\t\t\t<img \n\tsrc=\"https:\/\/permaban.com\/wp-content\/uploads\/2019\/06\/AlphaJoint-Classic-4010.png\" width=\"749\" height=\"540\" srcset=\"https:\/\/permaban.com\/wp-content\/uploads\/2019\/06\/AlphaJoint-Classic-4010.png 749w, https:\/\/permaban.com\/wp-content\/uploads\/2019\/06\/AlphaJoint-Classic-4010-592x427.png 592w\" sizes=\"(max-width: 749px) 100vw, 749px\" title=\"Permaban AlphaJoint Classic 4010 armoured joint for concrete flooring\" alt=\"Permaban AlphaJoint Classic 4010 armoured joint for concrete flooring\" \t\tclass=\"so-widget-image\"\/>\n\t\t\t<\/a><\/div>\n\n<\/div><\/div><div id=\"panel-10231-1-0-1\" class=\"so-panel widget widget_sow-editor panel-last-child\" data-index=\"2\" ><div class=\"panel-widget-style panel-widget-style-for-10231-1-0-1\" ><div\n\t\t\t\n\t\t\tclass=\"so-widget-sow-editor so-widget-sow-editor-base\"\n\t\t\t\n\t\t>\n<div class=\"siteorigin-widget-tinymce textwidget\">\n\t<p><strong><a href=\"https:\/\/permaban.com\/fr\/product-category\/armoured-joints-fr\/\">Joints blind\u00e9s<\/a> <\/strong><\/p>\n<p>Les joints blind\u00e9s de Permaban (dont la d\u00e9signation correcte est \u00ab syst\u00e8mes de joints perdus \u00bb) prot\u00e8gent les joints de construction des sols en b\u00e9ton contre les dommages li\u00e9s aux impacts. Ils \u00e9vitent ainsi des r\u00e9parations on\u00e9reuses et r\u00e9duisent la dur\u00e9e d\u2019indisponibilit\u00e9 des b\u00e2timents. <a href=\"https:\/\/permaban.com\/fr\/product-category\/armoured-joints-fr\/\">Voir les produits. <\/a><\/p>\n<\/div>\n<\/div><\/div><\/div><\/div><\/div><div id=\"pgc-10231-1-1\"  class=\"panel-grid-cell\" ><div class=\"box-shadow panel-cell-style panel-cell-style-for-10231-1-1\" ><div id=\"panel-10231-1-1-0\" class=\"so-panel widget widget_sow-image panel-first-child\" data-index=\"3\" ><div\n\t\t\t\n\t\t\tclass=\"so-widget-sow-image so-widget-sow-image-default-8b5b6f678277-10231\"\n\t\t\t\n\t\t>\n<div class=\"sow-image-container\">\n\t\t\t<a href=\"http:\/\/permaban.com\/product-category\/leave-in-place-formwork\/\"\n\t\t\t\t\t>\n\t\t\t<img \n\tsrc=\"https:\/\/permaban.com\/wp-content\/uploads\/2019\/06\/permasteel_t1_t2.jpg\" width=\"750\" height=\"540\" srcset=\"https:\/\/permaban.com\/wp-content\/uploads\/2019\/06\/permasteel_t1_t2.jpg 750w, https:\/\/permaban.com\/wp-content\/uploads\/2019\/06\/permasteel_t1_t2-593x427.jpg 593w\" sizes=\"(max-width: 750px) 100vw, 750px\" title=\"Permasteel permanent formwork | Leave-in-place formwork\" alt=\"Permasteel permanent formwork | Leave-in-place formwork\" \t\tclass=\"so-widget-image\"\/>\n\t\t\t<\/a><\/div>\n\n<\/div><\/div><div id=\"panel-10231-1-1-1\" class=\"so-panel widget widget_sow-editor panel-last-child\" data-index=\"4\" ><div class=\"panel-widget-style panel-widget-style-for-10231-1-1-1\" ><div\n\t\t\t\n\t\t\tclass=\"so-widget-sow-editor so-widget-sow-editor-base\"\n\t\t\t\n\t\t>\n<div class=\"siteorigin-widget-tinymce textwidget\">\n\t<p><a href=\"https:\/\/permaban.com\/fr\/product-category\/coffrage-perdu\/\"><strong>Coffrage perdu <\/strong><\/a><\/p>\n<p>Con\u00e7u pour contenir le b\u00e9tonnage, notre coffrage facile \u00e0 installer est disponible dans une gamme de tailles et de styles pour accueillir des dalles de la plupart des profondeurs utilis\u00e9es. <a href=\"https:\/\/permaban.com\/fr\/product-category\/coffrage-perdu\/\">Voir les produits. <\/a><\/p>\n<\/div>\n<\/div><\/div><\/div><\/div><\/div><div id=\"pgc-10231-1-2\"  class=\"panel-grid-cell\" ><div class=\"box-shadow panel-cell-style panel-cell-style-for-10231-1-2\" ><div id=\"panel-10231-1-2-0\" class=\"so-panel widget widget_sow-image panel-first-child\" data-index=\"5\" ><div\n\t\t\t\n\t\t\tclass=\"so-widget-sow-image so-widget-sow-image-default-8b5b6f678277-10231\"\n\t\t\t\n\t\t>\n<div class=\"sow-image-container\">\n\t\t\t<a href=\"http:\/\/permaban.com\/product-category\/dowel-systems\/\"\n\t\t\t\t\t>\n\t\t\t<img \n\tsrc=\"https:\/\/permaban.com\/wp-content\/uploads\/2019\/06\/dowel_on_timber.jpg\" width=\"750\" height=\"540\" srcset=\"https:\/\/permaban.com\/wp-content\/uploads\/2019\/06\/dowel_on_timber.jpg 750w, https:\/\/permaban.com\/wp-content\/uploads\/2019\/06\/dowel_on_timber-593x427.jpg 593w\" sizes=\"(max-width: 750px) 100vw, 750px\" title=\"Dowels | Load Transfer for Concrete Floors\" alt=\"Dowels | Load Transfer for Concrete Floors\" \t\tclass=\"so-widget-image\"\/>\n\t\t\t<\/a><\/div>\n\n<\/div><\/div><div id=\"panel-10231-1-2-1\" class=\"so-panel widget widget_sow-editor panel-last-child\" data-index=\"6\" ><div class=\"panel-widget-style panel-widget-style-for-10231-1-2-1\" ><div\n\t\t\t\n\t\t\tclass=\"so-widget-sow-editor so-widget-sow-editor-base\"\n\t\t\t\n\t\t>\n<div class=\"siteorigin-widget-tinymce textwidget\">\n\t<p><a href=\"https:\/\/permaban.com\/fr\/product-category\/systeme-de-plaques-de-transfert\/\"><strong>Syst\u00e8me de plaques de transfert<\/strong> <\/a><\/p>\n<p>Les plaques de transfert ont une t\u00e2che importante : celle de transf\u00e9rer les charges entre des dalles de b\u00e9ton adjacentes, mais aussi de contr\u00f4ler le mouvement des dalles lors de leur durcissement. Parcourez cette section pour consulter notre gamme de plaques de transfert et de goujons carr\u00e9s. <a href=\"https:\/\/permaban.com\/fr\/product-category\/systeme-de-plaques-de-transfert\/\">Voir les produits. <\/a><\/p>\n<\/div>\n<\/div><\/div><\/div><\/div><\/div><\/div><\/div><div id=\"pg-10231-2\"  class=\"panel-grid panel-has-style\" ><div class=\"panel-row-style panel-row-style-for-10231-2\" ><div id=\"pgc-10231-2-0\"  class=\"panel-grid-cell\" ><div id=\"panel-10231-2-0-0\" class=\"so-panel widget widget_sow-editor panel-first-child panel-last-child\" data-index=\"7\" ><div class=\"large-font-size panel-widget-style panel-widget-style-for-10231-2-0-0\" ><div\n\t\t\t\n\t\t\tclass=\"so-widget-sow-editor so-widget-sow-editor-base\"\n\t\t\t\n\t\t>\n<div class=\"siteorigin-widget-tinymce textwidget\">\n\t<p style=\"text-align: center;\"><em>Tous les produits Permaban permettent la conception et la construction de dalles de sol conform\u00e9ment aux normes BS EN 1991-1-1:2002 et BS EN 1992-1-1:2004 et aux meilleures pratiques figurant sur la 4e \u00e9dition de la classification TR34. Tous nos produits sont conformes au r\u00e8glement sur les produits de construction (r\u00e8glement (UE) n\u00ba305\/2011) et portent le marquage CE appropri\u00e9.<\/em><\/p>\n<\/div>\n<\/div><\/div><\/div><\/div><\/div><\/div><div id=\"pg-10231-3\"  class=\"panel-grid panel-no-style\" ><div id=\"pgc-10231-3-0\"  class=\"panel-grid-cell\" ><div id=\"panel-10231-3-0-0\" class=\"so-panel widget widget_sow-editor panel-first-child panel-last-child\" data-index=\"8\" ><div\n\t\t\t\n\t\t\tclass=\"so-widget-sow-editor so-widget-sow-editor-base\"\n\t\t\t\n\t\t>\n<div class=\"siteorigin-widget-tinymce textwidget\">\n\t<h5>Produits Connexes De RCR Pour Les Sols Industriels<\/h5>\n<p>&nbsp;<\/p>\n<\/div>\n<\/div><\/div><\/div><\/div><div id=\"pg-10231-4\"  class=\"panel-grid panel-has-style\" ><div class=\"latest-products panel-row-style panel-row-style-for-10231-4\" ><div id=\"pgc-10231-4-0\"  class=\"panel-grid-cell\" ><div id=\"panel-10231-4-0-0\" class=\"so-panel widget widget_sow-image panel-first-child\" data-index=\"9\" ><div\n\t\t\t\n\t\t\tclass=\"so-widget-sow-image so-widget-sow-image-default-dbf295114b96-10231\"\n\t\t\t\n\t\t>\n<div class=\"sow-image-container\">\n\t\t\t<a href=\"http:\/\/permaban.com\/products-home\/joint-sealants\/\"\n\t\t\t\t\t>\n\t\t\t<img \n\tsrc=\"https:\/\/permaban.com\/wp-content\/uploads\/2019\/06\/Checking-floor-level-after-completion-1-640x364.jpg\" width=\"640\" height=\"364\" srcset=\"https:\/\/permaban.com\/wp-content\/uploads\/2019\/06\/Checking-floor-level-after-completion-1-640x364.jpg 640w, https:\/\/permaban.com\/wp-content\/uploads\/2019\/06\/Checking-floor-level-after-completion-1.jpg 750w\" sizes=\"(max-width: 640px) 100vw, 640px\" title=\"Checking floor level after completion\" alt=\"\" \t\tclass=\"so-widget-image\"\/>\n\t\t\t<\/a><\/div>\n\n<\/div><\/div><div id=\"panel-10231-4-0-1\" class=\"so-panel widget widget_sow-editor panel-last-child\" data-index=\"10\" ><div class=\"first-p-blue panel-widget-style panel-widget-style-for-10231-4-0-1\" ><div\n\t\t\t\n\t\t\tclass=\"so-widget-sow-editor so-widget-sow-editor-base\"\n\t\t\t\n\t\t>\n<div class=\"siteorigin-widget-tinymce textwidget\">\n\t<p><a href=\"https:\/\/permaban.com\/fr\/produits\/mastics\/\"><strong>MASTICS (Rocland)<\/strong><\/a><\/p>\n<p><em>Ces mastics remplissent les \u00e9carts des joints de construction afin de prot\u00e9ger les ar\u00eates contre les dommages et emp\u00eacher que des d\u00e9bris ne p\u00e9n\u00e8trent dans le joint. <a href=\"https:\/\/permaban.com\/fr\/produits\/mastics\/\">En savoir plus.<\/a><\/em><\/p>\n<\/div>\n<\/div><\/div><\/div><\/div><div id=\"pgc-10231-4-1\"  class=\"panel-grid-cell\" ><div id=\"panel-10231-4-1-0\" class=\"so-panel widget widget_sow-image panel-first-child\" data-index=\"11\" ><div\n\t\t\t\n\t\t\tclass=\"so-widget-sow-image so-widget-sow-image-default-dbf295114b96-10231\"\n\t\t\t\n\t\t>\n<div class=\"sow-image-container\">\n\t\t\t<a href=\"http:\/\/permaban.com\/products-home\/dry-shake-surface-hardeners\/\"\n\t\t\t\t\t>\n\t\t\t<img \n\tsrc=\"https:\/\/permaban.com\/wp-content\/uploads\/2019\/06\/Rocland-Surface-hardeners-1-640x364.jpg\" width=\"640\" height=\"364\" srcset=\"https:\/\/permaban.com\/wp-content\/uploads\/2019\/06\/Rocland-Surface-hardeners-1-640x364.jpg 640w, https:\/\/permaban.com\/wp-content\/uploads\/2019\/06\/Rocland-Surface-hardeners-1.jpg 750w\" sizes=\"(max-width: 640px) 100vw, 640px\" title=\"Rocland-Surface-hardeners\" alt=\"\" \t\tclass=\"so-widget-image\"\/>\n\t\t\t<\/a><\/div>\n\n<\/div><\/div><div id=\"panel-10231-4-1-1\" class=\"so-panel widget widget_sow-editor panel-last-child\" data-index=\"12\" ><div class=\"first-p-blue panel-widget-style panel-widget-style-for-10231-4-1-1\" ><div\n\t\t\t\n\t\t\tclass=\"so-widget-sow-editor so-widget-sow-editor-base\"\n\t\t\t\n\t\t>\n<div class=\"siteorigin-widget-tinymce textwidget\">\n\t<p><a href=\"https:\/\/permaban.com\/fr\/produits\/durcisseurs-de-surface-a-saupoudrer-dry-shake\/\"><strong>DURCISSEURS DE SURFACE (Rocland)<\/strong><\/a><\/p>\n<p><em>Les durcisseurs de surface (\u00e9galement d\u00e9sign\u00e9s par le terme produits de saupoudrage) prot\u00e8gent la surface d\u2019un sol en b\u00e9ton en accroissent la duret\u00e9 et la durabilit\u00e9 et peuvent ajouter une capacit\u00e9 antid\u00e9rapante ainsi que de la couleur. <a href=\"https:\/\/permaban.com\/fr\/produits\/durcisseurs-de-surface-a-saupoudrer-dry-shake\/\">En savoir plus.<\/a><\/em><\/p>\n<\/div>\n<\/div><\/div><\/div><\/div><\/div><\/div><div id=\"pg-10231-5\"  class=\"panel-grid panel-has-style\" ><div class=\"latest-products panel-row-style panel-row-style-for-10231-5\" ><div id=\"pgc-10231-5-0\"  class=\"panel-grid-cell\" ><div id=\"panel-10231-5-0-0\" class=\"so-panel widget widget_sow-image panel-first-child\" data-index=\"13\" ><div\n\t\t\t\n\t\t\tclass=\"so-widget-sow-image so-widget-sow-image-default-dbf295114b96-10231\"\n\t\t\t\n\t\t>\n<div class=\"sow-image-container\">\n\t\t\t<a href=\"http:\/\/permaban.com\/products-home\/sealing-curing-products\/\"\n\t\t\t\t\t>\n\t\t\t<img \n\tsrc=\"https:\/\/permaban.com\/wp-content\/uploads\/2019\/06\/Rocland-curing-and-sealing-agents-1-640x364.jpg\" width=\"640\" height=\"364\" srcset=\"https:\/\/permaban.com\/wp-content\/uploads\/2019\/06\/Rocland-curing-and-sealing-agents-1-640x364.jpg 640w, https:\/\/permaban.com\/wp-content\/uploads\/2019\/06\/Rocland-curing-and-sealing-agents-1.jpg 750w\" sizes=\"(max-width: 640px) 100vw, 640px\" title=\"Rocland curing and sealing agents\" alt=\"\" \t\tclass=\"so-widget-image\"\/>\n\t\t\t<\/a><\/div>\n\n<\/div><\/div><div id=\"panel-10231-5-0-1\" class=\"so-panel widget widget_sow-editor panel-last-child\" data-index=\"14\" ><div class=\"first-p-blue panel-widget-style panel-widget-style-for-10231-5-0-1\" ><div\n\t\t\t\n\t\t\tclass=\"so-widget-sow-editor so-widget-sow-editor-base\"\n\t\t\t\n\t\t>\n<div class=\"siteorigin-widget-tinymce textwidget\">\n\t<p><a href=\"https:\/\/permaban.com\/fr\/produits\/produits-detancheite-et-de-durcissement\/\"><strong>AGENTS DE SCELLAGE ET DE DURCISSEMENT DU B\u00c9TON (Rocland)<\/strong><\/a><\/p>\n<p><em>Ces additifs \u00e0 pulv\u00e9riser am\u00e9liorent le durcissement, augmentent la duret\u00e9 et la durabilit\u00e9 du sol, et scellent partiellement la surface pour prot\u00e9ger le sol. <a href=\"https:\/\/permaban.com\/fr\/produits\/produits-detancheite-et-de-durcissement\/\">En savoir plus.<\/a><\/em><\/p>\n<\/div>\n<\/div><\/div><\/div><\/div><div id=\"pgc-10231-5-1\"  class=\"panel-grid-cell\" ><div id=\"panel-10231-5-1-0\" class=\"so-panel widget widget_sow-image panel-first-child\" data-index=\"15\" ><div\n\t\t\t\n\t\t\tclass=\"so-widget-sow-image so-widget-sow-image-default-dbf295114b96-10231\"\n\t\t\t\n\t\t>\n<div class=\"sow-image-container\">\n\t\t\t<a href=\"http:\/\/permaban.com\/products-home\/resin-systems\/\"\n\t\t\t\t\t>\n\t\t\t<img \n\tsrc=\"https:\/\/permaban.com\/wp-content\/uploads\/2019\/06\/Rinol-Resin-Flooring-Systems-1-640x364.jpg\" width=\"640\" height=\"364\" srcset=\"https:\/\/permaban.com\/wp-content\/uploads\/2019\/06\/Rinol-Resin-Flooring-Systems-1-640x364.jpg 640w, https:\/\/permaban.com\/wp-content\/uploads\/2019\/06\/Rinol-Resin-Flooring-Systems-1.jpg 750w\" sizes=\"(max-width: 640px) 100vw, 640px\" title=\"Rinol Resin Flooring Systems\" alt=\"\" \t\tclass=\"so-widget-image\"\/>\n\t\t\t<\/a><\/div>\n\n<\/div><\/div><div id=\"panel-10231-5-1-1\" class=\"so-panel widget widget_sow-editor panel-last-child\" data-index=\"16\" ><div class=\"first-p-blue panel-widget-style panel-widget-style-for-10231-5-1-1\" ><div\n\t\t\t\n\t\t\tclass=\"so-widget-sow-editor so-widget-sow-editor-base\"\n\t\t\t\n\t\t>\n<div class=\"siteorigin-widget-tinymce textwidget\">\n\t<p><a href=\"https:\/\/permaban.com\/fr\/produits\/systemes-de-resine\/\"><strong>SYST\u00c8MES DE SOLS EN R\u00c9SINE (RINOL)<\/strong><\/a><\/p>\n<p><em>Durable et polyvalent, un sol de r\u00e9sine offre une finition attrayante, pratique et durable \u00e0 tout sol commercial ou industriel. RINOL propose une gamme de syst\u00e8mes de sols en r\u00e9sine. Hautement performants, ils ont fait leurs preuves partout dans le monde au cours des cinquante derni\u00e8res ann\u00e9es et sont adapt\u00e9s \u00e0 de nombreuses industries. <a href=\"https:\/\/permaban.com\/fr\/produits\/systemes-de-resine\/\">En savoir plus. <\/a><\/em><\/p>\n<\/div>\n<\/div><\/div><\/div><\/div><\/div><\/div><\/div>","protected":false},"excerpt":{"rendered":"<p>Permaban, marque de joints blind\u00e9s, coffrages et plaques de transfert Joints blind\u00e9s Les joints blind\u00e9s de Permaban (dont la d\u00e9signation correcte est \u00ab syst\u00e8mes de joints perdus \u00bb) prot\u00e8gent les joints de construction des sols en b\u00e9ton contre les dommages&#8230;<\/p>\n","protected":false},"author":3,"featured_media":6446,"parent":0,"menu_order":0,"comment_status":"closed","ping_status":"closed","template":"","meta":{"_acf_changed":false,"_monsterinsights_skip_tracking":false,"_monsterinsights_sitenote_active":false,"_monsterinsights_sitenote_note":"","_monsterinsights_sitenote_category":0,"footnotes":""},"class_list":["post-10231","page","type-page","status-publish","has-post-thumbnail","hentry"],"acf":[],"yoast_head":"<!-- This site is optimized with the Yoast SEO plugin v27.1.1 - https:\/\/yoast.com\/product\/yoast-seo-wordpress\/ -->\n<title>Rev\u00eatements de sol industriels | Joints blind\u00e9s - Permaban<\/title>\n<meta name=\"description\" content=\"Parcourez la gamme de rev\u00eatements de sol industriels de RCR, y compris les joints blind\u00e9s Permaban, les produits d&#039;\u00e9tanch\u00e9it\u00e9 Rocland et les syst\u00e8mes de r\u00e9sine RINOL.\" \/>\n<meta name=\"robots\" content=\"index, follow, max-snippet:-1, max-image-preview:large, max-video-preview:-1\" \/>\n<link rel=\"canonical\" href=\"https:\/\/permaban.com\/fr\/produits-maison\/\" \/>\n<meta property=\"og:locale\" content=\"fr_FR\" \/>\n<meta property=\"og:type\" content=\"article\" \/>\n<meta property=\"og:title\" content=\"Rev\u00eatements de sol industriels | Joints blind\u00e9s - Permaban\" \/>\n<meta property=\"og:description\" content=\"Parcourez la gamme de rev\u00eatements de sol industriels de RCR, y compris les joints blind\u00e9s Permaban, les produits d&#039;\u00e9tanch\u00e9it\u00e9 Rocland et les syst\u00e8mes de r\u00e9sine RINOL.\" \/>\n<meta property=\"og:url\" content=\"https:\/\/permaban.com\/fr\/produits-maison\/\" \/>\n<meta property=\"og:site_name\" content=\"Permaban\" \/>\n<meta property=\"article:modified_time\" content=\"2020-06-11T10:10:34+00:00\" \/>\n<meta property=\"og:image\" content=\"https:\/\/permaban.com\/wp-content\/uploads\/2019\/06\/Permaban-Eclipse-installation-2.jpg\" \/>\n\t<meta property=\"og:image:width\" content=\"1024\" \/>\n\t<meta property=\"og:image:height\" content=\"683\" \/>\n\t<meta property=\"og:image:type\" content=\"image\/jpeg\" \/>\n<meta name=\"twitter:card\" content=\"summary_large_image\" \/>\n<meta name=\"twitter:label1\" content=\"Dur\u00e9e de lecture estim\u00e9e\" \/>\n\t<meta name=\"twitter:data1\" content=\"2 minutes\" \/>\n<script type=\"application\/ld+json\" class=\"yoast-schema-graph\">{\"@context\":\"https:\/\/schema.org\",\"@graph\":[{\"@type\":\"WebPage\",\"@id\":\"https:\/\/permaban.com\/fr\/produits-maison\/\",\"url\":\"https:\/\/permaban.com\/fr\/produits-maison\/\",\"name\":\"Rev\u00eatements de sol industriels | Joints blind\u00e9s - Permaban\",\"isPartOf\":{\"@id\":\"https:\/\/permaban.com\/fr\/#website\"},\"primaryImageOfPage\":{\"@id\":\"https:\/\/permaban.com\/fr\/produits-maison\/#primaryimage\"},\"image\":{\"@id\":\"https:\/\/permaban.com\/fr\/produits-maison\/#primaryimage\"},\"thumbnailUrl\":\"https:\/\/permaban.com\/wp-content\/uploads\/2019\/06\/Permaban-Eclipse-installation-2.jpg\",\"datePublished\":\"2020-05-05T11:48:55+00:00\",\"dateModified\":\"2020-06-11T10:10:34+00:00\",\"description\":\"Parcourez la gamme de rev\u00eatements de sol industriels de RCR, y compris les joints blind\u00e9s Permaban, les produits d'\u00e9tanch\u00e9it\u00e9 Rocland et les syst\u00e8mes de r\u00e9sine RINOL.\",\"breadcrumb\":{\"@id\":\"https:\/\/permaban.com\/fr\/produits-maison\/#breadcrumb\"},\"inLanguage\":\"fr-FR\",\"potentialAction\":[{\"@type\":\"ReadAction\",\"target\":[\"https:\/\/permaban.com\/fr\/produits-maison\/\"]}]},{\"@type\":\"ImageObject\",\"inLanguage\":\"fr-FR\",\"@id\":\"https:\/\/permaban.com\/fr\/produits-maison\/#primaryimage\",\"url\":\"https:\/\/permaban.com\/wp-content\/uploads\/2019\/06\/Permaban-Eclipse-installation-2.jpg\",\"contentUrl\":\"https:\/\/permaban.com\/wp-content\/uploads\/2019\/06\/Permaban-Eclipse-installation-2.jpg\",\"width\":1024,\"height\":683},{\"@type\":\"BreadcrumbList\",\"@id\":\"https:\/\/permaban.com\/fr\/produits-maison\/#breadcrumb\",\"itemListElement\":[{\"@type\":\"ListItem\",\"position\":1,\"name\":\"Home\",\"item\":\"https:\/\/permaban.com\/fr\/\"},{\"@type\":\"ListItem\",\"position\":2,\"name\":\"Produits\"}]},{\"@type\":\"WebSite\",\"@id\":\"https:\/\/permaban.com\/fr\/#website\",\"url\":\"https:\/\/permaban.com\/fr\/\",\"name\":\"Permaban\",\"description\":\"Industrial Flooring Products\",\"potentialAction\":[{\"@type\":\"SearchAction\",\"target\":{\"@type\":\"EntryPoint\",\"urlTemplate\":\"https:\/\/permaban.com\/fr\/?s={search_term_string}\"},\"query-input\":{\"@type\":\"PropertyValueSpecification\",\"valueRequired\":true,\"valueName\":\"search_term_string\"}}],\"inLanguage\":\"fr-FR\"}]}<\/script>\n<!-- \/ Yoast SEO plugin. -->","yoast_head_json":{"title":"Rev\u00eatements de sol industriels | Joints blind\u00e9s - Permaban","description":"Parcourez la gamme de rev\u00eatements de sol industriels de RCR, y compris les joints blind\u00e9s Permaban, les produits d'\u00e9tanch\u00e9it\u00e9 Rocland et les syst\u00e8mes de r\u00e9sine RINOL.","robots":{"index":"index","follow":"follow","max-snippet":"max-snippet:-1","max-image-preview":"max-image-preview:large","max-video-preview":"max-video-preview:-1"},"canonical":"https:\/\/permaban.com\/fr\/produits-maison\/","og_locale":"fr_FR","og_type":"article","og_title":"Rev\u00eatements de sol industriels | Joints blind\u00e9s - Permaban","og_description":"Parcourez la gamme de rev\u00eatements de sol industriels de RCR, y compris les joints blind\u00e9s Permaban, les produits d'\u00e9tanch\u00e9it\u00e9 Rocland et les syst\u00e8mes de r\u00e9sine RINOL.","og_url":"https:\/\/permaban.com\/fr\/produits-maison\/","og_site_name":"Permaban","article_modified_time":"2020-06-11T10:10:34+00:00","og_image":[{"width":1024,"height":683,"url":"https:\/\/permaban.com\/wp-content\/uploads\/2019\/06\/Permaban-Eclipse-installation-2.jpg","type":"image\/jpeg"}],"twitter_card":"summary_large_image","twitter_misc":{"Dur\u00e9e de lecture estim\u00e9e":"2 minutes"},"schema":{"@context":"https:\/\/schema.org","@graph":[{"@type":"WebPage","@id":"https:\/\/permaban.com\/fr\/produits-maison\/","url":"https:\/\/permaban.com\/fr\/produits-maison\/","name":"Rev\u00eatements de sol industriels | Joints blind\u00e9s - Permaban","isPartOf":{"@id":"https:\/\/permaban.com\/fr\/#website"},"primaryImageOfPage":{"@id":"https:\/\/permaban.com\/fr\/produits-maison\/#primaryimage"},"image":{"@id":"https:\/\/permaban.com\/fr\/produits-maison\/#primaryimage"},"thumbnailUrl":"https:\/\/permaban.com\/wp-content\/uploads\/2019\/06\/Permaban-Eclipse-installation-2.jpg","datePublished":"2020-05-05T11:48:55+00:00","dateModified":"2020-06-11T10:10:34+00:00","description":"Parcourez la gamme de rev\u00eatements de sol industriels de RCR, y compris les joints blind\u00e9s Permaban, les produits d'\u00e9tanch\u00e9it\u00e9 Rocland et les syst\u00e8mes de r\u00e9sine RINOL.","breadcrumb":{"@id":"https:\/\/permaban.com\/fr\/produits-maison\/#breadcrumb"},"inLanguage":"fr-FR","potentialAction":[{"@type":"ReadAction","target":["https:\/\/permaban.com\/fr\/produits-maison\/"]}]},{"@type":"ImageObject","inLanguage":"fr-FR","@id":"https:\/\/permaban.com\/fr\/produits-maison\/#primaryimage","url":"https:\/\/permaban.com\/wp-content\/uploads\/2019\/06\/Permaban-Eclipse-installation-2.jpg","contentUrl":"https:\/\/permaban.com\/wp-content\/uploads\/2019\/06\/Permaban-Eclipse-installation-2.jpg","width":1024,"height":683},{"@type":"BreadcrumbList","@id":"https:\/\/permaban.com\/fr\/produits-maison\/#breadcrumb","itemListElement":[{"@type":"ListItem","position":1,"name":"Home","item":"https:\/\/permaban.com\/fr\/"},{"@type":"ListItem","position":2,"name":"Produits"}]},{"@type":"WebSite","@id":"https:\/\/permaban.com\/fr\/#website","url":"https:\/\/permaban.com\/fr\/","name":"Permaban","description":"Industrial Flooring Products","potentialAction":[{"@type":"SearchAction","target":{"@type":"EntryPoint","urlTemplate":"https:\/\/permaban.com\/fr\/?s={search_term_string}"},"query-input":{"@type":"PropertyValueSpecification","valueRequired":true,"valueName":"search_term_string"}}],"inLanguage":"fr-FR"}]}},"_links":{"self":[{"href":"https:\/\/permaban.com\/fr\/wp-json\/wp\/v2\/pages\/10231","targetHints":{"allow":["GET"]}}],"collection":[{"href":"https:\/\/permaban.com\/fr\/wp-json\/wp\/v2\/pages"}],"about":[{"href":"https:\/\/permaban.com\/fr\/wp-json\/wp\/v2\/types\/page"}],"author":[{"embeddable":true,"href":"https:\/\/permaban.com\/fr\/wp-json\/wp\/v2\/users\/3"}],"replies":[{"embeddable":true,"href":"https:\/\/permaban.com\/fr\/wp-json\/wp\/v2\/comments?post=10231"}],"version-history":[{"count":6,"href":"https:\/\/permaban.com\/fr\/wp-json\/wp\/v2\/pages\/10231\/revisions"}],"predecessor-version":[{"id":10613,"href":"https:\/\/permaban.com\/fr\/wp-json\/wp\/v2\/pages\/10231\/revisions\/10613"}],"wp:featuredmedia":[{"embeddable":true,"href":"https:\/\/permaban.com\/fr\/wp-json\/wp\/v2\/media\/6446"}],"wp:attachment":[{"href":"https:\/\/permaban.com\/fr\/wp-json\/wp\/v2\/media?parent=10231"}],"curies":[{"name":"wp","href":"https:\/\/api.w.org\/{rel}","templated":true}]}}