{"id":10233,"date":"2020-05-05T13:17:17","date_gmt":"2020-05-05T12:17:17","guid":{"rendered":"https:\/\/permaban.com\/comment-elaborer-des-specifications\/"},"modified":"2020-05-05T13:17:17","modified_gmt":"2020-05-05T12:17:17","slug":"comment-elaborer-des-specifications","status":"publish","type":"page","link":"https:\/\/permaban.com\/fr\/comment-elaborer-des-specifications\/","title":{"rendered":"Comment \u00e9laborer des sp\u00e9cifications ?"},"content":{"rendered":"<div id=\"pl-10233\"  class=\"panel-layout\" ><div id=\"pg-10233-0\"  class=\"panel-grid panel-no-style\" ><div id=\"pgc-10233-0-0\"  class=\"panel-grid-cell\" ><div id=\"panel-10233-0-0-0\" class=\"so-panel widget widget_sow-editor panel-first-child panel-last-child\" data-index=\"0\" ><div\n\t\t\t\n\t\t\tclass=\"so-widget-sow-editor so-widget-sow-editor-base\"\n\t\t\t\n\t\t>\n<div class=\"siteorigin-widget-tinymce textwidget\">\n\t<h3>NBS specifications<\/h3>\n<p>The\u00a0NBS Building\u00a0\/ NBS Landscape\u00a0specification clause\u00a0which relates\u00a0to\u00a0armoured joints is:<\/p>\n<ul>\n<li data-leveltext=\"\uf0b7\" data-font=\"Symbol\" data-listid=\"2\" aria-setsize=\"-1\" data-aria-posinset=\"1\" data-aria-level=\"1\">E40 \u2013 Designed joints in in-situ concrete<\/li>\n<\/ul>\n<p>The following specification text can be used - inserting the\u00a0Permaban\u00a0product of your choice where\u202f<b><i>xxxxx<\/i><\/b>\u202fis shown.<\/p>\n<h3>E40 \u2013 designed joints in in-situ concrete<\/h3>\n<p><b>GENERAL REQUIREMENTS<\/b><br \/>\n<b>110 ACCURACY:\u202f<\/b>\u202fAll joints to be accurately located, straight and well-aligned, and truly vertical or horizontal or parallel with the setting out lines of the building.<\/p>\n<p><b>120 CONSTRUCTION\/MOVEMENT JOINTS: (LOCATIONS TO BE DETERMINED BY SPECIALIST SLAB SUBCONTRACTOR)<\/b><br \/>\nAll formed joints in slabs to be left as a power trowelled\u00a0self finish. \u202fJoints are to be formed using\u00a0the\u00a0Permaban\u202f<b><i>xxxxx<\/i><\/b><b><i>\u202f<\/i><\/b>armoured joint\u00a0by\u00a0RCR Flooring Products\u00a0Ltd.<br \/>\nForm joints accurately to detail and in locations shown on the drawings.\u202f If modifications to any joint design or location are necessary on site, agree revisions with the engineer before proceeding.<br \/>\nDo not allow concrete to enter any gaps or voids in the formwork or to render the movement joints ineffective.<br \/>\nDo not allow concrete to impregnate or penetrate any materials used as compressible joint filters.<\/p>\n<p><b>210 FORMED JOINTS:<\/b>\u202f Joints are to be formed using\u00a0the Permaban\u202f<b><i>xxxxx<\/i><\/b>\u202farmoured joint\u00a0by\u00a0RCR Flooring Products\u00a0Ltd.<br \/>\nForm joints accurately to detail and in locations shown on the drawings. \u202fIf modifications to any joint design or location are necessary on site, agree revisions with the engineer before proceeding.<\/p>\n<p>As joints open,\u00a0<b><i>Rocland<\/i><\/b><b><i>\u00a0Roc Joint PU 920\/925<\/i><\/b>\u00a0joint sealant may be applied to the joint gap.<\/p>\n<p>Please follow this link for specification text for\u00a0<a href=\"http:\/\/permaban.com\/products-home\/dry-shake-surface-hardeners\/\">Rocland\u00a0surface hardeners<\/a>.<\/p>\n<h3>Uniclass\u00a02015 system<\/h3>\n<p>Uniclass\u00a02015 is a unified classification system which embraces all elements of a construction project\u00a0and is\u00a0used\u00a0for BIM projects.<\/p>\n<p>&nbsp;<\/p>\n<h4>Armoured joints\u00a0(such as\u00a0AlphaJoint\u00a0Classic 4010, Permaban Wave, Permaban Signature, etc)\u00a0may be specified under:<\/h4>\n<p>Pr_35_90_15_04.\u00a0\u00a0The NBS code is 45-75-42\/450 Armoured joints.<\/p>\n<p>&nbsp;<\/p>\n<h4>Strip movement joints\u00a0(such as\u00a0Permasteel)\u00a0may be specified under:<\/h4>\n<p>Pr_35_90_53_86.\u00a0\u00a0The NBS code is 45-75-50\/410 Strip movement joints.<\/p>\n<p>Pr_35_90_31_66.\u00a0\u00a0The NBS code is\u00a045-75-25\/340 Preformed strip joints to screeds.<\/p>\n<p>Ss_20_80_60.\u00a0\u00a0Permanent formwork systems.<\/p>\n<p>&nbsp;<\/p>\n<h4>Dowels\u00a0may be specified under:<\/h4>\n<p>Pr_20_29_23_52.\u00a0\u00a0The NBS code is 45-50-20\/325 Metal dowels, pins and rods.<\/p>\n<p>&nbsp;<\/p>\n<h4>Dowel bar sleeves\u00a0may be specified under:<\/h4>\n<p>Pr_20_29_29_23.\u00a0\u00a0The NBS code is 45-75-42\/410 Plastics dowel sleeve.<\/p>\n<p>&nbsp;<\/p>\n<h4>Joint sealants may be specified under:<\/h4>\n<p>Pr_30_31_76_65.\u00a0 The NBS code is\u00a045-55-75\/340 Polyurethane construction joint sealants.<\/p>\n<p>&nbsp;<\/p>\n<p>&nbsp;<\/p>\n<p><a href=\"http:\/\/permaban.com\/wp-content\/uploads\/2019\/07\/NBS-specification.doc\">Please click here for specification text for Rocland surface hardeners<\/a><\/p>\n<\/div>\n<\/div><\/div><\/div><div id=\"pgc-10233-0-1\"  class=\"panel-grid-cell\" ><div id=\"panel-10233-0-1-0\" class=\"widget_text so-panel widget widget_custom_html panel-first-child\" data-index=\"1\" ><div class=\"textwidget custom-html-widget\"><!-- Widget Shortcode --><div id=\"nav_menu-3\" class=\"widget widget_nav_menu widget-shortcode area-technical-help-sidebar \"><h2 class=\"widgettitle\">Technical Help<\/h2><div class=\"menu-technical-help-menu-french-container\"><ul id=\"menu-technical-help-menu-french\" class=\"menu\"><li id=\"menu-item-9932\" class=\"menu-item menu-item-type-custom menu-item-object-custom menu-item-9932\"><a target=\"_blank\" href=\"https:\/\/www.rcrflooringproducts.com\/technical-help\/cpd\/\">CPD<\/a><\/li>\n<\/ul><\/div><\/div><!-- \/Widget Shortcode --><\/div><\/div><div id=\"panel-10233-0-1-1\" class=\"so-panel widget widget_siteorigin-panels-builder\" data-index=\"2\" ><div id=\"pl-w5d5136b7a51eb\"  class=\"panel-layout\" ><div id=\"pg-w5d5136b7a51eb-0\"  class=\"panel-grid panel-has-style\" ><div class=\"primary-color-backround panel-row-style panel-row-style-for-w5d5136b7a51eb-0\" ><div id=\"pgc-w5d5136b7a51eb-0-0\"  class=\"panel-grid-cell\" ><div id=\"panel-w5d5136b7a51eb-0-0-0\" class=\"so-panel widget widget_sow-editor panel-first-child panel-last-child\" data-index=\"0\" ><div class=\"white-text panel-widget-style panel-widget-style-for-w5d5136b7a51eb-0-0-0\" ><div\n\t\t\t\n\t\t\tclass=\"so-widget-sow-editor so-widget-sow-editor-base\"\n\t\t\t\n\t\t>\n<div class=\"siteorigin-widget-tinymce textwidget\">\n\t<h5><strong>Looking for CAD drawings?<\/strong><\/h5>\n<\/div>\n<\/div><\/div><\/div><\/div><\/div><\/div><div id=\"pg-w5d5136b7a51eb-1\"  class=\"panel-grid panel-has-style\" ><div class=\"light-grey-background panel-row-style panel-row-style-for-w5d5136b7a51eb-1\" ><div id=\"pgc-w5d5136b7a51eb-1-0\"  class=\"panel-grid-cell\" ><div id=\"panel-w5d5136b7a51eb-1-0-0\" class=\"so-panel widget widget_sow-editor panel-first-child panel-last-child\" data-index=\"1\" ><div\n\t\t\t\n\t\t\tclass=\"so-widget-sow-editor so-widget-sow-editor-base\"\n\t\t\t\n\t\t>\n<div class=\"siteorigin-widget-tinymce textwidget\">\n\t<p>They are in the Downloads section on the product pages.<\/p>\n<\/div>\n<\/div><\/div><\/div><\/div><\/div><\/div><\/div><div id=\"panel-10233-0-1-2\" class=\"widget_text so-panel widget widget_custom_html panel-last-child\" data-index=\"3\" ><div class=\"textwidget custom-html-widget\"><!-- Widget Shortcode --><div id=\"siteorigin-panels-builder-6\" class=\"widget widget_siteorigin-panels-builder widget-shortcode area-technical-help-sidebar \"><div id=\"pl-w6214c679d1878\"  class=\"panel-layout\" ><div id=\"pg-w6214c679d1878-0\"  class=\"panel-grid panel-has-style\" ><div class=\"primary-color-backround panel-row-style panel-row-style-for-w6214c679d1878-0\" ><div id=\"pgc-w6214c679d1878-0-0\"  class=\"panel-grid-cell\" ><div id=\"panel-w6214c679d1878-0-0-0\" class=\"so-panel widget widget_sow-editor panel-first-child panel-last-child\" data-index=\"0\" ><div class=\"white-text panel-widget-style panel-widget-style-for-w6214c679d1878-0-0-0\" ><div\n\t\t\t\n\t\t\tclass=\"so-widget-sow-editor so-widget-sow-editor-base\"\n\t\t\t\n\t\t>\n<div class=\"siteorigin-widget-tinymce textwidget\">\n\t<h5><strong>Need some help?<\/strong><br \/>\n<strong>Get in touch.<\/strong><\/h5>\n<\/div>\n<\/div><\/div><\/div><\/div><\/div><\/div><div id=\"pg-w6214c679d1878-1\"  class=\"panel-grid panel-has-style\" ><div class=\"light-grey-background panel-row-style panel-row-style-for-w6214c679d1878-1\" ><div id=\"pgc-w6214c679d1878-1-0\"  class=\"panel-grid-cell\" ><div id=\"panel-w6214c679d1878-1-0-0\" class=\"so-panel widget widget_sow-editor panel-first-child panel-last-child\" data-index=\"1\" ><div\n\t\t\t\n\t\t\tclass=\"so-widget-sow-editor so-widget-sow-editor-base\"\n\t\t\t\n\t\t>\n<div class=\"siteorigin-widget-tinymce textwidget\">\n\t<p>Call our sales team for product and specification guidance.<\/p>\n<p>Call now on<\/p>\n<h5>+44 1752 895288<\/h5>\n<p>Or <a href=\"http:\/\/permaban.com\/find-a-distributor\/\">find a distributor<\/a><\/p>\n<\/div>\n<\/div><\/div><\/div><\/div><\/div><\/div><\/div><!-- \/Widget Shortcode --><\/div><\/div><\/div><\/div><\/div>","protected":false},"excerpt":{"rendered":"<p>NBS specifications The\u00a0NBS Building\u00a0\/ NBS Landscape\u00a0specification clause\u00a0which relates\u00a0to\u00a0armoured joints is: E40 \u2013 Designed joints in in-situ concrete The following specification text can be used &#8211; inserting the\u00a0Permaban\u00a0product of your choice where\u202fxxxxx\u202fis shown. E40 \u2013 designed joints in in-situ concrete GENERAL&#8230;<\/p>\n","protected":false},"author":3,"featured_media":0,"parent":0,"menu_order":0,"comment_status":"closed","ping_status":"closed","template":"","meta":{"_acf_changed":false,"_monsterinsights_skip_tracking":false,"_monsterinsights_sitenote_active":false,"_monsterinsights_sitenote_note":"","_monsterinsights_sitenote_category":0,"footnotes":""},"class_list":["post-10233","page","type-page","status-publish","hentry"],"acf":[],"yoast_head":"<!-- This site is optimized with the Yoast SEO plugin v27.3 - https:\/\/yoast.com\/product\/yoast-seo-wordpress\/ -->\n<title>Comment sp\u00e9cifier les joints de construction pour les dalles en b\u00e9ton - Permaban<\/title>\n<meta name=\"description\" content=\"Le syst\u00e8me de sp\u00e9cifications NBS Building \/ NBS Landscape comprend des joints blind\u00e9s, et une exigence g\u00e9n\u00e9rale pour les joints de construction\/mouvement, qui est E40, et l&#039;exigence 120.\" \/>\n<meta name=\"robots\" content=\"index, follow, max-snippet:-1, max-image-preview:large, max-video-preview:-1\" \/>\n<link rel=\"canonical\" href=\"https:\/\/permaban.com\/fr\/comment-elaborer-des-specifications\/\" \/>\n<meta property=\"og:locale\" content=\"fr_FR\" \/>\n<meta property=\"og:type\" content=\"article\" \/>\n<meta property=\"og:title\" content=\"Comment sp\u00e9cifier les joints de construction pour les dalles en b\u00e9ton - Permaban\" \/>\n<meta property=\"og:description\" content=\"Le syst\u00e8me de sp\u00e9cifications NBS Building \/ NBS Landscape comprend des joints blind\u00e9s, et une exigence g\u00e9n\u00e9rale pour les joints de construction\/mouvement, qui est E40, et l&#039;exigence 120.\" \/>\n<meta property=\"og:url\" content=\"https:\/\/permaban.com\/fr\/comment-elaborer-des-specifications\/\" \/>\n<meta property=\"og:site_name\" content=\"Permaban\" \/>\n<meta property=\"og:image\" content=\"https:\/\/permaban.com\/wp-content\/uploads\/2019\/08\/Screenshot-2019-08-05-at-08.58.02.png\" \/>\n\t<meta property=\"og:image:width\" content=\"1334\" \/>\n\t<meta property=\"og:image:height\" content=\"945\" \/>\n\t<meta property=\"og:image:type\" content=\"image\/png\" \/>\n<meta name=\"twitter:card\" content=\"summary_large_image\" \/>\n<meta name=\"twitter:label1\" content=\"Dur\u00e9e de lecture estim\u00e9e\" \/>\n\t<meta name=\"twitter:data1\" content=\"3 minutes\" \/>\n<script type=\"application\/ld+json\" class=\"yoast-schema-graph\">{\"@context\":\"https:\\\/\\\/schema.org\",\"@graph\":[{\"@type\":\"WebPage\",\"@id\":\"https:\\\/\\\/permaban.com\\\/fr\\\/comment-elaborer-des-specifications\\\/\",\"url\":\"https:\\\/\\\/permaban.com\\\/fr\\\/comment-elaborer-des-specifications\\\/\",\"name\":\"Comment sp\u00e9cifier les joints de construction pour les dalles en b\u00e9ton - Permaban\",\"isPartOf\":{\"@id\":\"https:\\\/\\\/permaban.com\\\/fr\\\/#website\"},\"datePublished\":\"2020-05-05T12:17:17+00:00\",\"description\":\"Le syst\u00e8me de sp\u00e9cifications NBS Building \\\/ NBS Landscape comprend des joints blind\u00e9s, et une exigence g\u00e9n\u00e9rale pour les joints de construction\\\/mouvement, qui est E40, et l'exigence 120.\",\"breadcrumb\":{\"@id\":\"https:\\\/\\\/permaban.com\\\/fr\\\/comment-elaborer-des-specifications\\\/#breadcrumb\"},\"inLanguage\":\"fr-FR\",\"potentialAction\":[{\"@type\":\"ReadAction\",\"target\":[\"https:\\\/\\\/permaban.com\\\/fr\\\/comment-elaborer-des-specifications\\\/\"]}]},{\"@type\":\"BreadcrumbList\",\"@id\":\"https:\\\/\\\/permaban.com\\\/fr\\\/comment-elaborer-des-specifications\\\/#breadcrumb\",\"itemListElement\":[{\"@type\":\"ListItem\",\"position\":1,\"name\":\"Home\",\"item\":\"https:\\\/\\\/permaban.com\\\/fr\\\/\"},{\"@type\":\"ListItem\",\"position\":2,\"name\":\"Comment \u00e9laborer des sp\u00e9cifications ?\"}]},{\"@type\":\"WebSite\",\"@id\":\"https:\\\/\\\/permaban.com\\\/fr\\\/#website\",\"url\":\"https:\\\/\\\/permaban.com\\\/fr\\\/\",\"name\":\"Permaban\",\"description\":\"Industrial Flooring Products\",\"potentialAction\":[{\"@type\":\"SearchAction\",\"target\":{\"@type\":\"EntryPoint\",\"urlTemplate\":\"https:\\\/\\\/permaban.com\\\/fr\\\/?s={search_term_string}\"},\"query-input\":{\"@type\":\"PropertyValueSpecification\",\"valueRequired\":true,\"valueName\":\"search_term_string\"}}],\"inLanguage\":\"fr-FR\"}]}<\/script>\n<!-- \/ Yoast SEO plugin. -->","yoast_head_json":{"title":"Comment sp\u00e9cifier les joints de construction pour les dalles en b\u00e9ton - Permaban","description":"Le syst\u00e8me de sp\u00e9cifications NBS Building \/ NBS Landscape comprend des joints blind\u00e9s, et une exigence g\u00e9n\u00e9rale pour les joints de construction\/mouvement, qui est E40, et l'exigence 120.","robots":{"index":"index","follow":"follow","max-snippet":"max-snippet:-1","max-image-preview":"max-image-preview:large","max-video-preview":"max-video-preview:-1"},"canonical":"https:\/\/permaban.com\/fr\/comment-elaborer-des-specifications\/","og_locale":"fr_FR","og_type":"article","og_title":"Comment sp\u00e9cifier les joints de construction pour les dalles en b\u00e9ton - Permaban","og_description":"Le syst\u00e8me de sp\u00e9cifications NBS Building \/ NBS Landscape comprend des joints blind\u00e9s, et une exigence g\u00e9n\u00e9rale pour les joints de construction\/mouvement, qui est E40, et l'exigence 120.","og_url":"https:\/\/permaban.com\/fr\/comment-elaborer-des-specifications\/","og_site_name":"Permaban","og_image":[{"width":1334,"height":945,"url":"https:\/\/permaban.com\/wp-content\/uploads\/2019\/08\/Screenshot-2019-08-05-at-08.58.02.png","type":"image\/png"}],"twitter_card":"summary_large_image","twitter_misc":{"Dur\u00e9e de lecture estim\u00e9e":"3 minutes"},"schema":{"@context":"https:\/\/schema.org","@graph":[{"@type":"WebPage","@id":"https:\/\/permaban.com\/fr\/comment-elaborer-des-specifications\/","url":"https:\/\/permaban.com\/fr\/comment-elaborer-des-specifications\/","name":"Comment sp\u00e9cifier les joints de construction pour les dalles en b\u00e9ton - Permaban","isPartOf":{"@id":"https:\/\/permaban.com\/fr\/#website"},"datePublished":"2020-05-05T12:17:17+00:00","description":"Le syst\u00e8me de sp\u00e9cifications NBS Building \/ NBS Landscape comprend des joints blind\u00e9s, et une exigence g\u00e9n\u00e9rale pour les joints de construction\/mouvement, qui est E40, et l'exigence 120.","breadcrumb":{"@id":"https:\/\/permaban.com\/fr\/comment-elaborer-des-specifications\/#breadcrumb"},"inLanguage":"fr-FR","potentialAction":[{"@type":"ReadAction","target":["https:\/\/permaban.com\/fr\/comment-elaborer-des-specifications\/"]}]},{"@type":"BreadcrumbList","@id":"https:\/\/permaban.com\/fr\/comment-elaborer-des-specifications\/#breadcrumb","itemListElement":[{"@type":"ListItem","position":1,"name":"Home","item":"https:\/\/permaban.com\/fr\/"},{"@type":"ListItem","position":2,"name":"Comment \u00e9laborer des sp\u00e9cifications ?"}]},{"@type":"WebSite","@id":"https:\/\/permaban.com\/fr\/#website","url":"https:\/\/permaban.com\/fr\/","name":"Permaban","description":"Industrial Flooring Products","potentialAction":[{"@type":"SearchAction","target":{"@type":"EntryPoint","urlTemplate":"https:\/\/permaban.com\/fr\/?s={search_term_string}"},"query-input":{"@type":"PropertyValueSpecification","valueRequired":true,"valueName":"search_term_string"}}],"inLanguage":"fr-FR"}]}},"_links":{"self":[{"href":"https:\/\/permaban.com\/fr\/wp-json\/wp\/v2\/pages\/10233","targetHints":{"allow":["GET"]}}],"collection":[{"href":"https:\/\/permaban.com\/fr\/wp-json\/wp\/v2\/pages"}],"about":[{"href":"https:\/\/permaban.com\/fr\/wp-json\/wp\/v2\/types\/page"}],"author":[{"embeddable":true,"href":"https:\/\/permaban.com\/fr\/wp-json\/wp\/v2\/users\/3"}],"replies":[{"embeddable":true,"href":"https:\/\/permaban.com\/fr\/wp-json\/wp\/v2\/comments?post=10233"}],"version-history":[{"count":0,"href":"https:\/\/permaban.com\/fr\/wp-json\/wp\/v2\/pages\/10233\/revisions"}],"wp:attachment":[{"href":"https:\/\/permaban.com\/fr\/wp-json\/wp\/v2\/media?parent=10233"}],"curies":[{"name":"wp","href":"https:\/\/api.w.org\/{rel}","templated":true}]}}