{"id":10235,"date":"2020-05-05T13:25:15","date_gmt":"2020-05-05T12:25:15","guid":{"rendered":"https:\/\/permaban.com\/reglements-et-normes\/"},"modified":"2023-08-09T11:42:19","modified_gmt":"2023-08-09T10:42:19","slug":"reglements-et-normes","status":"publish","type":"page","link":"https:\/\/permaban.com\/fr\/reglements-et-normes\/","title":{"rendered":"R\u00e8glements et normes"},"content":{"rendered":"<div id=\"pl-10235\"  class=\"panel-layout\" ><div id=\"pg-10235-0\"  class=\"panel-grid panel-no-style\" ><div id=\"pgc-10235-0-0\"  class=\"panel-grid-cell\" ><div id=\"panel-10235-0-0-0\" class=\"so-panel widget widget_sow-editor panel-first-child panel-last-child\" data-index=\"0\" ><div\n\t\t\t\n\t\t\tclass=\"so-widget-sow-editor so-widget-sow-editor-base\"\n\t\t\t\n\t\t>\n<div class=\"siteorigin-widget-tinymce textwidget\">\n\t<p>Il existe tr\u00e8s peu de normes applicables \u00e0 nos produits. Les deux normes r\u00e9pertori\u00e9es ici sont les plus pertinentes.<strong> Veuillez contacter nos ing\u00e9nieurs techniques si vous avez des questions pr\u00e9cises sur la pertinence de nos produits pour l\u2019usage souhait\u00e9 et \u00e0 des fins de conformit\u00e9 r\u00e9glementaire.<\/strong><\/p>\n<p>&nbsp;<\/p>\n<h3>tr34<\/h3>\n<p>Ce document contient des lignes directrices pour la conception des sols en b\u00e9ton. Produit par la Concrete Society, son contenu a \u00e9t\u00e9 mis au point par un comit\u00e9 technique rassemblant de nombreux acteurs de l\u2019industrie.<\/p>\n<p>Bien qu\u2019il s\u2019agisse d\u2019un document d\u2019orientation plut\u00f4t que d\u2019une norme d\u00e9finie, il est largement reconnu et respect\u00e9 dans le monde entier, et pas seulement au Royaume-Uni.<\/p>\n<p>Il se fonde sur les principes de la norme BS 8110, sur le code de pratique pour l\u2019utilisation structurelle du b\u00e9ton et sur Eurocode 2 (conception des structures en b\u00e9ton).<\/p>\n<p>TR34 inclut des conseils sur les meilleures pratiques de conception de dalles. Ce document couvre \u00e9galement le transfert de charge et d\u00e9crit comment calculer la capacit\u00e9 de transfert de charge.<\/p>\n<p><a href=\"https:\/\/www.concretebookshop.com\/tr34-4th-edition---concrete-industrial-ground-floorsbra-guide-to-design-and-construction---jan2018-4188-p.asp\">TR34 inclut des conseils sur les meilleures pratiques de conception de dalles. Ce document couvre \u00e9galement le transfert de charge et d\u00e9crit comment calculer la capacit\u00e9 de transfert de charge.<\/a><\/p>\n<p>&nbsp;<\/p>\n<h3>bs8204-2: 2003<\/h3>\n<p>Cette norme britannique se rapporte \u00e0 la r\u00e9sistance aux abrasions de la surface du sol en b\u00e9ton. Elle influe donc sur l\u2019utilisation et la performance de nos produits de saupoudrage.<\/p>\n<p>Elle propose une m\u00e9thode d\u2019essai pour le calcul de l\u2019abrasion et donne des recommandations pour les mat\u00e9riaux constitutifs, la conception, le travail sur le site, l\u2019inspection et l\u2019essai des dalles de base en b\u00e9ton finies sur place.<\/p>\n<p>Elle s\u2019applique aussi bien aux sols sur fondations et aux sols suspendus.<\/p>\n<p><a href=\"http:\/\/shop.bsigroup.com\/ProductDetail\/?pid=000000000030241221\">Veuillez suivre ce lien vers la boutique des publications BSI pour en savoir plus.<\/a><\/p>\n<p>&nbsp;<\/p>\n<h3>La r\u00e9glementation des produits de construction et le marquage CE<\/h3>\n<p>Le R\u00e8glement sur les produits de construction (R\u00e8glement europ\u00e9en n\u00ba 305\/2011), dont le nom abr\u00e9g\u00e9 est CPR, a \u00e9t\u00e9 adopt\u00e9 le 9 mars 2011 et est entr\u00e9 en vigueur le 1er juillet 2013. Tous les produits de construction fabriqu\u00e9s \u00e0 partir de cette date et mis en vente dans l\u2019Espace \u00e9conomique europ\u00e9en doivent \u00eatre conformes au CPR. Ils doivent porter la marque CE s\u2019il existe une norme europ\u00e9enne harmonis\u00e9e ou une approbation technique europ\u00e9enne.<\/p>\n<p>Tous nos produits sont conformes au r\u00e8glement sur les produits de construction et portent le marquage CE appropri\u00e9.<\/p>\n<p><a href=\"http:\/\/ec.europa.eu\/growth\/sectors\/construction\/product-regulation\/index_en.htm\" target=\"_blank\" rel=\"noopener noreferrer\">Suivez ce lien vers le site de la Commission europ\u00e9enne pour en savoir plus.<\/a><\/p>\n<p><img loading=\"lazy\" decoding=\"async\" class=\"alignnone size-full wp-image-6684\" src=\"http:\/\/permaban.com\/wp-content\/uploads\/2019\/06\/CSC_0379.jpg\" alt=\"\" width=\"750\" height=\"540\" srcset=\"https:\/\/permaban.com\/wp-content\/uploads\/2019\/06\/CSC_0379.jpg 750w, https:\/\/permaban.com\/wp-content\/uploads\/2019\/06\/CSC_0379-593x427.jpg 593w\" sizes=\"auto, (max-width: 750px) 100vw, 750px\" \/><\/p>\n<\/div>\n<\/div><\/div><\/div><div id=\"pgc-10235-0-1\"  class=\"panel-grid-cell\" ><div id=\"panel-10235-0-1-0\" class=\"widget_text so-panel widget widget_custom_html panel-first-child\" data-index=\"1\" ><div class=\"textwidget custom-html-widget\"><!-- Widget Shortcode --><div id=\"nav_menu-3\" class=\"widget widget_nav_menu widget-shortcode area-technical-help-sidebar \"><h2 class=\"widgettitle\">Technical Help<\/h2><div class=\"menu-technical-help-menu-french-container\"><ul id=\"menu-technical-help-menu-french\" class=\"menu\"><li id=\"menu-item-9932\" class=\"menu-item menu-item-type-custom menu-item-object-custom menu-item-9932\"><a target=\"_blank\" href=\"https:\/\/www.rcrflooringproducts.com\/technical-help\/cpd\/\">CPD<\/a><\/li>\n<\/ul><\/div><\/div><!-- \/Widget Shortcode --><\/div><\/div><div id=\"panel-10235-0-1-1\" class=\"so-panel widget widget_sow-editor\" data-index=\"2\" ><div\n\t\t\t\n\t\t\tclass=\"so-widget-sow-editor so-widget-sow-editor-base\"\n\t\t\t\n\t\t>\n<div class=\"siteorigin-widget-tinymce textwidget\">\n\t<h2 class=\"widgettitle\">T\u00e9l\u00e9chargements<\/h2>\n<ul class=\"downloads\">\n<li><a href=\"https:\/\/permaban.com\/wp-content\/uploads\/2023\/08\/ISO-9001-2015-Certificate.pdf\">ISO 9001:2015 Certificat<\/a><\/li>\n<li><a href=\"https:\/\/permaban.com\/wp-content\/uploads\/2023\/08\/ISO-14001-2015-Certificate.pdf\">ISO 14001:2015 Certificat<\/a><\/li>\n<li><a href=\"https:\/\/permaban.com\/wp-content\/uploads\/2023\/08\/ISO-45001-2018-Certificate.pdf\">ISO 45001:2018 Certificat<\/a><\/li>\n<\/ul>\n<\/div>\n<\/div><\/div><div id=\"panel-10235-0-1-2\" class=\"widget_text so-panel widget widget_custom_html panel-last-child\" data-index=\"3\" ><div class=\"textwidget custom-html-widget\"><!-- Widget Shortcode --><div id=\"siteorigin-panels-builder-6\" class=\"widget widget_siteorigin-panels-builder widget-shortcode area-technical-help-sidebar \"><div id=\"pl-w6214c679d1878\"  class=\"panel-layout\" ><div id=\"pg-w6214c679d1878-0\"  class=\"panel-grid panel-has-style\" ><div class=\"primary-color-backround panel-row-style panel-row-style-for-w6214c679d1878-0\" ><div id=\"pgc-w6214c679d1878-0-0\"  class=\"panel-grid-cell\" ><div id=\"panel-w6214c679d1878-0-0-0\" class=\"so-panel widget widget_sow-editor panel-first-child panel-last-child\" data-index=\"0\" ><div class=\"white-text panel-widget-style panel-widget-style-for-w6214c679d1878-0-0-0\" ><div\n\t\t\t\n\t\t\tclass=\"so-widget-sow-editor so-widget-sow-editor-base\"\n\t\t\t\n\t\t>\n<div class=\"siteorigin-widget-tinymce textwidget\">\n\t<h5><strong>Need some help?<\/strong><br \/>\n<strong>Get in touch.<\/strong><\/h5>\n<\/div>\n<\/div><\/div><\/div><\/div><\/div><\/div><div id=\"pg-w6214c679d1878-1\"  class=\"panel-grid panel-has-style\" ><div class=\"light-grey-background panel-row-style panel-row-style-for-w6214c679d1878-1\" ><div id=\"pgc-w6214c679d1878-1-0\"  class=\"panel-grid-cell\" ><div id=\"panel-w6214c679d1878-1-0-0\" class=\"so-panel widget widget_sow-editor panel-first-child panel-last-child\" data-index=\"1\" ><div\n\t\t\t\n\t\t\tclass=\"so-widget-sow-editor so-widget-sow-editor-base\"\n\t\t\t\n\t\t>\n<div class=\"siteorigin-widget-tinymce textwidget\">\n\t<p>Call our sales team for product and specification guidance.<\/p>\n<p>Call now on<\/p>\n<h5>+44 1752 895288<\/h5>\n<p>Or <a href=\"http:\/\/permaban.com\/find-a-distributor\/\">find a distributor<\/a><\/p>\n<\/div>\n<\/div><\/div><\/div><\/div><\/div><\/div><\/div><!-- \/Widget Shortcode --><\/div><\/div><\/div><\/div><\/div>","protected":false},"excerpt":{"rendered":"<p>Il existe tr\u00e8s peu de normes applicables \u00e0 nos produits. Les deux normes r\u00e9pertori\u00e9es ici sont les plus pertinentes. Veuillez contacter nos ing\u00e9nieurs techniques si vous avez des questions pr\u00e9cises sur la pertinence de nos produits pour l\u2019usage souhait\u00e9 et&#8230;<\/p>\n","protected":false},"author":3,"featured_media":6862,"parent":0,"menu_order":0,"comment_status":"closed","ping_status":"closed","template":"","meta":{"_acf_changed":false,"_monsterinsights_skip_tracking":false,"_monsterinsights_sitenote_active":false,"_monsterinsights_sitenote_note":"","_monsterinsights_sitenote_category":0,"footnotes":""},"class_list":["post-10235","page","type-page","status-publish","has-post-thumbnail","hentry"],"acf":[],"yoast_head":"<!-- This site is optimized with the Yoast SEO plugin v27.3 - https:\/\/yoast.com\/product\/yoast-seo-wordpress\/ -->\n<title>R\u00e9glementations &amp; Normes Planchers en b\u00e9ton Joints de construction - Permaban<\/title>\n<meta name=\"description\" content=\"Orientations sur les normes relatives aux joints de contr\u00f4le des dalles en b\u00e9ton pour les rev\u00eatements de sol en b\u00e9ton. R\u00e8glements et normes relatifs aux joints blind\u00e9s des sols en b\u00e9ton.\" \/>\n<meta name=\"robots\" content=\"index, follow, max-snippet:-1, max-image-preview:large, max-video-preview:-1\" \/>\n<link rel=\"canonical\" href=\"https:\/\/permaban.com\/fr\/reglements-et-normes\/\" \/>\n<meta property=\"og:locale\" content=\"fr_FR\" \/>\n<meta property=\"og:type\" content=\"article\" \/>\n<meta property=\"og:title\" content=\"R\u00e9glementations &amp; Normes Planchers en b\u00e9ton Joints de construction - Permaban\" \/>\n<meta property=\"og:description\" content=\"Orientations sur les normes relatives aux joints de contr\u00f4le des dalles en b\u00e9ton pour les rev\u00eatements de sol en b\u00e9ton. R\u00e8glements et normes relatifs aux joints blind\u00e9s des sols en b\u00e9ton.\" \/>\n<meta property=\"og:url\" content=\"https:\/\/permaban.com\/fr\/reglements-et-normes\/\" \/>\n<meta property=\"og:site_name\" content=\"Permaban\" \/>\n<meta property=\"article:modified_time\" content=\"2023-08-09T10:42:19+00:00\" \/>\n<meta property=\"og:image\" content=\"https:\/\/permaban.com\/wp-content\/uploads\/2019\/06\/IMG_5253-1024x683.jpg\" \/>\n\t<meta property=\"og:image:width\" content=\"1024\" \/>\n\t<meta property=\"og:image:height\" content=\"683\" \/>\n\t<meta property=\"og:image:type\" content=\"image\/jpeg\" \/>\n<meta name=\"twitter:card\" content=\"summary_large_image\" \/>\n<meta name=\"twitter:label1\" content=\"Dur\u00e9e de lecture estim\u00e9e\" \/>\n\t<meta name=\"twitter:data1\" content=\"3 minutes\" \/>\n<script type=\"application\/ld+json\" class=\"yoast-schema-graph\">{\"@context\":\"https:\\\/\\\/schema.org\",\"@graph\":[{\"@type\":\"WebPage\",\"@id\":\"https:\\\/\\\/permaban.com\\\/fr\\\/reglements-et-normes\\\/\",\"url\":\"https:\\\/\\\/permaban.com\\\/fr\\\/reglements-et-normes\\\/\",\"name\":\"R\u00e9glementations & Normes Planchers en b\u00e9ton Joints de construction - Permaban\",\"isPartOf\":{\"@id\":\"https:\\\/\\\/permaban.com\\\/fr\\\/#website\"},\"primaryImageOfPage\":{\"@id\":\"https:\\\/\\\/permaban.com\\\/fr\\\/reglements-et-normes\\\/#primaryimage\"},\"image\":{\"@id\":\"https:\\\/\\\/permaban.com\\\/fr\\\/reglements-et-normes\\\/#primaryimage\"},\"thumbnailUrl\":\"https:\\\/\\\/permaban.com\\\/wp-content\\\/uploads\\\/2019\\\/06\\\/IMG_5253.jpg\",\"datePublished\":\"2020-05-05T12:25:15+00:00\",\"dateModified\":\"2023-08-09T10:42:19+00:00\",\"description\":\"Orientations sur les normes relatives aux joints de contr\u00f4le des dalles en b\u00e9ton pour les rev\u00eatements de sol en b\u00e9ton. R\u00e8glements et normes relatifs aux joints blind\u00e9s des sols en b\u00e9ton.\",\"breadcrumb\":{\"@id\":\"https:\\\/\\\/permaban.com\\\/fr\\\/reglements-et-normes\\\/#breadcrumb\"},\"inLanguage\":\"fr-FR\",\"potentialAction\":[{\"@type\":\"ReadAction\",\"target\":[\"https:\\\/\\\/permaban.com\\\/fr\\\/reglements-et-normes\\\/\"]}]},{\"@type\":\"ImageObject\",\"inLanguage\":\"fr-FR\",\"@id\":\"https:\\\/\\\/permaban.com\\\/fr\\\/reglements-et-normes\\\/#primaryimage\",\"url\":\"https:\\\/\\\/permaban.com\\\/wp-content\\\/uploads\\\/2019\\\/06\\\/IMG_5253.jpg\",\"contentUrl\":\"https:\\\/\\\/permaban.com\\\/wp-content\\\/uploads\\\/2019\\\/06\\\/IMG_5253.jpg\",\"width\":3456,\"height\":2304,\"caption\":\"Coloured concrete floor | Floor surface hardener\"},{\"@type\":\"BreadcrumbList\",\"@id\":\"https:\\\/\\\/permaban.com\\\/fr\\\/reglements-et-normes\\\/#breadcrumb\",\"itemListElement\":[{\"@type\":\"ListItem\",\"position\":1,\"name\":\"Home\",\"item\":\"https:\\\/\\\/permaban.com\\\/fr\\\/\"},{\"@type\":\"ListItem\",\"position\":2,\"name\":\"R\u00e8glements et normes\"}]},{\"@type\":\"WebSite\",\"@id\":\"https:\\\/\\\/permaban.com\\\/fr\\\/#website\",\"url\":\"https:\\\/\\\/permaban.com\\\/fr\\\/\",\"name\":\"Permaban\",\"description\":\"Industrial Flooring Products\",\"potentialAction\":[{\"@type\":\"SearchAction\",\"target\":{\"@type\":\"EntryPoint\",\"urlTemplate\":\"https:\\\/\\\/permaban.com\\\/fr\\\/?s={search_term_string}\"},\"query-input\":{\"@type\":\"PropertyValueSpecification\",\"valueRequired\":true,\"valueName\":\"search_term_string\"}}],\"inLanguage\":\"fr-FR\"}]}<\/script>\n<!-- \/ Yoast SEO plugin. -->","yoast_head_json":{"title":"R\u00e9glementations & Normes Planchers en b\u00e9ton Joints de construction - Permaban","description":"Orientations sur les normes relatives aux joints de contr\u00f4le des dalles en b\u00e9ton pour les rev\u00eatements de sol en b\u00e9ton. R\u00e8glements et normes relatifs aux joints blind\u00e9s des sols en b\u00e9ton.","robots":{"index":"index","follow":"follow","max-snippet":"max-snippet:-1","max-image-preview":"max-image-preview:large","max-video-preview":"max-video-preview:-1"},"canonical":"https:\/\/permaban.com\/fr\/reglements-et-normes\/","og_locale":"fr_FR","og_type":"article","og_title":"R\u00e9glementations & Normes Planchers en b\u00e9ton Joints de construction - Permaban","og_description":"Orientations sur les normes relatives aux joints de contr\u00f4le des dalles en b\u00e9ton pour les rev\u00eatements de sol en b\u00e9ton. R\u00e8glements et normes relatifs aux joints blind\u00e9s des sols en b\u00e9ton.","og_url":"https:\/\/permaban.com\/fr\/reglements-et-normes\/","og_site_name":"Permaban","article_modified_time":"2023-08-09T10:42:19+00:00","og_image":[{"width":1024,"height":683,"url":"https:\/\/permaban.com\/wp-content\/uploads\/2019\/06\/IMG_5253-1024x683.jpg","type":"image\/jpeg"}],"twitter_card":"summary_large_image","twitter_misc":{"Dur\u00e9e de lecture estim\u00e9e":"3 minutes"},"schema":{"@context":"https:\/\/schema.org","@graph":[{"@type":"WebPage","@id":"https:\/\/permaban.com\/fr\/reglements-et-normes\/","url":"https:\/\/permaban.com\/fr\/reglements-et-normes\/","name":"R\u00e9glementations & Normes Planchers en b\u00e9ton Joints de construction - Permaban","isPartOf":{"@id":"https:\/\/permaban.com\/fr\/#website"},"primaryImageOfPage":{"@id":"https:\/\/permaban.com\/fr\/reglements-et-normes\/#primaryimage"},"image":{"@id":"https:\/\/permaban.com\/fr\/reglements-et-normes\/#primaryimage"},"thumbnailUrl":"https:\/\/permaban.com\/wp-content\/uploads\/2019\/06\/IMG_5253.jpg","datePublished":"2020-05-05T12:25:15+00:00","dateModified":"2023-08-09T10:42:19+00:00","description":"Orientations sur les normes relatives aux joints de contr\u00f4le des dalles en b\u00e9ton pour les rev\u00eatements de sol en b\u00e9ton. R\u00e8glements et normes relatifs aux joints blind\u00e9s des sols en b\u00e9ton.","breadcrumb":{"@id":"https:\/\/permaban.com\/fr\/reglements-et-normes\/#breadcrumb"},"inLanguage":"fr-FR","potentialAction":[{"@type":"ReadAction","target":["https:\/\/permaban.com\/fr\/reglements-et-normes\/"]}]},{"@type":"ImageObject","inLanguage":"fr-FR","@id":"https:\/\/permaban.com\/fr\/reglements-et-normes\/#primaryimage","url":"https:\/\/permaban.com\/wp-content\/uploads\/2019\/06\/IMG_5253.jpg","contentUrl":"https:\/\/permaban.com\/wp-content\/uploads\/2019\/06\/IMG_5253.jpg","width":3456,"height":2304,"caption":"Coloured concrete floor | Floor surface hardener"},{"@type":"BreadcrumbList","@id":"https:\/\/permaban.com\/fr\/reglements-et-normes\/#breadcrumb","itemListElement":[{"@type":"ListItem","position":1,"name":"Home","item":"https:\/\/permaban.com\/fr\/"},{"@type":"ListItem","position":2,"name":"R\u00e8glements et normes"}]},{"@type":"WebSite","@id":"https:\/\/permaban.com\/fr\/#website","url":"https:\/\/permaban.com\/fr\/","name":"Permaban","description":"Industrial Flooring Products","potentialAction":[{"@type":"SearchAction","target":{"@type":"EntryPoint","urlTemplate":"https:\/\/permaban.com\/fr\/?s={search_term_string}"},"query-input":{"@type":"PropertyValueSpecification","valueRequired":true,"valueName":"search_term_string"}}],"inLanguage":"fr-FR"}]}},"_links":{"self":[{"href":"https:\/\/permaban.com\/fr\/wp-json\/wp\/v2\/pages\/10235","targetHints":{"allow":["GET"]}}],"collection":[{"href":"https:\/\/permaban.com\/fr\/wp-json\/wp\/v2\/pages"}],"about":[{"href":"https:\/\/permaban.com\/fr\/wp-json\/wp\/v2\/types\/page"}],"author":[{"embeddable":true,"href":"https:\/\/permaban.com\/fr\/wp-json\/wp\/v2\/users\/3"}],"replies":[{"embeddable":true,"href":"https:\/\/permaban.com\/fr\/wp-json\/wp\/v2\/comments?post=10235"}],"version-history":[{"count":14,"href":"https:\/\/permaban.com\/fr\/wp-json\/wp\/v2\/pages\/10235\/revisions"}],"predecessor-version":[{"id":12499,"href":"https:\/\/permaban.com\/fr\/wp-json\/wp\/v2\/pages\/10235\/revisions\/12499"}],"wp:featuredmedia":[{"embeddable":true,"href":"https:\/\/permaban.com\/fr\/wp-json\/wp\/v2\/media\/6862"}],"wp:attachment":[{"href":"https:\/\/permaban.com\/fr\/wp-json\/wp\/v2\/media?parent=10235"}],"curies":[{"name":"wp","href":"https:\/\/api.w.org\/{rel}","templated":true}]}}