{"id":10238,"date":"2020-05-05T13:46:26","date_gmt":"2020-05-05T12:46:26","guid":{"rendered":"https:\/\/permaban.com\/comment-elaborer-des-specifications-2\/"},"modified":"2023-01-27T11:00:50","modified_gmt":"2023-01-27T11:00:50","slug":"comment-elaborer-des-specifications-2","status":"publish","type":"page","link":"https:\/\/permaban.com\/fr\/comment-elaborer-des-specifications-2\/","title":{"rendered":"Comment \u00e9laborer des sp\u00e9cifications ?"},"content":{"rendered":"<div id=\"pl-10238\"  class=\"panel-layout\" ><div id=\"pg-10238-0\"  class=\"panel-grid panel-no-style\" ><div id=\"pgc-10238-0-0\"  class=\"panel-grid-cell\" ><div id=\"panel-10238-0-0-0\" class=\"so-panel widget widget_sow-editor panel-first-child panel-last-child\" data-index=\"0\" ><div\n\t\t\t\n\t\t\tclass=\"so-widget-sow-editor so-widget-sow-editor-base\"\n\t\t\t\n\t\t>\n<div class=\"siteorigin-widget-tinymce textwidget\">\n\t<h3>Sp\u00e9cifications<\/h3>\n<p>La clause de sp\u00e9cification qui se rapporte aux joints blind\u00e9s est :<\/p>\n<ul>\n<li data-leveltext=\"\uf0b7\" data-font=\"Symbol\" data-listid=\"2\" aria-setsize=\"-1\" data-aria-posinset=\"1\" data-aria-level=\"1\">E40 \u2013 Joints con\u00e7us dans du b\u00e9ton coul\u00e9 sur place<\/li>\n<\/ul>\n<p>Le texte de sp\u00e9cification suivant peut \u00eatre utilis\u00e9 : ins\u00e9rez le produit Permaban de votre choix \u00e0 la place de la mention<strong> xxxxx.<\/strong><\/p>\n<h3>E40 \u2013 Joints con\u00e7us dans du b\u00e9ton coul\u00e9 sur place<\/h3>\n<p><strong>EXIGENCES G\u00c9N\u00c9RALES<\/strong><br \/>\n<strong>110 PR\u00c9CISION:\u202f\u202f<\/strong>Tous les joints doivent \u00eatre positionn\u00e9s de mani\u00e8re pr\u00e9cise, droits et bien align\u00e9s, et parfaitement verticaux ou horizontaux, ou parall\u00e8les aux lignes directrices du b\u00e2timent.<\/p>\n<p><strong>120 JOINTS DE CONSTRUCTION\/MOUVEMENT : (EMPLACEMENTS \u00c0 D\u00c9TERMINER PAR UN SOUS-TRAITANT SP\u00c9CIALISTE DES DALLES)<\/strong><br \/>\nTous les joints form\u00e9s dans les dalles doivent \u00eatre laiss\u00e9s sur place et finis \u00e0 l\u2019aide d\u2019une talocheuse \u00e9lectrique. \u202fLes joints doivent \u00eatre form\u00e9s \u00e0 l\u2019aide du joint blind\u00e9 Permaban <strong>xxxxx<\/strong> de RCR Flooring Ltd.<br \/>\nFormer les joints avec pr\u00e9cision selon les d\u00e9tails et aux emplacements indiqu\u00e9s sur les dessins.\u202f S\u2019il est n\u00e9cessaire d\u2019apporter des modifications \u00e0 la conception d\u2019un joint sur le terrain, convenez des r\u00e9visions avec l\u2019ing\u00e9nieur avant de poursuivre.<br \/>\nNe laissez pas le b\u00e9ton p\u00e9n\u00e9trer dans tout espace ou vide du coffrage, car cela emp\u00eacherait tout mouvement des joints.<br \/>\nNe laissez pas le b\u00e9ton p\u00e9n\u00e9trer ou impr\u00e9gner des mat\u00e9riaux utilis\u00e9s en guise de filtres de joints compressibles.<\/p>\n<p><strong>210 JOINTS FORM\u00c9S:<\/strong>\u202f Les joints doivent \u00eatre form\u00e9s \u00e0 l\u2019aide du joint blind\u00e9 Permaban <strong>xxxxx<\/strong> de RCR Flooring Ltd.<br \/>\nFormer les joints avec pr\u00e9cision selon les d\u00e9tails et aux emplacements indiqu\u00e9s sur les dessins. \u202fS\u2019il est n\u00e9cessaire d\u2019apporter des modifications \u00e0 la conception d\u2019un joint sur le terrain, convenez des r\u00e9visions avec l\u2019ing\u00e9nieur avant de poursuivre.<\/p>\n<p>Lorsque les joints s\u2019ouvrent, le mastic <strong>Rocland Roc Joint PU 920\/925<\/strong> peut \u00eatre appliqu\u00e9 sur la fente du joint.<\/p>\n<p>Veuillez suivre ce lien vers le texte de sp\u00e9cification des\u00a0<a href=\"https:\/\/permaban.com\/fr\/produits\/durcisseurs-de-surface-a-saupoudrer-dry-shake\/\">durcisseurs de surface Rocland.<\/a><\/p>\n<h3>Syst\u00e8me Uniclass 2015<\/h3>\n<p>Uniclass 2015 est un syst\u00e8me de classification unifi\u00e9 qui englobe tous les \u00e9l\u00e9ments d\u2019un projet de construction et est utilis\u00e9 pour des projets de mod\u00e9lisation des donn\u00e9es du b\u00e2timent.<\/p>\n<p>&nbsp;<\/p>\n<h4>Les joints blind\u00e9s (comme AlphaJoint Classic 4010, Permaban Wave, Permaban Signature, etc.) peuvent \u00eatre sp\u00e9cifi\u00e9s dans:<\/h4>\n<p>Pr_35_90_15_04. Le code NBS est 45-75-42\/450 Joints blind\u00e9s.<\/p>\n<p>&nbsp;<\/p>\n<h4><strong>Les joints de dilatation sous forme de bande (tels que Permasteel) peuvent \u00eatre sp\u00e9cifi\u00e9s dans\u00a0:<\/strong><\/h4>\n<p>Pr_35_90_53_86.\u00a0\u00a0Le code NBS est 45-75-50\/410 Joints de dilatation sous forme de bande.<\/p>\n<p>Pr_35_90_31_66.\u00a0\u00a0Le code est NBS\u00a045-75-25\/340 Joints de dilatation pr\u00e9form\u00e9s en chapes.<\/p>\n<p>Ss_20_80_60.\u00a0\u00a0Syst\u00e8mes de coffrage permanent.<\/p>\n<p>&nbsp;<\/p>\n<h4><strong>Les plaques de transfert peuvent \u00eatre sp\u00e9cifi\u00e9es dans\u00a0:<\/strong><\/h4>\n<p>Pr_20_29_23_52.\u00a0\u00a0Le code NBS est 45-50-20\/325 Plaques de transfert m\u00e9talliques, broches et tiges.<\/p>\n<p>&nbsp;<\/p>\n<h4><strong>Les manchons de goujons peuvent \u00eatre sp\u00e9cifi\u00e9s dans\u00a0:<\/strong><\/h4>\n<p>Pr_20_29_29_23.\u00a0\u00a0Le code NBS est la manche\u00a045-75-42\/410 Manchons de goujons en plastique.<\/p>\n<p>&nbsp;<\/p>\n<h4><strong>Les mastics peuvent \u00eatre sp\u00e9cifi\u00e9s dans\u00a0:<\/strong><\/h4>\n<p>Pr_30_31_76_65.\u00a0 Le code est NBS\u00a045-55-75\/340 Mastic de construction en polyur\u00e9thane.<\/p>\n<p>&nbsp;<\/p>\n<p><a href=\"https:\/\/permaban.com\/wp-content\/uploads\/2019\/07\/NBS-specification.doc\">Veuillez cliquer ici pour obtenir le texte de sp\u00e9cification pour les durcisseurs de surface Rocland<\/a><\/p>\n<\/div>\n<\/div><\/div><\/div><div id=\"pgc-10238-0-1\"  class=\"panel-grid-cell\" ><div id=\"panel-10238-0-1-0\" class=\"widget_text so-panel widget widget_custom_html panel-first-child\" data-index=\"1\" ><div class=\"textwidget custom-html-widget\"><!-- Widget Shortcode --><div id=\"nav_menu-3\" class=\"widget widget_nav_menu widget-shortcode area-technical-help-sidebar \"><h2 class=\"widgettitle\">Technical Help<\/h2><div class=\"menu-technical-help-menu-french-container\"><ul id=\"menu-technical-help-menu-french\" class=\"menu\"><li id=\"menu-item-9932\" class=\"menu-item menu-item-type-custom menu-item-object-custom menu-item-9932\"><a target=\"_blank\" href=\"https:\/\/www.rcrflooringproducts.com\/technical-help\/cpd\/\">CPD<\/a><\/li>\n<\/ul><\/div><\/div><!-- \/Widget Shortcode --><\/div><\/div><div id=\"panel-10238-0-1-1\" class=\"so-panel widget widget_sow-editor\" data-index=\"2\" ><div\n\t\t\t\n\t\t\tclass=\"so-widget-sow-editor so-widget-sow-editor-base\"\n\t\t\t\n\t\t>\n<div class=\"siteorigin-widget-tinymce textwidget\">\n\t<div id=\"pg-w5d5136b7a51eb-0\" class=\"panel-grid panel-has-style\" data-style=\"{&quot;class&quot;:&quot;primary-color-backround&quot;,&quot;padding&quot;:&quot;1rem 1rem 0.5rem 1rem&quot;,&quot;background_image_attachment&quot;:false,&quot;background_display&quot;:&quot;tile&quot;,&quot;bottom_margin&quot;:&quot;0px&quot;,&quot;cell_alignment&quot;:&quot;flex-start&quot;}\" data-ratio=\"1\" data-ratio-direction=\"right\">\n<div class=\"primary-color-backround panel-row-style panel-row-style-for-w5d5136b7a51eb-0\">\n<div id=\"pgc-w5d5136b7a51eb-0-0\" class=\"panel-grid-cell\" data-weight=\"1\">\n<div id=\"panel-w5d5136b7a51eb-0-0-0\" class=\"so-panel widget widget_sow-editor panel-first-child panel-last-child\" data-index=\"0\" data-style=\"{&quot;class&quot;:&quot;white-text&quot;,&quot;background_image_attachment&quot;:false,&quot;background_display&quot;:&quot;tile&quot;,&quot;font_color&quot;:&quot;#ffffff&quot;}\">\n<div class=\"white-text panel-widget-style panel-widget-style-for-w5d5136b7a51eb-0-0-0\">\n<div class=\"so-widget-sow-editor so-widget-sow-editor-base\">\n<div class=\"siteorigin-widget-tinymce textwidget\">\n<p><strong>VOUS CHERCHEZ DES DESSINS CAO&nbsp;? <\/strong><\/p>\n<\/div>\n<\/div>\n<\/div>\n<\/div>\n<\/div>\n<\/div>\n<\/div>\n<div id=\"pg-w5d5136b7a51eb-1\" class=\"panel-grid panel-has-style\" data-style=\"{&quot;class&quot;:&quot;light-grey-background&quot;,&quot;padding&quot;:&quot;1rem 1rem 0rem 1rem&quot;,&quot;background_image_attachment&quot;:false,&quot;background_display&quot;:&quot;tile&quot;,&quot;cell_alignment&quot;:&quot;flex-start&quot;}\" data-ratio=\"1\" data-ratio-direction=\"right\">\n<div class=\"light-grey-background panel-row-style panel-row-style-for-w5d5136b7a51eb-1\">\n<div id=\"pgc-w5d5136b7a51eb-1-0\" class=\"panel-grid-cell\" data-weight=\"1\">\n<div id=\"panel-w5d5136b7a51eb-1-0-0\" class=\"so-panel widget widget_sow-editor panel-first-child panel-last-child\" data-index=\"1\" data-style=\"{&quot;background_image_attachment&quot;:false,&quot;background_display&quot;:&quot;tile&quot;}\">\n<div class=\"so-widget-sow-editor so-widget-sow-editor-base\">\n<div class=\"siteorigin-widget-tinymce textwidget\">Ils se trouvent dans la rubrique T\u00e9l\u00e9chargements des pages produits.<\/div>\n<\/div>\n<\/div>\n<\/div>\n<\/div>\n<\/div>\n<\/div>\n<\/div><\/div><div id=\"panel-10238-0-1-2\" class=\"widget_text so-panel widget widget_custom_html panel-last-child\" data-index=\"3\" ><div class=\"textwidget custom-html-widget\"><!-- Widget Shortcode --><div id=\"siteorigin-panels-builder-6\" class=\"widget widget_siteorigin-panels-builder widget-shortcode area-technical-help-sidebar \"><div id=\"pl-w6214c679d1878\"  class=\"panel-layout\" ><div id=\"pg-w6214c679d1878-0\"  class=\"panel-grid panel-has-style\" ><div class=\"primary-color-backround panel-row-style panel-row-style-for-w6214c679d1878-0\" ><div id=\"pgc-w6214c679d1878-0-0\"  class=\"panel-grid-cell\" ><div id=\"panel-w6214c679d1878-0-0-0\" class=\"so-panel widget widget_sow-editor panel-first-child panel-last-child\" data-index=\"0\" ><div class=\"white-text panel-widget-style panel-widget-style-for-w6214c679d1878-0-0-0\" ><div\n\t\t\t\n\t\t\tclass=\"so-widget-sow-editor so-widget-sow-editor-base\"\n\t\t\t\n\t\t>\n<div class=\"siteorigin-widget-tinymce textwidget\">\n\t<h5><strong>Need some help?<\/strong><br \/>\n<strong>Get in touch.<\/strong><\/h5>\n<\/div>\n<\/div><\/div><\/div><\/div><\/div><\/div><div id=\"pg-w6214c679d1878-1\"  class=\"panel-grid panel-has-style\" ><div class=\"light-grey-background panel-row-style panel-row-style-for-w6214c679d1878-1\" ><div id=\"pgc-w6214c679d1878-1-0\"  class=\"panel-grid-cell\" ><div id=\"panel-w6214c679d1878-1-0-0\" class=\"so-panel widget widget_sow-editor panel-first-child panel-last-child\" data-index=\"1\" ><div\n\t\t\t\n\t\t\tclass=\"so-widget-sow-editor so-widget-sow-editor-base\"\n\t\t\t\n\t\t>\n<div class=\"siteorigin-widget-tinymce textwidget\">\n\t<p>Call our sales team for product and specification guidance.<\/p>\n<p>Call now on<\/p>\n<h5>+44 1752 895288<\/h5>\n<p>Or <a href=\"http:\/\/permaban.com\/find-a-distributor\/\">find a distributor<\/a><\/p>\n<\/div>\n<\/div><\/div><\/div><\/div><\/div><\/div><\/div><!-- \/Widget Shortcode --><\/div><\/div><\/div><\/div><\/div>","protected":false},"excerpt":{"rendered":"<p>Sp\u00e9cifications La clause de sp\u00e9cification qui se rapporte aux joints blind\u00e9s est : E40 \u2013 Joints con\u00e7us dans du b\u00e9ton coul\u00e9 sur place Le texte de sp\u00e9cification suivant peut \u00eatre utilis\u00e9 : ins\u00e9rez le produit Permaban de votre choix \u00e0&#8230;<\/p>\n","protected":false},"author":3,"featured_media":6632,"parent":0,"menu_order":0,"comment_status":"closed","ping_status":"closed","template":"","meta":{"_acf_changed":false,"_monsterinsights_skip_tracking":false,"_monsterinsights_sitenote_active":false,"_monsterinsights_sitenote_note":"","_monsterinsights_sitenote_category":0,"footnotes":""},"class_list":["post-10238","page","type-page","status-publish","has-post-thumbnail","hentry"],"acf":[],"yoast_head":"<!-- This site is optimized with the Yoast SEO plugin v27.1.1 - https:\/\/yoast.com\/product\/yoast-seo-wordpress\/ -->\n<title>Comment sp\u00e9cifier les joints de construction pour les dalles en b\u00e9ton - Permaban<\/title>\n<meta name=\"description\" content=\"Le syst\u00e8me de sp\u00e9cifications NBS Building \/ NBS Landscape comprend des joints blind\u00e9s, et une exigence g\u00e9n\u00e9rale pour les joints de construction\/mouvement, qui est E40, et l&#039;exigence 120.\" \/>\n<meta name=\"robots\" content=\"index, follow, max-snippet:-1, max-image-preview:large, max-video-preview:-1\" \/>\n<link rel=\"canonical\" href=\"https:\/\/permaban.com\/fr\/comment-elaborer-des-specifications-2\/\" \/>\n<meta property=\"og:locale\" content=\"fr_FR\" \/>\n<meta property=\"og:type\" content=\"article\" \/>\n<meta property=\"og:title\" content=\"Comment sp\u00e9cifier les joints de construction pour les dalles en b\u00e9ton - Permaban\" \/>\n<meta property=\"og:description\" content=\"Le syst\u00e8me de sp\u00e9cifications NBS Building \/ NBS Landscape comprend des joints blind\u00e9s, et une exigence g\u00e9n\u00e9rale pour les joints de construction\/mouvement, qui est E40, et l&#039;exigence 120.\" \/>\n<meta property=\"og:url\" content=\"https:\/\/permaban.com\/fr\/comment-elaborer-des-specifications-2\/\" \/>\n<meta property=\"og:site_name\" content=\"Permaban\" \/>\n<meta property=\"article:modified_time\" content=\"2023-01-27T11:00:50+00:00\" \/>\n<meta property=\"og:image\" content=\"https:\/\/permaban.com\/wp-content\/uploads\/2019\/06\/Completed-warehouse-floor-5-1024x685.jpg\" \/>\n\t<meta property=\"og:image:width\" content=\"1024\" \/>\n\t<meta property=\"og:image:height\" content=\"685\" \/>\n\t<meta property=\"og:image:type\" content=\"image\/jpeg\" \/>\n<meta name=\"twitter:card\" content=\"summary_large_image\" \/>\n<meta name=\"twitter:label1\" content=\"Dur\u00e9e de lecture estim\u00e9e\" \/>\n\t<meta name=\"twitter:data1\" content=\"3 minutes\" \/>\n<script type=\"application\/ld+json\" class=\"yoast-schema-graph\">{\"@context\":\"https:\/\/schema.org\",\"@graph\":[{\"@type\":\"WebPage\",\"@id\":\"https:\/\/permaban.com\/fr\/comment-elaborer-des-specifications-2\/\",\"url\":\"https:\/\/permaban.com\/fr\/comment-elaborer-des-specifications-2\/\",\"name\":\"Comment sp\u00e9cifier les joints de construction pour les dalles en b\u00e9ton - Permaban\",\"isPartOf\":{\"@id\":\"https:\/\/permaban.com\/fr\/#website\"},\"primaryImageOfPage\":{\"@id\":\"https:\/\/permaban.com\/fr\/comment-elaborer-des-specifications-2\/#primaryimage\"},\"image\":{\"@id\":\"https:\/\/permaban.com\/fr\/comment-elaborer-des-specifications-2\/#primaryimage\"},\"thumbnailUrl\":\"https:\/\/permaban.com\/wp-content\/uploads\/2019\/06\/Completed-warehouse-floor-5.jpg\",\"datePublished\":\"2020-05-05T12:46:26+00:00\",\"dateModified\":\"2023-01-27T11:00:50+00:00\",\"description\":\"Le syst\u00e8me de sp\u00e9cifications NBS Building \/ NBS Landscape comprend des joints blind\u00e9s, et une exigence g\u00e9n\u00e9rale pour les joints de construction\/mouvement, qui est E40, et l'exigence 120.\",\"breadcrumb\":{\"@id\":\"https:\/\/permaban.com\/fr\/comment-elaborer-des-specifications-2\/#breadcrumb\"},\"inLanguage\":\"fr-FR\",\"potentialAction\":[{\"@type\":\"ReadAction\",\"target\":[\"https:\/\/permaban.com\/fr\/comment-elaborer-des-specifications-2\/\"]}]},{\"@type\":\"ImageObject\",\"inLanguage\":\"fr-FR\",\"@id\":\"https:\/\/permaban.com\/fr\/comment-elaborer-des-specifications-2\/#primaryimage\",\"url\":\"https:\/\/permaban.com\/wp-content\/uploads\/2019\/06\/Completed-warehouse-floor-5.jpg\",\"contentUrl\":\"https:\/\/permaban.com\/wp-content\/uploads\/2019\/06\/Completed-warehouse-floor-5.jpg\",\"width\":3872,\"height\":2592,\"caption\":\"Warehouse flooring | Warehouse floor joints\"},{\"@type\":\"BreadcrumbList\",\"@id\":\"https:\/\/permaban.com\/fr\/comment-elaborer-des-specifications-2\/#breadcrumb\",\"itemListElement\":[{\"@type\":\"ListItem\",\"position\":1,\"name\":\"Home\",\"item\":\"https:\/\/permaban.com\/fr\/\"},{\"@type\":\"ListItem\",\"position\":2,\"name\":\"Comment \u00e9laborer des sp\u00e9cifications ?\"}]},{\"@type\":\"WebSite\",\"@id\":\"https:\/\/permaban.com\/fr\/#website\",\"url\":\"https:\/\/permaban.com\/fr\/\",\"name\":\"Permaban\",\"description\":\"Industrial Flooring Products\",\"potentialAction\":[{\"@type\":\"SearchAction\",\"target\":{\"@type\":\"EntryPoint\",\"urlTemplate\":\"https:\/\/permaban.com\/fr\/?s={search_term_string}\"},\"query-input\":{\"@type\":\"PropertyValueSpecification\",\"valueRequired\":true,\"valueName\":\"search_term_string\"}}],\"inLanguage\":\"fr-FR\"}]}<\/script>\n<!-- \/ Yoast SEO plugin. -->","yoast_head_json":{"title":"Comment sp\u00e9cifier les joints de construction pour les dalles en b\u00e9ton - Permaban","description":"Le syst\u00e8me de sp\u00e9cifications NBS Building \/ NBS Landscape comprend des joints blind\u00e9s, et une exigence g\u00e9n\u00e9rale pour les joints de construction\/mouvement, qui est E40, et l'exigence 120.","robots":{"index":"index","follow":"follow","max-snippet":"max-snippet:-1","max-image-preview":"max-image-preview:large","max-video-preview":"max-video-preview:-1"},"canonical":"https:\/\/permaban.com\/fr\/comment-elaborer-des-specifications-2\/","og_locale":"fr_FR","og_type":"article","og_title":"Comment sp\u00e9cifier les joints de construction pour les dalles en b\u00e9ton - Permaban","og_description":"Le syst\u00e8me de sp\u00e9cifications NBS Building \/ NBS Landscape comprend des joints blind\u00e9s, et une exigence g\u00e9n\u00e9rale pour les joints de construction\/mouvement, qui est E40, et l'exigence 120.","og_url":"https:\/\/permaban.com\/fr\/comment-elaborer-des-specifications-2\/","og_site_name":"Permaban","article_modified_time":"2023-01-27T11:00:50+00:00","og_image":[{"width":1024,"height":685,"url":"https:\/\/permaban.com\/wp-content\/uploads\/2019\/06\/Completed-warehouse-floor-5-1024x685.jpg","type":"image\/jpeg"}],"twitter_card":"summary_large_image","twitter_misc":{"Dur\u00e9e de lecture estim\u00e9e":"3 minutes"},"schema":{"@context":"https:\/\/schema.org","@graph":[{"@type":"WebPage","@id":"https:\/\/permaban.com\/fr\/comment-elaborer-des-specifications-2\/","url":"https:\/\/permaban.com\/fr\/comment-elaborer-des-specifications-2\/","name":"Comment sp\u00e9cifier les joints de construction pour les dalles en b\u00e9ton - Permaban","isPartOf":{"@id":"https:\/\/permaban.com\/fr\/#website"},"primaryImageOfPage":{"@id":"https:\/\/permaban.com\/fr\/comment-elaborer-des-specifications-2\/#primaryimage"},"image":{"@id":"https:\/\/permaban.com\/fr\/comment-elaborer-des-specifications-2\/#primaryimage"},"thumbnailUrl":"https:\/\/permaban.com\/wp-content\/uploads\/2019\/06\/Completed-warehouse-floor-5.jpg","datePublished":"2020-05-05T12:46:26+00:00","dateModified":"2023-01-27T11:00:50+00:00","description":"Le syst\u00e8me de sp\u00e9cifications NBS Building \/ NBS Landscape comprend des joints blind\u00e9s, et une exigence g\u00e9n\u00e9rale pour les joints de construction\/mouvement, qui est E40, et l'exigence 120.","breadcrumb":{"@id":"https:\/\/permaban.com\/fr\/comment-elaborer-des-specifications-2\/#breadcrumb"},"inLanguage":"fr-FR","potentialAction":[{"@type":"ReadAction","target":["https:\/\/permaban.com\/fr\/comment-elaborer-des-specifications-2\/"]}]},{"@type":"ImageObject","inLanguage":"fr-FR","@id":"https:\/\/permaban.com\/fr\/comment-elaborer-des-specifications-2\/#primaryimage","url":"https:\/\/permaban.com\/wp-content\/uploads\/2019\/06\/Completed-warehouse-floor-5.jpg","contentUrl":"https:\/\/permaban.com\/wp-content\/uploads\/2019\/06\/Completed-warehouse-floor-5.jpg","width":3872,"height":2592,"caption":"Warehouse flooring | Warehouse floor joints"},{"@type":"BreadcrumbList","@id":"https:\/\/permaban.com\/fr\/comment-elaborer-des-specifications-2\/#breadcrumb","itemListElement":[{"@type":"ListItem","position":1,"name":"Home","item":"https:\/\/permaban.com\/fr\/"},{"@type":"ListItem","position":2,"name":"Comment \u00e9laborer des sp\u00e9cifications ?"}]},{"@type":"WebSite","@id":"https:\/\/permaban.com\/fr\/#website","url":"https:\/\/permaban.com\/fr\/","name":"Permaban","description":"Industrial Flooring Products","potentialAction":[{"@type":"SearchAction","target":{"@type":"EntryPoint","urlTemplate":"https:\/\/permaban.com\/fr\/?s={search_term_string}"},"query-input":{"@type":"PropertyValueSpecification","valueRequired":true,"valueName":"search_term_string"}}],"inLanguage":"fr-FR"}]}},"_links":{"self":[{"href":"https:\/\/permaban.com\/fr\/wp-json\/wp\/v2\/pages\/10238","targetHints":{"allow":["GET"]}}],"collection":[{"href":"https:\/\/permaban.com\/fr\/wp-json\/wp\/v2\/pages"}],"about":[{"href":"https:\/\/permaban.com\/fr\/wp-json\/wp\/v2\/types\/page"}],"author":[{"embeddable":true,"href":"https:\/\/permaban.com\/fr\/wp-json\/wp\/v2\/users\/3"}],"replies":[{"embeddable":true,"href":"https:\/\/permaban.com\/fr\/wp-json\/wp\/v2\/comments?post=10238"}],"version-history":[{"count":8,"href":"https:\/\/permaban.com\/fr\/wp-json\/wp\/v2\/pages\/10238\/revisions"}],"predecessor-version":[{"id":12312,"href":"https:\/\/permaban.com\/fr\/wp-json\/wp\/v2\/pages\/10238\/revisions\/12312"}],"wp:featuredmedia":[{"embeddable":true,"href":"https:\/\/permaban.com\/fr\/wp-json\/wp\/v2\/media\/6632"}],"wp:attachment":[{"href":"https:\/\/permaban.com\/fr\/wp-json\/wp\/v2\/media?parent=10238"}],"curies":[{"name":"wp","href":"https:\/\/api.w.org\/{rel}","templated":true}]}}