{"id":10244,"date":"2020-05-05T14:54:01","date_gmt":"2020-05-05T13:54:01","guid":{"rendered":"https:\/\/permaban.com\/politique-de-confidentialite\/"},"modified":"2020-05-05T14:54:01","modified_gmt":"2020-05-05T13:54:01","slug":"politique-de-confidentialite","status":"publish","type":"page","link":"https:\/\/permaban.com\/fr\/politique-de-confidentialite\/","title":{"rendered":"Politique de confidentialit\u00e9"},"content":{"rendered":"<p>Cet avis de confidentialit\u00e9 explique les donn\u00e9es personnelles que nous recueillons aupr\u00e8s de vous et ce que nous en faisons.<\/p>\n<p><strong>Qui collecte les donn\u00e9es?<\/strong><br \/>\nLes donn\u00e9es personnelles que vous fournissez sont collect\u00e9es par RCR Industrial Flooring S.L.U., Calle Mirasierra, 5 2\u00baA, 28220, Majadahonda, Madrid, Espagne.<\/p>\n<p><strong>Quelles sont les donn\u00e9es collect\u00e9es?<\/strong><br \/>\nLorsque vous nous contactez, nous vous demandons de fournir votre nom, le nom de votre soci\u00e9t\u00e9, votre adresse, votre adresse \u00e9lectronique et votre num\u00e9ro de t\u00e9l\u00e9phone professionnel. Vous pouvez \u00e9galement choisir de fournir d&rsquo;autres informations (par exemple, titre de poste, profil sur les m\u00e9dias sociaux) &#8211; dans ce cas, nous collecterons et conserverons \u00e9galement ces informations.<\/p>\n<p><strong>Quand et comment les donn\u00e9es sont-elles collect\u00e9es?<\/strong><br \/>\nNous recueillons des informations lorsque vous remplissez un formulaire sur ce site web, que vous nous envoyez une demande par courrier \u00e9lectronique, que vous nous t\u00e9l\u00e9phonez ou que vous nous \u00e9crivez. Nous recueillons \u00e9galement des donn\u00e9es sur les cartes de visite qui nous sont remises.<\/p>\n<p><strong>Comment les informations seront-elles utilis\u00e9es?<\/strong><br \/>\nNous traiterons vos informations en premier lieu pour r\u00e9pondre \u00e0 votre demande. Nous pouvons utiliser les donn\u00e9es pour personnaliser votre visite sur le site web. Nous vous enverrons \u00e9galement \u00e0 l&rsquo;avenir des communications commerciales occasionnelles par courrier \u00e9lectronique. Si vous nous communiquez votre num\u00e9ro de t\u00e9l\u00e9phone et votre adresse postale, nous pouvons \u00e9galement les utiliser pour rester en contact avec vous.<\/p>\n<p>Si nous envisageons d&rsquo;utiliser vos donn\u00e9es \u00e0 caract\u00e8re personnel pour une nouvelle finalit\u00e9, nous vous communiquerons les modifications avant de commencer tout nouveau traitement.<\/p>\n<p><strong>La base juridique du traitement de vos donn\u00e9es<\/strong><br \/>\nEn soumettant vos donn\u00e9es par l&rsquo;interm\u00e9diaire de notre site web, ou par courrier \u00e9lectronique, t\u00e9l\u00e9phone ou courrier postal, vous confirmez par votre action que vous consentez \u00e0 ce que nous traitions les donn\u00e9es que vous fournissez afin de pouvoir r\u00e9pondre \u00e0 votre demande.<\/p>\n<p>Nous utiliserons \u00e9galement vos donn\u00e9es pour vous envoyer \u00e0 l&rsquo;avenir nos nouvelles occasionnelles par courrier \u00e9lectronique. La base juridique qui nous permet de le faire est l'\u00a0\u00bbint\u00e9r\u00eat l\u00e9gitime\u00a0\u00bb. Cela signifie que, puisque vous vous \u00eates renseign\u00e9 sur nos services et que vous nous avez communiqu\u00e9 votre adresse \u00e9lectronique, nous pensons que vous pouvez raisonnablement vous attendre \u00e0 recevoir \u00e0 l&rsquo;avenir des informations sur des produits et services connexes. Nous n&rsquo;envoyons des courriels que quelques fois par an, et nous n&rsquo;envoyons des courriels qu&rsquo;\u00e0 des adresses \u00e9lectroniques ayant un domaine d&rsquo;activit\u00e9. Vous pourrez vous d\u00e9sabonner facilement de ces courriers \u00e9lectroniques \u00e0 tout moment. Si vous pr\u00e9f\u00e9rez que nous ne vous envoyions pas notre bulletin d&rsquo;information par courrier \u00e9lectronique, veuillez le mentionner dans votre message lorsque vous nous demandez.<\/p>\n<p>Si vous souhaitez demander des renseignements sans fournir de donn\u00e9es personnelles, veuillez nous t\u00e9l\u00e9phoner \u00e0 la place &#8211; mais il est possible que nous ne puissions pas r\u00e9pondre enti\u00e8rement \u00e0 votre demande.<\/p>\n<p>Si vous nous donnez une carte de visite lors d&rsquo;un \u00e9v\u00e9nement, nous vous demanderons votre accord pour vous ajouter \u00e0 la liste de diffusion de notre bulletin d&rsquo;information.<\/p>\n<p><strong>S\u00e9curit\u00e9 des donn\u00e9es<\/strong><br \/>\nCe site web dispose d&rsquo;un certificat SSL (https:\/\/), ce qui signifie que les donn\u00e9es que vous soumettez par l&rsquo;interm\u00e9diaire de ce site web sont crypt\u00e9es pour des raisons de s\u00e9curit\u00e9. Veuillez nous contacter si vous avez des questions concernant notre s\u00e9curit\u00e9 informatique.<br \/>\nComme nous sommes un groupe international, sachez que vos donn\u00e9es peuvent \u00eatre transmises en dehors de l&rsquo;UE et trait\u00e9es dans des centres de donn\u00e9es non communautaires.<\/p>\n<p><strong>Partage des donn\u00e9es<\/strong><br \/>\nRCR Industrial Flooring S.L.U. poss\u00e8de un certain nombre d&rsquo;entreprises sp\u00e9cialis\u00e9es dans les rev\u00eatements de sol industriels dans le monde entier. Ces soci\u00e9t\u00e9s op\u00e8rent en tant qu&rsquo;entit\u00e9s juridiques distinctes mais sont plac\u00e9es sous le contr\u00f4le de la direction g\u00e9n\u00e9rale de RCR Industrial Flooring S.L.U. Une liste compl\u00e8te des soci\u00e9t\u00e9s du groupe RCR est disponible sur notre site web : https:\/\/www.rcrindustrialflooring.com\/companies. Afin de fournir un bon service, nous pouvons transmettre vos donn\u00e9es \u00e0 l&rsquo;une des soci\u00e9t\u00e9s de notre groupe &#8211; par exemple, pour que la personne ayant les bonnes connaissances techniques puisse vous r\u00e9pondre ; ou pour que quelqu&rsquo;un puisse vous r\u00e9pondre dans votre propre langue.<\/p>\n<p>Nous ne transmettrons jamais vos donn\u00e9es \u00e0 une organisation ext\u00e9rieure au groupe d&rsquo;entreprises RCR Industrial Flooring, sauf si :<br \/>\na) nous les avons d\u00e9sign\u00e9es comme sous-traitants, agents, distributeurs ou fournisseurs et qu&rsquo;elles aient besoin de vos donn\u00e9es pour traiter votre demande ou votre commande ;<br \/>\nb) nous les avons d\u00e9sign\u00e9es comme sous-traitants pour effectuer des travaux en notre nom (par exemple, une soci\u00e9t\u00e9 informatique, une soci\u00e9t\u00e9 de marketing ou une agence de v\u00e9rification de la solvabilit\u00e9) ; ou<br \/>\nc) nous sommes toujours tenus de le faire par la loi, dans le cadre d&rsquo;une proc\u00e9dure judiciaire, ou pour \u00e9tablir, d\u00e9fendre ou exercer nos droits l\u00e9gaux.<\/p>\n<p><strong>Combien de temps vos donn\u00e9es seront-elles conserv\u00e9es?<\/strong><br \/>\nNous conservons toutes les donn\u00e9es pendant deux ans \u00e0 compter de la date du dernier engagement avec nous. Cela signifie, par exemple, que si au cours de ces deux ann\u00e9es, l&rsquo;entreprise pour laquelle vous travaillez ne nous ach\u00e8te pas, et que vous, en tant que personne physique, ne nous contactez pas ou n&rsquo;ouvrez pas l&rsquo;une de nos lettres d&rsquo;information \u00e9lectroniques, nous supprimerons vos donn\u00e9es personnelles de nos syst\u00e8mes et vous d\u00e9sabonnerons de notre lettre d&rsquo;information \u00e9lectronique. Nous nous efforcerons de vous contacter avant l&rsquo;expiration de la p\u00e9riode de deux ans afin d&rsquo;obtenir votre consentement pour rester en contact.<\/p>\n<p><strong>Exactitude des donn\u00e9es<\/strong><br \/>\nNous voulons nous assurer que les donn\u00e9es que nous d\u00e9tenons \u00e0 votre sujet sont \u00e0 jour. Si vos donn\u00e9es changent, veuillez nous en informer.<\/p>\n<p><strong>Vos droits<\/strong><br \/>\nEn tant que personne physique, vous pouvez \u00e0 tout moment, \u00e0 votre demande, \u00eatre compl\u00e8tement retir\u00e9 de nos dossiers. Vous avez \u00e9galement le droit de savoir quelles sont les informations personnelles que nous d\u00e9tenons sur vous. Vous avez le droit de vous d\u00e9sabonner de nos communications commerciales, m\u00eame si vous avez pr\u00e9alablement donn\u00e9 votre accord pour les recevoir.<\/p>\n<p>Si vous avez des questions ou des plaintes concernant la mani\u00e8re dont nous utilisons vos donn\u00e9es, veuillez contacter notre responsable de la communication du groupe, Valentina Gonz\u00e1les &#8211; e-mail marketing@rcrindustrialflooring.com.<\/p>\n<p>Veuillez \u00e9galement vous r\u00e9f\u00e9rer \u00e0 nos informations sur <a href=\"http:\/\/permaban.com\/cookie-legal-statements\">les cookies ici.<\/a><\/p>\n<p>Nous nous r\u00e9servons le droit de mettre \u00e0 jour cette d\u00e9claration \u00e0 tout moment, sans pr\u00e9avis.<\/p>\n<p>&nbsp;<\/p>\n","protected":false},"excerpt":{"rendered":"<p>Cet avis de confidentialit\u00e9 explique les donn\u00e9es personnelles que nous recueillons aupr\u00e8s de vous et ce que nous en faisons. Qui collecte les donn\u00e9es? Les donn\u00e9es personnelles que vous fournissez sont collect\u00e9es par RCR Industrial Flooring S.L.U., Calle Mirasierra, 5&#8230;<\/p>\n","protected":false},"author":3,"featured_media":6857,"parent":0,"menu_order":0,"comment_status":"closed","ping_status":"closed","template":"","meta":{"_acf_changed":false,"_monsterinsights_skip_tracking":false,"_monsterinsights_sitenote_active":false,"_monsterinsights_sitenote_note":"","_monsterinsights_sitenote_category":0,"footnotes":""},"class_list":["post-10244","page","type-page","status-publish","has-post-thumbnail","hentry"],"acf":[],"yoast_head":"<!-- This site is optimized with the Yoast SEO plugin v27.1.1 - https:\/\/yoast.com\/product\/yoast-seo-wordpress\/ -->\n<title>Permaban - Avis de confidentialit\u00e9<\/title>\n<meta name=\"robots\" content=\"index, follow, max-snippet:-1, max-image-preview:large, max-video-preview:-1\" \/>\n<link rel=\"canonical\" href=\"https:\/\/permaban.com\/fr\/politique-de-confidentialite\/\" \/>\n<meta property=\"og:locale\" content=\"fr_FR\" \/>\n<meta property=\"og:type\" content=\"article\" \/>\n<meta property=\"og:title\" content=\"Permaban - Avis de confidentialit\u00e9\" \/>\n<meta property=\"og:description\" content=\"Cet avis de confidentialit\u00e9 explique les donn\u00e9es personnelles que nous recueillons aupr\u00e8s de vous et ce que nous en faisons. Qui collecte les donn\u00e9es? Les donn\u00e9es personnelles que vous fournissez sont collect\u00e9es par RCR Industrial Flooring S.L.U., Calle Mirasierra, 5...\" \/>\n<meta property=\"og:url\" content=\"https:\/\/permaban.com\/fr\/politique-de-confidentialite\/\" \/>\n<meta property=\"og:site_name\" content=\"Permaban\" \/>\n<meta property=\"og:image\" content=\"https:\/\/permaban.com\/wp-content\/uploads\/2019\/06\/image.jpg.jpeg\" \/>\n\t<meta property=\"og:image:width\" content=\"1618\" \/>\n\t<meta property=\"og:image:height\" content=\"1206\" \/>\n\t<meta property=\"og:image:type\" content=\"image\/jpeg\" \/>\n<meta name=\"twitter:card\" content=\"summary_large_image\" \/>\n<meta name=\"twitter:label1\" content=\"Dur\u00e9e de lecture estim\u00e9e\" \/>\n\t<meta name=\"twitter:data1\" content=\"6 minutes\" \/>\n<script type=\"application\/ld+json\" class=\"yoast-schema-graph\">{\"@context\":\"https:\/\/schema.org\",\"@graph\":[{\"@type\":\"WebPage\",\"@id\":\"https:\/\/permaban.com\/fr\/politique-de-confidentialite\/\",\"url\":\"https:\/\/permaban.com\/fr\/politique-de-confidentialite\/\",\"name\":\"Permaban - Avis de confidentialit\u00e9\",\"isPartOf\":{\"@id\":\"https:\/\/permaban.com\/fr\/#website\"},\"primaryImageOfPage\":{\"@id\":\"https:\/\/permaban.com\/fr\/politique-de-confidentialite\/#primaryimage\"},\"image\":{\"@id\":\"https:\/\/permaban.com\/fr\/politique-de-confidentialite\/#primaryimage\"},\"thumbnailUrl\":\"https:\/\/permaban.com\/wp-content\/uploads\/2019\/06\/image.jpg.jpeg\",\"datePublished\":\"2020-05-05T13:54:01+00:00\",\"breadcrumb\":{\"@id\":\"https:\/\/permaban.com\/fr\/politique-de-confidentialite\/#breadcrumb\"},\"inLanguage\":\"fr-FR\",\"potentialAction\":[{\"@type\":\"ReadAction\",\"target\":[\"https:\/\/permaban.com\/fr\/politique-de-confidentialite\/\"]}]},{\"@type\":\"ImageObject\",\"inLanguage\":\"fr-FR\",\"@id\":\"https:\/\/permaban.com\/fr\/politique-de-confidentialite\/#primaryimage\",\"url\":\"https:\/\/permaban.com\/wp-content\/uploads\/2019\/06\/image.jpg.jpeg\",\"contentUrl\":\"https:\/\/permaban.com\/wp-content\/uploads\/2019\/06\/image.jpg.jpeg\",\"width\":1618,\"height\":1206,\"caption\":\"Warehouse flooring | Armoured joints | Construction Joints\"},{\"@type\":\"BreadcrumbList\",\"@id\":\"https:\/\/permaban.com\/fr\/politique-de-confidentialite\/#breadcrumb\",\"itemListElement\":[{\"@type\":\"ListItem\",\"position\":1,\"name\":\"Home\",\"item\":\"https:\/\/permaban.com\/fr\/\"},{\"@type\":\"ListItem\",\"position\":2,\"name\":\"Politique de confidentialit\u00e9\"}]},{\"@type\":\"WebSite\",\"@id\":\"https:\/\/permaban.com\/fr\/#website\",\"url\":\"https:\/\/permaban.com\/fr\/\",\"name\":\"Permaban\",\"description\":\"Industrial Flooring Products\",\"potentialAction\":[{\"@type\":\"SearchAction\",\"target\":{\"@type\":\"EntryPoint\",\"urlTemplate\":\"https:\/\/permaban.com\/fr\/?s={search_term_string}\"},\"query-input\":{\"@type\":\"PropertyValueSpecification\",\"valueRequired\":true,\"valueName\":\"search_term_string\"}}],\"inLanguage\":\"fr-FR\"}]}<\/script>\n<!-- \/ Yoast SEO plugin. -->","yoast_head_json":{"title":"Permaban - Avis de confidentialit\u00e9","robots":{"index":"index","follow":"follow","max-snippet":"max-snippet:-1","max-image-preview":"max-image-preview:large","max-video-preview":"max-video-preview:-1"},"canonical":"https:\/\/permaban.com\/fr\/politique-de-confidentialite\/","og_locale":"fr_FR","og_type":"article","og_title":"Permaban - Avis de confidentialit\u00e9","og_description":"Cet avis de confidentialit\u00e9 explique les donn\u00e9es personnelles que nous recueillons aupr\u00e8s de vous et ce que nous en faisons. Qui collecte les donn\u00e9es? Les donn\u00e9es personnelles que vous fournissez sont collect\u00e9es par RCR Industrial Flooring S.L.U., Calle Mirasierra, 5...","og_url":"https:\/\/permaban.com\/fr\/politique-de-confidentialite\/","og_site_name":"Permaban","og_image":[{"width":1618,"height":1206,"url":"https:\/\/permaban.com\/wp-content\/uploads\/2019\/06\/image.jpg.jpeg","type":"image\/jpeg"}],"twitter_card":"summary_large_image","twitter_misc":{"Dur\u00e9e de lecture estim\u00e9e":"6 minutes"},"schema":{"@context":"https:\/\/schema.org","@graph":[{"@type":"WebPage","@id":"https:\/\/permaban.com\/fr\/politique-de-confidentialite\/","url":"https:\/\/permaban.com\/fr\/politique-de-confidentialite\/","name":"Permaban - Avis de confidentialit\u00e9","isPartOf":{"@id":"https:\/\/permaban.com\/fr\/#website"},"primaryImageOfPage":{"@id":"https:\/\/permaban.com\/fr\/politique-de-confidentialite\/#primaryimage"},"image":{"@id":"https:\/\/permaban.com\/fr\/politique-de-confidentialite\/#primaryimage"},"thumbnailUrl":"https:\/\/permaban.com\/wp-content\/uploads\/2019\/06\/image.jpg.jpeg","datePublished":"2020-05-05T13:54:01+00:00","breadcrumb":{"@id":"https:\/\/permaban.com\/fr\/politique-de-confidentialite\/#breadcrumb"},"inLanguage":"fr-FR","potentialAction":[{"@type":"ReadAction","target":["https:\/\/permaban.com\/fr\/politique-de-confidentialite\/"]}]},{"@type":"ImageObject","inLanguage":"fr-FR","@id":"https:\/\/permaban.com\/fr\/politique-de-confidentialite\/#primaryimage","url":"https:\/\/permaban.com\/wp-content\/uploads\/2019\/06\/image.jpg.jpeg","contentUrl":"https:\/\/permaban.com\/wp-content\/uploads\/2019\/06\/image.jpg.jpeg","width":1618,"height":1206,"caption":"Warehouse flooring | Armoured joints | Construction Joints"},{"@type":"BreadcrumbList","@id":"https:\/\/permaban.com\/fr\/politique-de-confidentialite\/#breadcrumb","itemListElement":[{"@type":"ListItem","position":1,"name":"Home","item":"https:\/\/permaban.com\/fr\/"},{"@type":"ListItem","position":2,"name":"Politique de confidentialit\u00e9"}]},{"@type":"WebSite","@id":"https:\/\/permaban.com\/fr\/#website","url":"https:\/\/permaban.com\/fr\/","name":"Permaban","description":"Industrial Flooring Products","potentialAction":[{"@type":"SearchAction","target":{"@type":"EntryPoint","urlTemplate":"https:\/\/permaban.com\/fr\/?s={search_term_string}"},"query-input":{"@type":"PropertyValueSpecification","valueRequired":true,"valueName":"search_term_string"}}],"inLanguage":"fr-FR"}]}},"_links":{"self":[{"href":"https:\/\/permaban.com\/fr\/wp-json\/wp\/v2\/pages\/10244","targetHints":{"allow":["GET"]}}],"collection":[{"href":"https:\/\/permaban.com\/fr\/wp-json\/wp\/v2\/pages"}],"about":[{"href":"https:\/\/permaban.com\/fr\/wp-json\/wp\/v2\/types\/page"}],"author":[{"embeddable":true,"href":"https:\/\/permaban.com\/fr\/wp-json\/wp\/v2\/users\/3"}],"replies":[{"embeddable":true,"href":"https:\/\/permaban.com\/fr\/wp-json\/wp\/v2\/comments?post=10244"}],"version-history":[{"count":0,"href":"https:\/\/permaban.com\/fr\/wp-json\/wp\/v2\/pages\/10244\/revisions"}],"wp:featuredmedia":[{"embeddable":true,"href":"https:\/\/permaban.com\/fr\/wp-json\/wp\/v2\/media\/6857"}],"wp:attachment":[{"href":"https:\/\/permaban.com\/fr\/wp-json\/wp\/v2\/media?parent=10244"}],"curies":[{"name":"wp","href":"https:\/\/api.w.org\/{rel}","templated":true}]}}