{"id":10250,"date":"2020-05-12T09:43:35","date_gmt":"2020-05-12T08:43:35","guid":{"rendered":"https:\/\/permaban.com\/cookies-et-declarations-legales\/"},"modified":"2020-05-12T09:43:35","modified_gmt":"2020-05-12T08:43:35","slug":"cookies-et-declarations-legales","status":"publish","type":"page","link":"https:\/\/permaban.com\/fr\/cookies-et-declarations-legales\/","title":{"rendered":"Cookies et d\u00e9clarations l\u00e9gales"},"content":{"rendered":"<div id=\"cols\">\n<div id=\"r-twocol-col1\" class=\"col l-col2\">\n<div id=\"w-htmlblock_2550\" class=\"widget-wide-pad w-htmlblock moveable\">\n<div class=\"w-htmlblock-content\">\n<p>Notre site web utilise des cookies, comme le font presque tous les sites web, pour vous offrir la meilleure exp\u00e9rience possible. Les cookies sont de petits fichiers texte qui sont plac\u00e9s sur votre ordinateur ou votre t\u00e9l\u00e9phone portable lorsque vous naviguez sur des sites web.<\/p>\n<p><strong>Comment les cookies sont-ils utilis\u00e9s sur ce site<\/strong><\/p>\n<p><strong>Nos cookies nous aident<\/strong><\/p>\n<ul>\n<li>Faites en sorte que notre site web fonctionne comme vous l&rsquo;attendez<\/li>\n<li>M\u00e9morisez vos r\u00e9glages pendant et entre les visites<\/li>\n<li>Am\u00e9liorer la rapidit\u00e9\/s\u00e9curit\u00e9 du site<\/li>\n<li>vous permet de partager des pages avec des r\u00e9seaux sociaux comme Facebook<\/li>\n<li>Am\u00e9liorer continuellement notre site web pour vous<\/li>\n<li>Rendre notre marketing plus efficace (en nous aidant en fin de compte \u00e0 offrir le service que nous faisons au prix o\u00f9 nous le faisons)<\/li>\n<\/ul>\n<p><strong>Nous n&rsquo;utilisons pas de cookies pour<\/strong><\/p>\n<ul>\n<li>Recueillir toute information permettant de vous identifier personnellement (sans votre autorisation expresse)<\/li>\n<li>Recueillir toute information sensible (sans votre autorisation expresse)<\/li>\n<li>Transmettre les donn\u00e9es aux r\u00e9seaux de publicit\u00e9<\/li>\n<li>Transmettre des donn\u00e9es personnelles identifiables \u00e0 des tiers<\/li>\n<li>Payer des commissions de vente<\/li>\n<\/ul>\n<p>Vous pouvez en savoir plus sur tous les cookies que nous utilisons ci-dessous.<\/p>\n<p><strong>Nous accorder la permission d&rsquo;utiliser des cookies<\/strong><\/p>\n<p>Si les param\u00e8tres du logiciel que vous utilisez pour consulter ce site web (votre navigateur) sont r\u00e9gl\u00e9s de mani\u00e8re \u00e0 accepter les cookies, nous consid\u00e9rons que cela vous convient, ainsi qu&rsquo;\u00e0 votre utilisation continue de notre site web. Si vous souhaitez supprimer ou ne pas utiliser les cookies de notre site, vous pouvez apprendre comment le faire ci-dessous, mais cela signifiera probablement que notre site ne fonctionnera pas comme vous l&rsquo;attendez.<\/p>\n<p><strong>Cookies de fonctionnement des sites web<\/strong><\/p>\n<p><strong>Nos propres cookies<\/strong><\/p>\n<p>Il n&rsquo;y a pas d&rsquo;autre moyen d&#8217;emp\u00eacher la cr\u00e9ation de ces cookies que de ne pas utiliser notre site.<\/p>\n<p><strong>Fonctions de tiers<\/strong><\/p>\n<p>La d\u00e9sactivation de ces cookies risque d&rsquo;interrompre les fonctions offertes par ces tiers.<\/p>\n<p><strong>Cookies de statistiques sur les visiteurs anonymes<\/strong><\/p>\n<p>Nous utilisons des cookies pour compiler des statistiques sur les visiteurs, telles que le nombre de personnes qui ont visit\u00e9 notre site web, le type de technologie qu&rsquo;ils utilisent (par exemple, Mac ou Windows, ce qui permet d&rsquo;identifier quand notre site ne fonctionne pas comme il le devrait pour des technologies particuli\u00e8res), le temps qu&rsquo;ils passent sur le site, la page qu&rsquo;ils regardent, etc. Cela nous aide \u00e0 am\u00e9liorer continuellement notre site web. Ces programmes dits \u00ab\u00a0d&rsquo;analyse\u00a0\u00bb nous indiquent \u00e9galement si, de mani\u00e8re anonyme, les personnes ont acc\u00e9d\u00e9 \u00e0 ce site (par exemple \u00e0 partir d&rsquo;un moteur de recherche) et si elles y sont d\u00e9j\u00e0 venues avant de nous aider \u00e0 investir davantage dans le d\u00e9veloppement de nos services pour vous au lieu de d\u00e9penser de l&rsquo;argent en marketing. Nous utilisons Google Analytics pour nos statistiques de fr\u00e9quentation. Vous pouvez lire quels cookies Google Analytics utilise sur le site <a href=\"https:\/\/developers.google.com\/analytics\/devguides\/collection\/analyticsjs\/cookie-usage\" target=\"_blank\" rel=\"noopener noreferrer\">Site de Google Developer.<\/a><\/p>\n<p><strong>Google Analytics Tracking Cookies<\/strong><\/p>\n<table>\n<tbody>\n<tr>\n<td><strong>Cookie Name<\/strong><\/td>\n<td><strong>Expiration Time<\/strong><\/td>\n<td><strong>Description<\/strong><\/td>\n<\/tr>\n<tr>\n<td>_ga<\/td>\n<td>2 years<\/td>\n<td>Used to distinguish users.<\/td>\n<\/tr>\n<tr>\n<td>_gat<\/td>\n<td>10 minutes<\/td>\n<td>Used to throttle request rate.<\/td>\n<\/tr>\n<tr>\n<td>_gid<\/td>\n<td>24 hours<\/td>\n<td>Used to distinguish users.<\/td>\n<\/tr>\n<tr>\n<td>JSESSIONID<\/td>\n<td>Session<\/td>\n<td>Preserves users states across page requests.<\/td>\n<\/tr>\n<tr>\n<td>lang<\/td>\n<td>Session<\/td>\n<td>Remembers the user&rsquo;s selected language version of a website<\/td>\n<\/tr>\n<tr>\n<td>collect<\/td>\n<td>Session<\/td>\n<td>Used to send data to Google Analytics about the visitor&rsquo;s device and behavior. Tracks the visitor across devices and marketing channels.<\/td>\n<\/tr>\n<tr>\n<td>__widgetsettings<\/td>\n<td>Persistent<\/td>\n<td>twitter.com<\/td>\n<\/tr>\n<tr>\n<td>GPS<\/td>\n<td>1 day<\/td>\n<td>Registers a unique ID on mobile devices to enable tracking based on geographical GPS location.<\/td>\n<\/tr>\n<tr>\n<td>i\/jot\/syndication<\/td>\n<td>Session<\/td>\n<td>twitter.com<\/td>\n<\/tr>\n<tr>\n<td>IDE<\/td>\n<td>1 year<\/td>\n<td>Used by Google DoubleClick to register and report the website user&rsquo;s actions after viewing or clicking one of the advertiser&rsquo;s ads with the purpose of measuring the efficacy of an ad and to present targeted ads to the user.<\/td>\n<\/tr>\n<tr>\n<td>local_storage_support_test<\/td>\n<td>Persistent<\/td>\n<td>The cookie is used in context with the local-storage function in the browser. This function allows the website to load faster by pre-loading certain procedures.<\/td>\n<\/tr>\n<tr>\n<td>PREF<\/td>\n<td>8 months<\/td>\n<td>Registers a unique ID that is used by Google to keep statistics of how the visitor uses YouTube videos across different websites.<\/td>\n<\/tr>\n<tr>\n<td>r\/collect<\/td>\n<td>Session<\/td>\n<td>This cookie is used to send data to Google Analytics about the visitor&rsquo;s device and behavior. It tracks the visitor across devices and marketing channels.<\/td>\n<\/tr>\n<tr>\n<td>test_cookie<\/td>\n<td>1 day<\/td>\n<td>Used to check if the user&rsquo;s browser supports cookies.<\/td>\n<\/tr>\n<tr>\n<td>VISITOR_INFO1_LIVE<\/td>\n<td>179 days<\/td>\n<td>Tries to estimate the users&rsquo; bandwidth on pages with integrated YouTube videos.<\/td>\n<\/tr>\n<tr>\n<td>YSC<\/td>\n<td>Session<\/td>\n<td>Registers a unique ID to keep statistics of what videos from YouTube the user has seen.<\/td>\n<\/tr>\n<tr>\n<td>yt-remote-cast-installed<\/td>\n<td>Session<\/td>\n<td>Stores the user&rsquo;s video player preferences using embedded YouTube video<\/td>\n<\/tr>\n<tr>\n<td>yt-remote-connected-devices<\/td>\n<td>Persistent<\/td>\n<td>Stores the user&rsquo;s video player preferences using embedded YouTube video<\/td>\n<\/tr>\n<tr>\n<td>yt-remote-device-id<\/td>\n<td>Persistent<\/td>\n<td>Stores the user&rsquo;s video player preferences using embedded YouTube video<\/td>\n<\/tr>\n<tr>\n<td>yt-remote-fast-check-period<\/td>\n<td>Session<\/td>\n<td>Stores the user&rsquo;s video player preferences using embedded YouTube video<\/td>\n<\/tr>\n<tr>\n<td>yt-remote-session-app<\/td>\n<td>Session<\/td>\n<td>Stores the user&rsquo;s video player preferences using embedded YouTube video<\/td>\n<\/tr>\n<tr>\n<td>yt-remote-session-name<\/td>\n<td>Session<\/td>\n<td>Stores the user&rsquo;s video player preferences using embedded YouTube video<\/td>\n<\/tr>\n<\/tbody>\n<\/table>\n<p><strong>D\u00e9sactivation des cookies<\/strong><\/p>\n<p>Vous pouvez g\u00e9n\u00e9ralement d\u00e9sactiver les cookies en ajustant les param\u00e8tres de votre navigateur pour qu&rsquo;il n&rsquo;accepte plus les cookies. Cependant, cela limitera probablement la fonctionnalit\u00e9 de notre site et d&rsquo;une grande partie des sites web du monde entier, car les cookies sont un \u00e9l\u00e9ment standard de la plupart des sites web modernes. Il se peut que vos inqui\u00e9tudes concernant les cookies soient li\u00e9es \u00e0 ce que l&rsquo;on appelle les \u00ab\u00a0spywares\u00a0\u00bb. Plut\u00f4t que de d\u00e9sactiver les cookies dans votre navigateur, vous pouvez constater qu&rsquo;un logiciel anti-espion atteint le m\u00eame objectif en supprimant automatiquement les cookies consid\u00e9r\u00e9s comme envahissants.<\/p>\n<h2>Termes et conditions du site web<\/h2>\n<p>Voici les conditions d&rsquo;utilisation de ce site web. Si vous utilisez le site, vous \u00eates r\u00e9put\u00e9 les avoir accept\u00e9es.<\/p>\n<p>&nbsp;<\/p>\n<p><strong>Utilisation de ce site web<\/strong><\/p>\n<p>Les informations figurant sur ce site sont uniquement destin\u00e9es \u00e0 des fins d&rsquo;information g\u00e9n\u00e9rale et ne constituent pas une publicit\u00e9.\u00a0 Nous n&rsquo;acceptons aucune responsabilit\u00e9 pour toute perte pouvant r\u00e9sulter de l&rsquo;acc\u00e8s ou de la confiance accord\u00e9e aux informations contenues dans ce site.<\/p>\n<p><strong><br \/>\nLiens<br \/>\n<\/strong><\/p>\n<p>Nous ne sommes pas responsables du contenu des sites Internet externes qui renvoient \u00e0 ce site. \u00a0Ce site fournit des liens vers certains sites Internet externes qui ne sont pas sous le contr\u00f4le de RCR Industrial Flooring ou des soci\u00e9t\u00e9s de son groupe, et RCR n&rsquo;est pas responsable du contenu de ces sites.<\/p>\n<p><strong><br \/>\nCopyright<\/strong><\/p>\n<p>Le contenu de ce site est prot\u00e9g\u00e9 par le droit d&rsquo;auteur en vertu des conventions internationales. Sauf indication contraire, tous les \u00e9l\u00e9ments de ce site, y compris la conception, les textes, les graphiques et les photographies, sont la propri\u00e9t\u00e9 de RCR Industrial Flooring S.L.U. ou des soci\u00e9t\u00e9s de son groupe.<\/p>\n<p>Vous \u00eates autoris\u00e9 \u00e0 lire le contenu et \u00e0 en faire des copies pour votre usage personnel. Vous pouvez \u00e9galement donner des copies (sur papier ou sous forme \u00e9lectronique) d&rsquo;extraits raisonnables \u00e0 titre occasionnel, gratuitement, \u00e0 des coll\u00e8gues et \u00e0 des clients pour leur usage personnel, dans des conditions qui<\/p>\n<ul>\n<li>nous sommes reconnus comme la source;<\/li>\n<li>le texte n&rsquo;est modifi\u00e9 en aucune fa\u00e7on;<\/li>\n<li>l&rsquo;attention des b\u00e9n\u00e9ficiaires est attir\u00e9e sur ce point<\/li>\n<\/ul>\n<p>Toute autre utilisation et copie du contenu de ce site, que ce soit directement ou par le biais d&rsquo;un lien hypertexte, est interdite sans l&rsquo;accord \u00e9crit pr\u00e9alable de RCR Industrial Flooring.<\/p>\n<p><strong><br \/>\nRestrictions<br \/>\n<\/strong><\/p>\n<p>Lorsque l&rsquo;acc\u00e8s \u00e0 des parties restreintes de ce site est soumis \u00e0 des conditions plus sp\u00e9cifiques, ce sont ces conditions qui s&rsquo;appliquent. La copie \u00e0 partir de sites web de tiers est soumise \u00e0 toutes les exigences applicables \u00e0 ces sites. Tous les liens \u00e9lectroniques vers une partie quelconque de ce site n\u00e9cessitent notre accord. Veuillez adresser vos demandes par courrier \u00e9lectronique \u00e0 info@rcrindustrialflooring.com.<\/p>\n<p><strong><br \/>\nProtection contre les virus<br \/>\n<\/strong><\/p>\n<p>Nous ne pouvons pas garantir que ce site et son syst\u00e8me de livraison de documents fonctionneront conform\u00e9ment \u00e0 vos attentes ou seront exempts d&rsquo;erreurs et de virus. Bien que des mesures aient \u00e9t\u00e9 prises pour s&rsquo;assurer que ce site est exempt de virus, vous devez vous procurer votre propre protection antivirus.<\/p>\n<p><strong><br \/>\nErreurs de site<br \/>\n<\/strong><\/p>\n<p>Si vous constatez des erreurs sur ce site, veuillez nous contacter par e-mail \u00e0 info@rcrindustrialflooring.com et nous nous efforcerons de les corriger.<\/p>\n<p><strong><br \/>\nMises \u00e0 jour du site<br \/>\n<\/strong><\/p>\n<p>Nous nous r\u00e9servons le droit de mettre \u00e0 jour, de modifier ou de fermer ce site \u00e0 tout moment et de varier ou de modifier ces conditions g\u00e9n\u00e9rales de temps \u00e0 autre. Toute modification prendra effet d\u00e8s sa publication sur ce site.<\/p>\n<p><strong><br \/>\nSites web de tiers<br \/>\n<\/strong><\/p>\n<p>Le site web contient des liens vers d&rsquo;autres sites web. Nous ne sommes pas responsables du contenu de ces sites, ni des politiques ou pratiques de protection de la vie priv\u00e9e des sites web tiers.<\/p>\n<p><strong><br \/>\nDroit applicable<br \/>\n<\/strong><\/p>\n<p>Toute information contenue sur ce site est bas\u00e9e sur le droit anglais, qui est le droit r\u00e9gissant ce site.<\/p>\n<p><strong><br \/>\nConfidentialit\u00e9<br \/>\n<\/strong><\/p>\n<p>Tous les courriers \u00e9lectroniques sont envoy\u00e9s \u00e0 titre confidentiel pour le(s) destinataire(s) uniquement. L&rsquo;utilisation, la diffusion, la distribution, la publication ou la copie non autoris\u00e9e des communications par courrier \u00e9lectronique est strictement interdite.<\/p>\n<\/div>\n<\/div>\n<\/div>\n<\/div>\n<p>&nbsp;<\/p>\n<p>Veuillez \u00e9galement vous r\u00e9f\u00e9rer \u00e0 notre <a href=\"http:\/\/permaban.com\/privacy-policy\/\">Privacy notice<\/a> page.<\/p>\n<p>&nbsp;<\/p>\n<div id=\"cols\">\n<div id=\"r-twocol-col1\" class=\"col l-col2\">\n<div id=\"w-htmlblock_2550\" class=\"widget-wide-pad w-htmlblock moveable\">\n<div class=\"w-htmlblock-content\">\n<p>Une copie de nos conditions commerciales est disponible sur demande.<\/p>\n<p>Pour toute question, veuillez contacter notre responsable de la communication du groupe, Valentina Gonz\u00e1les &#8211; <a href=\"mailto:marketing@rcrindustrialflooring.com\">marketing@rcrindustrialflooring.com<\/a>.<\/p>\n<\/div>\n<\/div>\n<\/div>\n<\/div>\n","protected":false},"excerpt":{"rendered":"<p>Notre site web utilise des cookies, comme le font presque tous les sites web, pour vous offrir la meilleure exp\u00e9rience possible. Les cookies sont de petits fichiers texte qui sont plac\u00e9s sur votre ordinateur ou votre t\u00e9l\u00e9phone portable lorsque vous&#8230;<\/p>\n","protected":false},"author":3,"featured_media":6852,"parent":0,"menu_order":0,"comment_status":"closed","ping_status":"closed","template":"","meta":{"_acf_changed":false,"_monsterinsights_skip_tracking":false,"_monsterinsights_sitenote_active":false,"_monsterinsights_sitenote_note":"","_monsterinsights_sitenote_category":0,"footnotes":""},"class_list":["post-10250","page","type-page","status-publish","has-post-thumbnail","hentry"],"acf":[],"yoast_head":"<!-- This site is optimized with the Yoast SEO plugin v27.3 - https:\/\/yoast.com\/product\/yoast-seo-wordpress\/ -->\n<title>Permaban - Conditions g\u00e9n\u00e9rales du site web | Informations sur les cookies<\/title>\n<meta name=\"robots\" content=\"index, follow, max-snippet:-1, max-image-preview:large, max-video-preview:-1\" \/>\n<link rel=\"canonical\" href=\"https:\/\/permaban.com\/fr\/cookies-et-declarations-legales\/\" \/>\n<meta property=\"og:locale\" content=\"fr_FR\" \/>\n<meta property=\"og:type\" content=\"article\" \/>\n<meta property=\"og:title\" content=\"Permaban - Conditions g\u00e9n\u00e9rales du site web | Informations sur les cookies\" \/>\n<meta property=\"og:description\" content=\"Notre site web utilise des cookies, comme le font presque tous les sites web, pour vous offrir la meilleure exp\u00e9rience possible. Les cookies sont de petits fichiers texte qui sont plac\u00e9s sur votre ordinateur ou votre t\u00e9l\u00e9phone portable lorsque vous...\" \/>\n<meta property=\"og:url\" content=\"https:\/\/permaban.com\/fr\/cookies-et-declarations-legales\/\" \/>\n<meta property=\"og:site_name\" content=\"Permaban\" \/>\n<meta property=\"og:image\" content=\"https:\/\/permaban.com\/wp-content\/uploads\/2019\/06\/SY9A8606-web.jpg\" \/>\n\t<meta property=\"og:image:width\" content=\"1024\" \/>\n\t<meta property=\"og:image:height\" content=\"683\" \/>\n\t<meta property=\"og:image:type\" content=\"image\/jpeg\" \/>\n<meta name=\"twitter:card\" content=\"summary_large_image\" \/>\n<meta name=\"twitter:label1\" content=\"Dur\u00e9e de lecture estim\u00e9e\" \/>\n\t<meta name=\"twitter:data1\" content=\"8 minutes\" \/>\n<script type=\"application\/ld+json\" class=\"yoast-schema-graph\">{\"@context\":\"https:\\\/\\\/schema.org\",\"@graph\":[{\"@type\":\"WebPage\",\"@id\":\"https:\\\/\\\/permaban.com\\\/fr\\\/cookies-et-declarations-legales\\\/\",\"url\":\"https:\\\/\\\/permaban.com\\\/fr\\\/cookies-et-declarations-legales\\\/\",\"name\":\"Permaban - Conditions g\u00e9n\u00e9rales du site web | Informations sur les cookies\",\"isPartOf\":{\"@id\":\"https:\\\/\\\/permaban.com\\\/fr\\\/#website\"},\"primaryImageOfPage\":{\"@id\":\"https:\\\/\\\/permaban.com\\\/fr\\\/cookies-et-declarations-legales\\\/#primaryimage\"},\"image\":{\"@id\":\"https:\\\/\\\/permaban.com\\\/fr\\\/cookies-et-declarations-legales\\\/#primaryimage\"},\"thumbnailUrl\":\"https:\\\/\\\/permaban.com\\\/wp-content\\\/uploads\\\/2019\\\/06\\\/SY9A8606-web.jpg\",\"datePublished\":\"2020-05-12T08:43:35+00:00\",\"breadcrumb\":{\"@id\":\"https:\\\/\\\/permaban.com\\\/fr\\\/cookies-et-declarations-legales\\\/#breadcrumb\"},\"inLanguage\":\"fr-FR\",\"potentialAction\":[{\"@type\":\"ReadAction\",\"target\":[\"https:\\\/\\\/permaban.com\\\/fr\\\/cookies-et-declarations-legales\\\/\"]}]},{\"@type\":\"ImageObject\",\"inLanguage\":\"fr-FR\",\"@id\":\"https:\\\/\\\/permaban.com\\\/fr\\\/cookies-et-declarations-legales\\\/#primaryimage\",\"url\":\"https:\\\/\\\/permaban.com\\\/wp-content\\\/uploads\\\/2019\\\/06\\\/SY9A8606-web.jpg\",\"contentUrl\":\"https:\\\/\\\/permaban.com\\\/wp-content\\\/uploads\\\/2019\\\/06\\\/SY9A8606-web.jpg\",\"width\":1024,\"height\":683,\"caption\":\"Floor surface hardeners | Concrete floor protection | Decorative flooring\"},{\"@type\":\"BreadcrumbList\",\"@id\":\"https:\\\/\\\/permaban.com\\\/fr\\\/cookies-et-declarations-legales\\\/#breadcrumb\",\"itemListElement\":[{\"@type\":\"ListItem\",\"position\":1,\"name\":\"Home\",\"item\":\"https:\\\/\\\/permaban.com\\\/fr\\\/\"},{\"@type\":\"ListItem\",\"position\":2,\"name\":\"Cookies et d\u00e9clarations l\u00e9gales\"}]},{\"@type\":\"WebSite\",\"@id\":\"https:\\\/\\\/permaban.com\\\/fr\\\/#website\",\"url\":\"https:\\\/\\\/permaban.com\\\/fr\\\/\",\"name\":\"Permaban\",\"description\":\"Industrial Flooring Products\",\"potentialAction\":[{\"@type\":\"SearchAction\",\"target\":{\"@type\":\"EntryPoint\",\"urlTemplate\":\"https:\\\/\\\/permaban.com\\\/fr\\\/?s={search_term_string}\"},\"query-input\":{\"@type\":\"PropertyValueSpecification\",\"valueRequired\":true,\"valueName\":\"search_term_string\"}}],\"inLanguage\":\"fr-FR\"}]}<\/script>\n<!-- \/ Yoast SEO plugin. -->","yoast_head_json":{"title":"Permaban - Conditions g\u00e9n\u00e9rales du site web | Informations sur les cookies","robots":{"index":"index","follow":"follow","max-snippet":"max-snippet:-1","max-image-preview":"max-image-preview:large","max-video-preview":"max-video-preview:-1"},"canonical":"https:\/\/permaban.com\/fr\/cookies-et-declarations-legales\/","og_locale":"fr_FR","og_type":"article","og_title":"Permaban - Conditions g\u00e9n\u00e9rales du site web | Informations sur les cookies","og_description":"Notre site web utilise des cookies, comme le font presque tous les sites web, pour vous offrir la meilleure exp\u00e9rience possible. Les cookies sont de petits fichiers texte qui sont plac\u00e9s sur votre ordinateur ou votre t\u00e9l\u00e9phone portable lorsque vous...","og_url":"https:\/\/permaban.com\/fr\/cookies-et-declarations-legales\/","og_site_name":"Permaban","og_image":[{"width":1024,"height":683,"url":"https:\/\/permaban.com\/wp-content\/uploads\/2019\/06\/SY9A8606-web.jpg","type":"image\/jpeg"}],"twitter_card":"summary_large_image","twitter_misc":{"Dur\u00e9e de lecture estim\u00e9e":"8 minutes"},"schema":{"@context":"https:\/\/schema.org","@graph":[{"@type":"WebPage","@id":"https:\/\/permaban.com\/fr\/cookies-et-declarations-legales\/","url":"https:\/\/permaban.com\/fr\/cookies-et-declarations-legales\/","name":"Permaban - Conditions g\u00e9n\u00e9rales du site web | Informations sur les cookies","isPartOf":{"@id":"https:\/\/permaban.com\/fr\/#website"},"primaryImageOfPage":{"@id":"https:\/\/permaban.com\/fr\/cookies-et-declarations-legales\/#primaryimage"},"image":{"@id":"https:\/\/permaban.com\/fr\/cookies-et-declarations-legales\/#primaryimage"},"thumbnailUrl":"https:\/\/permaban.com\/wp-content\/uploads\/2019\/06\/SY9A8606-web.jpg","datePublished":"2020-05-12T08:43:35+00:00","breadcrumb":{"@id":"https:\/\/permaban.com\/fr\/cookies-et-declarations-legales\/#breadcrumb"},"inLanguage":"fr-FR","potentialAction":[{"@type":"ReadAction","target":["https:\/\/permaban.com\/fr\/cookies-et-declarations-legales\/"]}]},{"@type":"ImageObject","inLanguage":"fr-FR","@id":"https:\/\/permaban.com\/fr\/cookies-et-declarations-legales\/#primaryimage","url":"https:\/\/permaban.com\/wp-content\/uploads\/2019\/06\/SY9A8606-web.jpg","contentUrl":"https:\/\/permaban.com\/wp-content\/uploads\/2019\/06\/SY9A8606-web.jpg","width":1024,"height":683,"caption":"Floor surface hardeners | Concrete floor protection | Decorative flooring"},{"@type":"BreadcrumbList","@id":"https:\/\/permaban.com\/fr\/cookies-et-declarations-legales\/#breadcrumb","itemListElement":[{"@type":"ListItem","position":1,"name":"Home","item":"https:\/\/permaban.com\/fr\/"},{"@type":"ListItem","position":2,"name":"Cookies et d\u00e9clarations l\u00e9gales"}]},{"@type":"WebSite","@id":"https:\/\/permaban.com\/fr\/#website","url":"https:\/\/permaban.com\/fr\/","name":"Permaban","description":"Industrial Flooring Products","potentialAction":[{"@type":"SearchAction","target":{"@type":"EntryPoint","urlTemplate":"https:\/\/permaban.com\/fr\/?s={search_term_string}"},"query-input":{"@type":"PropertyValueSpecification","valueRequired":true,"valueName":"search_term_string"}}],"inLanguage":"fr-FR"}]}},"_links":{"self":[{"href":"https:\/\/permaban.com\/fr\/wp-json\/wp\/v2\/pages\/10250","targetHints":{"allow":["GET"]}}],"collection":[{"href":"https:\/\/permaban.com\/fr\/wp-json\/wp\/v2\/pages"}],"about":[{"href":"https:\/\/permaban.com\/fr\/wp-json\/wp\/v2\/types\/page"}],"author":[{"embeddable":true,"href":"https:\/\/permaban.com\/fr\/wp-json\/wp\/v2\/users\/3"}],"replies":[{"embeddable":true,"href":"https:\/\/permaban.com\/fr\/wp-json\/wp\/v2\/comments?post=10250"}],"version-history":[{"count":0,"href":"https:\/\/permaban.com\/fr\/wp-json\/wp\/v2\/pages\/10250\/revisions"}],"wp:featuredmedia":[{"embeddable":true,"href":"https:\/\/permaban.com\/fr\/wp-json\/wp\/v2\/media\/6852"}],"wp:attachment":[{"href":"https:\/\/permaban.com\/fr\/wp-json\/wp\/v2\/media?parent=10250"}],"curies":[{"name":"wp","href":"https:\/\/api.w.org\/{rel}","templated":true}]}}