{"id":10251,"date":"2020-05-12T10:11:46","date_gmt":"2020-05-12T09:11:46","guid":{"rendered":"https:\/\/permaban.com\/produits\/autres-produits-de-revetements-de-sol-industriels\/"},"modified":"2020-05-22T11:09:46","modified_gmt":"2020-05-22T10:09:46","slug":"autres-produits-de-revetements-de-sol-industriels","status":"publish","type":"page","link":"https:\/\/permaban.com\/fr\/produits-maison\/autres-produits-de-revetements-de-sol-industriels\/","title":{"rendered":"Autres produits de rev\u00eatements de sol industriels"},"content":{"rendered":"<div id=\"pl-10251\"  class=\"panel-layout\" ><div id=\"pg-10251-0\"  class=\"panel-grid panel-no-style\" ><div id=\"pgc-10251-0-0\"  class=\"panel-grid-cell\" ><div id=\"panel-10251-0-0-0\" class=\"so-panel widget widget_sow-editor panel-first-child panel-last-child\" data-index=\"0\" ><div\n\t\t\t\n\t\t\tclass=\"so-widget-sow-editor so-widget-sow-editor-base\"\n\t\t\t\n\t\t>\n<div class=\"siteorigin-widget-tinymce textwidget\">\n\t<h5>Produits Connexes De RCR Pour Les Sols Industriels<\/h5>\n<p>&nbsp;<\/p>\n<\/div>\n<\/div><\/div><\/div><\/div><div id=\"pg-10251-1\"  class=\"panel-grid panel-has-style\" ><div class=\"latest-products panel-row-style panel-row-style-for-10251-1\" ><div id=\"pgc-10251-1-0\"  class=\"panel-grid-cell\" ><div id=\"panel-10251-1-0-0\" class=\"so-panel widget widget_sow-image panel-first-child\" data-index=\"1\" ><div\n\t\t\t\n\t\t\tclass=\"so-widget-sow-image so-widget-sow-image-default-dbf295114b96-10251\"\n\t\t\t\n\t\t>\n<div class=\"sow-image-container\">\n\t\t\t<a href=\"http:\/\/permaban.com\/products-home\/joint-sealants\/\"\n\t\t\t\t\t>\n\t\t\t<img \n\tsrc=\"https:\/\/permaban.com\/wp-content\/uploads\/2019\/06\/Checking-floor-level-after-completion-1-640x364.jpg\" width=\"640\" height=\"364\" srcset=\"https:\/\/permaban.com\/wp-content\/uploads\/2019\/06\/Checking-floor-level-after-completion-1-640x364.jpg 640w, https:\/\/permaban.com\/wp-content\/uploads\/2019\/06\/Checking-floor-level-after-completion-1.jpg 750w\" sizes=\"(max-width: 640px) 100vw, 640px\" title=\"Checking floor level after completion\" alt=\"\" \t\tclass=\"so-widget-image\"\/>\n\t\t\t<\/a><\/div>\n\n<\/div><\/div><div id=\"panel-10251-1-0-1\" class=\"so-panel widget widget_sow-editor panel-last-child\" data-index=\"2\" ><div class=\"first-p-blue panel-widget-style panel-widget-style-for-10251-1-0-1\" ><div\n\t\t\t\n\t\t\tclass=\"so-widget-sow-editor so-widget-sow-editor-base\"\n\t\t\t\n\t\t>\n<div class=\"siteorigin-widget-tinymce textwidget\">\n\t<p><strong><a href=\"https:\/\/permaban.com\/fr\/produits\/mastics\/\">MASTICS (Rocland)<\/a><\/strong><\/p>\n<p><em>Ces mastics remplissent les \u00e9carts des joints de construction afin de prot\u00e9ger les ar\u00eates contre les dommages et emp\u00eacher que des d\u00e9bris ne p\u00e9n\u00e8trent dans le joint. <a href=\"https:\/\/permaban.com\/fr\/produits\/mastics\/\">En savoir plus.<\/a><\/em><\/p>\n<\/div>\n<\/div><\/div><\/div><\/div><div id=\"pgc-10251-1-1\"  class=\"panel-grid-cell\" ><div id=\"panel-10251-1-1-0\" class=\"so-panel widget widget_sow-image panel-first-child\" data-index=\"3\" ><div\n\t\t\t\n\t\t\tclass=\"so-widget-sow-image so-widget-sow-image-default-dbf295114b96-10251\"\n\t\t\t\n\t\t>\n<div class=\"sow-image-container\">\n\t\t\t<a href=\"http:\/\/permaban.com\/products-home\/dry-shake-surface-hardeners\/\"\n\t\t\t\t\t>\n\t\t\t<img \n\tsrc=\"https:\/\/permaban.com\/wp-content\/uploads\/2019\/06\/Rocland-Surface-hardeners-1-640x364.jpg\" width=\"640\" height=\"364\" srcset=\"https:\/\/permaban.com\/wp-content\/uploads\/2019\/06\/Rocland-Surface-hardeners-1-640x364.jpg 640w, https:\/\/permaban.com\/wp-content\/uploads\/2019\/06\/Rocland-Surface-hardeners-1.jpg 750w\" sizes=\"(max-width: 640px) 100vw, 640px\" title=\"Rocland-Surface-hardeners\" alt=\"\" \t\tclass=\"so-widget-image\"\/>\n\t\t\t<\/a><\/div>\n\n<\/div><\/div><div id=\"panel-10251-1-1-1\" class=\"so-panel widget widget_sow-editor panel-last-child\" data-index=\"4\" ><div class=\"first-p-blue panel-widget-style panel-widget-style-for-10251-1-1-1\" ><div\n\t\t\t\n\t\t\tclass=\"so-widget-sow-editor so-widget-sow-editor-base\"\n\t\t\t\n\t\t>\n<div class=\"siteorigin-widget-tinymce textwidget\">\n\t<p><strong><a href=\"https:\/\/permaban.com\/fr\/produits\/durcisseurs-de-surface-a-saupoudrer-dry-shake\/\">DURCISSEURS DE SURFACE (Rocland)<\/a><\/strong><\/p>\n<p><em>Les durcisseurs de surface (\u00e9galement d\u00e9sign\u00e9s par le terme produits de saupoudrage) prot\u00e8gent la surface d\u2019un sol en b\u00e9ton en accroissent la duret\u00e9 et la durabilit\u00e9 et peuvent ajouter une capacit\u00e9 antid\u00e9rapante ainsi que de la couleur. <a href=\"https:\/\/permaban.com\/fr\/produits\/durcisseurs-de-surface-a-saupoudrer-dry-shake\/\">En savoir plus.<\/a><\/em><\/p>\n<\/div>\n<\/div><\/div><\/div><\/div><\/div><\/div><div id=\"pg-10251-2\"  class=\"panel-grid panel-has-style\" ><div class=\"latest-products panel-row-style panel-row-style-for-10251-2\" ><div id=\"pgc-10251-2-0\"  class=\"panel-grid-cell\" ><div id=\"panel-10251-2-0-0\" class=\"so-panel widget widget_sow-image panel-first-child\" data-index=\"5\" ><div\n\t\t\t\n\t\t\tclass=\"so-widget-sow-image so-widget-sow-image-default-dbf295114b96-10251\"\n\t\t\t\n\t\t>\n<div class=\"sow-image-container\">\n\t\t\t<a href=\"http:\/\/permaban.com\/products-home\/sealing-curing-products\/\"\n\t\t\t\t\t>\n\t\t\t<img \n\tsrc=\"https:\/\/permaban.com\/wp-content\/uploads\/2019\/06\/Rocland-curing-and-sealing-agents-1-640x364.jpg\" width=\"640\" height=\"364\" srcset=\"https:\/\/permaban.com\/wp-content\/uploads\/2019\/06\/Rocland-curing-and-sealing-agents-1-640x364.jpg 640w, https:\/\/permaban.com\/wp-content\/uploads\/2019\/06\/Rocland-curing-and-sealing-agents-1.jpg 750w\" sizes=\"(max-width: 640px) 100vw, 640px\" title=\"Rocland curing and sealing agents\" alt=\"\" \t\tclass=\"so-widget-image\"\/>\n\t\t\t<\/a><\/div>\n\n<\/div><\/div><div id=\"panel-10251-2-0-1\" class=\"so-panel widget widget_sow-editor panel-last-child\" data-index=\"6\" ><div class=\"first-p-blue panel-widget-style panel-widget-style-for-10251-2-0-1\" ><div\n\t\t\t\n\t\t\tclass=\"so-widget-sow-editor so-widget-sow-editor-base\"\n\t\t\t\n\t\t>\n<div class=\"siteorigin-widget-tinymce textwidget\">\n\t<p><a href=\"https:\/\/permaban.com\/fr\/produits\/produits-detancheite-et-de-durcissement\/\"><strong>AGENTS DE SCELLAGE ET DE DURCISSEMENT DU B\u00c9TON (Rocland)<\/strong><\/a><\/p>\n<p><em>Ces additifs \u00e0 pulv\u00e9riser am\u00e9liorent le durcissement, augmentent la duret\u00e9 et la durabilit\u00e9 du sol, et scellent partiellement la surface pour prot\u00e9ger le sol. <a href=\"https:\/\/permaban.com\/fr\/produits\/produits-detancheite-et-de-durcissement\/\">En savoir plus.<\/a><\/em><\/p>\n<\/div>\n<\/div><\/div><\/div><\/div><div id=\"pgc-10251-2-1\"  class=\"panel-grid-cell\" ><div id=\"panel-10251-2-1-0\" class=\"so-panel widget widget_sow-image panel-first-child\" data-index=\"7\" ><div\n\t\t\t\n\t\t\tclass=\"so-widget-sow-image so-widget-sow-image-default-dbf295114b96-10251\"\n\t\t\t\n\t\t>\n<div class=\"sow-image-container\">\n\t\t\t<a href=\"http:\/\/permaban.com\/products-home\/resin-systems\/\"\n\t\t\t\t\t>\n\t\t\t<img \n\tsrc=\"https:\/\/permaban.com\/wp-content\/uploads\/2019\/06\/Rinol-Resin-Flooring-Systems-1-640x364.jpg\" width=\"640\" height=\"364\" srcset=\"https:\/\/permaban.com\/wp-content\/uploads\/2019\/06\/Rinol-Resin-Flooring-Systems-1-640x364.jpg 640w, https:\/\/permaban.com\/wp-content\/uploads\/2019\/06\/Rinol-Resin-Flooring-Systems-1.jpg 750w\" sizes=\"(max-width: 640px) 100vw, 640px\" title=\"Rinol Resin Flooring Systems\" alt=\"\" \t\tclass=\"so-widget-image\"\/>\n\t\t\t<\/a><\/div>\n\n<\/div><\/div><div id=\"panel-10251-2-1-1\" class=\"so-panel widget widget_sow-editor panel-last-child\" data-index=\"8\" ><div class=\"first-p-blue panel-widget-style panel-widget-style-for-10251-2-1-1\" ><div\n\t\t\t\n\t\t\tclass=\"so-widget-sow-editor so-widget-sow-editor-base\"\n\t\t\t\n\t\t>\n<div class=\"siteorigin-widget-tinymce textwidget\">\n\t<p><a href=\"https:\/\/permaban.com\/fr\/produits\/systemes-de-resine\/\"><strong>SYST\u00c8MES DE SOLS EN R\u00c9SINE (RINOL)<\/strong><\/a><\/p>\n<p><em>Durable et polyvalent, un sol de r\u00e9sine offre une finition attrayante, pratique et durable \u00e0 tout sol commercial ou industriel. RINOL propose une gamme de syst\u00e8mes de sols en r\u00e9sine. Hautement performants, ils ont fait leurs preuves partout dans le monde au cours des cinquante derni\u00e8res ann\u00e9es et sont adapt\u00e9s \u00e0 de nombreuses industries. <a href=\"https:\/\/permaban.com\/fr\/produits\/systemes-de-resine\/\">En savoir plus. <\/a><\/em><\/p>\n<\/div>\n<\/div><\/div><\/div><\/div><\/div><\/div><\/div>","protected":false},"excerpt":{"rendered":"<p>Produits Connexes De RCR Pour Les Sols Industriels&nbsp; MASTICS (Rocland)Ces mastics remplissent les \u00e9carts des joints de construction afin de prot\u00e9ger les ar\u00eates contre les dommages et emp\u00eacher que des d\u00e9bris ne p\u00e9n\u00e8trent dans le joint. En savoir plus. DURCISSEURS&#8230;<\/p>\n","protected":false},"author":1,"featured_media":6441,"parent":10231,"menu_order":0,"comment_status":"closed","ping_status":"closed","template":"","meta":{"_acf_changed":false,"_monsterinsights_skip_tracking":false,"_monsterinsights_sitenote_active":false,"_monsterinsights_sitenote_note":"","_monsterinsights_sitenote_category":0,"footnotes":""},"class_list":["post-10251","page","type-page","status-publish","has-post-thumbnail","hentry"],"acf":[],"yoast_head":"<!-- This site is optimized with the Yoast SEO plugin v27.3 - https:\/\/yoast.com\/product\/yoast-seo-wordpress\/ -->\n<title>Autres produits de rev\u00eatements de sol industriels - Permaban<\/title>\n<meta name=\"robots\" content=\"index, follow, max-snippet:-1, max-image-preview:large, max-video-preview:-1\" \/>\n<link rel=\"canonical\" href=\"https:\/\/permaban.com\/fr\/produits-maison\/autres-produits-de-revetements-de-sol-industriels\/\" \/>\n<meta property=\"og:locale\" content=\"fr_FR\" \/>\n<meta property=\"og:type\" content=\"article\" \/>\n<meta property=\"og:title\" content=\"Autres produits de rev\u00eatements de sol industriels - Permaban\" \/>\n<meta property=\"og:description\" content=\"Produits Connexes De RCR Pour Les Sols Industriels&nbsp; MASTICS (Rocland)Ces mastics remplissent les \u00e9carts des joints de construction afin de prot\u00e9ger les ar\u00eates contre les dommages et emp\u00eacher que des d\u00e9bris ne p\u00e9n\u00e8trent dans le joint. En savoir plus. DURCISSEURS...\" \/>\n<meta property=\"og:url\" content=\"https:\/\/permaban.com\/fr\/produits-maison\/autres-produits-de-revetements-de-sol-industriels\/\" \/>\n<meta property=\"og:site_name\" content=\"Permaban\" \/>\n<meta property=\"article:modified_time\" content=\"2020-05-22T10:09:46+00:00\" \/>\n<meta property=\"og:image\" content=\"https:\/\/permaban.com\/wp-content\/uploads\/2019\/06\/Hand-trowelling-AlphaJoint-installation.jpg\" \/>\n\t<meta property=\"og:image:width\" content=\"1024\" \/>\n\t<meta property=\"og:image:height\" content=\"683\" \/>\n\t<meta property=\"og:image:type\" content=\"image\/jpeg\" \/>\n<meta name=\"twitter:card\" content=\"summary_large_image\" \/>\n<meta name=\"twitter:label1\" content=\"Dur\u00e9e de lecture estim\u00e9e\" \/>\n\t<meta name=\"twitter:data1\" content=\"1 minute\" \/>\n<script type=\"application\/ld+json\" class=\"yoast-schema-graph\">{\"@context\":\"https:\\\/\\\/schema.org\",\"@graph\":[{\"@type\":\"WebPage\",\"@id\":\"https:\\\/\\\/permaban.com\\\/fr\\\/produits-maison\\\/autres-produits-de-revetements-de-sol-industriels\\\/\",\"url\":\"https:\\\/\\\/permaban.com\\\/fr\\\/produits-maison\\\/autres-produits-de-revetements-de-sol-industriels\\\/\",\"name\":\"Autres produits de rev\u00eatements de sol industriels - Permaban\",\"isPartOf\":{\"@id\":\"https:\\\/\\\/permaban.com\\\/fr\\\/#website\"},\"primaryImageOfPage\":{\"@id\":\"https:\\\/\\\/permaban.com\\\/fr\\\/produits-maison\\\/autres-produits-de-revetements-de-sol-industriels\\\/#primaryimage\"},\"image\":{\"@id\":\"https:\\\/\\\/permaban.com\\\/fr\\\/produits-maison\\\/autres-produits-de-revetements-de-sol-industriels\\\/#primaryimage\"},\"thumbnailUrl\":\"https:\\\/\\\/permaban.com\\\/wp-content\\\/uploads\\\/2019\\\/06\\\/Hand-trowelling-AlphaJoint-installation.jpg\",\"datePublished\":\"2020-05-12T09:11:46+00:00\",\"dateModified\":\"2020-05-22T10:09:46+00:00\",\"breadcrumb\":{\"@id\":\"https:\\\/\\\/permaban.com\\\/fr\\\/produits-maison\\\/autres-produits-de-revetements-de-sol-industriels\\\/#breadcrumb\"},\"inLanguage\":\"fr-FR\",\"potentialAction\":[{\"@type\":\"ReadAction\",\"target\":[\"https:\\\/\\\/permaban.com\\\/fr\\\/produits-maison\\\/autres-produits-de-revetements-de-sol-industriels\\\/\"]}]},{\"@type\":\"ImageObject\",\"inLanguage\":\"fr-FR\",\"@id\":\"https:\\\/\\\/permaban.com\\\/fr\\\/produits-maison\\\/autres-produits-de-revetements-de-sol-industriels\\\/#primaryimage\",\"url\":\"https:\\\/\\\/permaban.com\\\/wp-content\\\/uploads\\\/2019\\\/06\\\/Hand-trowelling-AlphaJoint-installation.jpg\",\"contentUrl\":\"https:\\\/\\\/permaban.com\\\/wp-content\\\/uploads\\\/2019\\\/06\\\/Hand-trowelling-AlphaJoint-installation.jpg\",\"width\":1024,\"height\":683},{\"@type\":\"BreadcrumbList\",\"@id\":\"https:\\\/\\\/permaban.com\\\/fr\\\/produits-maison\\\/autres-produits-de-revetements-de-sol-industriels\\\/#breadcrumb\",\"itemListElement\":[{\"@type\":\"ListItem\",\"position\":1,\"name\":\"Home\",\"item\":\"https:\\\/\\\/permaban.com\\\/fr\\\/\"},{\"@type\":\"ListItem\",\"position\":2,\"name\":\"Produits\",\"item\":\"https:\\\/\\\/permaban.com\\\/fr\\\/produits-maison\\\/\"},{\"@type\":\"ListItem\",\"position\":3,\"name\":\"Autres produits de rev\u00eatements de sol industriels\"}]},{\"@type\":\"WebSite\",\"@id\":\"https:\\\/\\\/permaban.com\\\/fr\\\/#website\",\"url\":\"https:\\\/\\\/permaban.com\\\/fr\\\/\",\"name\":\"Permaban\",\"description\":\"Industrial Flooring Products\",\"potentialAction\":[{\"@type\":\"SearchAction\",\"target\":{\"@type\":\"EntryPoint\",\"urlTemplate\":\"https:\\\/\\\/permaban.com\\\/fr\\\/?s={search_term_string}\"},\"query-input\":{\"@type\":\"PropertyValueSpecification\",\"valueRequired\":true,\"valueName\":\"search_term_string\"}}],\"inLanguage\":\"fr-FR\"}]}<\/script>\n<!-- \/ Yoast SEO plugin. -->","yoast_head_json":{"title":"Autres produits de rev\u00eatements de sol industriels - Permaban","robots":{"index":"index","follow":"follow","max-snippet":"max-snippet:-1","max-image-preview":"max-image-preview:large","max-video-preview":"max-video-preview:-1"},"canonical":"https:\/\/permaban.com\/fr\/produits-maison\/autres-produits-de-revetements-de-sol-industriels\/","og_locale":"fr_FR","og_type":"article","og_title":"Autres produits de rev\u00eatements de sol industriels - Permaban","og_description":"Produits Connexes De RCR Pour Les Sols Industriels&nbsp; MASTICS (Rocland)Ces mastics remplissent les \u00e9carts des joints de construction afin de prot\u00e9ger les ar\u00eates contre les dommages et emp\u00eacher que des d\u00e9bris ne p\u00e9n\u00e8trent dans le joint. En savoir plus. DURCISSEURS...","og_url":"https:\/\/permaban.com\/fr\/produits-maison\/autres-produits-de-revetements-de-sol-industriels\/","og_site_name":"Permaban","article_modified_time":"2020-05-22T10:09:46+00:00","og_image":[{"width":1024,"height":683,"url":"https:\/\/permaban.com\/wp-content\/uploads\/2019\/06\/Hand-trowelling-AlphaJoint-installation.jpg","type":"image\/jpeg"}],"twitter_card":"summary_large_image","twitter_misc":{"Dur\u00e9e de lecture estim\u00e9e":"1 minute"},"schema":{"@context":"https:\/\/schema.org","@graph":[{"@type":"WebPage","@id":"https:\/\/permaban.com\/fr\/produits-maison\/autres-produits-de-revetements-de-sol-industriels\/","url":"https:\/\/permaban.com\/fr\/produits-maison\/autres-produits-de-revetements-de-sol-industriels\/","name":"Autres produits de rev\u00eatements de sol industriels - Permaban","isPartOf":{"@id":"https:\/\/permaban.com\/fr\/#website"},"primaryImageOfPage":{"@id":"https:\/\/permaban.com\/fr\/produits-maison\/autres-produits-de-revetements-de-sol-industriels\/#primaryimage"},"image":{"@id":"https:\/\/permaban.com\/fr\/produits-maison\/autres-produits-de-revetements-de-sol-industriels\/#primaryimage"},"thumbnailUrl":"https:\/\/permaban.com\/wp-content\/uploads\/2019\/06\/Hand-trowelling-AlphaJoint-installation.jpg","datePublished":"2020-05-12T09:11:46+00:00","dateModified":"2020-05-22T10:09:46+00:00","breadcrumb":{"@id":"https:\/\/permaban.com\/fr\/produits-maison\/autres-produits-de-revetements-de-sol-industriels\/#breadcrumb"},"inLanguage":"fr-FR","potentialAction":[{"@type":"ReadAction","target":["https:\/\/permaban.com\/fr\/produits-maison\/autres-produits-de-revetements-de-sol-industriels\/"]}]},{"@type":"ImageObject","inLanguage":"fr-FR","@id":"https:\/\/permaban.com\/fr\/produits-maison\/autres-produits-de-revetements-de-sol-industriels\/#primaryimage","url":"https:\/\/permaban.com\/wp-content\/uploads\/2019\/06\/Hand-trowelling-AlphaJoint-installation.jpg","contentUrl":"https:\/\/permaban.com\/wp-content\/uploads\/2019\/06\/Hand-trowelling-AlphaJoint-installation.jpg","width":1024,"height":683},{"@type":"BreadcrumbList","@id":"https:\/\/permaban.com\/fr\/produits-maison\/autres-produits-de-revetements-de-sol-industriels\/#breadcrumb","itemListElement":[{"@type":"ListItem","position":1,"name":"Home","item":"https:\/\/permaban.com\/fr\/"},{"@type":"ListItem","position":2,"name":"Produits","item":"https:\/\/permaban.com\/fr\/produits-maison\/"},{"@type":"ListItem","position":3,"name":"Autres produits de rev\u00eatements de sol industriels"}]},{"@type":"WebSite","@id":"https:\/\/permaban.com\/fr\/#website","url":"https:\/\/permaban.com\/fr\/","name":"Permaban","description":"Industrial Flooring Products","potentialAction":[{"@type":"SearchAction","target":{"@type":"EntryPoint","urlTemplate":"https:\/\/permaban.com\/fr\/?s={search_term_string}"},"query-input":{"@type":"PropertyValueSpecification","valueRequired":true,"valueName":"search_term_string"}}],"inLanguage":"fr-FR"}]}},"_links":{"self":[{"href":"https:\/\/permaban.com\/fr\/wp-json\/wp\/v2\/pages\/10251","targetHints":{"allow":["GET"]}}],"collection":[{"href":"https:\/\/permaban.com\/fr\/wp-json\/wp\/v2\/pages"}],"about":[{"href":"https:\/\/permaban.com\/fr\/wp-json\/wp\/v2\/types\/page"}],"author":[{"embeddable":true,"href":"https:\/\/permaban.com\/fr\/wp-json\/wp\/v2\/users\/1"}],"replies":[{"embeddable":true,"href":"https:\/\/permaban.com\/fr\/wp-json\/wp\/v2\/comments?post=10251"}],"version-history":[{"count":9,"href":"https:\/\/permaban.com\/fr\/wp-json\/wp\/v2\/pages\/10251\/revisions"}],"predecessor-version":[{"id":10479,"href":"https:\/\/permaban.com\/fr\/wp-json\/wp\/v2\/pages\/10251\/revisions\/10479"}],"up":[{"embeddable":true,"href":"https:\/\/permaban.com\/fr\/wp-json\/wp\/v2\/pages\/10231"}],"wp:featuredmedia":[{"embeddable":true,"href":"https:\/\/permaban.com\/fr\/wp-json\/wp\/v2\/media\/6441"}],"wp:attachment":[{"href":"https:\/\/permaban.com\/fr\/wp-json\/wp\/v2\/media?parent=10251"}],"curies":[{"name":"wp","href":"https:\/\/api.w.org\/{rel}","templated":true}]}}