{"id":10252,"date":"2020-05-12T10:16:44","date_gmt":"2020-05-12T09:16:44","guid":{"rendered":"https:\/\/permaban.com\/produits\/produits-detancheite-et-de-durcissement\/"},"modified":"2020-05-22T11:16:40","modified_gmt":"2020-05-22T10:16:40","slug":"produits-detancheite-et-de-durcissement","status":"publish","type":"page","link":"https:\/\/permaban.com\/fr\/produits-maison\/produits-detancheite-et-de-durcissement\/","title":{"rendered":"Produits d\u2019\u00e9tanch\u00e9it\u00e9 et de durcissement"},"content":{"rendered":"<div id=\"pl-10252\"  class=\"panel-layout\" ><div id=\"pg-10252-0\"  class=\"panel-grid panel-no-style\" ><div id=\"pgc-10252-0-0\"  class=\"panel-grid-cell\" ><div id=\"panel-10252-0-0-0\" class=\"so-panel widget widget_sow-editor panel-first-child panel-last-child\" data-index=\"0\" ><div\n\t\t\t\n\t\t\tclass=\"so-widget-sow-editor so-widget-sow-editor-base\"\n\t\t\t\n\t\t>\n<div class=\"siteorigin-widget-tinymce textwidget\">\n\t<p><img loading=\"lazy\" decoding=\"async\" class=\"alignnone size-full wp-image-6938\" src=\"http:\/\/permaban.com\/wp-content\/uploads\/2019\/06\/Rocland-with-strapline-1.jpg\" alt=\"\" width=\"200\" height=\"190\" \/><\/p>\n<p>Les agents de durcissement et d\u2019\u00e9tanch\u00e9it\u00e9 du b\u00e9ton sont des additifs \u00e0 pulv\u00e9riser qui procurent des avantages importants pour la surface d\u2019un sol en b\u00e9ton.<\/p>\n<ul>\n<li data-leveltext=\"\uf0b7\" data-font=\"Symbol\" data-listid=\"1\" aria-setsize=\"-1\" data-aria-posinset=\"1\" data-aria-level=\"1\">Ils agissent comme un agent de durcissement, en aidant le sol \u00e0 durcir plus rapidement et de mani\u00e8re contr\u00f4l\u00e9e.<\/li>\n<li data-leveltext=\"\uf0b7\" data-font=\"Symbol\" data-listid=\"1\" aria-setsize=\"-1\" data-aria-posinset=\"1\" data-aria-level=\"1\">Ils accroissent la duret\u00e9 et la durabilit\u00e9 du sol.<\/li>\n<li data-leveltext=\"\uf0b7\" data-font=\"Symbol\" data-listid=\"1\" aria-setsize=\"-1\" data-aria-posinset=\"1\" data-aria-level=\"1\">Ils \u00e9tanch\u00e9ifient partiellement la surface pour prot\u00e9ger le sol.<\/li>\n<\/ul>\n<p>Certains produits remplissent plus d\u2019une de ces fonctions, d\u2019autres sont clairement \u00e9tiquet\u00e9s comment un produit \u00ab durcisseur \u00bb ou un produit \u00ab durcisseur et d\u2019\u00e9tanch\u00e9it\u00e9 \u00bb.\u202f Nous vous conseillons de v\u00e9rifier les avantages requis pour votre sol et, si n\u00e9cessaire, de vous adresser \u00e0 notre \u00e9quipe, qui vous aidera \u00e0 choisir le meilleur produit pour vos exigences.<\/p>\n<p><strong>RCR Flooring Products fabrique et fournit des produits durcisseurs et d\u2019\u00e9tanch\u00e9it\u00e9 du b\u00e9ton de la marque Rocland. Des informations concernant ces produits sont disponibles <a href=\"http:\/\/www.rocland.eu\/fr\/\">ici, sur le site Web de Rocland.<\/a><\/strong><\/p>\n<p>Pour en apprendre davantage sur les agents de durcissement et d\u2019\u00e9tanch\u00e9it\u00e9, veuillez lire ces articles utiles sur <a href=\"http:\/\/www.rocland.eu\/fr\/\">le site de Rocland.<\/a><\/p>\n<\/div>\n<\/div><\/div><\/div><div id=\"pgc-10252-0-1\"  class=\"panel-grid-cell\" ><div id=\"panel-10252-0-1-0\" class=\"so-panel widget widget_sow-editor panel-first-child panel-last-child\" data-index=\"1\" ><div\n\t\t\t\n\t\t\tclass=\"so-widget-sow-editor so-widget-sow-editor-base\"\n\t\t\t\n\t\t>\n<div class=\"siteorigin-widget-tinymce textwidget\">\n\t<!-- Widget Shortcode --><div id=\"siteorigin-panels-builder-3\" class=\"widget widget_siteorigin-panels-builder widget-shortcode area-product-category-sidebar \"><div id=\"pl-w6214c67744dd0\"  class=\"panel-layout\" ><div id=\"pg-w6214c67744dd0-0\"  class=\"panel-grid panel-has-style\" ><div class=\"primary-color-backround panel-row-style panel-row-style-for-w6214c67744dd0-0\" ><div id=\"pgc-w6214c67744dd0-0-0\"  class=\"panel-grid-cell\" ><div id=\"panel-w6214c67744dd0-0-0-0\" class=\"so-panel widget widget_sow-editor panel-first-child panel-last-child\" data-index=\"0\" ><div class=\"white-text panel-widget-style panel-widget-style-for-w6214c67744dd0-0-0-0\" ><div\n\t\t\t\n\t\t\tclass=\"so-widget-sow-editor so-widget-sow-editor-base\"\n\t\t\t\n\t\t>\n<div class=\"siteorigin-widget-tinymce textwidget\">\n\t<h5><strong>Need some help?<\/strong><br \/>\n<strong>Get in touch.<\/strong><\/h5>\n<\/div>\n<\/div><\/div><\/div><\/div><\/div><\/div><div id=\"pg-w6214c67744dd0-1\"  class=\"panel-grid panel-has-style\" ><div class=\"light-grey-background panel-row-style panel-row-style-for-w6214c67744dd0-1\" ><div id=\"pgc-w6214c67744dd0-1-0\"  class=\"panel-grid-cell\" ><div id=\"panel-w6214c67744dd0-1-0-0\" class=\"so-panel widget widget_sow-editor panel-first-child panel-last-child\" data-index=\"1\" ><div\n\t\t\t\n\t\t\tclass=\"so-widget-sow-editor so-widget-sow-editor-base\"\n\t\t\t\n\t\t>\n<div class=\"siteorigin-widget-tinymce textwidget\">\n\t<p>Contact our sales team today for product advice and pricing.<\/p>\n<p>Call now on<\/p>\n<h5>+44 1752 895288<\/h5>\n<p>Or <a href=\"http:\/\/permaban.com\/find-a-distributor\/\">find a distributor<\/a><\/p>\n<\/div>\n<\/div><\/div><\/div><\/div><\/div><\/div><\/div><!-- \/Widget Shortcode -->\n<\/div>\n<\/div><\/div><\/div><\/div><\/div>","protected":false},"excerpt":{"rendered":"<p>Les agents de durcissement et d\u2019\u00e9tanch\u00e9it\u00e9 du b\u00e9ton sont des additifs \u00e0 pulv\u00e9riser qui procurent des avantages importants pour la surface d\u2019un sol en b\u00e9ton. Ils agissent comme un agent de durcissement, en aidant le sol \u00e0 durcir plus rapidement&#8230;<\/p>\n","protected":false},"author":3,"featured_media":6463,"parent":10231,"menu_order":0,"comment_status":"closed","ping_status":"closed","template":"","meta":{"_acf_changed":false,"_monsterinsights_skip_tracking":false,"_monsterinsights_sitenote_active":false,"_monsterinsights_sitenote_note":"","_monsterinsights_sitenote_category":0,"footnotes":""},"class_list":["post-10252","page","type-page","status-publish","has-post-thumbnail","hentry"],"acf":[],"yoast_head":"<!-- This site is optimized with the Yoast SEO plugin v27.1.1 - https:\/\/yoast.com\/product\/yoast-seo-wordpress\/ -->\n<title>Produits d&#039;\u00e9tanch\u00e9it\u00e9 et de durcissement pour les sols en b\u00e9ton - Permaban<\/title>\n<meta name=\"description\" content=\"Les produits de cure et de scellement du b\u00e9ton aident le sol \u00e0 durcir plus rapidement et de mani\u00e8re contr\u00f4l\u00e9e, \u00e0 sceller partiellement le sol et \u00e0 augmenter la durabilit\u00e9.\" \/>\n<meta name=\"robots\" content=\"index, follow, max-snippet:-1, max-image-preview:large, max-video-preview:-1\" \/>\n<link rel=\"canonical\" href=\"https:\/\/permaban.com\/fr\/produits-maison\/produits-detancheite-et-de-durcissement\/\" \/>\n<meta property=\"og:locale\" content=\"fr_FR\" \/>\n<meta property=\"og:type\" content=\"article\" \/>\n<meta property=\"og:title\" content=\"Produits d&#039;\u00e9tanch\u00e9it\u00e9 et de durcissement pour les sols en b\u00e9ton - Permaban\" \/>\n<meta property=\"og:description\" content=\"Les produits de cure et de scellement du b\u00e9ton aident le sol \u00e0 durcir plus rapidement et de mani\u00e8re contr\u00f4l\u00e9e, \u00e0 sceller partiellement le sol et \u00e0 augmenter la durabilit\u00e9.\" \/>\n<meta property=\"og:url\" content=\"https:\/\/permaban.com\/fr\/produits-maison\/produits-detancheite-et-de-durcissement\/\" \/>\n<meta property=\"og:site_name\" content=\"Permaban\" \/>\n<meta property=\"article:modified_time\" content=\"2020-05-22T10:16:40+00:00\" \/>\n<meta property=\"og:image\" content=\"https:\/\/permaban.com\/wp-content\/uploads\/2019\/06\/Rocland-curing-and-sealing-agents.jpg\" \/>\n\t<meta property=\"og:image:width\" content=\"1024\" \/>\n\t<meta property=\"og:image:height\" content=\"683\" \/>\n\t<meta property=\"og:image:type\" content=\"image\/jpeg\" \/>\n<meta name=\"twitter:card\" content=\"summary_large_image\" \/>\n<meta name=\"twitter:label1\" content=\"Dur\u00e9e de lecture estim\u00e9e\" \/>\n\t<meta name=\"twitter:data1\" content=\"1 minute\" \/>\n<script type=\"application\/ld+json\" class=\"yoast-schema-graph\">{\"@context\":\"https:\/\/schema.org\",\"@graph\":[{\"@type\":\"WebPage\",\"@id\":\"https:\/\/permaban.com\/fr\/produits-maison\/produits-detancheite-et-de-durcissement\/\",\"url\":\"https:\/\/permaban.com\/fr\/produits-maison\/produits-detancheite-et-de-durcissement\/\",\"name\":\"Produits d'\u00e9tanch\u00e9it\u00e9 et de durcissement pour les sols en b\u00e9ton - Permaban\",\"isPartOf\":{\"@id\":\"https:\/\/permaban.com\/fr\/#website\"},\"primaryImageOfPage\":{\"@id\":\"https:\/\/permaban.com\/fr\/produits-maison\/produits-detancheite-et-de-durcissement\/#primaryimage\"},\"image\":{\"@id\":\"https:\/\/permaban.com\/fr\/produits-maison\/produits-detancheite-et-de-durcissement\/#primaryimage\"},\"thumbnailUrl\":\"https:\/\/permaban.com\/wp-content\/uploads\/2019\/06\/Rocland-curing-and-sealing-agents.jpg\",\"datePublished\":\"2020-05-12T09:16:44+00:00\",\"dateModified\":\"2020-05-22T10:16:40+00:00\",\"description\":\"Les produits de cure et de scellement du b\u00e9ton aident le sol \u00e0 durcir plus rapidement et de mani\u00e8re contr\u00f4l\u00e9e, \u00e0 sceller partiellement le sol et \u00e0 augmenter la durabilit\u00e9.\",\"breadcrumb\":{\"@id\":\"https:\/\/permaban.com\/fr\/produits-maison\/produits-detancheite-et-de-durcissement\/#breadcrumb\"},\"inLanguage\":\"fr-FR\",\"potentialAction\":[{\"@type\":\"ReadAction\",\"target\":[\"https:\/\/permaban.com\/fr\/produits-maison\/produits-detancheite-et-de-durcissement\/\"]}]},{\"@type\":\"ImageObject\",\"inLanguage\":\"fr-FR\",\"@id\":\"https:\/\/permaban.com\/fr\/produits-maison\/produits-detancheite-et-de-durcissement\/#primaryimage\",\"url\":\"https:\/\/permaban.com\/wp-content\/uploads\/2019\/06\/Rocland-curing-and-sealing-agents.jpg\",\"contentUrl\":\"https:\/\/permaban.com\/wp-content\/uploads\/2019\/06\/Rocland-curing-and-sealing-agents.jpg\",\"width\":1024,\"height\":683},{\"@type\":\"BreadcrumbList\",\"@id\":\"https:\/\/permaban.com\/fr\/produits-maison\/produits-detancheite-et-de-durcissement\/#breadcrumb\",\"itemListElement\":[{\"@type\":\"ListItem\",\"position\":1,\"name\":\"Home\",\"item\":\"https:\/\/permaban.com\/fr\/\"},{\"@type\":\"ListItem\",\"position\":2,\"name\":\"Produits\",\"item\":\"https:\/\/permaban.com\/fr\/produits-maison\/\"},{\"@type\":\"ListItem\",\"position\":3,\"name\":\"Produits d\u2019\u00e9tanch\u00e9it\u00e9 et de durcissement\"}]},{\"@type\":\"WebSite\",\"@id\":\"https:\/\/permaban.com\/fr\/#website\",\"url\":\"https:\/\/permaban.com\/fr\/\",\"name\":\"Permaban\",\"description\":\"Industrial Flooring Products\",\"potentialAction\":[{\"@type\":\"SearchAction\",\"target\":{\"@type\":\"EntryPoint\",\"urlTemplate\":\"https:\/\/permaban.com\/fr\/?s={search_term_string}\"},\"query-input\":{\"@type\":\"PropertyValueSpecification\",\"valueRequired\":true,\"valueName\":\"search_term_string\"}}],\"inLanguage\":\"fr-FR\"}]}<\/script>\n<!-- \/ Yoast SEO plugin. -->","yoast_head_json":{"title":"Produits d'\u00e9tanch\u00e9it\u00e9 et de durcissement pour les sols en b\u00e9ton - Permaban","description":"Les produits de cure et de scellement du b\u00e9ton aident le sol \u00e0 durcir plus rapidement et de mani\u00e8re contr\u00f4l\u00e9e, \u00e0 sceller partiellement le sol et \u00e0 augmenter la durabilit\u00e9.","robots":{"index":"index","follow":"follow","max-snippet":"max-snippet:-1","max-image-preview":"max-image-preview:large","max-video-preview":"max-video-preview:-1"},"canonical":"https:\/\/permaban.com\/fr\/produits-maison\/produits-detancheite-et-de-durcissement\/","og_locale":"fr_FR","og_type":"article","og_title":"Produits d'\u00e9tanch\u00e9it\u00e9 et de durcissement pour les sols en b\u00e9ton - Permaban","og_description":"Les produits de cure et de scellement du b\u00e9ton aident le sol \u00e0 durcir plus rapidement et de mani\u00e8re contr\u00f4l\u00e9e, \u00e0 sceller partiellement le sol et \u00e0 augmenter la durabilit\u00e9.","og_url":"https:\/\/permaban.com\/fr\/produits-maison\/produits-detancheite-et-de-durcissement\/","og_site_name":"Permaban","article_modified_time":"2020-05-22T10:16:40+00:00","og_image":[{"width":1024,"height":683,"url":"https:\/\/permaban.com\/wp-content\/uploads\/2019\/06\/Rocland-curing-and-sealing-agents.jpg","type":"image\/jpeg"}],"twitter_card":"summary_large_image","twitter_misc":{"Dur\u00e9e de lecture estim\u00e9e":"1 minute"},"schema":{"@context":"https:\/\/schema.org","@graph":[{"@type":"WebPage","@id":"https:\/\/permaban.com\/fr\/produits-maison\/produits-detancheite-et-de-durcissement\/","url":"https:\/\/permaban.com\/fr\/produits-maison\/produits-detancheite-et-de-durcissement\/","name":"Produits d'\u00e9tanch\u00e9it\u00e9 et de durcissement pour les sols en b\u00e9ton - Permaban","isPartOf":{"@id":"https:\/\/permaban.com\/fr\/#website"},"primaryImageOfPage":{"@id":"https:\/\/permaban.com\/fr\/produits-maison\/produits-detancheite-et-de-durcissement\/#primaryimage"},"image":{"@id":"https:\/\/permaban.com\/fr\/produits-maison\/produits-detancheite-et-de-durcissement\/#primaryimage"},"thumbnailUrl":"https:\/\/permaban.com\/wp-content\/uploads\/2019\/06\/Rocland-curing-and-sealing-agents.jpg","datePublished":"2020-05-12T09:16:44+00:00","dateModified":"2020-05-22T10:16:40+00:00","description":"Les produits de cure et de scellement du b\u00e9ton aident le sol \u00e0 durcir plus rapidement et de mani\u00e8re contr\u00f4l\u00e9e, \u00e0 sceller partiellement le sol et \u00e0 augmenter la durabilit\u00e9.","breadcrumb":{"@id":"https:\/\/permaban.com\/fr\/produits-maison\/produits-detancheite-et-de-durcissement\/#breadcrumb"},"inLanguage":"fr-FR","potentialAction":[{"@type":"ReadAction","target":["https:\/\/permaban.com\/fr\/produits-maison\/produits-detancheite-et-de-durcissement\/"]}]},{"@type":"ImageObject","inLanguage":"fr-FR","@id":"https:\/\/permaban.com\/fr\/produits-maison\/produits-detancheite-et-de-durcissement\/#primaryimage","url":"https:\/\/permaban.com\/wp-content\/uploads\/2019\/06\/Rocland-curing-and-sealing-agents.jpg","contentUrl":"https:\/\/permaban.com\/wp-content\/uploads\/2019\/06\/Rocland-curing-and-sealing-agents.jpg","width":1024,"height":683},{"@type":"BreadcrumbList","@id":"https:\/\/permaban.com\/fr\/produits-maison\/produits-detancheite-et-de-durcissement\/#breadcrumb","itemListElement":[{"@type":"ListItem","position":1,"name":"Home","item":"https:\/\/permaban.com\/fr\/"},{"@type":"ListItem","position":2,"name":"Produits","item":"https:\/\/permaban.com\/fr\/produits-maison\/"},{"@type":"ListItem","position":3,"name":"Produits d\u2019\u00e9tanch\u00e9it\u00e9 et de durcissement"}]},{"@type":"WebSite","@id":"https:\/\/permaban.com\/fr\/#website","url":"https:\/\/permaban.com\/fr\/","name":"Permaban","description":"Industrial Flooring Products","potentialAction":[{"@type":"SearchAction","target":{"@type":"EntryPoint","urlTemplate":"https:\/\/permaban.com\/fr\/?s={search_term_string}"},"query-input":{"@type":"PropertyValueSpecification","valueRequired":true,"valueName":"search_term_string"}}],"inLanguage":"fr-FR"}]}},"_links":{"self":[{"href":"https:\/\/permaban.com\/fr\/wp-json\/wp\/v2\/pages\/10252","targetHints":{"allow":["GET"]}}],"collection":[{"href":"https:\/\/permaban.com\/fr\/wp-json\/wp\/v2\/pages"}],"about":[{"href":"https:\/\/permaban.com\/fr\/wp-json\/wp\/v2\/types\/page"}],"author":[{"embeddable":true,"href":"https:\/\/permaban.com\/fr\/wp-json\/wp\/v2\/users\/3"}],"replies":[{"embeddable":true,"href":"https:\/\/permaban.com\/fr\/wp-json\/wp\/v2\/comments?post=10252"}],"version-history":[{"count":2,"href":"https:\/\/permaban.com\/fr\/wp-json\/wp\/v2\/pages\/10252\/revisions"}],"predecessor-version":[{"id":10483,"href":"https:\/\/permaban.com\/fr\/wp-json\/wp\/v2\/pages\/10252\/revisions\/10483"}],"up":[{"embeddable":true,"href":"https:\/\/permaban.com\/fr\/wp-json\/wp\/v2\/pages\/10231"}],"wp:featuredmedia":[{"embeddable":true,"href":"https:\/\/permaban.com\/fr\/wp-json\/wp\/v2\/media\/6463"}],"wp:attachment":[{"href":"https:\/\/permaban.com\/fr\/wp-json\/wp\/v2\/media?parent=10252"}],"curies":[{"name":"wp","href":"https:\/\/api.w.org\/{rel}","templated":true}]}}