{"id":10253,"date":"2020-05-12T10:22:57","date_gmt":"2020-05-12T09:22:57","guid":{"rendered":"https:\/\/permaban.com\/produits\/durcisseurs-de-surface-a-saupoudrer-dry-shake\/"},"modified":"2020-05-22T11:15:29","modified_gmt":"2020-05-22T10:15:29","slug":"durcisseurs-de-surface-a-saupoudrer-dry-shake","status":"publish","type":"page","link":"https:\/\/permaban.com\/fr\/produits-maison\/durcisseurs-de-surface-a-saupoudrer-dry-shake\/","title":{"rendered":"Durcisseurs de surface \u00e0 saupoudrer (Dry-shake)"},"content":{"rendered":"<div id=\"pl-10253\"  class=\"panel-layout\" ><div id=\"pg-10253-0\"  class=\"panel-grid panel-no-style\" ><div id=\"pgc-10253-0-0\"  class=\"panel-grid-cell\" ><div id=\"panel-10253-0-0-0\" class=\"so-panel widget widget_sow-editor panel-first-child panel-last-child\" data-index=\"0\" ><div\n\t\t\t\n\t\t\tclass=\"so-widget-sow-editor so-widget-sow-editor-base\"\n\t\t\t\n\t\t>\n<div class=\"siteorigin-widget-tinymce textwidget\">\n\t<p><img loading=\"lazy\" decoding=\"async\" class=\"alignnone size-full wp-image-6938\" src=\"http:\/\/permaban.com\/wp-content\/uploads\/2019\/06\/Rocland-with-strapline-1.jpg\" alt=\"\" width=\"200\" height=\"190\" \/><\/p>\n<p>La protection d\u2019un sol en b\u00e9ton ne se limite pas aux joints. La surface du sol est particuli\u00e8rement vuln\u00e9rable aux dommages caus\u00e9s par les impacts et les abrasions. L\u2019utilisation d\u2019un durcisseur de surface (commun\u00e9ment appel\u00e9 \u00ab Dry-shake \u00bb ou durcisseur \u00e0 saupoudrer) est l\u2019un des moyens les plus efficaces pour prot\u00e9ger la surface et prolonger la vie du sol.<\/p>\n<p><strong>RCR Flooring Products fabrique et fournit des durcisseurs de surface de la marque Rocland. Des informations concernant ces produits sont disponibles <a href=\"http:\/\/www.rocland.eu\/fr\/\">ici, sur le site Web de Rocland.<\/a><\/strong><\/p>\n<p><img loading=\"lazy\" decoding=\"async\" class=\"alignnone size-large wp-image-6850\" src=\"http:\/\/permaban.com\/wp-content\/uploads\/2019\/06\/SY9A8606-web-1024x683.jpg\" alt=\"\" width=\"1024\" height=\"683\" srcset=\"https:\/\/permaban.com\/wp-content\/uploads\/2019\/06\/SY9A8606-web.jpg 1024w, https:\/\/permaban.com\/wp-content\/uploads\/2019\/06\/SY9A8606-web-640x427.jpg 640w, https:\/\/permaban.com\/wp-content\/uploads\/2019\/06\/SY9A8606-web-768x512.jpg 768w, https:\/\/permaban.com\/wp-content\/uploads\/2019\/06\/SY9A8606-web-272x182.jpg 272w\" sizes=\"auto, (max-width: 1024px) 100vw, 1024px\" \/><\/p>\n<p><strong>Qu\u2019est-ce qu\u2019un durcisseur de surface \u00e0 saupoudrer ?<\/strong><\/p>\n<p>Un durcisseur de surface \u00e0 saupoudrer est une substance granulaire qui est saupoudr\u00e9e uniform\u00e9ment sur un sol en b\u00e9ton frais lors de son durcissement.\u202f Quand il est taloch\u00e9, le durcisseur se m\u00e9lange avec la surface du b\u00e9ton pour cr\u00e9er un rev\u00eatement durable qui ne fait qu\u2019un avec la dalle, prot\u00e8ge le sol en b\u00e9ton et prolonge sa dur\u00e9e de vie.<\/p>\n<p>Les durcisseurs de surface \u00e0 saupoudrer (Dry-shake) comprennent du ciment, des granulats, des adjuvants et des pigments, m\u00e9lang\u00e9s pour cr\u00e9er une poudre. Diff\u00e9rentes formules sont disponibles et adapt\u00e9es \u00e0 toute une gamme d\u2019applications.<\/p>\n<p><strong>Avantages de l\u2019utilisation d\u2019un durcisseur de surface \u00e0 saupoudrer<\/strong><\/p>\n<p>L\u2019utilisation d\u2019un durcisseur de surface offre de nombreux avantages :<\/p>\n<ul>\n<li data-leveltext=\"\uf0b7\" data-font=\"Symbol\" data-listid=\"1\" aria-setsize=\"-1\" data-aria-posinset=\"1\" data-aria-level=\"1\">Il prot\u00e8ge contre les dommages caus\u00e9s par les impacts, la perforation, le grattage et les abrasions.<\/li>\n<li data-leveltext=\"\uf0b7\" data-font=\"Symbol\" data-listid=\"1\" aria-setsize=\"-1\" data-aria-posinset=\"1\" data-aria-level=\"1\">Il r\u00e9duit le co\u00fbt associ\u00e9 \u00e0 la r\u00e9paration et \u00e0 la maintenance des sols tout au long de leur vie.<\/li>\n<li data-leveltext=\"\uf0b7\" data-font=\"Symbol\" data-listid=\"1\" aria-setsize=\"-1\" data-aria-posinset=\"1\" data-aria-level=\"1\">Il am\u00e9liore l\u2019apparence du sol.<\/li>\n<li data-leveltext=\"\uf0b7\" data-font=\"Symbol\" data-listid=\"1\" aria-setsize=\"-1\" data-aria-posinset=\"1\" data-aria-level=\"1\">Il s\u2019agit d\u2019un moyen rentable d\u2019ajouter de la couleur. Diff\u00e9rentes couleurs peuvent \u00eatre utilis\u00e9es pour d\u00e9signer diff\u00e9rentes zones du sol.<\/li>\n<li data-leveltext=\"\uf0b7\" data-font=\"Symbol\" data-listid=\"1\" aria-setsize=\"-1\" data-aria-posinset=\"1\" data-aria-level=\"1\">Pour les sols en b\u00e9ton arm\u00e9 de fibres d\u2019acier usin\u00e9 (SFRC), il aide \u00e0 supprimer toutes les fibres d\u2019acier \u00e0 proximit\u00e9 de la surface.<\/li>\n<li data-leveltext=\"\uf0b7\" data-font=\"Symbol\" data-listid=\"1\" aria-setsize=\"-1\" data-aria-posinset=\"1\" data-aria-level=\"1\">Il peut ajouter de la texture et une fonction antid\u00e9rapante.<\/li>\n<li data-leveltext=\"\uf0b7\" data-font=\"Symbol\" data-listid=\"1\" aria-setsize=\"-1\" data-aria-posinset=\"1\" data-aria-level=\"1\">Il peut aider le sol \u00e0 r\u00e9fl\u00e9chir plus de lumi\u00e8re, ce qui r\u00e9duit les besoins en \u00e9clairage et en \u00e9nergie.<\/li>\n<li data-leveltext=\"\uf0b7\" data-font=\"Symbol\" data-listid=\"1\" aria-setsize=\"-1\" data-aria-posinset=\"1\" data-aria-level=\"1\">Il aide \u00e0 instiller chez les propri\u00e9taires d\u2019immeubles et les utilisateurs l\u2019id\u00e9e qu\u2019il faut prendre soin des sols.<\/li>\n<li data-leveltext=\"\uf0b7\" data-font=\"Symbol\" data-listid=\"1\" aria-setsize=\"-1\" data-aria-posinset=\"1\" data-aria-level=\"1\">Il peut ajouter de la valeur aux b\u00e2timents industriels et en faciliter la vente.<\/li>\n<\/ul>\n<p><img loading=\"lazy\" decoding=\"async\" class=\"alignnone size-large wp-image-6860\" src=\"http:\/\/permaban.com\/wp-content\/uploads\/2019\/06\/IMG_5253-1024x683.jpg\" alt=\"\" width=\"1024\" height=\"683\" srcset=\"https:\/\/permaban.com\/wp-content\/uploads\/2019\/06\/IMG_5253-1024x683.jpg 1024w, https:\/\/permaban.com\/wp-content\/uploads\/2019\/06\/IMG_5253-640x427.jpg 640w, https:\/\/permaban.com\/wp-content\/uploads\/2019\/06\/IMG_5253-768x512.jpg 768w, https:\/\/permaban.com\/wp-content\/uploads\/2019\/06\/IMG_5253-272x182.jpg 272w\" sizes=\"auto, (max-width: 1024px) 100vw, 1024px\" \/><\/p>\n<p>Application sec sur mouill\u00e9 ou mouill\u00e9 sur mouill\u00e9<\/p>\n<p>Bien que couramment saupoudr\u00e9 sous forme de poudre s\u00e8che (d\u2019o\u00f9 le nom de \u00ab Dry-shake \u00bb), un durcisseur de surface peut \u00e9galement \u00eatre appliqu\u00e9 sous la forme d\u2019une bouillie \u00ab mouill\u00e9 sur mouill\u00e9 \u00bb. Cela conf\u00e8re au sol une protection suppl\u00e9mentaire au sol, une finition plus riche et plus profonde et prolonge consid\u00e9rablement sa dur\u00e9e de vie.<\/p>\n<p><strong>Choix de couleurs<\/strong><\/p>\n<p>La marque Rocland propose une gamme de couleurs standard, mais il est \u00e9galement possible de cr\u00e9er des couleurs sp\u00e9cifiques. Veuillez contacter RCR Flooring Products au sujet de vos exigences dans les meilleurs d\u00e9lais.<\/p>\n<p><span data-ccp-props=\"{&quot;201341983&quot;:0,&quot;335559739&quot;:200,&quot;335559740&quot;:276}\"> <img loading=\"lazy\" decoding=\"async\" class=\"alignnone size-large wp-image-6855\" src=\"http:\/\/permaban.com\/wp-content\/uploads\/2019\/06\/image.jpg-1024x763.jpeg\" alt=\"\" width=\"1024\" height=\"763\" srcset=\"https:\/\/permaban.com\/wp-content\/uploads\/2019\/06\/image.jpg-1024x763.jpeg 1024w, https:\/\/permaban.com\/wp-content\/uploads\/2019\/06\/image.jpg-573x427.jpeg 573w, https:\/\/permaban.com\/wp-content\/uploads\/2019\/06\/image.jpg-768x572.jpeg 768w, https:\/\/permaban.com\/wp-content\/uploads\/2019\/06\/image.jpg.jpeg 1618w\" sizes=\"auto, (max-width: 1024px) 100vw, 1024px\" \/><\/span><\/p>\n<p><strong>Pour en savoir plus sur les durcisseurs de surface \u00e0 saupoudrer (Dry-shake), veuillez lire ces articles utiles sur le <a href=\"http:\/\/www.rocland.eu\/fr\/\">site de Rocland.<\/a><\/strong><\/p>\n<\/div>\n<\/div><\/div><\/div><div id=\"pgc-10253-0-1\"  class=\"panel-grid-cell\" ><div id=\"panel-10253-0-1-0\" class=\"so-panel widget widget_sow-editor panel-first-child panel-last-child\" data-index=\"1\" ><div\n\t\t\t\n\t\t\tclass=\"so-widget-sow-editor so-widget-sow-editor-base\"\n\t\t\t\n\t\t>\n<div class=\"siteorigin-widget-tinymce textwidget\">\n\t<!-- Widget Shortcode --><div id=\"siteorigin-panels-builder-3\" class=\"widget widget_siteorigin-panels-builder widget-shortcode area-product-category-sidebar \"><div id=\"pl-w6214c67744dd0\"  class=\"panel-layout\" ><div id=\"pg-w6214c67744dd0-0\"  class=\"panel-grid panel-has-style\" ><div class=\"primary-color-backround panel-row-style panel-row-style-for-w6214c67744dd0-0\" ><div id=\"pgc-w6214c67744dd0-0-0\"  class=\"panel-grid-cell\" ><div id=\"panel-w6214c67744dd0-0-0-0\" class=\"so-panel widget widget_sow-editor panel-first-child panel-last-child\" data-index=\"0\" ><div class=\"white-text panel-widget-style panel-widget-style-for-w6214c67744dd0-0-0-0\" ><div\n\t\t\t\n\t\t\tclass=\"so-widget-sow-editor so-widget-sow-editor-base\"\n\t\t\t\n\t\t>\n<div class=\"siteorigin-widget-tinymce textwidget\">\n\t<h5><strong>Need some help?<\/strong><br \/>\n<strong>Get in touch.<\/strong><\/h5>\n<\/div>\n<\/div><\/div><\/div><\/div><\/div><\/div><div id=\"pg-w6214c67744dd0-1\"  class=\"panel-grid panel-has-style\" ><div class=\"light-grey-background panel-row-style panel-row-style-for-w6214c67744dd0-1\" ><div id=\"pgc-w6214c67744dd0-1-0\"  class=\"panel-grid-cell\" ><div id=\"panel-w6214c67744dd0-1-0-0\" class=\"so-panel widget widget_sow-editor panel-first-child panel-last-child\" data-index=\"1\" ><div\n\t\t\t\n\t\t\tclass=\"so-widget-sow-editor so-widget-sow-editor-base\"\n\t\t\t\n\t\t>\n<div class=\"siteorigin-widget-tinymce textwidget\">\n\t<p>Contact our sales team today for product advice and pricing.<\/p>\n<p>Call now on<\/p>\n<h5>+44 1752 895288<\/h5>\n<p>Or <a href=\"http:\/\/permaban.com\/find-a-distributor\/\">find a distributor<\/a><\/p>\n<\/div>\n<\/div><\/div><\/div><\/div><\/div><\/div><\/div><!-- \/Widget Shortcode -->\n<\/div>\n<\/div><\/div><\/div><\/div><\/div>","protected":false},"excerpt":{"rendered":"<p>La protection d\u2019un sol en b\u00e9ton ne se limite pas aux joints. La surface du sol est particuli\u00e8rement vuln\u00e9rable aux dommages caus\u00e9s par les impacts et les abrasions. L\u2019utilisation d\u2019un durcisseur de surface (commun\u00e9ment appel\u00e9 \u00ab Dry-shake \u00bb ou durcisseur&#8230;<\/p>\n","protected":false},"author":3,"featured_media":6458,"parent":10231,"menu_order":0,"comment_status":"closed","ping_status":"closed","template":"","meta":{"_acf_changed":false,"_monsterinsights_skip_tracking":false,"_monsterinsights_sitenote_active":false,"_monsterinsights_sitenote_note":"","_monsterinsights_sitenote_category":0,"footnotes":""},"class_list":["post-10253","page","type-page","status-publish","has-post-thumbnail","hentry"],"acf":[],"yoast_head":"<!-- This site is optimized with the Yoast SEO plugin v27.1.1 - https:\/\/yoast.com\/product\/yoast-seo-wordpress\/ -->\n<title>Durcisseur \u00e0 sec pour sols industriels en b\u00e9ton - Permaban<\/title>\n<meta name=\"description\" content=\"L&#039;utilisation d&#039;un durcisseur de surface (commun\u00e9ment appel\u00e9 dry-shake), est l&#039;un des moyens les plus efficaces pour prot\u00e9ger la surface et prolonger la vie du sol.\" \/>\n<meta name=\"robots\" content=\"index, follow, max-snippet:-1, max-image-preview:large, max-video-preview:-1\" \/>\n<link rel=\"canonical\" href=\"https:\/\/permaban.com\/fr\/produits-maison\/durcisseurs-de-surface-a-saupoudrer-dry-shake\/\" \/>\n<meta property=\"og:locale\" content=\"fr_FR\" \/>\n<meta property=\"og:type\" content=\"article\" \/>\n<meta property=\"og:title\" content=\"Durcisseur \u00e0 sec pour sols industriels en b\u00e9ton - Permaban\" \/>\n<meta property=\"og:description\" content=\"L&#039;utilisation d&#039;un durcisseur de surface (commun\u00e9ment appel\u00e9 dry-shake), est l&#039;un des moyens les plus efficaces pour prot\u00e9ger la surface et prolonger la vie du sol.\" \/>\n<meta property=\"og:url\" content=\"https:\/\/permaban.com\/fr\/produits-maison\/durcisseurs-de-surface-a-saupoudrer-dry-shake\/\" \/>\n<meta property=\"og:site_name\" content=\"Permaban\" \/>\n<meta property=\"article:modified_time\" content=\"2020-05-22T10:15:29+00:00\" \/>\n<meta property=\"og:image\" content=\"https:\/\/permaban.com\/wp-content\/uploads\/2019\/06\/Rocland-Surface-hardeners.jpg\" \/>\n\t<meta property=\"og:image:width\" content=\"1024\" \/>\n\t<meta property=\"og:image:height\" content=\"683\" \/>\n\t<meta property=\"og:image:type\" content=\"image\/jpeg\" \/>\n<meta name=\"twitter:card\" content=\"summary_large_image\" \/>\n<meta name=\"twitter:label1\" content=\"Dur\u00e9e de lecture estim\u00e9e\" \/>\n\t<meta name=\"twitter:data1\" content=\"3 minutes\" \/>\n<script type=\"application\/ld+json\" class=\"yoast-schema-graph\">{\"@context\":\"https:\/\/schema.org\",\"@graph\":[{\"@type\":\"WebPage\",\"@id\":\"https:\/\/permaban.com\/fr\/produits-maison\/durcisseurs-de-surface-a-saupoudrer-dry-shake\/\",\"url\":\"https:\/\/permaban.com\/fr\/produits-maison\/durcisseurs-de-surface-a-saupoudrer-dry-shake\/\",\"name\":\"Durcisseur \u00e0 sec pour sols industriels en b\u00e9ton - Permaban\",\"isPartOf\":{\"@id\":\"https:\/\/permaban.com\/fr\/#website\"},\"primaryImageOfPage\":{\"@id\":\"https:\/\/permaban.com\/fr\/produits-maison\/durcisseurs-de-surface-a-saupoudrer-dry-shake\/#primaryimage\"},\"image\":{\"@id\":\"https:\/\/permaban.com\/fr\/produits-maison\/durcisseurs-de-surface-a-saupoudrer-dry-shake\/#primaryimage\"},\"thumbnailUrl\":\"https:\/\/permaban.com\/wp-content\/uploads\/2019\/06\/Rocland-Surface-hardeners.jpg\",\"datePublished\":\"2020-05-12T09:22:57+00:00\",\"dateModified\":\"2020-05-22T10:15:29+00:00\",\"description\":\"L'utilisation d'un durcisseur de surface (commun\u00e9ment appel\u00e9 dry-shake), est l'un des moyens les plus efficaces pour prot\u00e9ger la surface et prolonger la vie du sol.\",\"breadcrumb\":{\"@id\":\"https:\/\/permaban.com\/fr\/produits-maison\/durcisseurs-de-surface-a-saupoudrer-dry-shake\/#breadcrumb\"},\"inLanguage\":\"fr-FR\",\"potentialAction\":[{\"@type\":\"ReadAction\",\"target\":[\"https:\/\/permaban.com\/fr\/produits-maison\/durcisseurs-de-surface-a-saupoudrer-dry-shake\/\"]}]},{\"@type\":\"ImageObject\",\"inLanguage\":\"fr-FR\",\"@id\":\"https:\/\/permaban.com\/fr\/produits-maison\/durcisseurs-de-surface-a-saupoudrer-dry-shake\/#primaryimage\",\"url\":\"https:\/\/permaban.com\/wp-content\/uploads\/2019\/06\/Rocland-Surface-hardeners.jpg\",\"contentUrl\":\"https:\/\/permaban.com\/wp-content\/uploads\/2019\/06\/Rocland-Surface-hardeners.jpg\",\"width\":1024,\"height\":683},{\"@type\":\"BreadcrumbList\",\"@id\":\"https:\/\/permaban.com\/fr\/produits-maison\/durcisseurs-de-surface-a-saupoudrer-dry-shake\/#breadcrumb\",\"itemListElement\":[{\"@type\":\"ListItem\",\"position\":1,\"name\":\"Home\",\"item\":\"https:\/\/permaban.com\/fr\/\"},{\"@type\":\"ListItem\",\"position\":2,\"name\":\"Produits\",\"item\":\"https:\/\/permaban.com\/fr\/produits-maison\/\"},{\"@type\":\"ListItem\",\"position\":3,\"name\":\"Durcisseurs de surface \u00e0 saupoudrer (Dry-shake)\"}]},{\"@type\":\"WebSite\",\"@id\":\"https:\/\/permaban.com\/fr\/#website\",\"url\":\"https:\/\/permaban.com\/fr\/\",\"name\":\"Permaban\",\"description\":\"Industrial Flooring Products\",\"potentialAction\":[{\"@type\":\"SearchAction\",\"target\":{\"@type\":\"EntryPoint\",\"urlTemplate\":\"https:\/\/permaban.com\/fr\/?s={search_term_string}\"},\"query-input\":{\"@type\":\"PropertyValueSpecification\",\"valueRequired\":true,\"valueName\":\"search_term_string\"}}],\"inLanguage\":\"fr-FR\"}]}<\/script>\n<!-- \/ Yoast SEO plugin. -->","yoast_head_json":{"title":"Durcisseur \u00e0 sec pour sols industriels en b\u00e9ton - Permaban","description":"L'utilisation d'un durcisseur de surface (commun\u00e9ment appel\u00e9 dry-shake), est l'un des moyens les plus efficaces pour prot\u00e9ger la surface et prolonger la vie du sol.","robots":{"index":"index","follow":"follow","max-snippet":"max-snippet:-1","max-image-preview":"max-image-preview:large","max-video-preview":"max-video-preview:-1"},"canonical":"https:\/\/permaban.com\/fr\/produits-maison\/durcisseurs-de-surface-a-saupoudrer-dry-shake\/","og_locale":"fr_FR","og_type":"article","og_title":"Durcisseur \u00e0 sec pour sols industriels en b\u00e9ton - Permaban","og_description":"L'utilisation d'un durcisseur de surface (commun\u00e9ment appel\u00e9 dry-shake), est l'un des moyens les plus efficaces pour prot\u00e9ger la surface et prolonger la vie du sol.","og_url":"https:\/\/permaban.com\/fr\/produits-maison\/durcisseurs-de-surface-a-saupoudrer-dry-shake\/","og_site_name":"Permaban","article_modified_time":"2020-05-22T10:15:29+00:00","og_image":[{"width":1024,"height":683,"url":"https:\/\/permaban.com\/wp-content\/uploads\/2019\/06\/Rocland-Surface-hardeners.jpg","type":"image\/jpeg"}],"twitter_card":"summary_large_image","twitter_misc":{"Dur\u00e9e de lecture estim\u00e9e":"3 minutes"},"schema":{"@context":"https:\/\/schema.org","@graph":[{"@type":"WebPage","@id":"https:\/\/permaban.com\/fr\/produits-maison\/durcisseurs-de-surface-a-saupoudrer-dry-shake\/","url":"https:\/\/permaban.com\/fr\/produits-maison\/durcisseurs-de-surface-a-saupoudrer-dry-shake\/","name":"Durcisseur \u00e0 sec pour sols industriels en b\u00e9ton - Permaban","isPartOf":{"@id":"https:\/\/permaban.com\/fr\/#website"},"primaryImageOfPage":{"@id":"https:\/\/permaban.com\/fr\/produits-maison\/durcisseurs-de-surface-a-saupoudrer-dry-shake\/#primaryimage"},"image":{"@id":"https:\/\/permaban.com\/fr\/produits-maison\/durcisseurs-de-surface-a-saupoudrer-dry-shake\/#primaryimage"},"thumbnailUrl":"https:\/\/permaban.com\/wp-content\/uploads\/2019\/06\/Rocland-Surface-hardeners.jpg","datePublished":"2020-05-12T09:22:57+00:00","dateModified":"2020-05-22T10:15:29+00:00","description":"L'utilisation d'un durcisseur de surface (commun\u00e9ment appel\u00e9 dry-shake), est l'un des moyens les plus efficaces pour prot\u00e9ger la surface et prolonger la vie du sol.","breadcrumb":{"@id":"https:\/\/permaban.com\/fr\/produits-maison\/durcisseurs-de-surface-a-saupoudrer-dry-shake\/#breadcrumb"},"inLanguage":"fr-FR","potentialAction":[{"@type":"ReadAction","target":["https:\/\/permaban.com\/fr\/produits-maison\/durcisseurs-de-surface-a-saupoudrer-dry-shake\/"]}]},{"@type":"ImageObject","inLanguage":"fr-FR","@id":"https:\/\/permaban.com\/fr\/produits-maison\/durcisseurs-de-surface-a-saupoudrer-dry-shake\/#primaryimage","url":"https:\/\/permaban.com\/wp-content\/uploads\/2019\/06\/Rocland-Surface-hardeners.jpg","contentUrl":"https:\/\/permaban.com\/wp-content\/uploads\/2019\/06\/Rocland-Surface-hardeners.jpg","width":1024,"height":683},{"@type":"BreadcrumbList","@id":"https:\/\/permaban.com\/fr\/produits-maison\/durcisseurs-de-surface-a-saupoudrer-dry-shake\/#breadcrumb","itemListElement":[{"@type":"ListItem","position":1,"name":"Home","item":"https:\/\/permaban.com\/fr\/"},{"@type":"ListItem","position":2,"name":"Produits","item":"https:\/\/permaban.com\/fr\/produits-maison\/"},{"@type":"ListItem","position":3,"name":"Durcisseurs de surface \u00e0 saupoudrer (Dry-shake)"}]},{"@type":"WebSite","@id":"https:\/\/permaban.com\/fr\/#website","url":"https:\/\/permaban.com\/fr\/","name":"Permaban","description":"Industrial Flooring Products","potentialAction":[{"@type":"SearchAction","target":{"@type":"EntryPoint","urlTemplate":"https:\/\/permaban.com\/fr\/?s={search_term_string}"},"query-input":{"@type":"PropertyValueSpecification","valueRequired":true,"valueName":"search_term_string"}}],"inLanguage":"fr-FR"}]}},"_links":{"self":[{"href":"https:\/\/permaban.com\/fr\/wp-json\/wp\/v2\/pages\/10253","targetHints":{"allow":["GET"]}}],"collection":[{"href":"https:\/\/permaban.com\/fr\/wp-json\/wp\/v2\/pages"}],"about":[{"href":"https:\/\/permaban.com\/fr\/wp-json\/wp\/v2\/types\/page"}],"author":[{"embeddable":true,"href":"https:\/\/permaban.com\/fr\/wp-json\/wp\/v2\/users\/3"}],"replies":[{"embeddable":true,"href":"https:\/\/permaban.com\/fr\/wp-json\/wp\/v2\/comments?post=10253"}],"version-history":[{"count":3,"href":"https:\/\/permaban.com\/fr\/wp-json\/wp\/v2\/pages\/10253\/revisions"}],"predecessor-version":[{"id":10482,"href":"https:\/\/permaban.com\/fr\/wp-json\/wp\/v2\/pages\/10253\/revisions\/10482"}],"up":[{"embeddable":true,"href":"https:\/\/permaban.com\/fr\/wp-json\/wp\/v2\/pages\/10231"}],"wp:featuredmedia":[{"embeddable":true,"href":"https:\/\/permaban.com\/fr\/wp-json\/wp\/v2\/media\/6458"}],"wp:attachment":[{"href":"https:\/\/permaban.com\/fr\/wp-json\/wp\/v2\/media?parent=10253"}],"curies":[{"name":"wp","href":"https:\/\/api.w.org\/{rel}","templated":true}]}}