{"id":10254,"date":"2020-05-12T10:33:47","date_gmt":"2020-05-12T09:33:47","guid":{"rendered":"https:\/\/permaban.com\/produits\/mastics\/"},"modified":"2020-05-22T11:14:20","modified_gmt":"2020-05-22T10:14:20","slug":"mastics","status":"publish","type":"page","link":"https:\/\/permaban.com\/fr\/produits-maison\/mastics\/","title":{"rendered":"Mastics"},"content":{"rendered":"<div id=\"pl-10254\"  class=\"panel-layout\" ><div id=\"pg-10254-0\"  class=\"panel-grid panel-no-style\" ><div id=\"pgc-10254-0-0\"  class=\"panel-grid-cell\" ><div id=\"panel-10254-0-0-0\" class=\"so-panel widget widget_sow-editor panel-first-child panel-last-child\" data-index=\"0\" ><div\n\t\t\t\n\t\t\tclass=\"so-widget-sow-editor so-widget-sow-editor-base\"\n\t\t\t\n\t\t>\n<div class=\"siteorigin-widget-tinymce textwidget\">\n\t<p><img loading=\"lazy\" decoding=\"async\" class=\"alignnone size-full wp-image-6938\" src=\"http:\/\/permaban.com\/wp-content\/uploads\/2019\/06\/Rocland-with-strapline-1.jpg\" alt=\"\" width=\"200\" height=\"190\" \/><\/p>\n<p>Le mastic repr\u00e9sente un \u00e9l\u00e9ment important de la protection des joints dans les sols en b\u00e9ton. Lorsque le joint est coup\u00e9 \u00e0 la scie ou un joint de construction form\u00e9 (joint blind\u00e9), le remplissage de l\u2019\u00e9cart \u00e0 l\u2019aide de mastic permet de soutenir le joint et d\u2019\u00e9viter les dommages au niveau de l\u2019ar\u00eate.<\/p>\n<p><strong>RCR Flooring Products fabrique et fournit des mastics de la marque Rocland. Des informations concernant ces produits sont disponibles ici, <a href=\"http:\/\/www.rocland.eu\/fr\/\">sur le site Web de Rocland.<\/a><\/strong><\/p>\n<p>&nbsp;<\/p>\n<p><strong>Quels sont les mastics disponibles ?<\/strong><\/p>\n<p>Rocland offre deux options de remplissage des joints : un mastic en polyur\u00e9thane (mastic mou) et une bande souple en PVC.<\/p>\n<p>Le mastic est tr\u00e8s polyvalent et peut s\u2019adapter aux \u00e9carts mesurant jusqu\u2019\u00e0 6 mm dans nouvelles constructions et les r\u00e9novations. Il peut \u00eatre utilis\u00e9 aussi bien \u00e0 l\u2019int\u00e9rieur qu\u2019\u00e0 l\u2019ext\u00e9rieur.<\/p>\n<p>La bande en PVC souple est fournie sur un rouleau en diff\u00e9rentes tailles. Comme il s\u2019agit d\u2019un produit sec, il n\u2019est pas n\u00e9cessaire de pr\u00e9voir du temps de s\u00e9chage. Le sol peut ainsi \u00eatre rapidement mis en service. La bande peut \u00eatre \u00e9chang\u00e9e contre une version plus large au fur et \u00e0 mesure que le joint se dilate.<\/p>\n<p><strong>Avantages de l\u2019utilisation d\u2019un produit de remplissage des joints<\/strong><\/p>\n<ul>\n<li data-leveltext=\"\uf0b7\" data-font=\"Symbol\" data-listid=\"1\" aria-setsize=\"-1\" data-aria-posinset=\"1\" data-aria-level=\"1\">Prot\u00e8ge les ar\u00eates des joints sci\u00e9s expos\u00e9s contre les dommages caus\u00e9s par l\u2019impact de la circulation de v\u00e9hicules et de pi\u00e9tons.<\/li>\n<li data-leveltext=\"\uf0b7\" data-font=\"Symbol\" data-listid=\"1\" aria-setsize=\"-1\" data-aria-posinset=\"1\" data-aria-level=\"1\">R\u00e9duit la n\u00e9cessit\u00e9 de r\u00e9parations futures au niveau des joints.<\/li>\n<li data-leveltext=\"\uf0b7\" data-font=\"Symbol\" data-listid=\"1\" aria-setsize=\"-1\" data-aria-posinset=\"1\" data-aria-level=\"1\">Emp\u00eache les d\u00e9bris de p\u00e9n\u00e9trer dans le joint : ceci est particuli\u00e8rement important dans les locaux de fabrication de produits alimentaires<\/li>\n<li data-leveltext=\"\uf0b7\" data-font=\"Symbol\" data-listid=\"1\" aria-setsize=\"-1\" data-aria-posinset=\"1\" data-aria-level=\"1\">Emp\u00eache les produits chimiques de s\u2019infiltrer dans le sol \u00e0 travers le joint.<\/li>\n<li data-leveltext=\"\uf0b7\" data-font=\"Symbol\" data-listid=\"1\" aria-setsize=\"-1\" data-aria-posinset=\"1\" data-aria-level=\"1\">Peut \u00e9viter un danger de tr\u00e9buchement susceptible d\u2019affecter la sant\u00e9 et la s\u00e9curit\u00e9, notamment la possibilit\u00e9 que les talons de chaussures ne s\u2019accrochent dans le joint.<\/li>\n<\/ul>\n<p><strong>Produit de remplissage des joints pr\u00e9install\u00e9<\/strong><\/p>\n<p>Certains de nos joints blind\u00e9s peuvent \u00eatre fournis avec une bande de remplissage des joints pr\u00e9install\u00e9e. Veuillez vous adresser \u00e0 notre \u00e9quipe de vente pour en savoir plus.<\/p>\n<p><strong>Tige d\u2019appui pour les joints<\/strong><\/p>\n<p>Lors de l\u2019application d\u2019un agent d\u2019un mastic en polyur\u00e9thane, il peut \u00eatre utile d\u2019ins\u00e9rer au pr\u00e9alable une tige d\u2019appui dans le joint. Il s\u2019agit d\u2019une longueur de mousse cylindrique qui fournit une base solide pour \u00e9viter que le mastic ne descende dans le joint. Cela permet d\u2019assurer une profondeur constante et une application soign\u00e9e. Veuillez vous reporter au site Web de Rocland pour obtenir des d\u00e9tails sur son produit Ethafoam.<\/p>\n<p><strong>Pour en savoir plus sur les produits de remplissage des joints, veuillez lire ces articles utiles sur le <a href=\"http:\/\/www.rocland.eu\/fr\/\">site de Rocland.<\/a><\/strong><\/p>\n<\/div>\n<\/div><\/div><\/div><div id=\"pgc-10254-0-1\"  class=\"panel-grid-cell\" ><div id=\"panel-10254-0-1-0\" class=\"so-panel widget widget_sow-editor panel-first-child panel-last-child\" data-index=\"1\" ><div\n\t\t\t\n\t\t\tclass=\"so-widget-sow-editor so-widget-sow-editor-base\"\n\t\t\t\n\t\t>\n<div class=\"siteorigin-widget-tinymce textwidget\">\n\t<!-- Widget Shortcode --><div id=\"siteorigin-panels-builder-3\" class=\"widget widget_siteorigin-panels-builder widget-shortcode area-product-category-sidebar \"><div id=\"pl-w6214c67744dd0\"  class=\"panel-layout\" ><div id=\"pg-w6214c67744dd0-0\"  class=\"panel-grid panel-has-style\" ><div class=\"primary-color-backround panel-row-style panel-row-style-for-w6214c67744dd0-0\" ><div id=\"pgc-w6214c67744dd0-0-0\"  class=\"panel-grid-cell\" ><div id=\"panel-w6214c67744dd0-0-0-0\" class=\"so-panel widget widget_sow-editor panel-first-child panel-last-child\" data-index=\"0\" ><div class=\"white-text panel-widget-style panel-widget-style-for-w6214c67744dd0-0-0-0\" ><div\n\t\t\t\n\t\t\tclass=\"so-widget-sow-editor so-widget-sow-editor-base\"\n\t\t\t\n\t\t>\n<div class=\"siteorigin-widget-tinymce textwidget\">\n\t<h5><strong>Need some help?<\/strong><br \/>\n<strong>Get in touch.<\/strong><\/h5>\n<\/div>\n<\/div><\/div><\/div><\/div><\/div><\/div><div id=\"pg-w6214c67744dd0-1\"  class=\"panel-grid panel-has-style\" ><div class=\"light-grey-background panel-row-style panel-row-style-for-w6214c67744dd0-1\" ><div id=\"pgc-w6214c67744dd0-1-0\"  class=\"panel-grid-cell\" ><div id=\"panel-w6214c67744dd0-1-0-0\" class=\"so-panel widget widget_sow-editor panel-first-child panel-last-child\" data-index=\"1\" ><div\n\t\t\t\n\t\t\tclass=\"so-widget-sow-editor so-widget-sow-editor-base\"\n\t\t\t\n\t\t>\n<div class=\"siteorigin-widget-tinymce textwidget\">\n\t<p>Contact our sales team today for product advice and pricing.<\/p>\n<p>Call now on<\/p>\n<h5>+44 1752 895288<\/h5>\n<p>Or <a href=\"http:\/\/permaban.com\/find-a-distributor\/\">find a distributor<\/a><\/p>\n<\/div>\n<\/div><\/div><\/div><\/div><\/div><\/div><\/div><!-- \/Widget Shortcode -->\n<\/div>\n<\/div><\/div><\/div><\/div><\/div>","protected":false},"excerpt":{"rendered":"<p>Le mastic repr\u00e9sente un \u00e9l\u00e9ment important de la protection des joints dans les sols en b\u00e9ton. Lorsque le joint est coup\u00e9 \u00e0 la scie ou un joint de construction form\u00e9 (joint blind\u00e9), le remplissage de l\u2019\u00e9cart \u00e0 l\u2019aide de mastic&#8230;<\/p>\n","protected":false},"author":3,"featured_media":6453,"parent":10231,"menu_order":0,"comment_status":"closed","ping_status":"closed","template":"","meta":{"_acf_changed":false,"_monsterinsights_skip_tracking":false,"_monsterinsights_sitenote_active":false,"_monsterinsights_sitenote_note":"","_monsterinsights_sitenote_category":0,"footnotes":""},"class_list":["post-10254","page","type-page","status-publish","has-post-thumbnail","hentry"],"acf":[],"yoast_head":"<!-- This site is optimized with the Yoast SEO plugin v27.3 - https:\/\/yoast.com\/product\/yoast-seo-wordpress\/ -->\n<title>Scellant pour joints de dalles en b\u00e9ton pour joints coup\u00e9s \u00e0 la scie, joints blind\u00e9s - Permaban<\/title>\n<meta name=\"description\" content=\"Le remplissage d&#039;un joint avec un produit d&#039;\u00e9tanch\u00e9it\u00e9 pour joints de dalles en b\u00e9ton permet de soutenir le joint et de pr\u00e9venir les dommages aux arris, tant pour les joints coup\u00e9s \u00e0 la scie que pour les joints blind\u00e9s.\" \/>\n<meta name=\"robots\" content=\"index, follow, max-snippet:-1, max-image-preview:large, max-video-preview:-1\" \/>\n<link rel=\"canonical\" href=\"https:\/\/permaban.com\/fr\/produits-maison\/mastics\/\" \/>\n<meta property=\"og:locale\" content=\"fr_FR\" \/>\n<meta property=\"og:type\" content=\"article\" \/>\n<meta property=\"og:title\" content=\"Scellant pour joints de dalles en b\u00e9ton pour joints coup\u00e9s \u00e0 la scie, joints blind\u00e9s - Permaban\" \/>\n<meta property=\"og:description\" content=\"Le remplissage d&#039;un joint avec un produit d&#039;\u00e9tanch\u00e9it\u00e9 pour joints de dalles en b\u00e9ton permet de soutenir le joint et de pr\u00e9venir les dommages aux arris, tant pour les joints coup\u00e9s \u00e0 la scie que pour les joints blind\u00e9s.\" \/>\n<meta property=\"og:url\" content=\"https:\/\/permaban.com\/fr\/produits-maison\/mastics\/\" \/>\n<meta property=\"og:site_name\" content=\"Permaban\" \/>\n<meta property=\"article:modified_time\" content=\"2020-05-22T10:14:20+00:00\" \/>\n<meta property=\"og:image\" content=\"https:\/\/permaban.com\/wp-content\/uploads\/2019\/06\/Checking-floor-level-after-completion.jpg\" \/>\n\t<meta property=\"og:image:width\" content=\"4032\" \/>\n\t<meta property=\"og:image:height\" content=\"3024\" \/>\n\t<meta property=\"og:image:type\" content=\"image\/jpeg\" \/>\n<meta name=\"twitter:card\" content=\"summary_large_image\" \/>\n<meta name=\"twitter:label1\" content=\"Dur\u00e9e de lecture estim\u00e9e\" \/>\n\t<meta name=\"twitter:data1\" content=\"2 minutes\" \/>\n<script type=\"application\/ld+json\" class=\"yoast-schema-graph\">{\"@context\":\"https:\\\/\\\/schema.org\",\"@graph\":[{\"@type\":\"WebPage\",\"@id\":\"https:\\\/\\\/permaban.com\\\/fr\\\/produits-maison\\\/mastics\\\/\",\"url\":\"https:\\\/\\\/permaban.com\\\/fr\\\/produits-maison\\\/mastics\\\/\",\"name\":\"Scellant pour joints de dalles en b\u00e9ton pour joints coup\u00e9s \u00e0 la scie, joints blind\u00e9s - Permaban\",\"isPartOf\":{\"@id\":\"https:\\\/\\\/permaban.com\\\/fr\\\/#website\"},\"primaryImageOfPage\":{\"@id\":\"https:\\\/\\\/permaban.com\\\/fr\\\/produits-maison\\\/mastics\\\/#primaryimage\"},\"image\":{\"@id\":\"https:\\\/\\\/permaban.com\\\/fr\\\/produits-maison\\\/mastics\\\/#primaryimage\"},\"thumbnailUrl\":\"https:\\\/\\\/permaban.com\\\/wp-content\\\/uploads\\\/2019\\\/06\\\/Checking-floor-level-after-completion.jpg\",\"datePublished\":\"2020-05-12T09:33:47+00:00\",\"dateModified\":\"2020-05-22T10:14:20+00:00\",\"description\":\"Le remplissage d'un joint avec un produit d'\u00e9tanch\u00e9it\u00e9 pour joints de dalles en b\u00e9ton permet de soutenir le joint et de pr\u00e9venir les dommages aux arris, tant pour les joints coup\u00e9s \u00e0 la scie que pour les joints blind\u00e9s.\",\"breadcrumb\":{\"@id\":\"https:\\\/\\\/permaban.com\\\/fr\\\/produits-maison\\\/mastics\\\/#breadcrumb\"},\"inLanguage\":\"fr-FR\",\"potentialAction\":[{\"@type\":\"ReadAction\",\"target\":[\"https:\\\/\\\/permaban.com\\\/fr\\\/produits-maison\\\/mastics\\\/\"]}]},{\"@type\":\"ImageObject\",\"inLanguage\":\"fr-FR\",\"@id\":\"https:\\\/\\\/permaban.com\\\/fr\\\/produits-maison\\\/mastics\\\/#primaryimage\",\"url\":\"https:\\\/\\\/permaban.com\\\/wp-content\\\/uploads\\\/2019\\\/06\\\/Checking-floor-level-after-completion.jpg\",\"contentUrl\":\"https:\\\/\\\/permaban.com\\\/wp-content\\\/uploads\\\/2019\\\/06\\\/Checking-floor-level-after-completion.jpg\",\"width\":4032,\"height\":3024},{\"@type\":\"BreadcrumbList\",\"@id\":\"https:\\\/\\\/permaban.com\\\/fr\\\/produits-maison\\\/mastics\\\/#breadcrumb\",\"itemListElement\":[{\"@type\":\"ListItem\",\"position\":1,\"name\":\"Home\",\"item\":\"https:\\\/\\\/permaban.com\\\/fr\\\/\"},{\"@type\":\"ListItem\",\"position\":2,\"name\":\"Produits\",\"item\":\"https:\\\/\\\/permaban.com\\\/fr\\\/produits-maison\\\/\"},{\"@type\":\"ListItem\",\"position\":3,\"name\":\"Mastics\"}]},{\"@type\":\"WebSite\",\"@id\":\"https:\\\/\\\/permaban.com\\\/fr\\\/#website\",\"url\":\"https:\\\/\\\/permaban.com\\\/fr\\\/\",\"name\":\"Permaban\",\"description\":\"Industrial Flooring Products\",\"potentialAction\":[{\"@type\":\"SearchAction\",\"target\":{\"@type\":\"EntryPoint\",\"urlTemplate\":\"https:\\\/\\\/permaban.com\\\/fr\\\/?s={search_term_string}\"},\"query-input\":{\"@type\":\"PropertyValueSpecification\",\"valueRequired\":true,\"valueName\":\"search_term_string\"}}],\"inLanguage\":\"fr-FR\"}]}<\/script>\n<!-- \/ Yoast SEO plugin. -->","yoast_head_json":{"title":"Scellant pour joints de dalles en b\u00e9ton pour joints coup\u00e9s \u00e0 la scie, joints blind\u00e9s - Permaban","description":"Le remplissage d'un joint avec un produit d'\u00e9tanch\u00e9it\u00e9 pour joints de dalles en b\u00e9ton permet de soutenir le joint et de pr\u00e9venir les dommages aux arris, tant pour les joints coup\u00e9s \u00e0 la scie que pour les joints blind\u00e9s.","robots":{"index":"index","follow":"follow","max-snippet":"max-snippet:-1","max-image-preview":"max-image-preview:large","max-video-preview":"max-video-preview:-1"},"canonical":"https:\/\/permaban.com\/fr\/produits-maison\/mastics\/","og_locale":"fr_FR","og_type":"article","og_title":"Scellant pour joints de dalles en b\u00e9ton pour joints coup\u00e9s \u00e0 la scie, joints blind\u00e9s - Permaban","og_description":"Le remplissage d'un joint avec un produit d'\u00e9tanch\u00e9it\u00e9 pour joints de dalles en b\u00e9ton permet de soutenir le joint et de pr\u00e9venir les dommages aux arris, tant pour les joints coup\u00e9s \u00e0 la scie que pour les joints blind\u00e9s.","og_url":"https:\/\/permaban.com\/fr\/produits-maison\/mastics\/","og_site_name":"Permaban","article_modified_time":"2020-05-22T10:14:20+00:00","og_image":[{"width":4032,"height":3024,"url":"https:\/\/permaban.com\/wp-content\/uploads\/2019\/06\/Checking-floor-level-after-completion.jpg","type":"image\/jpeg"}],"twitter_card":"summary_large_image","twitter_misc":{"Dur\u00e9e de lecture estim\u00e9e":"2 minutes"},"schema":{"@context":"https:\/\/schema.org","@graph":[{"@type":"WebPage","@id":"https:\/\/permaban.com\/fr\/produits-maison\/mastics\/","url":"https:\/\/permaban.com\/fr\/produits-maison\/mastics\/","name":"Scellant pour joints de dalles en b\u00e9ton pour joints coup\u00e9s \u00e0 la scie, joints blind\u00e9s - Permaban","isPartOf":{"@id":"https:\/\/permaban.com\/fr\/#website"},"primaryImageOfPage":{"@id":"https:\/\/permaban.com\/fr\/produits-maison\/mastics\/#primaryimage"},"image":{"@id":"https:\/\/permaban.com\/fr\/produits-maison\/mastics\/#primaryimage"},"thumbnailUrl":"https:\/\/permaban.com\/wp-content\/uploads\/2019\/06\/Checking-floor-level-after-completion.jpg","datePublished":"2020-05-12T09:33:47+00:00","dateModified":"2020-05-22T10:14:20+00:00","description":"Le remplissage d'un joint avec un produit d'\u00e9tanch\u00e9it\u00e9 pour joints de dalles en b\u00e9ton permet de soutenir le joint et de pr\u00e9venir les dommages aux arris, tant pour les joints coup\u00e9s \u00e0 la scie que pour les joints blind\u00e9s.","breadcrumb":{"@id":"https:\/\/permaban.com\/fr\/produits-maison\/mastics\/#breadcrumb"},"inLanguage":"fr-FR","potentialAction":[{"@type":"ReadAction","target":["https:\/\/permaban.com\/fr\/produits-maison\/mastics\/"]}]},{"@type":"ImageObject","inLanguage":"fr-FR","@id":"https:\/\/permaban.com\/fr\/produits-maison\/mastics\/#primaryimage","url":"https:\/\/permaban.com\/wp-content\/uploads\/2019\/06\/Checking-floor-level-after-completion.jpg","contentUrl":"https:\/\/permaban.com\/wp-content\/uploads\/2019\/06\/Checking-floor-level-after-completion.jpg","width":4032,"height":3024},{"@type":"BreadcrumbList","@id":"https:\/\/permaban.com\/fr\/produits-maison\/mastics\/#breadcrumb","itemListElement":[{"@type":"ListItem","position":1,"name":"Home","item":"https:\/\/permaban.com\/fr\/"},{"@type":"ListItem","position":2,"name":"Produits","item":"https:\/\/permaban.com\/fr\/produits-maison\/"},{"@type":"ListItem","position":3,"name":"Mastics"}]},{"@type":"WebSite","@id":"https:\/\/permaban.com\/fr\/#website","url":"https:\/\/permaban.com\/fr\/","name":"Permaban","description":"Industrial Flooring Products","potentialAction":[{"@type":"SearchAction","target":{"@type":"EntryPoint","urlTemplate":"https:\/\/permaban.com\/fr\/?s={search_term_string}"},"query-input":{"@type":"PropertyValueSpecification","valueRequired":true,"valueName":"search_term_string"}}],"inLanguage":"fr-FR"}]}},"_links":{"self":[{"href":"https:\/\/permaban.com\/fr\/wp-json\/wp\/v2\/pages\/10254","targetHints":{"allow":["GET"]}}],"collection":[{"href":"https:\/\/permaban.com\/fr\/wp-json\/wp\/v2\/pages"}],"about":[{"href":"https:\/\/permaban.com\/fr\/wp-json\/wp\/v2\/types\/page"}],"author":[{"embeddable":true,"href":"https:\/\/permaban.com\/fr\/wp-json\/wp\/v2\/users\/3"}],"replies":[{"embeddable":true,"href":"https:\/\/permaban.com\/fr\/wp-json\/wp\/v2\/comments?post=10254"}],"version-history":[{"count":3,"href":"https:\/\/permaban.com\/fr\/wp-json\/wp\/v2\/pages\/10254\/revisions"}],"predecessor-version":[{"id":10481,"href":"https:\/\/permaban.com\/fr\/wp-json\/wp\/v2\/pages\/10254\/revisions\/10481"}],"up":[{"embeddable":true,"href":"https:\/\/permaban.com\/fr\/wp-json\/wp\/v2\/pages\/10231"}],"wp:featuredmedia":[{"embeddable":true,"href":"https:\/\/permaban.com\/fr\/wp-json\/wp\/v2\/media\/6453"}],"wp:attachment":[{"href":"https:\/\/permaban.com\/fr\/wp-json\/wp\/v2\/media?parent=10254"}],"curies":[{"name":"wp","href":"https:\/\/api.w.org\/{rel}","templated":true}]}}