{"id":10255,"date":"2020-05-12T10:39:26","date_gmt":"2020-05-12T09:39:26","guid":{"rendered":"https:\/\/permaban.com\/produits\/systemes-de-resine\/"},"modified":"2025-11-17T11:53:01","modified_gmt":"2025-11-17T11:53:01","slug":"systemes-de-resine","status":"publish","type":"page","link":"https:\/\/permaban.com\/fr\/produits-maison\/systemes-de-resine\/","title":{"rendered":"Syst\u00e8mes de r\u00e9sine"},"content":{"rendered":"<div id=\"pl-10255\"  class=\"panel-layout\" ><div id=\"pg-10255-0\"  class=\"panel-grid panel-no-style\" ><div id=\"pgc-10255-0-0\"  class=\"panel-grid-cell\" ><div id=\"panel-10255-0-0-0\" class=\"so-panel widget widget_sow-editor panel-first-child panel-last-child\" data-index=\"0\" ><div\n\t\t\t\n\t\t\tclass=\"so-widget-sow-editor so-widget-sow-editor-base\"\n\t\t\t\n\t\t>\n<div class=\"siteorigin-widget-tinymce textwidget\">\n\t<p><img loading=\"lazy\" decoding=\"async\" class=\"alignnone size-full wp-image-6927\" src=\"http:\/\/permaban.com\/wp-content\/uploads\/2019\/06\/rinol_logo.png\" alt=\"\" width=\"191\" height=\"73\" \/><\/p>\n<p>Certaines industries pr\u00e9sentent des d\u00e9fis particuliers pour un sol industriel, en cas d\u2019utilisation de produits chimiques, par exemple, ou dans les lieux exigeant un r\u00e9gime de nettoyage rigoureux. Un syst\u00e8me de rev\u00eatement de sol en r\u00e9sine repr\u00e9sente parfois une solution id\u00e9ale, aussi bien pour les sols neufs que les r\u00e9novations de sols existants.<\/p>\n<p>RCR Flooring Products fabrique et fournit la marque RINOL de syst\u00e8mes de rev\u00eatements de sol en r\u00e9sine. Des informations sur ces syst\u00e8mes sont disponibles ici, sur le <a href=\"https:\/\/rinol.com\/fr\/\">site Web de RINOL.<\/a><\/p>\n<p><img loading=\"lazy\" decoding=\"async\" class=\"alignnone size-full wp-image-6918\" src=\"http:\/\/permaban.com\/wp-content\/uploads\/2019\/06\/Page-17-image-Rinol-Resin-Produktionshalle.jpg\" alt=\"\" width=\"963\" height=\"799\" srcset=\"https:\/\/permaban.com\/wp-content\/uploads\/2019\/06\/Page-17-image-Rinol-Resin-Produktionshalle.jpg 963w, https:\/\/permaban.com\/wp-content\/uploads\/2019\/06\/Page-17-image-Rinol-Resin-Produktionshalle-515x427.jpg 515w, https:\/\/permaban.com\/wp-content\/uploads\/2019\/06\/Page-17-image-Rinol-Resin-Produktionshalle-768x637.jpg 768w\" sizes=\"auto, (max-width: 963px) 100vw, 963px\" \/><\/p>\n<h3>Qu\u2019est-ce qu\u2019un syst\u00e8me de rev\u00eatement de sol en r\u00e9sine ?<\/h3>\n<p>Un syst\u00e8me de rev\u00eatement de sol en r\u00e9sine est utilis\u00e9 pour cr\u00e9er une surface commerciale ou industrielle de haute performance au sol. Les syst\u00e8mes de rev\u00eatements en r\u00e9sine RINOL utilisent plusieurs couches de r\u00e9sines sp\u00e9cialement formul\u00e9es et d\u2019agents de liaison pour cr\u00e9er des surfaces d\u2019une \u00e9paisseur de 0,5 mm \u00e0 10 mm sur le sol. Diff\u00e9rents syst\u00e8mes sont disponibles et utilisent de l\u2019\u00e9poxy, du polyur\u00e9thane, du vinylester, ou des r\u00e9sines de polyester ; le choix du syst\u00e8me d\u00e9pend de la fa\u00e7on dont le sol sera utilis\u00e9.<\/p>\n<p>&nbsp;<\/p>\n<h3>Avantages du choix d\u2019un syst\u00e8me de rev\u00eatement en r\u00e9sine<\/h3>\n<p>Durable et polyvalent, un sol de r\u00e9sine offre une finition attrayante, pratique et durable. Les sols en r\u00e9sine RINOL sont :<\/p>\n<ul>\n<li>transparents, afin de r\u00e9duire la pr\u00e9sence de salet\u00e9 et de germes ;<\/li>\n<li>imperm\u00e9ables, afin d\u2019emp\u00eacher l\u2019infiltration de produits chimiques dans le sol ;<\/li>\n<li>faciles \u00e0 nettoyer, et particuli\u00e8rement r\u00e9sistants aux produits de nettoyage chimiques forts ;<\/li>\n<li>color\u00e9s, pour cr\u00e9er une finition unique et distinctive ;<\/li>\n<li>durables, r\u00e9sistants aux dommages et faciles \u00e0 r\u00e9parer ;<\/li>\n<li>robustes et capables de supporter des charges ;<\/li>\n<li>adapt\u00e9s aux nouvelles constructions comme aux r\u00e9novations.<\/li>\n<\/ul>\n<p>Veuillez vous reporter aux fiches techniques pour conna\u00eetre les sp\u00e9cifications techniques de chaque produit.<\/p>\n<p><img loading=\"lazy\" decoding=\"async\" class=\"alignnone size-large wp-image-6913\" src=\"http:\/\/permaban.com\/wp-content\/uploads\/2019\/06\/DKV-Ratingen_2-1024x683.jpg\" alt=\"\" width=\"1024\" height=\"683\" srcset=\"https:\/\/permaban.com\/wp-content\/uploads\/2019\/06\/DKV-Ratingen_2.jpg 1024w, https:\/\/permaban.com\/wp-content\/uploads\/2019\/06\/DKV-Ratingen_2-640x427.jpg 640w, https:\/\/permaban.com\/wp-content\/uploads\/2019\/06\/DKV-Ratingen_2-768x512.jpg 768w, https:\/\/permaban.com\/wp-content\/uploads\/2019\/06\/DKV-Ratingen_2-272x182.jpg 272w\" sizes=\"auto, (max-width: 1024px) 100vw, 1024px\" \/><\/p>\n<h3>Pourquoi choisir RINOL ?<\/h3>\n<p>La marque RINOL est \u00e9tablie depuis longtemps sur le march\u00e9 international de la conception, de la production et de la fourniture de syst\u00e8mes de rev\u00eatements de sol en r\u00e9sine. Sa collection de syst\u00e8mes a \u00e9t\u00e9 soigneusement mise au point pour garantir un choix et des r\u00e9sultats exceptionnels. Elle propose \u00e9galement des syst\u00e8mes sp\u00e9cialis\u00e9s, notamment pour les sols conducteurs, les sols antid\u00e9rapants, et une haute r\u00e9sistance aux produits chimiques. Un large \u00e9ventail de couleurs est disponible et des couleurs suppl\u00e9mentaires peuvent \u00eatre fabriqu\u00e9es sp\u00e9cialement sur commande.<\/p>\n<p>Pour explorer la gamme de syst\u00e8mes de r\u00e9sines RINOL et en savoir plus, visitez <a href=\"https:\/\/rinol.com\/fr\/\">https:\/\/rinol.com\/fr\/<\/a><\/p>\n<\/div>\n<\/div><\/div><\/div><div id=\"pgc-10255-0-1\"  class=\"panel-grid-cell\" ><div id=\"panel-10255-0-1-0\" class=\"so-panel widget widget_sow-editor panel-first-child panel-last-child\" data-index=\"1\" ><div\n\t\t\t\n\t\t\tclass=\"so-widget-sow-editor so-widget-sow-editor-base\"\n\t\t\t\n\t\t>\n<div class=\"siteorigin-widget-tinymce textwidget\">\n\t<!-- Widget Shortcode --><div id=\"siteorigin-panels-builder-3\" class=\"widget widget_siteorigin-panels-builder widget-shortcode area-product-category-sidebar \"><div id=\"pl-w6214c67744dd0\"  class=\"panel-layout\" ><div id=\"pg-w6214c67744dd0-0\"  class=\"panel-grid panel-has-style\" ><div class=\"primary-color-backround panel-row-style panel-row-style-for-w6214c67744dd0-0\" ><div id=\"pgc-w6214c67744dd0-0-0\"  class=\"panel-grid-cell\" ><div id=\"panel-w6214c67744dd0-0-0-0\" class=\"so-panel widget widget_sow-editor panel-first-child panel-last-child\" data-index=\"0\" ><div class=\"white-text panel-widget-style panel-widget-style-for-w6214c67744dd0-0-0-0\" ><div\n\t\t\t\n\t\t\tclass=\"so-widget-sow-editor so-widget-sow-editor-base\"\n\t\t\t\n\t\t>\n<div class=\"siteorigin-widget-tinymce textwidget\">\n\t<h5><strong>Need some help?<\/strong><br \/>\n<strong>Get in touch.<\/strong><\/h5>\n<\/div>\n<\/div><\/div><\/div><\/div><\/div><\/div><div id=\"pg-w6214c67744dd0-1\"  class=\"panel-grid panel-has-style\" ><div class=\"light-grey-background panel-row-style panel-row-style-for-w6214c67744dd0-1\" ><div id=\"pgc-w6214c67744dd0-1-0\"  class=\"panel-grid-cell\" ><div id=\"panel-w6214c67744dd0-1-0-0\" class=\"so-panel widget widget_sow-editor panel-first-child panel-last-child\" data-index=\"1\" ><div\n\t\t\t\n\t\t\tclass=\"so-widget-sow-editor so-widget-sow-editor-base\"\n\t\t\t\n\t\t>\n<div class=\"siteorigin-widget-tinymce textwidget\">\n\t<p>Contact our sales team today for product advice and pricing.<\/p>\n<p>Call now on<\/p>\n<h5>+44 1752 895288<\/h5>\n<p>Or <a href=\"http:\/\/permaban.com\/find-a-distributor\/\">find a distributor<\/a><\/p>\n<\/div>\n<\/div><\/div><\/div><\/div><\/div><\/div><\/div><!-- \/Widget Shortcode -->\n<\/div>\n<\/div><\/div><\/div><\/div><\/div>","protected":false},"excerpt":{"rendered":"<p>Certaines industries pr\u00e9sentent des d\u00e9fis particuliers pour un sol industriel, en cas d\u2019utilisation de produits chimiques, par exemple, ou dans les lieux exigeant un r\u00e9gime de nettoyage rigoureux. Un syst\u00e8me de rev\u00eatement de sol en r\u00e9sine repr\u00e9sente parfois une solution&#8230;<\/p>\n","protected":false},"author":3,"featured_media":6417,"parent":10231,"menu_order":0,"comment_status":"closed","ping_status":"closed","template":"","meta":{"_acf_changed":false,"_monsterinsights_skip_tracking":false,"_monsterinsights_sitenote_active":false,"_monsterinsights_sitenote_note":"","_monsterinsights_sitenote_category":0,"footnotes":""},"class_list":["post-10255","page","type-page","status-publish","has-post-thumbnail","hentry"],"acf":[],"yoast_head":"<!-- This site is optimized with the Yoast SEO plugin v27.3 - https:\/\/yoast.com\/product\/yoast-seo-wordpress\/ -->\n<title>Syst\u00e8mes de rev\u00eatement de sol en r\u00e9sine pour les sols industriels | Marque RINOL - Permaban<\/title>\n<meta name=\"description\" content=\"Syst\u00e8mes de rev\u00eatement de sol en r\u00e9sine de la marque internationale RINOL, qui fait partie de RCR. Syst\u00e8mes de rev\u00eatement de sol en r\u00e9sine multicouches sp\u00e9cialis\u00e9s pour des applications diverses et de niche.\" \/>\n<meta name=\"robots\" content=\"index, follow, max-snippet:-1, max-image-preview:large, max-video-preview:-1\" \/>\n<link rel=\"canonical\" href=\"https:\/\/permaban.com\/fr\/produits-maison\/systemes-de-resine\/\" \/>\n<meta property=\"og:locale\" content=\"fr_FR\" \/>\n<meta property=\"og:type\" content=\"article\" \/>\n<meta property=\"og:title\" content=\"Syst\u00e8mes de rev\u00eatement de sol en r\u00e9sine pour les sols industriels | Marque RINOL - Permaban\" \/>\n<meta property=\"og:description\" content=\"Syst\u00e8mes de rev\u00eatement de sol en r\u00e9sine de la marque internationale RINOL, qui fait partie de RCR. Syst\u00e8mes de rev\u00eatement de sol en r\u00e9sine multicouches sp\u00e9cialis\u00e9s pour des applications diverses et de niche.\" \/>\n<meta property=\"og:url\" content=\"https:\/\/permaban.com\/fr\/produits-maison\/systemes-de-resine\/\" \/>\n<meta property=\"og:site_name\" content=\"Permaban\" \/>\n<meta property=\"article:modified_time\" content=\"2025-11-17T11:53:01+00:00\" \/>\n<meta property=\"og:image\" content=\"https:\/\/permaban.com\/wp-content\/uploads\/2019\/06\/Rinol-Resin-Flooring-Systems.jpg\" \/>\n\t<meta property=\"og:image:width\" content=\"4032\" \/>\n\t<meta property=\"og:image:height\" content=\"3024\" \/>\n\t<meta property=\"og:image:type\" content=\"image\/jpeg\" \/>\n<meta name=\"twitter:card\" content=\"summary_large_image\" \/>\n<meta name=\"twitter:label1\" content=\"Dur\u00e9e de lecture estim\u00e9e\" \/>\n\t<meta name=\"twitter:data1\" content=\"3 minutes\" \/>\n<script type=\"application\/ld+json\" class=\"yoast-schema-graph\">{\"@context\":\"https:\\\/\\\/schema.org\",\"@graph\":[{\"@type\":\"WebPage\",\"@id\":\"https:\\\/\\\/permaban.com\\\/fr\\\/produits-maison\\\/systemes-de-resine\\\/\",\"url\":\"https:\\\/\\\/permaban.com\\\/fr\\\/produits-maison\\\/systemes-de-resine\\\/\",\"name\":\"Syst\u00e8mes de rev\u00eatement de sol en r\u00e9sine pour les sols industriels | Marque RINOL - Permaban\",\"isPartOf\":{\"@id\":\"https:\\\/\\\/permaban.com\\\/fr\\\/#website\"},\"primaryImageOfPage\":{\"@id\":\"https:\\\/\\\/permaban.com\\\/fr\\\/produits-maison\\\/systemes-de-resine\\\/#primaryimage\"},\"image\":{\"@id\":\"https:\\\/\\\/permaban.com\\\/fr\\\/produits-maison\\\/systemes-de-resine\\\/#primaryimage\"},\"thumbnailUrl\":\"https:\\\/\\\/permaban.com\\\/wp-content\\\/uploads\\\/2019\\\/06\\\/Rinol-Resin-Flooring-Systems.jpg\",\"datePublished\":\"2020-05-12T09:39:26+00:00\",\"dateModified\":\"2025-11-17T11:53:01+00:00\",\"description\":\"Syst\u00e8mes de rev\u00eatement de sol en r\u00e9sine de la marque internationale RINOL, qui fait partie de RCR. Syst\u00e8mes de rev\u00eatement de sol en r\u00e9sine multicouches sp\u00e9cialis\u00e9s pour des applications diverses et de niche.\",\"breadcrumb\":{\"@id\":\"https:\\\/\\\/permaban.com\\\/fr\\\/produits-maison\\\/systemes-de-resine\\\/#breadcrumb\"},\"inLanguage\":\"fr-FR\",\"potentialAction\":[{\"@type\":\"ReadAction\",\"target\":[\"https:\\\/\\\/permaban.com\\\/fr\\\/produits-maison\\\/systemes-de-resine\\\/\"]}]},{\"@type\":\"ImageObject\",\"inLanguage\":\"fr-FR\",\"@id\":\"https:\\\/\\\/permaban.com\\\/fr\\\/produits-maison\\\/systemes-de-resine\\\/#primaryimage\",\"url\":\"https:\\\/\\\/permaban.com\\\/wp-content\\\/uploads\\\/2019\\\/06\\\/Rinol-Resin-Flooring-Systems.jpg\",\"contentUrl\":\"https:\\\/\\\/permaban.com\\\/wp-content\\\/uploads\\\/2019\\\/06\\\/Rinol-Resin-Flooring-Systems.jpg\",\"width\":4032,\"height\":3024},{\"@type\":\"BreadcrumbList\",\"@id\":\"https:\\\/\\\/permaban.com\\\/fr\\\/produits-maison\\\/systemes-de-resine\\\/#breadcrumb\",\"itemListElement\":[{\"@type\":\"ListItem\",\"position\":1,\"name\":\"Home\",\"item\":\"https:\\\/\\\/permaban.com\\\/fr\\\/\"},{\"@type\":\"ListItem\",\"position\":2,\"name\":\"Produits\",\"item\":\"https:\\\/\\\/permaban.com\\\/fr\\\/produits-maison\\\/\"},{\"@type\":\"ListItem\",\"position\":3,\"name\":\"Syst\u00e8mes de r\u00e9sine\"}]},{\"@type\":\"WebSite\",\"@id\":\"https:\\\/\\\/permaban.com\\\/fr\\\/#website\",\"url\":\"https:\\\/\\\/permaban.com\\\/fr\\\/\",\"name\":\"Permaban\",\"description\":\"Industrial Flooring Products\",\"potentialAction\":[{\"@type\":\"SearchAction\",\"target\":{\"@type\":\"EntryPoint\",\"urlTemplate\":\"https:\\\/\\\/permaban.com\\\/fr\\\/?s={search_term_string}\"},\"query-input\":{\"@type\":\"PropertyValueSpecification\",\"valueRequired\":true,\"valueName\":\"search_term_string\"}}],\"inLanguage\":\"fr-FR\"}]}<\/script>\n<!-- \/ Yoast SEO plugin. -->","yoast_head_json":{"title":"Syst\u00e8mes de rev\u00eatement de sol en r\u00e9sine pour les sols industriels | Marque RINOL - Permaban","description":"Syst\u00e8mes de rev\u00eatement de sol en r\u00e9sine de la marque internationale RINOL, qui fait partie de RCR. Syst\u00e8mes de rev\u00eatement de sol en r\u00e9sine multicouches sp\u00e9cialis\u00e9s pour des applications diverses et de niche.","robots":{"index":"index","follow":"follow","max-snippet":"max-snippet:-1","max-image-preview":"max-image-preview:large","max-video-preview":"max-video-preview:-1"},"canonical":"https:\/\/permaban.com\/fr\/produits-maison\/systemes-de-resine\/","og_locale":"fr_FR","og_type":"article","og_title":"Syst\u00e8mes de rev\u00eatement de sol en r\u00e9sine pour les sols industriels | Marque RINOL - Permaban","og_description":"Syst\u00e8mes de rev\u00eatement de sol en r\u00e9sine de la marque internationale RINOL, qui fait partie de RCR. Syst\u00e8mes de rev\u00eatement de sol en r\u00e9sine multicouches sp\u00e9cialis\u00e9s pour des applications diverses et de niche.","og_url":"https:\/\/permaban.com\/fr\/produits-maison\/systemes-de-resine\/","og_site_name":"Permaban","article_modified_time":"2025-11-17T11:53:01+00:00","og_image":[{"width":4032,"height":3024,"url":"https:\/\/permaban.com\/wp-content\/uploads\/2019\/06\/Rinol-Resin-Flooring-Systems.jpg","type":"image\/jpeg"}],"twitter_card":"summary_large_image","twitter_misc":{"Dur\u00e9e de lecture estim\u00e9e":"3 minutes"},"schema":{"@context":"https:\/\/schema.org","@graph":[{"@type":"WebPage","@id":"https:\/\/permaban.com\/fr\/produits-maison\/systemes-de-resine\/","url":"https:\/\/permaban.com\/fr\/produits-maison\/systemes-de-resine\/","name":"Syst\u00e8mes de rev\u00eatement de sol en r\u00e9sine pour les sols industriels | Marque RINOL - Permaban","isPartOf":{"@id":"https:\/\/permaban.com\/fr\/#website"},"primaryImageOfPage":{"@id":"https:\/\/permaban.com\/fr\/produits-maison\/systemes-de-resine\/#primaryimage"},"image":{"@id":"https:\/\/permaban.com\/fr\/produits-maison\/systemes-de-resine\/#primaryimage"},"thumbnailUrl":"https:\/\/permaban.com\/wp-content\/uploads\/2019\/06\/Rinol-Resin-Flooring-Systems.jpg","datePublished":"2020-05-12T09:39:26+00:00","dateModified":"2025-11-17T11:53:01+00:00","description":"Syst\u00e8mes de rev\u00eatement de sol en r\u00e9sine de la marque internationale RINOL, qui fait partie de RCR. Syst\u00e8mes de rev\u00eatement de sol en r\u00e9sine multicouches sp\u00e9cialis\u00e9s pour des applications diverses et de niche.","breadcrumb":{"@id":"https:\/\/permaban.com\/fr\/produits-maison\/systemes-de-resine\/#breadcrumb"},"inLanguage":"fr-FR","potentialAction":[{"@type":"ReadAction","target":["https:\/\/permaban.com\/fr\/produits-maison\/systemes-de-resine\/"]}]},{"@type":"ImageObject","inLanguage":"fr-FR","@id":"https:\/\/permaban.com\/fr\/produits-maison\/systemes-de-resine\/#primaryimage","url":"https:\/\/permaban.com\/wp-content\/uploads\/2019\/06\/Rinol-Resin-Flooring-Systems.jpg","contentUrl":"https:\/\/permaban.com\/wp-content\/uploads\/2019\/06\/Rinol-Resin-Flooring-Systems.jpg","width":4032,"height":3024},{"@type":"BreadcrumbList","@id":"https:\/\/permaban.com\/fr\/produits-maison\/systemes-de-resine\/#breadcrumb","itemListElement":[{"@type":"ListItem","position":1,"name":"Home","item":"https:\/\/permaban.com\/fr\/"},{"@type":"ListItem","position":2,"name":"Produits","item":"https:\/\/permaban.com\/fr\/produits-maison\/"},{"@type":"ListItem","position":3,"name":"Syst\u00e8mes de r\u00e9sine"}]},{"@type":"WebSite","@id":"https:\/\/permaban.com\/fr\/#website","url":"https:\/\/permaban.com\/fr\/","name":"Permaban","description":"Industrial Flooring Products","potentialAction":[{"@type":"SearchAction","target":{"@type":"EntryPoint","urlTemplate":"https:\/\/permaban.com\/fr\/?s={search_term_string}"},"query-input":{"@type":"PropertyValueSpecification","valueRequired":true,"valueName":"search_term_string"}}],"inLanguage":"fr-FR"}]}},"_links":{"self":[{"href":"https:\/\/permaban.com\/fr\/wp-json\/wp\/v2\/pages\/10255","targetHints":{"allow":["GET"]}}],"collection":[{"href":"https:\/\/permaban.com\/fr\/wp-json\/wp\/v2\/pages"}],"about":[{"href":"https:\/\/permaban.com\/fr\/wp-json\/wp\/v2\/types\/page"}],"author":[{"embeddable":true,"href":"https:\/\/permaban.com\/fr\/wp-json\/wp\/v2\/users\/3"}],"replies":[{"embeddable":true,"href":"https:\/\/permaban.com\/fr\/wp-json\/wp\/v2\/comments?post=10255"}],"version-history":[{"count":6,"href":"https:\/\/permaban.com\/fr\/wp-json\/wp\/v2\/pages\/10255\/revisions"}],"predecessor-version":[{"id":14705,"href":"https:\/\/permaban.com\/fr\/wp-json\/wp\/v2\/pages\/10255\/revisions\/14705"}],"up":[{"embeddable":true,"href":"https:\/\/permaban.com\/fr\/wp-json\/wp\/v2\/pages\/10231"}],"wp:featuredmedia":[{"embeddable":true,"href":"https:\/\/permaban.com\/fr\/wp-json\/wp\/v2\/media\/6417"}],"wp:attachment":[{"href":"https:\/\/permaban.com\/fr\/wp-json\/wp\/v2\/media?parent=10255"}],"curies":[{"name":"wp","href":"https:\/\/api.w.org\/{rel}","templated":true}]}}